{"id":8937,"date":"2022-04-19T09:17:15","date_gmt":"2022-04-19T12:17:15","guid":{"rendered":"https:\/\/www.ufmg.br\/dedd\/?page_id=8937"},"modified":"2024-07-03T15:54:52","modified_gmt":"2024-07-03T18:54:52","slug":"edital-no-1706-2021-processo-de-selecao-para-estagiarios-de-cursos-de-licenciatura-em-quimica-fisica-e-ciencias-biologicas","status":"publish","type":"page","link":"https:\/\/www.ufmg.br\/dedd\/servicos-o-que-fazemos\/edital-no-1706-2021-processo-de-selecao-para-estagiarios-de-cursos-de-licenciatura-em-quimica-fisica-e-ciencias-biologicas\/","title":{"rendered":"Edital n\u00ba 1706\/2021 \u2014 Processo de sele\u00e7\u00e3o para estagi\u00e1rios de cursos de licenciatura em Qu\u00edmica, F\u00edsica e Ci\u00eancias Biol\u00f3gicas"},"content":{"rendered":"<p><a href=\"https:\/\/www.ufmg.br\/dedd\/wp-content\/uploads\/2023\/05\/Edital-1706-2021-Resultado-Final.pdf\">Resultado Final Edital 1706\/2021 \u2014 Sele\u00e7\u00e3o de estagi\u00e1rio para atua\u00e7\u00e3o no Centro de Ensino de Ci\u00eancias e Matem\u00e1tica<\/a> (Cecimig)<\/p>\n<p><a href=\"https:\/\/www.ufmg.br\/dedd\/wp-content\/uploads\/2023\/05\/Edital-1706-2021-Resultado-Preliminar.pdf\">Resultado Parcial Edital 1706\/2021 \u2014 Sele\u00e7\u00e3o de estagi\u00e1rio para atua\u00e7\u00e3o no Centro de Ensino de Ci\u00eancias e Matem\u00e1tica<\/a>(Cecimig)<\/p>\n<p><a href=\"https:\/\/www.ufmg.br\/dedd\/formulario\/Estagiario-CECI-2021\/\">Formul\u00e1rio de inscri\u00e7\u00f5es<\/a> (dispon\u00edvel at\u00e9 as 17h do dia 19\/11\/2021)<\/p>\n<p><a href=\"https:\/\/www.ufmg.br\/dedd\/wp-content\/uploads\/2023\/05\/Edital-1706-2021.pdf\">Edital n\u00ba 1706\/2021 \u2014 Processo de sele\u00e7\u00e3o para estagi\u00e1rios de cursos de licenciatura em Qu\u00edmica, F\u00edsica e Ci\u00eancias Biol\u00f3gicas<\/a> (publicado em 5\/11\/2021)<\/p>\n","protected":false},"excerpt":{"rendered":"<p>Resultado Final Edital 1706\/2021 \u2014 Sele\u00e7\u00e3o de estagi\u00e1rio para atua\u00e7\u00e3o [&hellip;]<\/p>\n","protected":false},"author":5,"featured_media":0,"parent":9337,"menu_order":0,"comment_status":"closed","ping_status":"closed","template":"","meta":[],"categories":[220,209],"tags":[],"acf":[],"_links":{"self":[{"href":"https:\/\/www.ufmg.br\/dedd\/wp-json\/wp\/v2\/pages\/8937"}],"collection":[{"href":"https:\/\/www.ufmg.br\/dedd\/wp-json\/wp\/v2\/pages"}],"about":[{"href":"https:\/\/www.ufmg.br\/dedd\/wp-json\/wp\/v2\/types\/page"}],"author":[{"embeddable":true,"href":"https:\/\/www.ufmg.br\/dedd\/wp-json\/wp\/v2\/users\/5"}],"replies":[{"embeddable":true,"href":"https:\/\/www.ufmg.br\/dedd\/wp-json\/wp\/v2\/comments?post=8937"}],"version-history":[{"count":6,"href":"https:\/\/www.ufmg.br\/dedd\/wp-json\/wp\/v2\/pages\/8937\/revisions"}],"predecessor-version":[{"id":10030,"href":"https:\/\/www.ufmg.br\/dedd\/wp-json\/wp\/v2\/pages\/8937\/revisions\/10030"}],"up":[{"embeddable":true,"href":"https:\/\/www.ufmg.br\/dedd\/wp-json\/wp\/v2\/pages\/9337"}],"wp:attachment":[{"href":"https:\/\/www.ufmg.br\/dedd\/wp-json\/wp\/v2\/media?parent=8937"}],"wp:term":[{"taxonomy":"category","embeddable":true,"href":"https:\/\/www.ufmg.br\/dedd\/wp-json\/wp\/v2\/categories?post=8937"},{"taxonomy":"post_tag","embeddable":true,"href":"https:\/\/www.ufmg.br\/dedd\/wp-json\/wp\/v2\/tags?post=8937"}],"curies":[{"name":"wp","href":"https:\/\/api.w.org\/{rel}","templated":true}]}}