{"id":8950,"date":"2022-04-19T10:13:53","date_gmt":"2022-04-19T13:13:53","guid":{"rendered":"https:\/\/www.ufmg.br\/dedd\/?page_id=8950"},"modified":"2024-07-03T15:02:27","modified_gmt":"2024-07-03T18:02:27","slug":"editais-2020","status":"publish","type":"page","link":"https:\/\/www.ufmg.br\/dedd\/editais-2020\/","title":{"rendered":"Sele\u00e7\u00f5es em 2020"},"content":{"rendered":"<p><a href=\"https:\/\/www.ufmg.br\/dedd\/edital-788-2020-processo-de-selecao-de-estagiario-curso-de-graduacao-na-area-de-letras\/\">Edital 788\/2020 \u2013 Processo de Sele\u00e7\u00e3o de Estagi\u00e1rio \u2013 Curso de Gradua\u00e7\u00e3o na \u00e1rea de Letras<\/a><\/p>\n<p><a href=\"https:\/\/www.ufmg.br\/dedd\/edital-369-2020-selecao-para-coordenador-e-coordenador-adjunto-do-programa-universidade-aberta-do-brasil-uab-na-ufmg\/\">Edital 369\/2020 &#8211; Sele\u00e7\u00e3o para coordenador e coordenador adjunto do programa Universidade Aberta do Brasil (UAB) na UFMG<\/a><\/p>\n<p><a href=\"https:\/\/www.ufmg.br\/dedd\/edital-383-2020-selecao-para-cursos-de-extensao-do-caed-oferta-2020-2\/\">Edital 383\/2020 &#8211; Sele\u00e7\u00e3o para cursos de extens\u00e3o do Caed (oferta 2020\/2)\u00a0<\/a><\/p>\n<p><a href=\"https:\/\/www.ufmg.br\/dedd\/edital-01-2020-selecao-para-bolsistas-para-o-programa-aproxime-se\/\">Edital 01\/2020 &#8211; Sele\u00e7\u00e3o para bolsistas para o programa Aproxime-se<\/a><\/p>\n<p><a href=\"https:\/\/www.ufmg.br\/dedd\/edital-02-2020-selecao-para-tutor-presencial-da-area-de-fisica-para-o-curso-de-quimica-a-distancia\/\">Edital 02\/2020 &#8211; Sele\u00e7\u00e3o para tutor presencial da \u00e1rea de F\u00edsica para o curso de Qu\u00edmica a dist\u00e2ncia (cancelado)<\/a><\/p>\n<p><a href=\"https:\/\/www.ufmg.br\/dedd\/edital-03-2020-selecao-para-tutor-presencial-da-area-de-quimica-para-o-curso-de-quimica-a-distancia\/\">Edital 03\/2020 \u2013 Sele\u00e7\u00e3o para tutor presencial da \u00e1rea de Qu\u00edmica para o curso de Qu\u00edmica a dist\u00e2ncia (cancelado)<\/a><\/p>\n<p><a href=\"https:\/\/www.ufmg.br\/dedd\/estudos-da-ocupacao-edital-regular-2020-ampla-concorrencia-e-candidatos-declarados-negros\/\">Edital CPGEO 01\/2020 &#8211; Sele\u00e7\u00e3o para o curso de mestrado em Estudos da Ocupa\u00e7\u00e3o (para os candidatos de ampla concorr\u00eancia e autodeclarados negros)<\/a><\/p>\n<p><a href=\"https:\/\/www.ufmg.br\/dedd\/edital-estudos-da-ocupacao-edital-suplementar-2020\/\">Edital CPGEO 02\/2020 &#8211; Sele\u00e7\u00e3o para o curso de mestrado em Estudos da Ocupa\u00e7\u00e3o (para candidatos ind\u00edgenas e pessoas com defici\u00eancia)<\/a><\/p>\n","protected":false},"excerpt":{"rendered":"<p>Edital 788\/2020 \u2013 Processo de Sele\u00e7\u00e3o de Estagi\u00e1rio \u2013 Curso [&hellip;]<\/p>\n","protected":false},"author":5,"featured_media":0,"parent":0,"menu_order":0,"comment_status":"closed","ping_status":"closed","template":"","meta":[],"categories":[],"tags":[],"acf":[],"_links":{"self":[{"href":"https:\/\/www.ufmg.br\/dedd\/wp-json\/wp\/v2\/pages\/8950"}],"collection":[{"href":"https:\/\/www.ufmg.br\/dedd\/wp-json\/wp\/v2\/pages"}],"about":[{"href":"https:\/\/www.ufmg.br\/dedd\/wp-json\/wp\/v2\/types\/page"}],"author":[{"embeddable":true,"href":"https:\/\/www.ufmg.br\/dedd\/wp-json\/wp\/v2\/users\/5"}],"replies":[{"embeddable":true,"href":"https:\/\/www.ufmg.br\/dedd\/wp-json\/wp\/v2\/comments?post=8950"}],"version-history":[{"count":11,"href":"https:\/\/www.ufmg.br\/dedd\/wp-json\/wp\/v2\/pages\/8950\/revisions"}],"predecessor-version":[{"id":9037,"href":"https:\/\/www.ufmg.br\/dedd\/wp-json\/wp\/v2\/pages\/8950\/revisions\/9037"}],"wp:attachment":[{"href":"https:\/\/www.ufmg.br\/dedd\/wp-json\/wp\/v2\/media?parent=8950"}],"wp:term":[{"taxonomy":"category","embeddable":true,"href":"https:\/\/www.ufmg.br\/dedd\/wp-json\/wp\/v2\/categories?post=8950"},{"taxonomy":"post_tag","embeddable":true,"href":"https:\/\/www.ufmg.br\/dedd\/wp-json\/wp\/v2\/tags?post=8950"}],"curies":[{"name":"wp","href":"https:\/\/api.w.org\/{rel}","templated":true}]}}