{"id":8960,"date":"2022-04-19T10:25:47","date_gmt":"2022-04-19T13:25:47","guid":{"rendered":"https:\/\/www.ufmg.br\/dedd\/?page_id=8960"},"modified":"2024-07-03T15:53:34","modified_gmt":"2024-07-03T18:53:34","slug":"edital-03-2020-selecao-para-tutor-presencial-da-area-de-quimica-para-o-curso-de-quimica-a-distancia","status":"publish","type":"page","link":"https:\/\/www.ufmg.br\/dedd\/servicos-o-que-fazemos\/edital-03-2020-selecao-para-tutor-presencial-da-area-de-quimica-para-o-curso-de-quimica-a-distancia\/","title":{"rendered":"Edital 03\/2020 \u2013 Sele\u00e7\u00e3o para tutor presencial da \u00e1rea de Qu\u00edmica para o curso de Qu\u00edmica a dist\u00e2ncia"},"content":{"rendered":"<p><a href=\"https:\/\/www.ufmg.br\/dedd\/wp-content\/uploads\/2022\/04\/Edital-03-2020-Tutor-Quimica.pdf\">Edital 03\/2020 \u2013 Sele\u00e7\u00e3o para tutor presencial da \u00e1rea de Qu\u00edmica para o curso de Qu\u00edmica a dist\u00e2ncia<\/a><\/p>\n<p><a href=\"https:\/\/www.ufmg.br\/dedd\/wp-content\/uploads\/2022\/04\/Edital-03-2020-Ato-de-cancelamento.pdf\">Ato de cancelamento do processo seletivo (publicado em 08\/01\/2019)<\/a><\/p>\n<p>&nbsp;<\/p>\n","protected":false},"excerpt":{"rendered":"<p>Edital 03\/2020 \u2013 Sele\u00e7\u00e3o para tutor presencial da \u00e1rea de [&hellip;]<\/p>\n","protected":false},"author":5,"featured_media":0,"parent":9337,"menu_order":0,"comment_status":"closed","ping_status":"closed","template":"","meta":[],"categories":[220,209],"tags":[],"acf":[],"_links":{"self":[{"href":"https:\/\/www.ufmg.br\/dedd\/wp-json\/wp\/v2\/pages\/8960"}],"collection":[{"href":"https:\/\/www.ufmg.br\/dedd\/wp-json\/wp\/v2\/pages"}],"about":[{"href":"https:\/\/www.ufmg.br\/dedd\/wp-json\/wp\/v2\/types\/page"}],"author":[{"embeddable":true,"href":"https:\/\/www.ufmg.br\/dedd\/wp-json\/wp\/v2\/users\/5"}],"replies":[{"embeddable":true,"href":"https:\/\/www.ufmg.br\/dedd\/wp-json\/wp\/v2\/comments?post=8960"}],"version-history":[{"count":3,"href":"https:\/\/www.ufmg.br\/dedd\/wp-json\/wp\/v2\/pages\/8960\/revisions"}],"predecessor-version":[{"id":8965,"href":"https:\/\/www.ufmg.br\/dedd\/wp-json\/wp\/v2\/pages\/8960\/revisions\/8965"}],"up":[{"embeddable":true,"href":"https:\/\/www.ufmg.br\/dedd\/wp-json\/wp\/v2\/pages\/9337"}],"wp:attachment":[{"href":"https:\/\/www.ufmg.br\/dedd\/wp-json\/wp\/v2\/media?parent=8960"}],"wp:term":[{"taxonomy":"category","embeddable":true,"href":"https:\/\/www.ufmg.br\/dedd\/wp-json\/wp\/v2\/categories?post=8960"},{"taxonomy":"post_tag","embeddable":true,"href":"https:\/\/www.ufmg.br\/dedd\/wp-json\/wp\/v2\/tags?post=8960"}],"curies":[{"name":"wp","href":"https:\/\/api.w.org\/{rel}","templated":true}]}}