{"id":8968,"date":"2022-04-19T10:36:02","date_gmt":"2022-04-19T13:36:02","guid":{"rendered":"https:\/\/www.ufmg.br\/dedd\/?page_id=8968"},"modified":"2024-07-03T15:53:34","modified_gmt":"2024-07-03T18:53:34","slug":"edital-02-2020-selecao-para-tutor-presencial-da-area-de-fisica-para-o-curso-de-quimica-a-distancia","status":"publish","type":"page","link":"https:\/\/www.ufmg.br\/dedd\/servicos-o-que-fazemos\/edital-02-2020-selecao-para-tutor-presencial-da-area-de-fisica-para-o-curso-de-quimica-a-distancia\/","title":{"rendered":"Edital 02\/2020 \u2014 Sele\u00e7\u00e3o para tutor presencial da \u00e1rea de F\u00edsica para o curso de Qu\u00edmica a dist\u00e2ncia"},"content":{"rendered":"<p><a href=\"https:\/\/www.ufmg.br\/dedd\/wp-content\/uploads\/2022\/04\/Edital-02-2020-Ato-de-cancelamento.pdf\">Ato de cancelamento do processo seletivo (publicado em 08\/01\/2019)<\/a><\/p>\n<p><a href=\"https:\/\/www.ufmg.br\/dedd\/wp-content\/uploads\/2022\/04\/Edital-02-2020-Tutor-Fisica.pdf\">Edital 02\/2020 \u2014 Sele\u00e7\u00e3o para tutor presencial da \u00e1rea de F\u00edsica para o curso de Qu\u00edmica a dist\u00e2ncia (publicado em 03\/01\/2020)<\/a><\/p>\n","protected":false},"excerpt":{"rendered":"<p>Ato de cancelamento do processo seletivo (publicado em 08\/01\/2019) Edital [&hellip;]<\/p>\n","protected":false},"author":5,"featured_media":0,"parent":9337,"menu_order":0,"comment_status":"closed","ping_status":"closed","template":"","meta":[],"categories":[220,209],"tags":[],"acf":[],"_links":{"self":[{"href":"https:\/\/www.ufmg.br\/dedd\/wp-json\/wp\/v2\/pages\/8968"}],"collection":[{"href":"https:\/\/www.ufmg.br\/dedd\/wp-json\/wp\/v2\/pages"}],"about":[{"href":"https:\/\/www.ufmg.br\/dedd\/wp-json\/wp\/v2\/types\/page"}],"author":[{"embeddable":true,"href":"https:\/\/www.ufmg.br\/dedd\/wp-json\/wp\/v2\/users\/5"}],"replies":[{"embeddable":true,"href":"https:\/\/www.ufmg.br\/dedd\/wp-json\/wp\/v2\/comments?post=8968"}],"version-history":[{"count":4,"href":"https:\/\/www.ufmg.br\/dedd\/wp-json\/wp\/v2\/pages\/8968\/revisions"}],"predecessor-version":[{"id":8976,"href":"https:\/\/www.ufmg.br\/dedd\/wp-json\/wp\/v2\/pages\/8968\/revisions\/8976"}],"up":[{"embeddable":true,"href":"https:\/\/www.ufmg.br\/dedd\/wp-json\/wp\/v2\/pages\/9337"}],"wp:attachment":[{"href":"https:\/\/www.ufmg.br\/dedd\/wp-json\/wp\/v2\/media?parent=8968"}],"wp:term":[{"taxonomy":"category","embeddable":true,"href":"https:\/\/www.ufmg.br\/dedd\/wp-json\/wp\/v2\/categories?post=8968"},{"taxonomy":"post_tag","embeddable":true,"href":"https:\/\/www.ufmg.br\/dedd\/wp-json\/wp\/v2\/tags?post=8968"}],"curies":[{"name":"wp","href":"https:\/\/api.w.org\/{rel}","templated":true}]}}