{"id":8985,"date":"2022-04-19T11:06:36","date_gmt":"2022-04-19T14:06:36","guid":{"rendered":"https:\/\/www.ufmg.br\/dedd\/?page_id=8985"},"modified":"2024-07-03T15:44:53","modified_gmt":"2024-07-03T18:44:53","slug":"edital-01-2020-selecao-para-bolsistas-para-o-programa-aproxime-se","status":"publish","type":"page","link":"https:\/\/www.ufmg.br\/dedd\/edital-01-2020-selecao-para-bolsistas-para-o-programa-aproxime-se\/","title":{"rendered":"Edital 01\/2020 \u2014 Sele\u00e7\u00e3o para bolsistas para o programa Aproxime-se"},"content":{"rendered":"<p><a href=\"https:\/\/www.ufmg.br\/dedd\/wp-content\/uploads\/2022\/04\/Edital-01-2021-Resultado-Final.pdf\">Resultado final<\/a> (publicado em 28\/02\/2020)<\/p>\n<p><a href=\"https:\/\/www.ufmg.br\/dedd\/wp-content\/uploads\/2022\/04\/Edital-01-2021-Resultado-Preliminar.pdf\">Resultado preliminar<\/a> (publicado em 07\/02\/2020)<\/p>\n<p><a href=\"https:\/\/www.ufmg.br\/dedd\/wp-content\/uploads\/2022\/04\/Edital-01-2021-Portaria-Comissao.pdf\">Portaria &#8211; Designa\u00e7\u00e3o de membros da comiss\u00e3o examinadora<\/a> (publicada em 03\/02\/2020)<\/p>\n<p><a href=\"https:\/\/www.ufmg.br\/dedd\/wp-content\/uploads\/2022\/04\/Edital-01-2021-Aproxime-se.pdf\">Edital 01\/2020 &#8211; Sele\u00e7\u00e3o para bolsistas para o programa Aproxime-se<\/a> (publicado em 02\/01\/2020)<\/p>\n","protected":false},"excerpt":{"rendered":"<p>Resultado final (publicado em 28\/02\/2020) Resultado preliminar (publicado em 07\/02\/2020) [&hellip;]<\/p>\n","protected":false},"author":5,"featured_media":0,"parent":0,"menu_order":0,"comment_status":"closed","ping_status":"closed","template":"","meta":[],"categories":[220,209],"tags":[],"acf":[],"_links":{"self":[{"href":"https:\/\/www.ufmg.br\/dedd\/wp-json\/wp\/v2\/pages\/8985"}],"collection":[{"href":"https:\/\/www.ufmg.br\/dedd\/wp-json\/wp\/v2\/pages"}],"about":[{"href":"https:\/\/www.ufmg.br\/dedd\/wp-json\/wp\/v2\/types\/page"}],"author":[{"embeddable":true,"href":"https:\/\/www.ufmg.br\/dedd\/wp-json\/wp\/v2\/users\/5"}],"replies":[{"embeddable":true,"href":"https:\/\/www.ufmg.br\/dedd\/wp-json\/wp\/v2\/comments?post=8985"}],"version-history":[{"count":5,"href":"https:\/\/www.ufmg.br\/dedd\/wp-json\/wp\/v2\/pages\/8985\/revisions"}],"predecessor-version":[{"id":8991,"href":"https:\/\/www.ufmg.br\/dedd\/wp-json\/wp\/v2\/pages\/8985\/revisions\/8991"}],"wp:attachment":[{"href":"https:\/\/www.ufmg.br\/dedd\/wp-json\/wp\/v2\/media?parent=8985"}],"wp:term":[{"taxonomy":"category","embeddable":true,"href":"https:\/\/www.ufmg.br\/dedd\/wp-json\/wp\/v2\/categories?post=8985"},{"taxonomy":"post_tag","embeddable":true,"href":"https:\/\/www.ufmg.br\/dedd\/wp-json\/wp\/v2\/tags?post=8985"}],"curies":[{"name":"wp","href":"https:\/\/api.w.org\/{rel}","templated":true}]}}