{"id":9017,"date":"2022-04-19T11:51:14","date_gmt":"2022-04-19T14:51:14","guid":{"rendered":"https:\/\/www.ufmg.br\/dedd\/?page_id=9017"},"modified":"2024-07-03T15:54:24","modified_gmt":"2024-07-03T18:54:24","slug":"edital-788-2020-processo-de-selecao-de-estagiario-curso-de-graduacao-na-area-de-letras","status":"publish","type":"page","link":"https:\/\/www.ufmg.br\/dedd\/servicos-o-que-fazemos\/edital-788-2020-processo-de-selecao-de-estagiario-curso-de-graduacao-na-area-de-letras\/","title":{"rendered":"Edital 788\/2020 \u2013 Processo de Sele\u00e7\u00e3o de Estagi\u00e1rio \u2013 Curso de Gradua\u00e7\u00e3o na \u00e1rea de Letras"},"content":{"rendered":"<p><a href=\"https:\/\/www.ufmg.br\/dedd\/wp-content\/uploads\/2022\/04\/Edital-788-2020-Resultado-Final.pdf\">Resultado final<\/a> (publicado em 12\/01\/2021)<\/p>\n<p><a href=\"https:\/\/www.ufmg.br\/dedd\/wp-content\/uploads\/2022\/04\/Edital-788-2020-Convocacao-para-entrevistas.pdf\">Cronograma de Entrevistas<\/a> (publicado em 07\/01\/2021)<\/p>\n<p><a href=\"https:\/\/www.ufmg.br\/dedd\/wp-content\/uploads\/2022\/04\/Edital-788-2020-Resultado-Preliminar-II-Etapa.pdf\">Resultado Segunda Etapa<\/a> (publicado em 07\/01\/2021)<\/p>\n<p><a href=\"https:\/\/www.ufmg.br\/dedd\/wp-content\/uploads\/2022\/04\/Edital-788-2020-Instrucoes-para-entrevista.pdf\">Instru\u00e7\u00f5es da Entrevista<\/a> (publicado em 05\/01\/2021)<\/p>\n<p><a href=\"https:\/\/www.ufmg.br\/dedd\/wp-content\/uploads\/2022\/04\/Edital-788-2020-Resultado-Preliminar-I-Etapa.pdf\">Resultado Preliminar Primeira Etapa<\/a> (publicado em 04\/01\/2021)<\/p>\n<p><a href=\"https:\/\/www.ufmg.br\/dedd\/wp-content\/uploads\/2022\/04\/Edital-788-2020-Tutorial-Acesso-ao-Ambiente-da-Prova.pdf\">Tutorial de Acesso ao Ambiente da Prova<\/a><\/p>\n<p><a href=\"https:\/\/www.ufmg.br\/dedd\/wp-content\/uploads\/2022\/04\/Edital-788-2020-Instrucoes-para-a-prova-pratica.pdf\">Instru\u00e7\u00f5es para realiza\u00e7\u00e3o de prova pr\u00e1tica<\/a> (publica\u00e7\u00e3o em 23\/12\/2020)<\/p>\n<p><a href=\"https:\/\/www.ufmg.br\/dedd\/wp-content\/uploads\/2022\/04\/Edital-788-2020-Portaria-Comissao.pdf\">Portaria n\u00ba 7340 \u2014 Designa membros da Comiss\u00e3o de Avalia\u00e7\u00e3o do processo seletivo<\/a> (publicada em 22\/12\/2020)<\/p>\n<p><a href=\"https:\/\/www.ufmg.br\/dedd\/formulario\/Edital-788-2020\/\">Formul\u00e1rio de inscri\u00e7\u00f5es<\/a> (dispon\u00edvel at\u00e9 17h do dia 22\/12\/2020)<\/p>\n<p><a href=\"https:\/\/www.ufmg.br\/dedd\/wp-content\/uploads\/2022\/04\/Edital-788-2020-Edital.pdf\">Edital 788\/2020 \u2013 Processo de sele\u00e7\u00e3o de Estagi\u00e1rio<\/a><\/p>\n","protected":false},"excerpt":{"rendered":"<p>Resultado final (publicado em 12\/01\/2021) Cronograma de Entrevistas (publicado em [&hellip;]<\/p>\n","protected":false},"author":5,"featured_media":0,"parent":9337,"menu_order":0,"comment_status":"closed","ping_status":"closed","template":"","meta":[],"categories":[220,209],"tags":[],"acf":[],"_links":{"self":[{"href":"https:\/\/www.ufmg.br\/dedd\/wp-json\/wp\/v2\/pages\/9017"}],"collection":[{"href":"https:\/\/www.ufmg.br\/dedd\/wp-json\/wp\/v2\/pages"}],"about":[{"href":"https:\/\/www.ufmg.br\/dedd\/wp-json\/wp\/v2\/types\/page"}],"author":[{"embeddable":true,"href":"https:\/\/www.ufmg.br\/dedd\/wp-json\/wp\/v2\/users\/5"}],"replies":[{"embeddable":true,"href":"https:\/\/www.ufmg.br\/dedd\/wp-json\/wp\/v2\/comments?post=9017"}],"version-history":[{"count":3,"href":"https:\/\/www.ufmg.br\/dedd\/wp-json\/wp\/v2\/pages\/9017\/revisions"}],"predecessor-version":[{"id":9035,"href":"https:\/\/www.ufmg.br\/dedd\/wp-json\/wp\/v2\/pages\/9017\/revisions\/9035"}],"up":[{"embeddable":true,"href":"https:\/\/www.ufmg.br\/dedd\/wp-json\/wp\/v2\/pages\/9337"}],"wp:attachment":[{"href":"https:\/\/www.ufmg.br\/dedd\/wp-json\/wp\/v2\/media?parent=9017"}],"wp:term":[{"taxonomy":"category","embeddable":true,"href":"https:\/\/www.ufmg.br\/dedd\/wp-json\/wp\/v2\/categories?post=9017"},{"taxonomy":"post_tag","embeddable":true,"href":"https:\/\/www.ufmg.br\/dedd\/wp-json\/wp\/v2\/tags?post=9017"}],"curies":[{"name":"wp","href":"https:\/\/api.w.org\/{rel}","templated":true}]}}