{"id":9045,"date":"2022-04-19T12:46:20","date_gmt":"2022-04-19T15:46:20","guid":{"rendered":"https:\/\/www.ufmg.br\/dedd\/?page_id=9045"},"modified":"2024-07-03T15:53:33","modified_gmt":"2024-07-03T18:53:33","slug":"edital-001-2019-processo-seletivo-para-professor-formados-da-pos-graduacao-em-gestao-de-instituicoes-federais-de-educacao-superior","status":"publish","type":"page","link":"https:\/\/www.ufmg.br\/dedd\/servicos-o-que-fazemos\/edital-001-2019-processo-seletivo-para-professor-formados-da-pos-graduacao-em-gestao-de-instituicoes-federais-de-educacao-superior\/","title":{"rendered":"Edital 001\/2019 &#8211; Processo seletivo para professor formados da p\u00f3s-gradua\u00e7\u00e3o em Gest\u00e3o de Institui\u00e7\u00f5es Federais de Educa\u00e7\u00e3o Superior"},"content":{"rendered":"<p><a href=\"https:\/\/www.ufmg.br\/dedd\/wp-content\/uploads\/2022\/04\/Edital-01-2019-Edital.pdf\">Edital 001\/2019 &#8211; Processo seletivo para professor formador do curso de Gest\u00e3o de Institui\u00e7\u00f5es Federais de Educa\u00e7\u00e3o Superior<\/a> (publicado em 10 de maio de 2019)<\/p>\n<p><a href=\"https:\/\/www.ufmg.br\/dedd\/wp-content\/uploads\/2022\/04\/Edital-01-2019-Retificacao-ao-Edital.pdf\">Retifica\u00e7\u00e3o ao Edital de Sele\u00e7\u00e3o 001\/2019 &#8211; Processo seletivo para professor formador do curso de Gest\u00e3o de Institui\u00e7\u00f5es Federais de Educa\u00e7\u00e3o Superior<\/a> (publicado em 18 de junho de 2019)<\/p>\n<p><a href=\"https:\/\/www.ufmg.br\/dedd\/wp-content\/uploads\/2022\/04\/Edital-01-2019-Resultado-Parcial-I-e-II-etapas.pdf\">Resultado parcial das primeira e segunda etapas &#8211; Processo seletivo para professor formador do curso de Gest\u00e3o de Institui\u00e7\u00f5es Federais de Educa\u00e7\u00e3o Superior<\/a> (publicado em 25 de junho de 2019)<\/p>\n<p><a href=\"https:\/\/www.ufmg.br\/dedd\/wp-content\/uploads\/2022\/04\/Edital-01-2019-Resultado-Final.pdf\">Resultado final &#8211; Processo seletivo para professor formador do curso de Gest\u00e3o de Institui\u00e7\u00f5es Federais de Educa\u00e7\u00e3o Superior<\/a> (publicado em 08 de julho de 2019)<\/p>\n<p>&nbsp;<\/p>\n","protected":false},"excerpt":{"rendered":"<p>Edital 001\/2019 &#8211; Processo seletivo para professor formador do curso [&hellip;]<\/p>\n","protected":false},"author":5,"featured_media":0,"parent":9337,"menu_order":0,"comment_status":"closed","ping_status":"closed","template":"","meta":[],"categories":[220,209],"tags":[],"acf":[],"_links":{"self":[{"href":"https:\/\/www.ufmg.br\/dedd\/wp-json\/wp\/v2\/pages\/9045"}],"collection":[{"href":"https:\/\/www.ufmg.br\/dedd\/wp-json\/wp\/v2\/pages"}],"about":[{"href":"https:\/\/www.ufmg.br\/dedd\/wp-json\/wp\/v2\/types\/page"}],"author":[{"embeddable":true,"href":"https:\/\/www.ufmg.br\/dedd\/wp-json\/wp\/v2\/users\/5"}],"replies":[{"embeddable":true,"href":"https:\/\/www.ufmg.br\/dedd\/wp-json\/wp\/v2\/comments?post=9045"}],"version-history":[{"count":4,"href":"https:\/\/www.ufmg.br\/dedd\/wp-json\/wp\/v2\/pages\/9045\/revisions"}],"predecessor-version":[{"id":9053,"href":"https:\/\/www.ufmg.br\/dedd\/wp-json\/wp\/v2\/pages\/9045\/revisions\/9053"}],"up":[{"embeddable":true,"href":"https:\/\/www.ufmg.br\/dedd\/wp-json\/wp\/v2\/pages\/9337"}],"wp:attachment":[{"href":"https:\/\/www.ufmg.br\/dedd\/wp-json\/wp\/v2\/media?parent=9045"}],"wp:term":[{"taxonomy":"category","embeddable":true,"href":"https:\/\/www.ufmg.br\/dedd\/wp-json\/wp\/v2\/categories?post=9045"},{"taxonomy":"post_tag","embeddable":true,"href":"https:\/\/www.ufmg.br\/dedd\/wp-json\/wp\/v2\/tags?post=9045"}],"curies":[{"name":"wp","href":"https:\/\/api.w.org\/{rel}","templated":true}]}}