{"id":9060,"date":"2022-04-20T08:09:53","date_gmt":"2022-04-20T11:09:53","guid":{"rendered":"https:\/\/www.ufmg.br\/dedd\/?page_id=9060"},"modified":"2024-07-03T15:53:34","modified_gmt":"2024-07-03T18:53:34","slug":"edital-02-2019-processo-seletivo-de-professores-orientadores-para-a-pos-graduacao-lato-sensu-em-projetos-sociais-formulacao-e-monitoramento","status":"publish","type":"page","link":"https:\/\/www.ufmg.br\/dedd\/servicos-o-que-fazemos\/edital-02-2019-processo-seletivo-de-professores-orientadores-para-a-pos-graduacao-lato-sensu-em-projetos-sociais-formulacao-e-monitoramento\/","title":{"rendered":"Edital 02\/2019 &#8211; Processo seletivo de professores orientadores para a p\u00f3s-gradua\u00e7\u00e3o lato sensu em Projetos Sociais: Formula\u00e7\u00e3o e Monitoramento"},"content":{"rendered":"<p><a href=\"https:\/\/www.ufmg.br\/dedd\/wp-content\/uploads\/2022\/04\/Edital-02-2019-Resultado-Parcial.pdf\">Edital 002\/2019 \u2014 Resultado final do processo seletivo<\/a> (publicado em 10 de julho de 2019)<\/p>\n<p><a href=\"https:\/\/www.ufmg.br\/dedd\/wp-content\/uploads\/2022\/04\/Edital-02-2019-Resposta-aos-Recursos.pdf\">Edital 002\/2019 \u2014 Resultado dos recursos interpostos ao resultado parcial<\/a> (publicado em 8 de julho de 2019)<\/p>\n<p><a href=\"https:\/\/www.ufmg.br\/dedd\/wp-content\/uploads\/2022\/04\/Edital-02-2019-Resultado-Final.pdf\">Edital 002\/2019 \u2014 Resultado parcial do processo seletivo<\/a> (publicado em 28 de junho de 2019)<\/p>\n<p><a href=\"https:\/\/www.ufmg.br\/dedd\/wp-content\/uploads\/portaria-professor-orientador.pdf\">Edital 002\/2019 \u2014 Portaria de designa\u00e7\u00e3o de membros da comiss\u00e3o de sele\u00e7\u00e3o de professores orientadores, para atua\u00e7\u00e3o na p\u00f3s-gradua\u00e7\u00e3o em Projetos Sociais: Formula\u00e7\u00e3o e Monitoramento<\/a> (publicado em 17 de junho de 2019)<\/p>\n<p><a href=\"https:\/\/www.ufmg.br\/dedd\/wp-content\/uploads\/2022\/04\/Edital-02-2019-Retificacao-ao-edital.pdf\">Edital 02\/2019 \u2014 Ato de retifica\u00e7\u00e3o ao processo seletivo de professores orientadores para a p\u00f3s-gradua\u00e7\u00e3o lato sensu em Projetos Sociais: Formula\u00e7\u00e3o e Monitoramento<\/a> (publicado em 13 de junho de 2019)<\/p>\n<p><a href=\"https:\/\/www.ufmg.br\/dedd\/wp-content\/uploads\/2022\/04\/Edital-02-2019-edital.pdf\">Edital 02\/2019 \u2014 Processo seletivo de professores orientadores para a p\u00f3s-gradua\u00e7\u00e3o lato sensu em Projetos Sociais: Formula\u00e7\u00e3o e Monitoramento<\/a> (publicado em 13 de maio de 2019)<\/p>\n","protected":false},"excerpt":{"rendered":"<p>Edital 002\/2019 \u2014 Resultado final do processo seletivo (publicado em [&hellip;]<\/p>\n","protected":false},"author":5,"featured_media":0,"parent":9337,"menu_order":0,"comment_status":"closed","ping_status":"closed","template":"","meta":[],"categories":[220,209],"tags":[],"acf":[],"_links":{"self":[{"href":"https:\/\/www.ufmg.br\/dedd\/wp-json\/wp\/v2\/pages\/9060"}],"collection":[{"href":"https:\/\/www.ufmg.br\/dedd\/wp-json\/wp\/v2\/pages"}],"about":[{"href":"https:\/\/www.ufmg.br\/dedd\/wp-json\/wp\/v2\/types\/page"}],"author":[{"embeddable":true,"href":"https:\/\/www.ufmg.br\/dedd\/wp-json\/wp\/v2\/users\/5"}],"replies":[{"embeddable":true,"href":"https:\/\/www.ufmg.br\/dedd\/wp-json\/wp\/v2\/comments?post=9060"}],"version-history":[{"count":5,"href":"https:\/\/www.ufmg.br\/dedd\/wp-json\/wp\/v2\/pages\/9060\/revisions"}],"predecessor-version":[{"id":9072,"href":"https:\/\/www.ufmg.br\/dedd\/wp-json\/wp\/v2\/pages\/9060\/revisions\/9072"}],"up":[{"embeddable":true,"href":"https:\/\/www.ufmg.br\/dedd\/wp-json\/wp\/v2\/pages\/9337"}],"wp:attachment":[{"href":"https:\/\/www.ufmg.br\/dedd\/wp-json\/wp\/v2\/media?parent=9060"}],"wp:term":[{"taxonomy":"category","embeddable":true,"href":"https:\/\/www.ufmg.br\/dedd\/wp-json\/wp\/v2\/categories?post=9060"},{"taxonomy":"post_tag","embeddable":true,"href":"https:\/\/www.ufmg.br\/dedd\/wp-json\/wp\/v2\/tags?post=9060"}],"curies":[{"name":"wp","href":"https:\/\/api.w.org\/{rel}","templated":true}]}}