{"id":9092,"date":"2022-04-20T09:07:14","date_gmt":"2022-04-20T12:07:14","guid":{"rendered":"https:\/\/www.ufmg.br\/dedd\/?page_id=9092"},"modified":"2024-07-03T15:54:22","modified_gmt":"2024-07-03T18:54:22","slug":"edital-06-2019-selecao-de-tutor-para-o-curso-de-ciencias-biologicas-a-distancia","status":"publish","type":"page","link":"https:\/\/www.ufmg.br\/dedd\/servicos-o-que-fazemos\/edital-06-2019-selecao-de-tutor-para-o-curso-de-ciencias-biologicas-a-distancia\/","title":{"rendered":"Edital 06\/2019 &#8211; Sele\u00e7\u00e3o de tutor para o curso de Ci\u00eancias Biol\u00f3gicas a dist\u00e2ncia"},"content":{"rendered":"<p><a href=\"https:\/\/www.ufmg.br\/dedd\/wp-content\/uploads\/2022\/04\/Edital-06-2019-Convocacao-Candidatos-Aprovados.pdf\">Convoca\u00e7\u00e3o de candidatos aprovados<\/a> (publicada em 18\/03\/2020)<\/p>\n<p><a href=\"https:\/\/www.ufmg.br\/dedd\/wp-content\/uploads\/2022\/04\/Edital-06-2019-Resultado-Final.pdf\">Resultado final da sele\u00e7\u00e3o para bolsista do programa UAB, para atuar na fun\u00e7\u00e3o de tutor presencial do curso de Ci\u00eancias Biol\u00f3gicas<\/a> (publicado em 14\/10\/19)<\/p>\n<p><a href=\"https:\/\/www.ufmg.br\/dedd\/wp-content\/uploads\/2022\/04\/Edital-06-2019-Resultado-Preliminar.pdf\">Resultado preliminar da sele\u00e7\u00e3o para bolsista do programa UAB, para atuar na fun\u00e7\u00e3o de tutor presencial do curso de Ci\u00eancias Biol\u00f3gicas<\/a> (publicado em 27\/9\/19)<\/p>\n<p><a href=\"https:\/\/www.ufmg.br\/dedd\/wp-content\/uploads\/2022\/04\/Edital-06-2019-Convocacao-entrevistas.pdf\">Convoca\u00e7\u00e3o de candidatos para entrevistas<\/a> (publicada em 23\/09\/19)<\/p>\n<p><a href=\"https:\/\/www.ufmg.br\/dedd\/wp-content\/uploads\/2022\/04\/Edital-06-2019-Resultado-Etapas-I-e-II.pdf\">Resultado da Etapa I e II do processo de sele\u00e7\u00e3o para tutores do curso de Ci\u00eancias Biol\u00f3gicas a dist\u00e2ncia<\/a> (publicada em 04\/09\/2019)<\/p>\n<p><a href=\"https:\/\/www.ufmg.br\/dedd\/wp-content\/uploads\/2022\/04\/Edital-06-2019-Convocacao-para-entrega-de-documentos.pdf\">Convoca\u00e7\u00e3o de candidatos para entrega de documentos<\/a> (publicada em 28\/8\/19)<\/p>\n<p><a href=\"https:\/\/www.ufmg.br\/dedd\/wp-content\/uploads\/2022\/04\/Edital-06-2019-Segunda-retificacao-ao-edital.pdf\">Segunda retifica\u00e7\u00e3o ao edital de sele\u00e7\u00e3o para bolsista do programa UAB, para atuar na fun\u00e7\u00e3o de tutor presencial do curso de Ci\u00eancias Biol\u00f3gicas<\/a> (publicada em 27\/8\/19)<\/p>\n<p><a href=\"https:\/\/www.ufmg.br\/dedd\/wp-content\/uploads\/2022\/04\/Edital-06-2019-Retificacao-ao-edital.pdf\">Retifica\u00e7\u00e3o ao processo seletivo para bolsista do programa UAB, para atuar na fun\u00e7\u00e3o de tutor presencial do curso de Ci\u00eancias Biol\u00f3gicas<\/a> (publicada em 16\/8\/19)<\/p>\n<p><a href=\"https:\/\/www.ufmg.br\/dedd\/wp-content\/uploads\/2022\/04\/Edital-06-2019-Portaria-Comissao.pdf\">Portaria de designa\u00e7\u00e3o de membros da comiss\u00e3o de sele\u00e7\u00e3o de bolsista , para atuar na fun\u00e7\u00e3o de tutor presencial do curso de Ci\u00eancias Biol\u00f3gicas<\/a> (publicada em 25\/09\/19)<\/p>\n<p><a href=\"https:\/\/www.ufmg.br\/dedd\/wp-content\/uploads\/2022\/04\/Edital-06-2019-edital-Tutor-Biologia.pdf\">Sele\u00e7\u00e3o para bolsista do programa UAB, para atuar na fun\u00e7\u00e3o de tutor presencial do curso de Ci\u00eancias Biol\u00f3gicas<\/a> (publicada em 19\/7\/19)<\/p>\n","protected":false},"excerpt":{"rendered":"<p>Convoca\u00e7\u00e3o de candidatos aprovados (publicada em 18\/03\/2020) Resultado final da [&hellip;]<\/p>\n","protected":false},"author":5,"featured_media":0,"parent":9337,"menu_order":0,"comment_status":"closed","ping_status":"closed","template":"","meta":[],"categories":[220,209],"tags":[],"acf":[],"_links":{"self":[{"href":"https:\/\/www.ufmg.br\/dedd\/wp-json\/wp\/v2\/pages\/9092"}],"collection":[{"href":"https:\/\/www.ufmg.br\/dedd\/wp-json\/wp\/v2\/pages"}],"about":[{"href":"https:\/\/www.ufmg.br\/dedd\/wp-json\/wp\/v2\/types\/page"}],"author":[{"embeddable":true,"href":"https:\/\/www.ufmg.br\/dedd\/wp-json\/wp\/v2\/users\/5"}],"replies":[{"embeddable":true,"href":"https:\/\/www.ufmg.br\/dedd\/wp-json\/wp\/v2\/comments?post=9092"}],"version-history":[{"count":6,"href":"https:\/\/www.ufmg.br\/dedd\/wp-json\/wp\/v2\/pages\/9092\/revisions"}],"predecessor-version":[{"id":9111,"href":"https:\/\/www.ufmg.br\/dedd\/wp-json\/wp\/v2\/pages\/9092\/revisions\/9111"}],"up":[{"embeddable":true,"href":"https:\/\/www.ufmg.br\/dedd\/wp-json\/wp\/v2\/pages\/9337"}],"wp:attachment":[{"href":"https:\/\/www.ufmg.br\/dedd\/wp-json\/wp\/v2\/media?parent=9092"}],"wp:term":[{"taxonomy":"category","embeddable":true,"href":"https:\/\/www.ufmg.br\/dedd\/wp-json\/wp\/v2\/categories?post=9092"},{"taxonomy":"post_tag","embeddable":true,"href":"https:\/\/www.ufmg.br\/dedd\/wp-json\/wp\/v2\/tags?post=9092"}],"curies":[{"name":"wp","href":"https:\/\/api.w.org\/{rel}","templated":true}]}}