{"id":9112,"date":"2022-04-20T09:52:23","date_gmt":"2022-04-20T12:52:23","guid":{"rendered":"https:\/\/www.ufmg.br\/dedd\/?page_id=9112"},"modified":"2024-07-03T15:54:22","modified_gmt":"2024-07-03T18:54:22","slug":"edital-07-2019-selecao-de-alunos-para-cursos-de-extensao-do-caed-ufmg","status":"publish","type":"page","link":"https:\/\/www.ufmg.br\/dedd\/servicos-o-que-fazemos\/edital-07-2019-selecao-de-alunos-para-cursos-de-extensao-do-caed-ufmg\/","title":{"rendered":"Edital 07\/2019 \u2014 Sele\u00e7\u00e3o de alunos para cursos de extens\u00e3o do Caed UFMG"},"content":{"rendered":"<p><a href=\"https:\/\/www.ufmg.br\/dedd\/wp-content\/uploads\/2022\/04\/Edital-07-2019-Resultado-Final.pdf\">Edital 07\/2019 \u2014 Resultado final da sele\u00e7\u00e3o de alunos para cursos de extens\u00e3o do Caed UFMG<\/a> (publicado no dia 27\/9\/2019)<\/p>\n<p><a href=\"https:\/\/www.ufmg.br\/dedd\/wp-content\/uploads\/2022\/04\/Edital-07-2019-Resultado-Preliminar.pdf\">Edital 07\/2019 \u2013Resultado provis\u00f3rio da sele\u00e7\u00e3o de alunos para cursos de extens\u00e3o do Caed UFMG<\/a> (publicado no dia 10\/9\/2019)<\/p>\n<p><a href=\"https:\/\/www.ufmg.br\/dedd\/wp-content\/uploads\/2022\/04\/Edital-07-2019-edital.pdf\">Edital 07\/2019 \u2014 Sele\u00e7\u00e3o de alunos para cursos de extens\u00e3o do Caed UFMG<\/a><\/p>\n","protected":false},"excerpt":{"rendered":"<p>Edital 07\/2019 \u2014 Resultado final da sele\u00e7\u00e3o de alunos para [&hellip;]<\/p>\n","protected":false},"author":5,"featured_media":0,"parent":9337,"menu_order":0,"comment_status":"closed","ping_status":"closed","template":"","meta":[],"categories":[220,209],"tags":[],"acf":[],"_links":{"self":[{"href":"https:\/\/www.ufmg.br\/dedd\/wp-json\/wp\/v2\/pages\/9112"}],"collection":[{"href":"https:\/\/www.ufmg.br\/dedd\/wp-json\/wp\/v2\/pages"}],"about":[{"href":"https:\/\/www.ufmg.br\/dedd\/wp-json\/wp\/v2\/types\/page"}],"author":[{"embeddable":true,"href":"https:\/\/www.ufmg.br\/dedd\/wp-json\/wp\/v2\/users\/5"}],"replies":[{"embeddable":true,"href":"https:\/\/www.ufmg.br\/dedd\/wp-json\/wp\/v2\/comments?post=9112"}],"version-history":[{"count":3,"href":"https:\/\/www.ufmg.br\/dedd\/wp-json\/wp\/v2\/pages\/9112\/revisions"}],"predecessor-version":[{"id":9119,"href":"https:\/\/www.ufmg.br\/dedd\/wp-json\/wp\/v2\/pages\/9112\/revisions\/9119"}],"up":[{"embeddable":true,"href":"https:\/\/www.ufmg.br\/dedd\/wp-json\/wp\/v2\/pages\/9337"}],"wp:attachment":[{"href":"https:\/\/www.ufmg.br\/dedd\/wp-json\/wp\/v2\/media?parent=9112"}],"wp:term":[{"taxonomy":"category","embeddable":true,"href":"https:\/\/www.ufmg.br\/dedd\/wp-json\/wp\/v2\/categories?post=9112"},{"taxonomy":"post_tag","embeddable":true,"href":"https:\/\/www.ufmg.br\/dedd\/wp-json\/wp\/v2\/tags?post=9112"}],"curies":[{"name":"wp","href":"https:\/\/api.w.org\/{rel}","templated":true}]}}