{"id":9120,"date":"2022-04-20T10:03:16","date_gmt":"2022-04-20T13:03:16","guid":{"rendered":"https:\/\/www.ufmg.br\/dedd\/?page_id=9120"},"modified":"2024-07-03T15:54:23","modified_gmt":"2024-07-03T18:54:23","slug":"edital-08-2019-selecao-de-monitores-para-o-curso-de-ciencias-biologicas-a-distancia","status":"publish","type":"page","link":"https:\/\/www.ufmg.br\/dedd\/servicos-o-que-fazemos\/edital-08-2019-selecao-de-monitores-para-o-curso-de-ciencias-biologicas-a-distancia\/","title":{"rendered":"Edital 08\/2019 \u2014 Sele\u00e7\u00e3o de monitores para o curso de Ci\u00eancias Biol\u00f3gicas a dist\u00e2ncia"},"content":{"rendered":"<p><a href=\"https:\/\/www.ufmg.br\/dedd\/wp-content\/uploads\/2022\/04\/Edital-08-2019-Resultado-Final.pdf\">Edital 08\/2019 \u2013 Resultado final da sele\u00e7\u00e3o de monitores para o curso de Ci\u00eancias Biol\u00f3gicas a dist\u00e2ncia<\/a> (publicado em 30\/09\/2019)<\/p>\n<p><a href=\"https:\/\/www.ufmg.br\/dedd\/wp-content\/uploads\/2022\/04\/Edital-08-2019-Resultado-Preliminar.pdf\">Edital 08\/2019 \u2013 Resultado preliminar da sele\u00e7\u00e3o de monitores para o curso de Ci\u00eancias Biol\u00f3gicas a dist\u00e2ncia<\/a> (publicado em 17\/09\/2019)<\/p>\n<p><a href=\"https:\/\/www.ufmg.br\/dedd\/wp-content\/uploads\/2022\/04\/Edital-08-2019-Monitoria-Biologia.pdf\">Edital 08\/2019 \u2014 Sele\u00e7\u00e3o de monitores para o curso de Ci\u00eancias Biol\u00f3gicas a dist\u00e2ncia<\/a> (publicado em 26\/8\/19)<\/p>\n<p>&nbsp;<\/p>\n","protected":false},"excerpt":{"rendered":"<p>Edital 08\/2019 \u2013 Resultado final da sele\u00e7\u00e3o de monitores para [&hellip;]<\/p>\n","protected":false},"author":5,"featured_media":0,"parent":9337,"menu_order":0,"comment_status":"closed","ping_status":"closed","template":"","meta":[],"categories":[220,209],"tags":[],"acf":[],"_links":{"self":[{"href":"https:\/\/www.ufmg.br\/dedd\/wp-json\/wp\/v2\/pages\/9120"}],"collection":[{"href":"https:\/\/www.ufmg.br\/dedd\/wp-json\/wp\/v2\/pages"}],"about":[{"href":"https:\/\/www.ufmg.br\/dedd\/wp-json\/wp\/v2\/types\/page"}],"author":[{"embeddable":true,"href":"https:\/\/www.ufmg.br\/dedd\/wp-json\/wp\/v2\/users\/5"}],"replies":[{"embeddable":true,"href":"https:\/\/www.ufmg.br\/dedd\/wp-json\/wp\/v2\/comments?post=9120"}],"version-history":[{"count":2,"href":"https:\/\/www.ufmg.br\/dedd\/wp-json\/wp\/v2\/pages\/9120\/revisions"}],"predecessor-version":[{"id":9126,"href":"https:\/\/www.ufmg.br\/dedd\/wp-json\/wp\/v2\/pages\/9120\/revisions\/9126"}],"up":[{"embeddable":true,"href":"https:\/\/www.ufmg.br\/dedd\/wp-json\/wp\/v2\/pages\/9337"}],"wp:attachment":[{"href":"https:\/\/www.ufmg.br\/dedd\/wp-json\/wp\/v2\/media?parent=9120"}],"wp:term":[{"taxonomy":"category","embeddable":true,"href":"https:\/\/www.ufmg.br\/dedd\/wp-json\/wp\/v2\/categories?post=9120"},{"taxonomy":"post_tag","embeddable":true,"href":"https:\/\/www.ufmg.br\/dedd\/wp-json\/wp\/v2\/tags?post=9120"}],"curies":[{"name":"wp","href":"https:\/\/api.w.org\/{rel}","templated":true}]}}