{"id":9127,"date":"2022-04-20T10:14:20","date_gmt":"2022-04-20T13:14:20","guid":{"rendered":"https:\/\/www.ufmg.br\/dedd\/?page_id=9127"},"modified":"2024-07-03T15:54:23","modified_gmt":"2024-07-03T18:54:23","slug":"edital-09-2019-selecao-de-tutores-para-a-especializacao-em-gestao-de-instituicoes-federais-de-educacao-superior","status":"publish","type":"page","link":"https:\/\/www.ufmg.br\/dedd\/servicos-o-que-fazemos\/edital-09-2019-selecao-de-tutores-para-a-especializacao-em-gestao-de-instituicoes-federais-de-educacao-superior\/","title":{"rendered":"Edital 09\/2019 &#8211; Sele\u00e7\u00e3o de tutores para a especializa\u00e7\u00e3o em Gest\u00e3o de Institui\u00e7\u00f5es Federais de Educa\u00e7\u00e3o Superior"},"content":{"rendered":"<p><a href=\"https:\/\/www.ufmg.br\/dedd\/wp-content\/uploads\/2022\/04\/Edital-09-2019-Resultado-Final.pdf\">Resultado final de sele\u00e7\u00e3o para tutores<\/a> (publicado em 25\/10\/2019)<\/p>\n<p><a href=\"https:\/\/www.ufmg.br\/dedd\/wp-content\/uploads\/2022\/04\/Edital-09-2019-Resultado-Preliminar.pdf\">Resultado parcial de sele\u00e7\u00e3o para tutores<\/a> (publicado em 08\/10\/2019)<\/p>\n<p><a href=\"https:\/\/www.ufmg.br\/dedd\/wp-content\/uploads\/2022\/04\/Edital-09-2019-Portaria-Comissao.pdf\">Portaria de designa\u00e7\u00e3o de membros para comiss\u00e3o de sele\u00e7\u00e3o de tutores<\/a> (publicada em 16\/9\/19)<\/p>\n<p><a href=\"https:\/\/www.ufmg.br\/dedd\/wp-content\/uploads\/2022\/04\/Edital-09-2019-Tutor-Gifes.pdf\">Edital 09\/2019 \u2014 Sele\u00e7\u00e3o de tutores para a especializa\u00e7\u00e3o em Gest\u00e3o de Institui\u00e7\u00f5es Federais de Educa\u00e7\u00e3o Superior<\/a> (publicado em 30\/8\/19)<\/p>\n","protected":false},"excerpt":{"rendered":"<p>Resultado final de sele\u00e7\u00e3o para tutores (publicado em 25\/10\/2019) Resultado [&hellip;]<\/p>\n","protected":false},"author":5,"featured_media":0,"parent":9337,"menu_order":0,"comment_status":"closed","ping_status":"closed","template":"","meta":[],"categories":[220,209],"tags":[],"acf":[],"_links":{"self":[{"href":"https:\/\/www.ufmg.br\/dedd\/wp-json\/wp\/v2\/pages\/9127"}],"collection":[{"href":"https:\/\/www.ufmg.br\/dedd\/wp-json\/wp\/v2\/pages"}],"about":[{"href":"https:\/\/www.ufmg.br\/dedd\/wp-json\/wp\/v2\/types\/page"}],"author":[{"embeddable":true,"href":"https:\/\/www.ufmg.br\/dedd\/wp-json\/wp\/v2\/users\/5"}],"replies":[{"embeddable":true,"href":"https:\/\/www.ufmg.br\/dedd\/wp-json\/wp\/v2\/comments?post=9127"}],"version-history":[{"count":4,"href":"https:\/\/www.ufmg.br\/dedd\/wp-json\/wp\/v2\/pages\/9127\/revisions"}],"predecessor-version":[{"id":9135,"href":"https:\/\/www.ufmg.br\/dedd\/wp-json\/wp\/v2\/pages\/9127\/revisions\/9135"}],"up":[{"embeddable":true,"href":"https:\/\/www.ufmg.br\/dedd\/wp-json\/wp\/v2\/pages\/9337"}],"wp:attachment":[{"href":"https:\/\/www.ufmg.br\/dedd\/wp-json\/wp\/v2\/media?parent=9127"}],"wp:term":[{"taxonomy":"category","embeddable":true,"href":"https:\/\/www.ufmg.br\/dedd\/wp-json\/wp\/v2\/categories?post=9127"},{"taxonomy":"post_tag","embeddable":true,"href":"https:\/\/www.ufmg.br\/dedd\/wp-json\/wp\/v2\/tags?post=9127"}],"curies":[{"name":"wp","href":"https:\/\/api.w.org\/{rel}","templated":true}]}}