{"id":9139,"date":"2022-04-20T10:23:48","date_gmt":"2022-04-20T13:23:48","guid":{"rendered":"https:\/\/www.ufmg.br\/dedd\/?page_id=9139"},"modified":"2024-07-03T15:01:24","modified_gmt":"2024-07-03T18:01:24","slug":"selecoes-2018","status":"publish","type":"page","link":"https:\/\/www.ufmg.br\/dedd\/selecoes-2018\/","title":{"rendered":"Sele\u00e7\u00f5es &#8211; 2018"},"content":{"rendered":"<p><a href=\"https:\/\/www.ufmg.br\/dedd\/edital-015-2018-selecao-de-tutor-para-o-curso-de-ciencias-biologicas-a-distancia\/\">Edital 015\/2018 \u2014 Sele\u00e7\u00e3o de tutor para o curso de Ci\u00eancias Biol\u00f3gicas a dist\u00e2ncia<\/a><\/p>\n<p><a href=\"https:\/\/www.ufmg.br\/dedd\/edital-014-2018-selecao-para-estagiario-de-pos-graduacao-para-atuacao-na-area-de-educacao-especial-e-inclusiva\/\">Edital 014\/2018 \u2014 Sele\u00e7\u00e3o para estagi\u00e1rio de p\u00f3s-gradua\u00e7\u00e3o para atua\u00e7\u00e3o na \u00e1rea de educa\u00e7\u00e3o especial e inclusiva<\/a><\/p>\n<p><a href=\"https:\/\/www.ufmg.br\/dedd\/edital-13-2018-selecao-de-tutores-para-o-curso-de-especializacao-em-gestao-do-cuidado-em-saude-da-familia\/\">Edital 013\/2018 \u2014 Sele\u00e7\u00e3o de tutores para o curso de especializa\u00e7\u00e3o em Gest\u00e3o do Cuidado em Sa\u00fade da Fam\u00edlia<\/a><\/p>\n<p><a href=\"https:\/\/www.ufmg.br\/dedd\/edital-12-2018-selecao-de-alunos-para-cursos-de-extensao-a-distancia-do-caed\/\">Edital 012\/2018 \u2014 Sele\u00e7\u00e3o de alunos para cursos de extens\u00e3o a dist\u00e2ncia do Caed<\/a><\/p>\n<p>Edital 011\/2018 &#8211; ???<\/p>\n<p><a href=\"https:\/\/www.ufmg.br\/dedd\/estagiario-tic\/\">Edital 010\/2018 \u2014 Sele\u00e7\u00e3o de estagi\u00e1rio para o setor de Tecnologia de Informa\u00e7\u00e3o e Comunica\u00e7\u00e3o (TICs)<\/a><\/p>\n<p>Edital 009\/2018 \u2014 Sele\u00e7\u00e3o de estagi\u00e1rios ???<\/p>\n<p><a href=\"https:\/\/www.ufmg.br\/dedd\/9191-2\/\">Edital 008\/2018 \u2014 Sele\u00e7\u00e3o de alunos do curso de Especializa\u00e7\u00e3o em Tecnologias Digitais e Educa\u00e7\u00e3o 3.0<\/a><\/p>\n<p><a href=\"https:\/\/www.ufmg.br\/dedd\/9194-2\/\">Edital 007\/2018 \u2014 Sele\u00e7\u00e3o de tutores para o curso de Especializa\u00e7\u00e3o em Tecnologias Digitais e Educa\u00e7\u00e3o 3.0<\/a><\/p>\n<p><a href=\"https:\/\/www.ufmg.br\/dedd\/edital-06-2018-selecao-de-estagiario-do-centro-de-ensino-de-ciencias-e-matematica-cecimig\/\">Edital 006\/2018 \u2014 Sele\u00e7\u00e3o de estagi\u00e1rio do Centro de Ensino de Ci\u00eancias e Matem\u00e1tica (Cecimig)<\/a><\/p>\n<p><a href=\"https:\/\/www.ufmg.br\/dedd\/edital-05-2018-selecao-de-bolsistas-do-programa-de-monitoria-de-graduacao-pmg\/\">Edital 005\/2018 \u2014 Sele\u00e7\u00e3o de bolsistas do Programa de Monitoria de Gradua\u00e7\u00e3o (PMG)<\/a><\/p>\n<p><a href=\"https:\/\/www.ufmg.br\/dedd\/edital-04-2018-selecao-de-estagiario-para-o-centro-de-ensino-de-ciencias-e-matematica-cecimig\/\">Edital 004\/2018 \u2013 Sele\u00e7\u00e3o de estagi\u00e1rio para o Centro de Ensino de Ci\u00eancias e Matem\u00e1tica (Cecimig)<\/a><\/p>\n<p><a href=\"https:\/\/www.ufmg.br\/dedd\/edital-03-2018-selecao-de-bolsistas-do-programa-aproxime-se\/\">Edital 003\/2018 \u2013 Sele\u00e7\u00e3o de bolsistas do programa Aproxime-se<\/a><\/p>\n<p><a href=\"https:\/\/www.ufmg.br\/dedd\/edital-002-2018-selecao-de-estagiario-para-o-programa-nacional-de-formacao-em-administracao-publica-pnap-na-ufmg\/\">Edital 002\/2018 \u2013 Sele\u00e7\u00e3o de estagi\u00e1rio para o Programa Nacional de Forma\u00e7\u00e3o em Administra\u00e7\u00e3o P\u00fablica (PNAP) na UFMG<\/a><\/p>\n<p><a href=\"https:\/\/www.ufmg.br\/dedd\/edital-001-2018-selecao-de-estagiario-para-o-setor-de-tics\/\">Edital 001\/2018 \u2013 Sele\u00e7\u00e3o de estagi\u00e1rio para o setor de TICs<\/a><\/p>\n","protected":false},"excerpt":{"rendered":"<p>Edital 015\/2018 \u2014 Sele\u00e7\u00e3o de tutor para o curso de [&hellip;]<\/p>\n","protected":false},"author":5,"featured_media":0,"parent":0,"menu_order":0,"comment_status":"closed","ping_status":"closed","template":"","meta":[],"categories":[],"tags":[],"acf":[],"_links":{"self":[{"href":"https:\/\/www.ufmg.br\/dedd\/wp-json\/wp\/v2\/pages\/9139"}],"collection":[{"href":"https:\/\/www.ufmg.br\/dedd\/wp-json\/wp\/v2\/pages"}],"about":[{"href":"https:\/\/www.ufmg.br\/dedd\/wp-json\/wp\/v2\/types\/page"}],"author":[{"embeddable":true,"href":"https:\/\/www.ufmg.br\/dedd\/wp-json\/wp\/v2\/users\/5"}],"replies":[{"embeddable":true,"href":"https:\/\/www.ufmg.br\/dedd\/wp-json\/wp\/v2\/comments?post=9139"}],"version-history":[{"count":20,"href":"https:\/\/www.ufmg.br\/dedd\/wp-json\/wp\/v2\/pages\/9139\/revisions"}],"predecessor-version":[{"id":10143,"href":"https:\/\/www.ufmg.br\/dedd\/wp-json\/wp\/v2\/pages\/9139\/revisions\/10143"}],"wp:attachment":[{"href":"https:\/\/www.ufmg.br\/dedd\/wp-json\/wp\/v2\/media?parent=9139"}],"wp:term":[{"taxonomy":"category","embeddable":true,"href":"https:\/\/www.ufmg.br\/dedd\/wp-json\/wp\/v2\/categories?post=9139"},{"taxonomy":"post_tag","embeddable":true,"href":"https:\/\/www.ufmg.br\/dedd\/wp-json\/wp\/v2\/tags?post=9139"}],"curies":[{"name":"wp","href":"https:\/\/api.w.org\/{rel}","templated":true}]}}