{"id":9156,"date":"2022-04-20T10:48:51","date_gmt":"2022-04-20T13:48:51","guid":{"rendered":"https:\/\/www.ufmg.br\/dedd\/?page_id=9156"},"modified":"2024-07-03T15:53:34","modified_gmt":"2024-07-03T18:53:34","slug":"edital-014-2018-selecao-para-estagiario-de-pos-graduacao-para-atuacao-na-area-de-educacao-especial-e-inclusiva","status":"publish","type":"page","link":"https:\/\/www.ufmg.br\/dedd\/servicos-o-que-fazemos\/edital-014-2018-selecao-para-estagiario-de-pos-graduacao-para-atuacao-na-area-de-educacao-especial-e-inclusiva\/","title":{"rendered":"Edital 014\/2018 &#8211; Sele\u00e7\u00e3o para estagi\u00e1rio de p\u00f3s-gradua\u00e7\u00e3o para atua\u00e7\u00e3o na \u00e1rea de educa\u00e7\u00e3o especial e inclusiva"},"content":{"rendered":"<p><a href=\"https:\/\/www.ufmg.br\/dedd\/wp-content\/uploads\/2022\/04\/Edital-014-2018-Resultado-Final.pdf\">Resultado Final<\/a> (publicado em 09\/07\/2018)<\/p>\n<p><a href=\"https:\/\/www.ufmg.br\/dedd\/wp-content\/uploads\/2022\/04\/Edital-014-2018-Educacao-Inclusiva.pdf\">Edital 014\/2018 \u2014 Sele\u00e7\u00e3o para estagi\u00e1rio de p\u00f3s-gradua\u00e7\u00e3o para atua\u00e7\u00e3o na \u00e1rea de educa\u00e7\u00e3o especial e inclusiva<\/a> (publicado em 18\/06\/2018)<\/p>\n","protected":false},"excerpt":{"rendered":"<p>Resultado Final (publicado em 09\/07\/2018) Edital 014\/2018 \u2014 Sele\u00e7\u00e3o para [&hellip;]<\/p>\n","protected":false},"author":5,"featured_media":0,"parent":9337,"menu_order":0,"comment_status":"closed","ping_status":"closed","template":"","meta":[],"categories":[220,209],"tags":[],"acf":[],"_links":{"self":[{"href":"https:\/\/www.ufmg.br\/dedd\/wp-json\/wp\/v2\/pages\/9156"}],"collection":[{"href":"https:\/\/www.ufmg.br\/dedd\/wp-json\/wp\/v2\/pages"}],"about":[{"href":"https:\/\/www.ufmg.br\/dedd\/wp-json\/wp\/v2\/types\/page"}],"author":[{"embeddable":true,"href":"https:\/\/www.ufmg.br\/dedd\/wp-json\/wp\/v2\/users\/5"}],"replies":[{"embeddable":true,"href":"https:\/\/www.ufmg.br\/dedd\/wp-json\/wp\/v2\/comments?post=9156"}],"version-history":[{"count":4,"href":"https:\/\/www.ufmg.br\/dedd\/wp-json\/wp\/v2\/pages\/9156\/revisions"}],"predecessor-version":[{"id":9165,"href":"https:\/\/www.ufmg.br\/dedd\/wp-json\/wp\/v2\/pages\/9156\/revisions\/9165"}],"up":[{"embeddable":true,"href":"https:\/\/www.ufmg.br\/dedd\/wp-json\/wp\/v2\/pages\/9337"}],"wp:attachment":[{"href":"https:\/\/www.ufmg.br\/dedd\/wp-json\/wp\/v2\/media?parent=9156"}],"wp:term":[{"taxonomy":"category","embeddable":true,"href":"https:\/\/www.ufmg.br\/dedd\/wp-json\/wp\/v2\/categories?post=9156"},{"taxonomy":"post_tag","embeddable":true,"href":"https:\/\/www.ufmg.br\/dedd\/wp-json\/wp\/v2\/tags?post=9156"}],"curies":[{"name":"wp","href":"https:\/\/api.w.org\/{rel}","templated":true}]}}