{"id":9167,"date":"2022-04-20T11:00:34","date_gmt":"2022-04-20T14:00:34","guid":{"rendered":"https:\/\/www.ufmg.br\/dedd\/?page_id=9167"},"modified":"2024-07-03T15:54:24","modified_gmt":"2024-07-03T18:54:24","slug":"edital-13-2018-selecao-de-tutores-para-o-curso-de-especializacao-em-gestao-do-cuidado-em-saude-da-familia","status":"publish","type":"page","link":"https:\/\/www.ufmg.br\/dedd\/servicos-o-que-fazemos\/edital-13-2018-selecao-de-tutores-para-o-curso-de-especializacao-em-gestao-do-cuidado-em-saude-da-familia\/","title":{"rendered":"Edital 13\/2018 &#8211; Sele\u00e7\u00e3o de tutores para o curso de especializa\u00e7\u00e3o em Gest\u00e3o do Cuidado em Sa\u00fade da Fam\u00edlia"},"content":{"rendered":"<p><a href=\"https:\/\/www.ufmg.br\/dedd\/wp-content\/uploads\/2022\/04\/Edital-013-2018-Cancelamento-Edital.pdf\">Cancelamento<\/a> (publicado em 13\/07\/2018)<\/p>\n<p><a href=\"https:\/\/www.ufmg.br\/dedd\/wp-content\/uploads\/2022\/04\/Edital-013-2018-Tutor-Saude-Familia.pdf\">Edital 13\/2018 \u2014 Sele\u00e7\u00e3o de tutores para o curso de especializa\u00e7\u00e3o em Gest\u00e3o do Cuidado em Sa\u00fade da Fam\u00edlia<\/a> (publicado em 03\/07\/2018)<\/p>\n","protected":false},"excerpt":{"rendered":"<p>Cancelamento (publicado em 13\/07\/2018) Edital 13\/2018 \u2014 Sele\u00e7\u00e3o de tutores [&hellip;]<\/p>\n","protected":false},"author":5,"featured_media":0,"parent":9337,"menu_order":0,"comment_status":"closed","ping_status":"closed","template":"","meta":[],"categories":[220,209],"tags":[],"acf":[],"_links":{"self":[{"href":"https:\/\/www.ufmg.br\/dedd\/wp-json\/wp\/v2\/pages\/9167"}],"collection":[{"href":"https:\/\/www.ufmg.br\/dedd\/wp-json\/wp\/v2\/pages"}],"about":[{"href":"https:\/\/www.ufmg.br\/dedd\/wp-json\/wp\/v2\/types\/page"}],"author":[{"embeddable":true,"href":"https:\/\/www.ufmg.br\/dedd\/wp-json\/wp\/v2\/users\/5"}],"replies":[{"embeddable":true,"href":"https:\/\/www.ufmg.br\/dedd\/wp-json\/wp\/v2\/comments?post=9167"}],"version-history":[{"count":3,"href":"https:\/\/www.ufmg.br\/dedd\/wp-json\/wp\/v2\/pages\/9167\/revisions"}],"predecessor-version":[{"id":9172,"href":"https:\/\/www.ufmg.br\/dedd\/wp-json\/wp\/v2\/pages\/9167\/revisions\/9172"}],"up":[{"embeddable":true,"href":"https:\/\/www.ufmg.br\/dedd\/wp-json\/wp\/v2\/pages\/9337"}],"wp:attachment":[{"href":"https:\/\/www.ufmg.br\/dedd\/wp-json\/wp\/v2\/media?parent=9167"}],"wp:term":[{"taxonomy":"category","embeddable":true,"href":"https:\/\/www.ufmg.br\/dedd\/wp-json\/wp\/v2\/categories?post=9167"},{"taxonomy":"post_tag","embeddable":true,"href":"https:\/\/www.ufmg.br\/dedd\/wp-json\/wp\/v2\/tags?post=9167"}],"curies":[{"name":"wp","href":"https:\/\/api.w.org\/{rel}","templated":true}]}}