{"id":9174,"date":"2022-04-20T11:15:08","date_gmt":"2022-04-20T14:15:08","guid":{"rendered":"https:\/\/www.ufmg.br\/dedd\/?page_id=9174"},"modified":"2024-07-03T15:54:23","modified_gmt":"2024-07-03T18:54:23","slug":"edital-12-2018-selecao-de-alunos-para-cursos-de-extensao-a-distancia-do-caed","status":"publish","type":"page","link":"https:\/\/www.ufmg.br\/dedd\/servicos-o-que-fazemos\/edital-12-2018-selecao-de-alunos-para-cursos-de-extensao-a-distancia-do-caed\/","title":{"rendered":"Edital 12\/2018 &#8211; Sele\u00e7\u00e3o de alunos para cursos de extens\u00e3o a dist\u00e2ncia do Caed"},"content":{"rendered":"<p><a href=\"https:\/\/www.ufmg.br\/dedd\/wp-content\/uploads\/2022\/04\/Edital-012-2018-Resultado-Final.pdf\">Resultado final<\/a> (publicado em 17\/07\/2018)<\/p>\n<p><a href=\"https:\/\/www.ufmg.br\/dedd\/wp-content\/uploads\/2022\/04\/Edital-012-2018-Cursos-de-extensao.pdf\">Edital 12\/2018 \u2014 Sele\u00e7\u00e3o de alunos para cursos de extens\u00e3o a dist\u00e2ncia do Caed<\/a> (publicado em 11\/06\/2018)<\/p>\n","protected":false},"excerpt":{"rendered":"<p>Resultado final (publicado em 17\/07\/2018) Edital 12\/2018 \u2014 Sele\u00e7\u00e3o de [&hellip;]<\/p>\n","protected":false},"author":5,"featured_media":0,"parent":9337,"menu_order":0,"comment_status":"closed","ping_status":"closed","template":"","meta":[],"categories":[220,209],"tags":[],"acf":[],"_links":{"self":[{"href":"https:\/\/www.ufmg.br\/dedd\/wp-json\/wp\/v2\/pages\/9174"}],"collection":[{"href":"https:\/\/www.ufmg.br\/dedd\/wp-json\/wp\/v2\/pages"}],"about":[{"href":"https:\/\/www.ufmg.br\/dedd\/wp-json\/wp\/v2\/types\/page"}],"author":[{"embeddable":true,"href":"https:\/\/www.ufmg.br\/dedd\/wp-json\/wp\/v2\/users\/5"}],"replies":[{"embeddable":true,"href":"https:\/\/www.ufmg.br\/dedd\/wp-json\/wp\/v2\/comments?post=9174"}],"version-history":[{"count":3,"href":"https:\/\/www.ufmg.br\/dedd\/wp-json\/wp\/v2\/pages\/9174\/revisions"}],"predecessor-version":[{"id":9180,"href":"https:\/\/www.ufmg.br\/dedd\/wp-json\/wp\/v2\/pages\/9174\/revisions\/9180"}],"up":[{"embeddable":true,"href":"https:\/\/www.ufmg.br\/dedd\/wp-json\/wp\/v2\/pages\/9337"}],"wp:attachment":[{"href":"https:\/\/www.ufmg.br\/dedd\/wp-json\/wp\/v2\/media?parent=9174"}],"wp:term":[{"taxonomy":"category","embeddable":true,"href":"https:\/\/www.ufmg.br\/dedd\/wp-json\/wp\/v2\/categories?post=9174"},{"taxonomy":"post_tag","embeddable":true,"href":"https:\/\/www.ufmg.br\/dedd\/wp-json\/wp\/v2\/tags?post=9174"}],"curies":[{"name":"wp","href":"https:\/\/api.w.org\/{rel}","templated":true}]}}