{"id":9194,"date":"2022-04-20T11:56:32","date_gmt":"2022-04-20T14:56:32","guid":{"rendered":"https:\/\/www.ufmg.br\/dedd\/?page_id=9194"},"modified":"2024-07-03T15:54:22","modified_gmt":"2024-07-03T18:54:22","slug":"9194-2","status":"publish","type":"page","link":"https:\/\/www.ufmg.br\/dedd\/servicos-o-que-fazemos\/9194-2\/","title":{"rendered":"Edital 07\/2018 &#8211; Sele\u00e7\u00e3o de tutores para o curso de Especializa\u00e7\u00e3o em Tecnologias Digitais e Educa\u00e7\u00e3o 3.0"},"content":{"rendered":"<p><a href=\"https:\/\/www.ufmg.br\/dedd\/wp-content\/uploads\/2022\/04\/Edital-07-2018-Resultado-Final.pdf\">Resultado final<\/a> (publicado em 27\/06\/2018)<\/p>\n<p><a href=\"https:\/\/www.ufmg.br\/dedd\/wp-content\/uploads\/2022\/04\/Edital-07-2018-Adiamento-de-resultado-e-convocacao-para-entrevistas.pdf\">Adiamento de resultados e segunda convoca\u00e7\u00e3o para entrevista<\/a> (publicado em 06\/06\/2018)<\/p>\n<p><a href=\"https:\/\/www.ufmg.br\/dedd\/wp-content\/uploads\/2022\/04\/Edital-07-2018-Resultado-Parcial-e-Convocacao-para-entrevistas.pdf\">Resultado parcial\/Convoca\u00e7\u00e3o para entrevistas<\/a> (publicado em 24\/05\/2018)<\/p>\n<p><a href=\"https:\/\/www.ufmg.br\/dedd\/wp-content\/uploads\/2022\/04\/Edital-07-2018-Tutor-TICs.pdf\">Edital 07\/2018 \u2014 Sele\u00e7\u00e3o de tutores para o curso de Especializa\u00e7\u00e3o em Tecnologias Digitais e Educa\u00e7\u00e3o 3.0<\/a> (publicado em 13\/04\/2018)<\/p>\n<p>&nbsp;<\/p>\n<p>&nbsp;<\/p>\n<p>&nbsp;<\/p>\n","protected":false},"excerpt":{"rendered":"<p>Resultado final (publicado em 27\/06\/2018) Adiamento de resultados e segunda [&hellip;]<\/p>\n","protected":false},"author":5,"featured_media":0,"parent":9337,"menu_order":0,"comment_status":"closed","ping_status":"closed","template":"","meta":[],"categories":[220,209],"tags":[],"acf":[],"_links":{"self":[{"href":"https:\/\/www.ufmg.br\/dedd\/wp-json\/wp\/v2\/pages\/9194"}],"collection":[{"href":"https:\/\/www.ufmg.br\/dedd\/wp-json\/wp\/v2\/pages"}],"about":[{"href":"https:\/\/www.ufmg.br\/dedd\/wp-json\/wp\/v2\/types\/page"}],"author":[{"embeddable":true,"href":"https:\/\/www.ufmg.br\/dedd\/wp-json\/wp\/v2\/users\/5"}],"replies":[{"embeddable":true,"href":"https:\/\/www.ufmg.br\/dedd\/wp-json\/wp\/v2\/comments?post=9194"}],"version-history":[{"count":4,"href":"https:\/\/www.ufmg.br\/dedd\/wp-json\/wp\/v2\/pages\/9194\/revisions"}],"predecessor-version":[{"id":9213,"href":"https:\/\/www.ufmg.br\/dedd\/wp-json\/wp\/v2\/pages\/9194\/revisions\/9213"}],"up":[{"embeddable":true,"href":"https:\/\/www.ufmg.br\/dedd\/wp-json\/wp\/v2\/pages\/9337"}],"wp:attachment":[{"href":"https:\/\/www.ufmg.br\/dedd\/wp-json\/wp\/v2\/media?parent=9194"}],"wp:term":[{"taxonomy":"category","embeddable":true,"href":"https:\/\/www.ufmg.br\/dedd\/wp-json\/wp\/v2\/categories?post=9194"},{"taxonomy":"post_tag","embeddable":true,"href":"https:\/\/www.ufmg.br\/dedd\/wp-json\/wp\/v2\/tags?post=9194"}],"curies":[{"name":"wp","href":"https:\/\/api.w.org\/{rel}","templated":true}]}}