{"id":9217,"date":"2022-04-20T12:19:11","date_gmt":"2022-04-20T15:19:11","guid":{"rendered":"https:\/\/www.ufmg.br\/dedd\/?page_id=9217"},"modified":"2024-07-03T15:53:35","modified_gmt":"2024-07-03T18:53:35","slug":"edital-06-2018-selecao-de-estagiario-do-centro-de-ensino-de-ciencias-e-matematica-cecimig","status":"publish","type":"page","link":"https:\/\/www.ufmg.br\/dedd\/servicos-o-que-fazemos\/edital-06-2018-selecao-de-estagiario-do-centro-de-ensino-de-ciencias-e-matematica-cecimig\/","title":{"rendered":"Edital 06\/2018 &#8211; Sele\u00e7\u00e3o de estagi\u00e1rio do Centro de Ensino de Ci\u00eancias e Matem\u00e1tica (Cecimig)"},"content":{"rendered":"<p><a href=\"https:\/\/www.ufmg.br\/dedd\/wp-content\/uploads\/2022\/04\/Edital-06-2018-Resultado-Final.pdf\">Resultado final<\/a> (publicado em 05\/04\/2018)<\/p>\n<p><a href=\"https:\/\/www.ufmg.br\/dedd\/wp-content\/uploads\/2022\/04\/Edital-06-2018-Resultado-Parcial.pdf\">Resultado da 1\u00aa etapa \u2014 Convoca\u00e7\u00e3o para entrevistas<\/a> (publicado em 27\/03\/2018)<\/p>\n<p><a href=\"https:\/\/www.ufmg.br\/dedd\/wp-content\/uploads\/2022\/04\/Edital-06-2018-Cecimig.pdf\">Edital 06\/2018 \u2014 Sele\u00e7\u00e3o de estagi\u00e1rio do Centro de Ensino de Ci\u00eancias e Matem\u00e1tica (Cecimig)<\/a> (publicado em 12\/03\/2018)<\/p>\n","protected":false},"excerpt":{"rendered":"<p>Resultado final (publicado em 05\/04\/2018) Resultado da 1\u00aa etapa \u2014 [&hellip;]<\/p>\n","protected":false},"author":5,"featured_media":0,"parent":9337,"menu_order":0,"comment_status":"closed","ping_status":"closed","template":"","meta":[],"categories":[220,209],"tags":[],"acf":[],"_links":{"self":[{"href":"https:\/\/www.ufmg.br\/dedd\/wp-json\/wp\/v2\/pages\/9217"}],"collection":[{"href":"https:\/\/www.ufmg.br\/dedd\/wp-json\/wp\/v2\/pages"}],"about":[{"href":"https:\/\/www.ufmg.br\/dedd\/wp-json\/wp\/v2\/types\/page"}],"author":[{"embeddable":true,"href":"https:\/\/www.ufmg.br\/dedd\/wp-json\/wp\/v2\/users\/5"}],"replies":[{"embeddable":true,"href":"https:\/\/www.ufmg.br\/dedd\/wp-json\/wp\/v2\/comments?post=9217"}],"version-history":[{"count":3,"href":"https:\/\/www.ufmg.br\/dedd\/wp-json\/wp\/v2\/pages\/9217\/revisions"}],"predecessor-version":[{"id":9223,"href":"https:\/\/www.ufmg.br\/dedd\/wp-json\/wp\/v2\/pages\/9217\/revisions\/9223"}],"up":[{"embeddable":true,"href":"https:\/\/www.ufmg.br\/dedd\/wp-json\/wp\/v2\/pages\/9337"}],"wp:attachment":[{"href":"https:\/\/www.ufmg.br\/dedd\/wp-json\/wp\/v2\/media?parent=9217"}],"wp:term":[{"taxonomy":"category","embeddable":true,"href":"https:\/\/www.ufmg.br\/dedd\/wp-json\/wp\/v2\/categories?post=9217"},{"taxonomy":"post_tag","embeddable":true,"href":"https:\/\/www.ufmg.br\/dedd\/wp-json\/wp\/v2\/tags?post=9217"}],"curies":[{"name":"wp","href":"https:\/\/api.w.org\/{rel}","templated":true}]}}