{"id":9225,"date":"2022-04-20T12:38:14","date_gmt":"2022-04-20T15:38:14","guid":{"rendered":"https:\/\/www.ufmg.br\/dedd\/?page_id=9225"},"modified":"2024-07-03T15:53:34","modified_gmt":"2024-07-03T18:53:34","slug":"edital-05-2018-selecao-de-bolsistas-do-programa-de-monitoria-de-graduacao-pmg","status":"publish","type":"page","link":"https:\/\/www.ufmg.br\/dedd\/servicos-o-que-fazemos\/edital-05-2018-selecao-de-bolsistas-do-programa-de-monitoria-de-graduacao-pmg\/","title":{"rendered":"Edital 05\/2018 &#8211; Sele\u00e7\u00e3o de bolsistas do Programa de Monitoria de Gradua\u00e7\u00e3o (PMG)"},"content":{"rendered":"<p><a href=\"https:\/\/www.ufmg.br\/dedd\/wp-content\/uploads\/2022\/04\/Edital-05-2018-REsultado-Parcial-Disciplinas-de-Fisica.pdf\">Resultado parcial &#8211; Monitores para as disciplinas de F\u00edsica de curso a dist\u00e2ncia<\/a> (publicado em 27\/03\/2018)<\/p>\n<p><a href=\"https:\/\/www.ufmg.br\/dedd\/wp-content\/uploads\/2022\/04\/Edital-05-2018-Resultado-Parcial-Curso-de-Matematica.pdf\">Resultado parcial &#8211; Monitores para o curso de Matem\u00e1tica a dist\u00e2ncia<\/a> (publicado em 27\/03\/2018)<\/p>\n<p><a href=\"https:\/\/www.ufmg.br\/dedd\/wp-content\/uploads\/2022\/04\/Edital-05-2018-REsultado-Parcial-Curso-de-Geografia.pdf\">Resultado parcial &#8211; Monitores para o curso de Geografia a dist\u00e2ncia<\/a> (publicado em 26\/03\/2018)<\/p>\n<p><a href=\"https:\/\/www.ufmg.br\/dedd\/wp-content\/uploads\/2022\/04\/Edital-05-2018-Monitoria-de-Graduacao.pdf\">Edital 05\/2018 &#8211; Sele\u00e7\u00e3o de bolsistas do Programa de Monitoria de Gradua\u00e7\u00e3o (PMG)<\/a> (publicado em 05\/03\/2018)<\/p>\n<p>Os resultados parciais s\u00e3o tamb\u00e9m os finais, para todos os fins, pois n\u00e3o houve interposi\u00e7\u00e3o de recursos.<\/p>\n","protected":false},"excerpt":{"rendered":"<p>Resultado parcial &#8211; Monitores para as disciplinas de F\u00edsica de [&hellip;]<\/p>\n","protected":false},"author":5,"featured_media":0,"parent":9337,"menu_order":0,"comment_status":"closed","ping_status":"closed","template":"","meta":[],"categories":[220,209],"tags":[],"acf":[],"_links":{"self":[{"href":"https:\/\/www.ufmg.br\/dedd\/wp-json\/wp\/v2\/pages\/9225"}],"collection":[{"href":"https:\/\/www.ufmg.br\/dedd\/wp-json\/wp\/v2\/pages"}],"about":[{"href":"https:\/\/www.ufmg.br\/dedd\/wp-json\/wp\/v2\/types\/page"}],"author":[{"embeddable":true,"href":"https:\/\/www.ufmg.br\/dedd\/wp-json\/wp\/v2\/users\/5"}],"replies":[{"embeddable":true,"href":"https:\/\/www.ufmg.br\/dedd\/wp-json\/wp\/v2\/comments?post=9225"}],"version-history":[{"count":5,"href":"https:\/\/www.ufmg.br\/dedd\/wp-json\/wp\/v2\/pages\/9225\/revisions"}],"predecessor-version":[{"id":9237,"href":"https:\/\/www.ufmg.br\/dedd\/wp-json\/wp\/v2\/pages\/9225\/revisions\/9237"}],"up":[{"embeddable":true,"href":"https:\/\/www.ufmg.br\/dedd\/wp-json\/wp\/v2\/pages\/9337"}],"wp:attachment":[{"href":"https:\/\/www.ufmg.br\/dedd\/wp-json\/wp\/v2\/media?parent=9225"}],"wp:term":[{"taxonomy":"category","embeddable":true,"href":"https:\/\/www.ufmg.br\/dedd\/wp-json\/wp\/v2\/categories?post=9225"},{"taxonomy":"post_tag","embeddable":true,"href":"https:\/\/www.ufmg.br\/dedd\/wp-json\/wp\/v2\/tags?post=9225"}],"curies":[{"name":"wp","href":"https:\/\/api.w.org\/{rel}","templated":true}]}}