{"id":9302,"date":"2022-04-26T09:13:45","date_gmt":"2022-04-26T12:13:45","guid":{"rendered":"https:\/\/www.ufmg.br\/dedd\/?page_id=9302"},"modified":"2026-01-07T10:22:11","modified_gmt":"2026-01-07T13:22:11","slug":"especializacao","status":"publish","type":"page","link":"https:\/\/www.ufmg.br\/dedd\/especializacao\/","title":{"rendered":"Especializa\u00e7\u00e3o"},"content":{"rendered":"<p style=\"text-align: left;\">Os cursos de especializa\u00e7\u00e3o lato sensu pertencem a programas de n\u00edvel superior, de educa\u00e7\u00e3o continuada, que t\u00eam como objetivo complementar a forma\u00e7\u00e3o acad\u00eamica, atualizar, incorporar compet\u00eancias t\u00e9cnicas e contribuir para o desenvolvimento profissional do aluno, conforme o art. 39, \u00a7 3\u00ba, da <a href=\"http:\/\/www.planalto.gov.br\/ccivil_03\/leis\/l9394.htm\">Lei n\u00ba 9394\/1996,<\/a>\u00a0 a Lei de Diretrizes e Bases (LDB), e a <a href=\"https:\/\/www.in.gov.br\/materia\/-\/asset_publisher\/Kujrw0TZC2Mb\/content\/id\/19339418\/do1-2017-10-05-resolucao-n-4-de-4-de-outubro-de-2017-19339014\">Resolu\u00e7\u00e3o n\u00ba 4 da C\u00e2mara de Educa\u00e7\u00e3o Superior<\/a> do Conselho Nacional de Educa\u00e7\u00e3o do MEC.<\/p>\n<p style=\"text-align: left;\">As especializa\u00e7\u00f5es devem ter carga hor\u00e1ria m\u00ednima de 360 horas de disciplinas e atividades de aprendizagem alinhadas ao escopo do curso. No caso daquelas ministradas a dist\u00e2ncia, a matriz curricular deve prever momentos presenciais como a aplica\u00e7\u00e3o de provas assim como a defesa de monografia ou trabalho de conclus\u00e3o de curso. Os concluintes recebem certificado e n\u00e3o diploma.<\/p>\n<p>Para conferir os cursos de especializa\u00e7\u00e3o j\u00e1 ofertados com o apoio da DEDD, acesse a <a href=\"https:\/\/www.ufmg.br\/dedd\/wp-content\/uploads\/2022\/06\/Relacao-de-cursos-ja-ofertados-Especializacao.pdf\">rela\u00e7\u00e3o dispon\u00edvel<\/a>.<\/p>\n<p style=\"text-align: justify;\"><style>#sp-ea-9301 .spcollapsing { height: 0; overflow: hidden; transition-property: height;transition-duration: 500ms;}#sp-ea-9301.sp-easy-accordion>.sp-ea-single {border: 1px solid #e2e2e2; }#sp-ea-9301.sp-easy-accordion>.sp-ea-single>.ea-header a {color: #444;}#sp-ea-9301.sp-easy-accordion>.sp-ea-single>.sp-collapse>.ea-body {background: #fff; color: #444;}#sp-ea-9301.sp-easy-accordion>.sp-ea-single {background: #eee;}#sp-ea-9301.sp-easy-accordion>.sp-ea-single>.ea-header a .ea-expand-icon.fa { float: left; color: #444;font-size: 16px;}<\/style><div id=\"sp-ea-9301\" class=\"sp-ea-one sp-easy-accordion\" data-ex-icon=\"fa-minus\" data-col-icon=\"fa-plus\"  data-ea-active=\"ea-click\"  data-ea-mode=\"vertical\" data-preloader=\"\" data-scroll-active-item=\"\" data-offset-to-scroll=\"0\"><div class=\"ea-card ea-expand sp-ea-single\"><h3 class=\"ea-header\"><a class=\"collapsed\" data-sptoggle=\"spcollapse\" data-sptarget=#collapse93010 href=\"javascript:void(0)\"  aria-expanded=\"true\"><i class=\"ea-expand-icon fa fa-minus\"><\/i> Especializa\u00e7\u00e3o em Alfabetiza\u00e7\u00e3o e Letramento <\/a><\/h3><div class=\"sp-collapse spcollapse collapsed show\" id=\"collapse93010\" data-parent=#sp-ea-9301><div class=\"ea-body\"><p><span style=\"font-weight: 400;\">O curso de especializa\u00e7\u00e3o em Alfabetiza\u00e7\u00e3o e Letramento (ALFALETRA) \u00e9 oferecido pelo Centro de Alfabetiza\u00e7\u00e3o, Leitura e Escrita (Ceale), com fomento da Universidade Aberta do Brasil (UAB) na UFMG e apoio da DEDD\/UFMG.<\/span><\/p>\n<p><span style=\"font-weight: 400;\">Destinado a professores e coordenadores\/gestores da educa\u00e7\u00e3o b\u00e1sica, o curso tem o objetivo de aprimorar a forma\u00e7\u00e3o de educadores e contribuir para a evolu\u00e7\u00e3o das pr\u00e1ticas pedag\u00f3gicas nos anos iniciais do ensino fundamental.<\/span><\/p>\n<p><span style=\"font-weight: 400;\">O curso \u00e9 realizado majoritariamente na modalidade online, com encontros presenciais obrigat\u00f3rios nos polos vinculados \u00e0 UAB\/CAPES.<\/span><\/p>\n<p><span style=\"font-weight: 400;\">Ao final das disciplinas, os alunos devem apresentar um trabalho de conclus\u00e3o de curso.\u00a0<\/span><\/p>\n<p><span style=\"font-weight: 400;\">Os aprovados recebem certificado que confere o t\u00edtulo de especialista em Alfabetiza\u00e7\u00e3o e Letramento.\u00a0<\/span><\/p>\n<p><b>Carga hor\u00e1ria<\/b><span style=\"font-weight: 400;\">: 360 horas\u00a0<\/span><\/p>\n<p><b>Dura\u00e7\u00e3o<\/b><span style=\"font-weight: 400;\">: 2 anos (quatro m\u00f3dulos) <\/span><\/p>\n<p><b>Matriz curricular<\/b><span style=\"font-weight: 400;\">: acesse a <a href=\"https:\/\/www.ufmg.br\/dedd\/wp-content\/uploads\/2026\/02\/Componentes-Curriculares-Alfabetizacao-e-Letramento.pdf\">rela\u00e7\u00e3o de disciplinas<\/a> do curso.\u00a0<\/span><\/p>\n<p><b>Coordena\u00e7\u00e3o<\/b><span style=\"font-weight: 400;\">: prof.\u00aa <\/span><a href=\"https:\/\/somos.ufmg.br\/professor\/valeria-barbosa-machado\"><span style=\"font-weight: 400;\">Val\u00e9ria Barbosa Machado<\/span><\/a><span style=\"font-weight: 400;\"> (FaE\/UFMG)\u00a0<\/span><\/p>\n<p><b>Contatos<\/b><span style=\"font-weight: 400;\">: (31) 3409-5333 e <\/span><a href=\"mailto:ceale@fae.ufmg.br\"><span style=\"font-weight: 400;\">ceale@fae.ufmg.br<\/span><\/a><span style=\"font-weight: 400;\">.\u00a0 <\/span><span style=\"font-weight: 400;\">Para informa\u00e7\u00f5es adicionais, acesse a<\/span><a href=\"https:\/\/ceale.fae.ufmg.br\/especializacao\/\"><span style=\"font-weight: 400;\"> p\u00e1gina do curso<\/span><\/a><span style=\"font-weight: 400;\">. <\/span><\/p>\n<\/div><\/div><\/div><div class=\"ea-card  sp-ea-single\"><h3 class=\"ea-header\"><a class=\"collapsed\" data-sptoggle=\"spcollapse\" data-sptarget=#collapse93011 href=\"javascript:void(0)\"  aria-expanded=\"false\"><i class=\"ea-expand-icon fa fa-plus\"><\/i> Epecializa\u00e7\u00e3o em Educa\u00e7\u00e3o Especial\u00a0<\/a><\/h3><div class=\"sp-collapse spcollapse \" id=\"collapse93011\" data-parent=#sp-ea-9301><div class=\"ea-body\"><p><span style=\"font-weight: 400;\">A especializa\u00e7\u00e3o em Educa\u00e7\u00e3o Especial \u00e9 ofertada pelo Centro Pedag\u00f3gico, por meio do Programa UAB e com apoio da DEDD\/UFMG.\u00a0<\/span><\/p>\n<p><span style=\"font-weight: 400;\">A forma\u00e7\u00e3o \u00e9 destinada a docentes, gestores e profissionais escolares, com o prop\u00f3sito de capacitar os participantes para atuarem em quest\u00f5es ligadas \u00e0 educa\u00e7\u00e3o especial na perspectiva da educa\u00e7\u00e3o inclusiva, potencializando a execu\u00e7\u00e3o de atividades inclusivas e acess\u00edveis nas diversas esferas do setor de educa\u00e7\u00e3o.\u00a0<\/span><\/p>\n<p><span style=\"font-weight: 400;\">O curso \u00e9 realizado majoritariamente na modalidade online, com encontros presenciais obrigat\u00f3rios nos polos vinculados \u00e0 UAB\/CAPES.<\/span><\/p>\n<p><span style=\"font-weight: 400;\">Ao final das disciplinas, os alunos devem apresentar um trabalho de conclus\u00e3o de curso.\u00a0<\/span><\/p>\n<p><span style=\"font-weight: 400;\">Os aprovados recebem certificado que confere o t\u00edtulo de especialista em Educa\u00e7\u00e3o Especial.\u00a0<\/span><\/p>\n<p><b>Carga hor\u00e1ria<\/b><span style=\"font-weight: 400;\">: 360 horas\u00a0<\/span><\/p>\n<p><b>Dura\u00e7\u00e3o<\/b><span style=\"font-weight: 400;\">: 2 anos (quatro m\u00f3dulos) <\/span><\/p>\n<p><b>Matriz curricular<\/b><span style=\"font-weight: 400;\">: acesse a<a href=\"https:\/\/www.ufmg.br\/dedd\/wp-content\/uploads\/2026\/02\/Componentes-Curriculares-Educacao-Especial.pdf\"> rela\u00e7\u00e3o de disciplinas do curso<\/a>.\u00a0<\/span><\/p>\n<p><b>Coordena\u00e7\u00e3o<\/b><span style=\"font-weight: 400;\">: prof.\u00aa <\/span><a href=\"https:\/\/somos.ufmg.br\/professor\/gislaine-de-fatima-ferreira-leite\"><span style=\"font-weight: 400;\">Gislaine de F\u00e1tima Ferreira Leite<\/span><\/a><span style=\"font-weight: 400;\"> (Centro Pedag\u00f3gico\/UFMG)\u00a0<\/span><\/p>\n<p><b>Contatos<\/b><span style=\"font-weight: 400;\">: <a href=\"mailto:poseducacaoespecial@cp.ufmg.br\" target=\"_blank\" rel=\"noopener\">poseducacaoespecial@cp.ufmg.br<\/a>\u00a0<\/span><\/p>\n<\/div><\/div><\/div><div class=\"ea-card  sp-ea-single\"><h3 class=\"ea-header\"><a class=\"collapsed\" data-sptoggle=\"spcollapse\" data-sptarget=#collapse93012 href=\"javascript:void(0)\"  aria-expanded=\"false\"><i class=\"ea-expand-icon fa fa-plus\"><\/i> Especializa\u00e7\u00e3o em Geoprocessamento Aplicado \u00e0 Gest\u00e3o P\u00fablica Territorial <\/a><\/h3><div class=\"sp-collapse spcollapse \" id=\"collapse93012\" data-parent=#sp-ea-9301><div class=\"ea-body\"><p><span style=\"font-weight: 400;\">A especializa\u00e7\u00e3o em Geoprocessamento Aplicado \u00e0 Gest\u00e3o P\u00fablica Territorial \u00e9 oferecido pelo Instituto de Geoci\u00eancias (IGC\/UFMG), com apoio da DEDD\/UFMG e fomento do Programa UAB.\u00a0<\/span><\/p>\n<p><span style=\"font-weight: 400;\">O objetivo da forma\u00e7\u00e3o \u00e9 qualificar profissionais, especialmente agentes p\u00fablicos e profissionais que atuam nas \u00e1reas de desenvolvimento econ\u00f4mico e social regional, para o uso de t\u00e9cnicas de geoprocessamento e suas aplica\u00e7\u00f5es na \u00e1rea da gest\u00e3o p\u00fablica territorial.<\/span><\/p>\n<p><b>Carga hor\u00e1ria<\/b><span style=\"font-weight: 400;\">: 450 horas\u00a0<\/span><\/p>\n<p><b>Dura\u00e7\u00e3o<\/b><span style=\"font-weight: 400;\">: 2 anos (quatro m\u00f3dulos)\u00a0<\/span><\/p>\n<p><b>Matriz curricular<\/b><span style=\"font-weight: 400;\">: acesse a <a href=\"https:\/\/www.ufmg.br\/dedd\/wp-content\/uploads\/2026\/02\/Componentes-Curriculares-Geoprocessamento.pdf\">rela\u00e7\u00e3o de disciplinas do curso<\/a>.\u00a0<\/span><\/p>\n<p><b>Coordena\u00e7\u00e3o<\/b><span style=\"font-weight: 400;\">: prof. <\/span><a href=\"https:\/\/somos.ufmg.br\/professor\/frederico-wagner-de-azevedo-lopes\"><span style=\"font-weight: 400;\">Frederico Wagner de Azevedo Lopes<\/span><\/a><span style=\"font-weight: 400;\"> (IGC\/UFMG)\u00a0<\/span><\/p>\n<p><b>Contatos<\/b><span style=\"font-weight: 400;\">: <\/span><a href=\"mailto:geoprocessamento@igc.ufmg.br\"><span style=\"font-weight: 400;\">geoprocessamento@igc.ufmg.br<\/span><\/a><span style=\"font-weight: 400;\">\u00a0<\/span><\/p>\n<\/div><\/div><\/div><div class=\"ea-card  sp-ea-single\"><h3 class=\"ea-header\"><a class=\"collapsed\" data-sptoggle=\"spcollapse\" data-sptarget=#collapse93013 href=\"javascript:void(0)\"  aria-expanded=\"false\"><i class=\"ea-expand-icon fa fa-plus\"><\/i> Especializa\u00e7\u00e3o em Gest\u00e3o Escolar <\/a><\/h3><div class=\"sp-collapse spcollapse \" id=\"collapse93013\" data-parent=#sp-ea-9301><div class=\"ea-body\"><p><span style=\"font-weight: 400;\">O curso de especializa\u00e7\u00e3o em Gest\u00e3o Escolar \u00e9 oferecido pela Faculdade de Ci\u00eancias Econ\u00f4micas com apoio da DEDD\/UFMG e fomento do Programa UAB.\u00a0<\/span><\/p>\n<p><span style=\"font-weight: 400;\">O prop\u00f3sito da forma\u00e7\u00e3o, que integra o Programa Nacional de Forma\u00e7\u00e3o em Administra\u00e7\u00e3o P\u00fablica (PNAP), \u00e9 atender \u00e0 necessidade de forma\u00e7\u00e3o de gestores, das esferas federal, estadual e municipal, para que possam lidar com os desafios da educa\u00e7\u00e3o b\u00e1sica.<\/span><\/p>\n<p><b>Carga hor\u00e1ria: <\/b><span style=\"font-weight: 400;\">360 horas\u00a0<\/span><\/p>\n<p><b>Dura\u00e7\u00e3o: <\/b><span style=\"font-weight: 400;\">2 anos (quatro m\u00f3dulos)<\/span><b>\u00a0<\/b><\/p>\n<p><b>Matriz curricular: <\/b><span style=\"font-weight: 400;\">acesse a <a href=\"https:\/\/www.ufmg.br\/dedd\/wp-content\/uploads\/2026\/02\/Componentes-Curriculares-Gestao-Escolar.pdf\">rela\u00e7\u00e3o das disciplinas do curso<\/a>.\u00a0<\/span><\/p>\n<p><b>Coordena\u00e7\u00e3o: <\/b><span style=\"font-weight: 400;\">prof. Ant\u00f4nio Artur de Souza<\/span> <span style=\"font-weight: 400;\">(Face\/UFMG)\u00a0<\/span><\/p>\n<p><b>Contatos: <\/b><a href=\"mailto:gestaoescolar@face.ufmg.br\"><span style=\"font-weight: 400;\">gestaoescolar@face.ufmg.br<\/span><\/a><\/p>\n<\/div><\/div><\/div><\/div><\/p>\n","protected":false},"excerpt":{"rendered":"<p>Os cursos de especializa\u00e7\u00e3o lato sensu pertencem a programas de [&hellip;]<\/p>\n","protected":false},"author":5,"featured_media":0,"parent":0,"menu_order":0,"comment_status":"closed","ping_status":"closed","template":"","meta":[],"categories":[],"tags":[],"acf":[],"_links":{"self":[{"href":"https:\/\/www.ufmg.br\/dedd\/wp-json\/wp\/v2\/pages\/9302"}],"collection":[{"href":"https:\/\/www.ufmg.br\/dedd\/wp-json\/wp\/v2\/pages"}],"about":[{"href":"https:\/\/www.ufmg.br\/dedd\/wp-json\/wp\/v2\/types\/page"}],"author":[{"embeddable":true,"href":"https:\/\/www.ufmg.br\/dedd\/wp-json\/wp\/v2\/users\/5"}],"replies":[{"embeddable":true,"href":"https:\/\/www.ufmg.br\/dedd\/wp-json\/wp\/v2\/comments?post=9302"}],"version-history":[{"count":14,"href":"https:\/\/www.ufmg.br\/dedd\/wp-json\/wp\/v2\/pages\/9302\/revisions"}],"predecessor-version":[{"id":14490,"href":"https:\/\/www.ufmg.br\/dedd\/wp-json\/wp\/v2\/pages\/9302\/revisions\/14490"}],"wp:attachment":[{"href":"https:\/\/www.ufmg.br\/dedd\/wp-json\/wp\/v2\/media?parent=9302"}],"wp:term":[{"taxonomy":"category","embeddable":true,"href":"https:\/\/www.ufmg.br\/dedd\/wp-json\/wp\/v2\/categories?post=9302"},{"taxonomy":"post_tag","embeddable":true,"href":"https:\/\/www.ufmg.br\/dedd\/wp-json\/wp\/v2\/tags?post=9302"}],"curies":[{"name":"wp","href":"https:\/\/api.w.org\/{rel}","templated":true}]}}