{"id":9314,"date":"2022-04-26T09:22:57","date_gmt":"2022-04-26T12:22:57","guid":{"rendered":"https:\/\/www.ufmg.br\/dedd\/?page_id=9314"},"modified":"2026-02-10T12:15:08","modified_gmt":"2026-02-10T15:15:08","slug":"cursos-de-extensao","status":"publish","type":"page","link":"https:\/\/www.ufmg.br\/dedd\/cursos-de-extensao\/","title":{"rendered":"Cursos de extens\u00e3o"},"content":{"rendered":"<p style=\"text-align: justify;\"><span style=\"font-weight: 400;\">Tamb\u00e9m classificados como educa\u00e7\u00e3o de n\u00edvel superior, os cursos de extens\u00e3o consistem em atividades que visam atender demandas da sociedade pela educa\u00e7\u00e3o em \u00e1reas e temas relevantes. <\/span><\/p>\n<p style=\"text-align: justify;\"><span style=\"font-weight: 400;\">O ingresso nessas forma\u00e7\u00f5es n\u00e3o est\u00e1 atrelado a pr\u00e9-requisitos, como ter conclu\u00eddo o ensino m\u00e9dio ou a gradua\u00e7\u00e3o; basta atender \u00e0s condi\u00e7\u00f5es definidas pela institui\u00e7\u00e3o ofertante.\u00a0<\/span><span style=\"font-weight: 400;\">N\u00e3o h\u00e1 carga hor\u00e1ria m\u00ednima, e os concluintes recebem certificado.<\/span><\/p>\n<p>Atualmente, a DEDD oferta dois tipos de cursos de extens\u00e3o: cursos de extens\u00e3o sobre <a href=\"https:\/\/www.ufmg.br\/dedd\/extensao\/cursos-de-extensao-em-ead\/\">temas ligados \u00e0 educa\u00e7\u00e3o a dist\u00e2ncia<\/a> e cursos de extens\u00e3o sobre<a href=\"https:\/\/www.ufmg.br\/dedd\/cursos-de-extensao-em-educacao-digital\/\"> tem\u00e1ticas relacionadas \u00e0 educa\u00e7\u00e3o digital<\/a>. As vagas dos cursos s\u00e3o ofertadas por meio de editais espec\u00edficos.<\/p>\n<p>Para saber se h\u00e1 sele\u00e7\u00f5es abertas, acesse o menu <a href=\"https:\/\/www.ufmg.br\/dedd\/processos-seletivos\/\">Processos Seletivos<\/a>.<\/p>\n<p>&nbsp;<\/p>\n<p>&nbsp;<\/p>\n<p>&nbsp;<\/p>\n","protected":false},"excerpt":{"rendered":"<p>Tamb\u00e9m classificados como educa\u00e7\u00e3o de n\u00edvel superior, os cursos de [&hellip;]<\/p>\n","protected":false},"author":5,"featured_media":0,"parent":0,"menu_order":0,"comment_status":"closed","ping_status":"closed","template":"","meta":[],"categories":[],"tags":[],"acf":[],"_links":{"self":[{"href":"https:\/\/www.ufmg.br\/dedd\/wp-json\/wp\/v2\/pages\/9314"}],"collection":[{"href":"https:\/\/www.ufmg.br\/dedd\/wp-json\/wp\/v2\/pages"}],"about":[{"href":"https:\/\/www.ufmg.br\/dedd\/wp-json\/wp\/v2\/types\/page"}],"author":[{"embeddable":true,"href":"https:\/\/www.ufmg.br\/dedd\/wp-json\/wp\/v2\/users\/5"}],"replies":[{"embeddable":true,"href":"https:\/\/www.ufmg.br\/dedd\/wp-json\/wp\/v2\/comments?post=9314"}],"version-history":[{"count":15,"href":"https:\/\/www.ufmg.br\/dedd\/wp-json\/wp\/v2\/pages\/9314\/revisions"}],"predecessor-version":[{"id":14647,"href":"https:\/\/www.ufmg.br\/dedd\/wp-json\/wp\/v2\/pages\/9314\/revisions\/14647"}],"wp:attachment":[{"href":"https:\/\/www.ufmg.br\/dedd\/wp-json\/wp\/v2\/media?parent=9314"}],"wp:term":[{"taxonomy":"category","embeddable":true,"href":"https:\/\/www.ufmg.br\/dedd\/wp-json\/wp\/v2\/categories?post=9314"},{"taxonomy":"post_tag","embeddable":true,"href":"https:\/\/www.ufmg.br\/dedd\/wp-json\/wp\/v2\/tags?post=9314"}],"curies":[{"name":"wp","href":"https:\/\/api.w.org\/{rel}","templated":true}]}}