{"id":9398,"date":"2022-05-03T08:53:13","date_gmt":"2022-05-03T11:53:13","guid":{"rendered":"https:\/\/www.ufmg.br\/dedd\/?page_id=9398"},"modified":"2026-02-10T13:56:24","modified_gmt":"2026-02-10T16:56:24","slug":"cursos","status":"publish","type":"page","link":"https:\/\/www.ufmg.br\/dedd\/ensino\/cursos\/","title":{"rendered":"Cursos"},"content":{"rendered":"<p style=\"text-align: justify;\">A\u00a0 DEDD presta apoio \u00e0 oferta de cursos e de disciplinas ministrados a dist\u00e2ncia ou semipresencialmente pela UFMG, al\u00e9m de oferecer forma\u00e7\u00f5es pr\u00f3prias. A diretoria tamb\u00e9m firma parcerias com entidades interessadas em contar com a sua estrutura para ofertar a\u00e7\u00f5es de ensino e de capacita\u00e7\u00e3o.<\/p>\n<p style=\"text-align: justify;\">Confira os cursos ofertados atualmente, por modalidade.<\/p>\n<p style=\"text-align: justify;\"><a href=\"https:\/\/www.ufmg.br\/dedd\/cursos-de-graduacao-3\/\">Gradua\u00e7\u00e3o\u00a0<\/a><\/p>\n<p style=\"text-align: justify;\"><a href=\"https:\/\/www.ufmg.br\/dedd\/especializacao\/\">Especializa\u00e7\u00e3o<\/a><\/p>\n<p style=\"text-align: justify;\"><a href=\"https:\/\/www.ufmg.br\/dedd\/cursos-de-extensao\/\">Extens\u00e3o<\/a><\/p>\n<p><a href=\"https:\/\/www.ufmg.br\/dedd\/cursos-apoiados\/\">Cursos apoiados pela DEDD\/UFMG\u00a0<\/a><\/p>\n","protected":false},"excerpt":{"rendered":"<p>A\u00a0 DEDD presta apoio \u00e0 oferta de cursos e de [&hellip;]<\/p>\n","protected":false},"author":5,"featured_media":0,"parent":9395,"menu_order":0,"comment_status":"closed","ping_status":"closed","template":"","meta":[],"categories":[],"tags":[],"acf":[],"_links":{"self":[{"href":"https:\/\/www.ufmg.br\/dedd\/wp-json\/wp\/v2\/pages\/9398"}],"collection":[{"href":"https:\/\/www.ufmg.br\/dedd\/wp-json\/wp\/v2\/pages"}],"about":[{"href":"https:\/\/www.ufmg.br\/dedd\/wp-json\/wp\/v2\/types\/page"}],"author":[{"embeddable":true,"href":"https:\/\/www.ufmg.br\/dedd\/wp-json\/wp\/v2\/users\/5"}],"replies":[{"embeddable":true,"href":"https:\/\/www.ufmg.br\/dedd\/wp-json\/wp\/v2\/comments?post=9398"}],"version-history":[{"count":13,"href":"https:\/\/www.ufmg.br\/dedd\/wp-json\/wp\/v2\/pages\/9398\/revisions"}],"predecessor-version":[{"id":14652,"href":"https:\/\/www.ufmg.br\/dedd\/wp-json\/wp\/v2\/pages\/9398\/revisions\/14652"}],"up":[{"embeddable":true,"href":"https:\/\/www.ufmg.br\/dedd\/wp-json\/wp\/v2\/pages\/9395"}],"wp:attachment":[{"href":"https:\/\/www.ufmg.br\/dedd\/wp-json\/wp\/v2\/media?parent=9398"}],"wp:term":[{"taxonomy":"category","embeddable":true,"href":"https:\/\/www.ufmg.br\/dedd\/wp-json\/wp\/v2\/categories?post=9398"},{"taxonomy":"post_tag","embeddable":true,"href":"https:\/\/www.ufmg.br\/dedd\/wp-json\/wp\/v2\/tags?post=9398"}],"curies":[{"name":"wp","href":"https:\/\/api.w.org\/{rel}","templated":true}]}}