{"id":9419,"date":"2022-05-03T09:41:16","date_gmt":"2022-05-03T12:41:16","guid":{"rendered":"https:\/\/www.ufmg.br\/dedd\/?page_id=9419"},"modified":"2024-06-24T14:06:43","modified_gmt":"2024-06-24T17:06:43","slug":"ambientes-de-estudo","status":"publish","type":"page","link":"https:\/\/www.ufmg.br\/dedd\/ensino\/ambientes-de-estudo\/","title":{"rendered":"Ambientes de estudo"},"content":{"rendered":"<p style=\"text-align: justify;\">Os ambientes de estudo mantidos pela DEDD\/UFMG s\u00e3o ambientes virtuais, baseados na plataforma Moodle, organizados de forma a oferecer ao participante informa\u00e7\u00f5es relevantes sobre temas importantes para a Educa\u00e7\u00e3o a Dist\u00e2ncia (EaD).\u00a0 Os espa\u00e7os t\u00eam car\u00e1ter de reposit\u00f3rio,\u00a0 com navega\u00e7\u00e3o livre e, por isso, sem tutoria ou certificado de conclus\u00e3o.<\/p>\n<p style=\"text-align: justify;\">Para ser incluso, basta acessar a p\u00e1gina do ambiente desejado e solicitar a inscri\u00e7\u00e3o por meio do preenchimento do formul\u00e1rio. Para cancelar a participa\u00e7\u00e3o, basta enviar mensagem por meio da plataforma para o administrador do ambiente. N\u00e3o h\u00e1 restri\u00e7\u00f5es ou requisitos para participa\u00e7\u00e3o.<\/p>\n<p style=\"text-align: justify;\">Desejamos que estes espa\u00e7os sejam locais importantes para a obten\u00e7\u00e3o de informa\u00e7\u00f5es e a constru\u00e7\u00e3o de conhecimento!<\/p>\n<ul>\n<li><a href=\"https:\/\/virtual.ufmg.br\/caed\/\">DEDD Virtual\u00a0<\/a><\/li>\n<li><a href=\"https:\/\/www.ufmg.br\/dedd\/index.php\/espaco-disciplinas-ead-no-ensino-presencial\/\">Espa\u00e7o \u201cDisciplinas EaD no Ensino Presencial\u201d\u00a0<\/a><\/li>\n<li><a href=\"https:\/\/www.ufmg.br\/dedd\/index.php\/espaco-de-producao-academica\/\">Espa\u00e7o &#8220;Produ\u00e7\u00e3o Acad\u00eamica&#8221;<\/a><\/li>\n<\/ul>\n<p>&nbsp;<\/p>\n","protected":false},"excerpt":{"rendered":"<p>Os ambientes de estudo mantidos pela DEDD\/UFMG s\u00e3o ambientes virtuais, [&hellip;]<\/p>\n","protected":false},"author":5,"featured_media":0,"parent":9395,"menu_order":0,"comment_status":"closed","ping_status":"closed","template":"","meta":[],"categories":[],"tags":[],"acf":[],"_links":{"self":[{"href":"https:\/\/www.ufmg.br\/dedd\/wp-json\/wp\/v2\/pages\/9419"}],"collection":[{"href":"https:\/\/www.ufmg.br\/dedd\/wp-json\/wp\/v2\/pages"}],"about":[{"href":"https:\/\/www.ufmg.br\/dedd\/wp-json\/wp\/v2\/types\/page"}],"author":[{"embeddable":true,"href":"https:\/\/www.ufmg.br\/dedd\/wp-json\/wp\/v2\/users\/5"}],"replies":[{"embeddable":true,"href":"https:\/\/www.ufmg.br\/dedd\/wp-json\/wp\/v2\/comments?post=9419"}],"version-history":[{"count":9,"href":"https:\/\/www.ufmg.br\/dedd\/wp-json\/wp\/v2\/pages\/9419\/revisions"}],"predecessor-version":[{"id":12095,"href":"https:\/\/www.ufmg.br\/dedd\/wp-json\/wp\/v2\/pages\/9419\/revisions\/12095"}],"up":[{"embeddable":true,"href":"https:\/\/www.ufmg.br\/dedd\/wp-json\/wp\/v2\/pages\/9395"}],"wp:attachment":[{"href":"https:\/\/www.ufmg.br\/dedd\/wp-json\/wp\/v2\/media?parent=9419"}],"wp:term":[{"taxonomy":"category","embeddable":true,"href":"https:\/\/www.ufmg.br\/dedd\/wp-json\/wp\/v2\/categories?post=9419"},{"taxonomy":"post_tag","embeddable":true,"href":"https:\/\/www.ufmg.br\/dedd\/wp-json\/wp\/v2\/tags?post=9419"}],"curies":[{"name":"wp","href":"https:\/\/api.w.org\/{rel}","templated":true}]}}