{"id":9428,"date":"2022-05-03T09:48:36","date_gmt":"2022-05-03T12:48:36","guid":{"rendered":"https:\/\/www.ufmg.br\/dedd\/?page_id=9428"},"modified":"2024-06-13T14:59:48","modified_gmt":"2024-06-13T17:59:48","slug":"cursos-de-extensao-em-ead","status":"publish","type":"page","link":"https:\/\/www.ufmg.br\/dedd\/extensao\/cursos-de-extensao-em-ead\/","title":{"rendered":"Cursos de extens\u00e3o em EaD"},"content":{"rendered":"<p style=\"text-align: justify;\">A DEDD oferta cursos de extens\u00e3o com no\u00e7\u00f5es introdu\u00e7\u00f5es introdut\u00f3rias sobre temas ligados \u00e0 EaD. As chamadas, que costumam ser semestrais, s\u00e3o regidas por editais pr\u00f3prios, e as vagas preenchidas por ordem de inscri\u00e7\u00e3o.<\/p>\n<p style=\"text-align: justify;\">Para saber se h\u00e1 sele\u00e7\u00f5es abertas, acesse o menu <a href=\"https:\/\/www.ufmg.br\/dedd\/editais\/\">Processos Seletivos (Editais)<\/a>.<\/p>\n<style>#sp-ea-9316 .spcollapsing { height: 0; overflow: hidden; transition-property: height;transition-duration: 500ms;}#sp-ea-9316.sp-easy-accordion>.sp-ea-single {border: 1px solid #e2e2e2; }#sp-ea-9316.sp-easy-accordion>.sp-ea-single>.ea-header a {color: #444;}#sp-ea-9316.sp-easy-accordion>.sp-ea-single>.sp-collapse>.ea-body {background: #fff; color: #444;}#sp-ea-9316.sp-easy-accordion>.sp-ea-single {background: #eee;}#sp-ea-9316.sp-easy-accordion>.sp-ea-single>.ea-header a .ea-expand-icon.fa { float: left; color: #444;font-size: 16px;}<\/style><div id=\"sp-ea-9316\" class=\"sp-ea-one sp-easy-accordion\" data-ex-icon=\"fa-minus\" data-col-icon=\"fa-plus\"  data-ea-active=\"ea-click\"  data-ea-mode=\"vertical\" data-preloader=\"\" data-scroll-active-item=\"\" data-offset-to-scroll=\"0\"><div class=\"ea-card ea-expand sp-ea-single\"><h3 class=\"ea-header\"><a class=\"collapsed\" data-sptoggle=\"spcollapse\" data-sptarget=#collapse93160 href=\"javascript:void(0)\"  aria-expanded=\"true\"><i class=\"ea-expand-icon fa fa-minus\"><\/i> Introdu\u00e7\u00e3o \u00e0 EaD <\/a><\/h3><div class=\"sp-collapse spcollapse collapsed show\" id=\"collapse93160\" data-parent=#sp-ea-9316><div class=\"ea-body\"><p style=\"text-align: justify;\"><span style=\"font-weight: 400;\">O curso apresenta a defini\u00e7\u00e3o de EaD, seu hist\u00f3rico e suas fundamenta\u00e7\u00f5es legais; aborda a rela\u00e7\u00e3o das tecnologias com a EaD e a sua presen\u00e7a na UFMG, al\u00e9m de analisar algumas perspectivas de crescimento da modalidade nos pr\u00f3ximos anos. A forma\u00e7\u00e3o \u00e9 autoinstrucional e confere certificado aos concluintes com a nota m\u00ednima indicada pela coordena\u00e7\u00e3o.\u00a0<\/span><\/p>\n<p style=\"text-align: justify;\"><b>Carga hor\u00e1ria<\/b><span style=\"font-weight: 400;\">: 15 horas\u00a0<\/span><\/p>\n<p style=\"text-align: justify;\"><b>Per\u00edodo para conclus\u00e3o<\/b><span style=\"font-weight: 400;\">: 30 dias contados a partir da matr\u00edcula <\/span><\/p>\n<\/div><\/div><\/div><div class=\"ea-card  sp-ea-single\"><h3 class=\"ea-header\"><a class=\"collapsed\" data-sptoggle=\"spcollapse\" data-sptarget=#collapse93161 href=\"javascript:void(0)\"  aria-expanded=\"false\"><i class=\"ea-expand-icon fa fa-plus\"><\/i> No\u00e7\u00f5es B\u00e1sicas de Direitos Autorais <\/a><\/h3><div class=\"sp-collapse spcollapse \" id=\"collapse93161\" data-parent=#sp-ea-9316><div class=\"ea-body\"><p style=\"text-align: justify;\"><span style=\"font-weight: 400;\">O curso tem como objetivo apresentar as regras fundamentais de prote\u00e7\u00e3o aos direitos autorais no Brasil, preparar os cursistas para a produ\u00e7\u00e3o de materiais did\u00e1ticos de forma condizente com a prote\u00e7\u00e3o autoral e indicar os meios adequados de utiliza\u00e7\u00e3o de materiais de terceiros em conson\u00e2ncia com a Lei de Direitos Autorais brasileira. A forma\u00e7\u00e3o \u00e9 autoinstrucional e confere certificado aos concluintes com a nota m\u00ednima indicada pela coordena\u00e7\u00e3o.\u00a0<\/span><\/p>\n<p style=\"text-align: justify;\"><b>Carga hor\u00e1ria<\/b><span style=\"font-weight: 400;\">: 15 horas\u00a0<\/span><\/p>\n<p><b>Per\u00edodo para conclus\u00e3o<\/b><span style=\"font-weight: 400;\">: 30 dias contados a partir da matr\u00edcula\u00a0<\/span><\/p>\n<\/div><\/div><\/div><div class=\"ea-card  sp-ea-single\"><h3 class=\"ea-header\"><a class=\"collapsed\" data-sptoggle=\"spcollapse\" data-sptarget=#collapse93162 href=\"javascript:void(0)\"  aria-expanded=\"false\"><i class=\"ea-expand-icon fa fa-plus\"><\/i> Introdu\u00e7\u00e3o \u00e0 Acessibilidade na EaD<\/a><\/h3><div class=\"sp-collapse spcollapse \" id=\"collapse93162\" data-parent=#sp-ea-9316><div class=\"ea-body\"><p style=\"text-align: justify;\"><span style=\"font-weight: 400;\">O<\/span><span style=\"font-weight: 400;\"> curso tem como objetivo apresentar conceitos b\u00e1sicos sobre Acessibilidade, Tecnologias Assistivas e suas aplica\u00e7\u00f5es na Educa\u00e7\u00e3o a Dist\u00e2ncia. A forma\u00e7\u00e3o \u00e9 autoinstrucional e confere certificado aos concluintes com a nota m\u00ednima indicada pela coordena\u00e7\u00e3o.\u00a0<\/span><\/p>\n<p style=\"text-align: justify;\"><b>Carga hor\u00e1ria<\/b><span style=\"font-weight: 400;\">: 15 horas\u00a0<\/span><\/p>\n<p style=\"text-align: justify;\"><b>Per\u00edodo para conclus\u00e3o<\/b><span style=\"font-weight: 400;\">: 30 dias contados a partir da matr\u00edcula <\/span><\/p>\n<\/div><\/div><\/div><div class=\"ea-card  sp-ea-single\"><h3 class=\"ea-header\"><a class=\"collapsed\" data-sptoggle=\"spcollapse\" data-sptarget=#collapse93163 href=\"javascript:void(0)\"  aria-expanded=\"false\"><i class=\"ea-expand-icon fa fa-plus\"><\/i> Introdu\u00e7\u00e3o \u00e0 Webconfer\u00eancia na EaD<\/a><\/h3><div class=\"sp-collapse spcollapse \" id=\"collapse93163\" data-parent=#sp-ea-9316><div class=\"ea-body\"><p style=\"text-align: justify;\"><span style=\"font-weight: 400;\">O curso tem como objetivo abordar a webconfer\u00eancia em seus aspectos pedag\u00f3gicos e tecnol\u00f3gicos relacionados ao seu emprego da webconfer\u00eancia em atividades da Educa\u00e7\u00e3o a Dist\u00e2ncia. A forma\u00e7\u00e3o \u00e9 autoinstrucional e confere certificado aos concluintes com a nota m\u00ednima indicada pela coordena\u00e7\u00e3o.\u00a0<\/span><\/p>\n<p style=\"text-align: justify;\"><b>Carga hor\u00e1ria<\/b><span style=\"font-weight: 400;\">: 15 horas\u00a0<\/span><\/p>\n<p style=\"text-align: justify;\"><b>Per\u00edodo para conclus\u00e3o<\/b><span style=\"font-weight: 400;\">: 30 dias contados a partir da matr\u00edcula\u00a0<\/span><\/p>\n<\/div><\/div><\/div><div class=\"ea-card  sp-ea-single\"><h3 class=\"ea-header\"><a class=\"collapsed\" data-sptoggle=\"spcollapse\" data-sptarget=#collapse93164 href=\"javascript:void(0)\"  aria-expanded=\"false\"><i class=\"ea-expand-icon fa fa-plus\"><\/i> Introdu\u00e7\u00e3o \u00e0 Audiodescri\u00e7\u00e3o em Sala de Aula<\/a><\/h3><div class=\"sp-collapse spcollapse \" id=\"collapse93164\" data-parent=#sp-ea-9316><div class=\"ea-body\"><p style=\"text-align: justify;\"><span style=\"font-weight: 400;\">O<\/span><span style=\"font-weight: 400;\"> curso tem como objetivo tratar de conceitos b\u00e1sicos da audiodescri\u00e7\u00e3o no contexto escolar. A forma\u00e7\u00e3o \u00e9 autoinstrucional e confere certificado aos concluintes com a nota m\u00ednima indicada pela coordena\u00e7\u00e3o.\u00a0<\/span><\/p>\n<p style=\"text-align: justify;\"><b>Carga hor\u00e1ria<\/b><span style=\"font-weight: 400;\">: 20 horas\u00a0<\/span><\/p>\n<p style=\"text-align: justify;\"><b>Per\u00edodo para conclus\u00e3o<\/b><span style=\"font-weight: 400;\">: 30 dias contados a partir da matr\u00edcula <\/span><\/p>\n<\/div><\/div><\/div><div class=\"ea-card  sp-ea-single\"><h3 class=\"ea-header\"><a class=\"collapsed\" data-sptoggle=\"spcollapse\" data-sptarget=#collapse93165 href=\"javascript:void(0)\"  aria-expanded=\"false\"><i class=\"ea-expand-icon fa fa-plus\"><\/i> Introdu\u00e7\u00e3o \u00e0 Tutoria<\/a><\/h3><div class=\"sp-collapse spcollapse \" id=\"collapse93165\" data-parent=#sp-ea-9316><div class=\"ea-body\"><p>O curso possui carga hor\u00e1ria de 30 horas e estar\u00e1 dispon\u00edvel para realiza\u00e7\u00e3o por 30 dias. Este curso apresenta fundamentos da EaD, import\u00e2ncia da tutoria na EaD, discutindo as responsabilidades do tutor, recursos tecnol\u00f3gicos dispon\u00edveis na EaD, incluindo plataformas de aprendizagem, ferramentas de comunica\u00e7\u00e3o s\u00edncrona e ass\u00edncrona, e a integra\u00e7\u00e3o de recursos de acessibilidade para garantir a inclus\u00e3o de todos os alunos.<\/p>\n<p>Por fim, o curso aborda as pr\u00e1ticas de avalia\u00e7\u00e3o na EaD, explorando m\u00e9todos e instrumentos de avalia\u00e7\u00e3o adequados para ambientes online.<\/p>\n<p style=\"text-align: justify;\"><b>Carga hor\u00e1ria<\/b><span style=\"font-weight: 400;\">: 30 horas\u00a0<\/span><\/p>\n<p style=\"text-align: justify;\"><b>Per\u00edodo para conclus\u00e3o<\/b><span style=\"font-weight: 400;\">: 30 dias contados a partir da matr\u00edcula\u00a0<\/span><\/p>\n<\/div><\/div><\/div><\/div>\n","protected":false},"excerpt":{"rendered":"<p>A DEDD oferta cursos de extens\u00e3o com no\u00e7\u00f5es introdu\u00e7\u00f5es introdut\u00f3rias [&hellip;]<\/p>\n","protected":false},"author":5,"featured_media":0,"parent":9413,"menu_order":0,"comment_status":"closed","ping_status":"closed","template":"","meta":[],"categories":[],"tags":[],"acf":[],"_links":{"self":[{"href":"https:\/\/www.ufmg.br\/dedd\/wp-json\/wp\/v2\/pages\/9428"}],"collection":[{"href":"https:\/\/www.ufmg.br\/dedd\/wp-json\/wp\/v2\/pages"}],"about":[{"href":"https:\/\/www.ufmg.br\/dedd\/wp-json\/wp\/v2\/types\/page"}],"author":[{"embeddable":true,"href":"https:\/\/www.ufmg.br\/dedd\/wp-json\/wp\/v2\/users\/5"}],"replies":[{"embeddable":true,"href":"https:\/\/www.ufmg.br\/dedd\/wp-json\/wp\/v2\/comments?post=9428"}],"version-history":[{"count":5,"href":"https:\/\/www.ufmg.br\/dedd\/wp-json\/wp\/v2\/pages\/9428\/revisions"}],"predecessor-version":[{"id":10787,"href":"https:\/\/www.ufmg.br\/dedd\/wp-json\/wp\/v2\/pages\/9428\/revisions\/10787"}],"up":[{"embeddable":true,"href":"https:\/\/www.ufmg.br\/dedd\/wp-json\/wp\/v2\/pages\/9413"}],"wp:attachment":[{"href":"https:\/\/www.ufmg.br\/dedd\/wp-json\/wp\/v2\/media?parent=9428"}],"wp:term":[{"taxonomy":"category","embeddable":true,"href":"https:\/\/www.ufmg.br\/dedd\/wp-json\/wp\/v2\/categories?post=9428"},{"taxonomy":"post_tag","embeddable":true,"href":"https:\/\/www.ufmg.br\/dedd\/wp-json\/wp\/v2\/tags?post=9428"}],"curies":[{"name":"wp","href":"https:\/\/api.w.org\/{rel}","templated":true}]}}