{"id":9478,"date":"2022-05-11T12:39:33","date_gmt":"2022-05-11T15:39:33","guid":{"rendered":"https:\/\/www.ufmg.br\/dedd\/?page_id=9478"},"modified":"2024-01-22T10:01:36","modified_gmt":"2024-01-22T12:01:36","slug":"dissertacoes-e-teses","status":"publish","type":"page","link":"https:\/\/www.ufmg.br\/dedd\/pesquisa\/dissertacoes-e-teses\/","title":{"rendered":"Disserta\u00e7\u00f5es e teses"},"content":{"rendered":"<p><strong>Disserta\u00e7\u00f5es\u00a0<\/strong><\/p>\n<p>ALMEIDA, Ana C. C. <a href=\"http:\/\/www.biblioteca.pucminas.br\/teses\/Letras_AlmeidaAC_1.pdf\"><strong>Navega\u00e7\u00e3o em Ambientes Digitais<\/strong>: pr\u00e1ticas de letramento digital na Educa\u00e7\u00e3o a Dist\u00e2ncia<\/a>.\u00a0 Disserta\u00e7\u00e3o de Mestrado do Programa de P\u00f3s-gradua\u00e7\u00e3o em Letras da Pontif\u00edcia Universidade Cat\u00f3lica de Minas Gerais, Belo Horizonte, 2017. 134f.<\/p>\n<p>BARROZO, Viviane L\u00edlian dos Santos. <a href=\"https:\/\/repositorio.ufmg.br\/handle\/1843\/48991\">Curadoria e preserva\u00e7\u00e3o digital: diretrizes para a gest\u00e3o de dados cient\u00edficos<\/a>. Belo Horizonte: UFMG, 2022. 145f.<\/p>\n<p style=\"text-align: justify;\">MOREIRA, Maria das Gra\u00e7as. <a href=\"https:\/\/repositorio.ufmg.br\/handle\/1843\/31298\">Compartilhamento de informa\u00e7\u00f5es na Universidade Federal de Minas Gerais [recurso eletr\u00f4nico]: um estudo de caso no Centro de Apoio \u00e0 educa\u00e7\u00e3o \u00e0 dist\u00e2ncia<\/a>. Belo Horizonte, 2019. 138 f.<\/p>\n<p>OLIVEIRA, Ernane Henrique de. <a href=\"https:\/\/repositorio.ufmg.br\/handle\/1843\/60697\">Estudo da implementa\u00e7\u00e3o do ensino remoto emergencial em cursos de gradua\u00e7\u00e3o em uma institui\u00e7\u00e3o p\u00fablica federal: desafios e implica\u00e7\u00f5es pedag\u00f3gicas para a educa\u00e7\u00e3o superior presencial<\/a>. Belo Horizonte, 2023, 144 f.<\/p>\n<p style=\"text-align: justify;\">PINTO, Thiago Bechior. <a href=\"https:\/\/repositorio.ufmg.br\/handle\/1843\/35351\">Egressos de cursos de gradua\u00e7\u00e3o a dist\u00e2ncia da Universidade Federal de Minas Gerais: uma avalia\u00e7\u00e3o dos processos formativos e da trajet\u00f3ria profissional<\/a>. Belo Horizonte, 2020. 247 f.<\/p>\n<p>&nbsp;<\/p>\n<p>&nbsp;<\/p>\n","protected":false},"excerpt":{"rendered":"<p>Disserta\u00e7\u00f5es\u00a0 ALMEIDA, Ana C. C. Navega\u00e7\u00e3o em Ambientes Digitais: pr\u00e1ticas [&hellip;]<\/p>\n","protected":false},"author":5,"featured_media":0,"parent":9411,"menu_order":0,"comment_status":"closed","ping_status":"closed","template":"","meta":[],"categories":[],"tags":[],"acf":[],"_links":{"self":[{"href":"https:\/\/www.ufmg.br\/dedd\/wp-json\/wp\/v2\/pages\/9478"}],"collection":[{"href":"https:\/\/www.ufmg.br\/dedd\/wp-json\/wp\/v2\/pages"}],"about":[{"href":"https:\/\/www.ufmg.br\/dedd\/wp-json\/wp\/v2\/types\/page"}],"author":[{"embeddable":true,"href":"https:\/\/www.ufmg.br\/dedd\/wp-json\/wp\/v2\/users\/5"}],"replies":[{"embeddable":true,"href":"https:\/\/www.ufmg.br\/dedd\/wp-json\/wp\/v2\/comments?post=9478"}],"version-history":[{"count":19,"href":"https:\/\/www.ufmg.br\/dedd\/wp-json\/wp\/v2\/pages\/9478\/revisions"}],"predecessor-version":[{"id":10364,"href":"https:\/\/www.ufmg.br\/dedd\/wp-json\/wp\/v2\/pages\/9478\/revisions\/10364"}],"up":[{"embeddable":true,"href":"https:\/\/www.ufmg.br\/dedd\/wp-json\/wp\/v2\/pages\/9411"}],"wp:attachment":[{"href":"https:\/\/www.ufmg.br\/dedd\/wp-json\/wp\/v2\/media?parent=9478"}],"wp:term":[{"taxonomy":"category","embeddable":true,"href":"https:\/\/www.ufmg.br\/dedd\/wp-json\/wp\/v2\/categories?post=9478"},{"taxonomy":"post_tag","embeddable":true,"href":"https:\/\/www.ufmg.br\/dedd\/wp-json\/wp\/v2\/tags?post=9478"}],"curies":[{"name":"wp","href":"https:\/\/api.w.org\/{rel}","templated":true}]}}