{"id":9482,"date":"2022-05-11T12:44:10","date_gmt":"2022-05-11T15:44:10","guid":{"rendered":"https:\/\/www.ufmg.br\/dedd\/?page_id=9482"},"modified":"2026-04-10T10:20:58","modified_gmt":"2026-04-10T13:20:58","slug":"artigos","status":"publish","type":"page","link":"https:\/\/www.ufmg.br\/dedd\/pesquisa\/artigos\/","title":{"rendered":"Artigos"},"content":{"rendered":"<p>Aqui voc\u00ea encontra a produ\u00e7\u00e3o acad\u00eamica de membros da equipe da DEDD\/UFMG acerca da educa\u00e7\u00e3o a dist\u00e2ncia, educa\u00e7\u00e3o digital e temas diversos.<\/p>\n<style>#sp-ea-14948 .spcollapsing { height: 0; overflow: hidden; transition-property: height;transition-duration: 300ms;}#sp-ea-14948.sp-easy-accordion>.sp-ea-single {border: 1px solid #e2e2e2; }#sp-ea-14948.sp-easy-accordion>.sp-ea-single>.ea-header a {color: #444;}#sp-ea-14948.sp-easy-accordion>.sp-ea-single>.sp-collapse>.ea-body {background: #fff; color: #444;}#sp-ea-14948.sp-easy-accordion>.sp-ea-single {background: #eee;}#sp-ea-14948.sp-easy-accordion>.sp-ea-single>.ea-header a .ea-expand-icon.fa { float: left; color: #444;font-size: 16px;}<\/style><div id=\"sp-ea-14948\" class=\"sp-ea-one sp-easy-accordion\" data-ex-icon=\"fa-minus\" data-col-icon=\"fa-plus\"  data-ea-active=\"ea-click\"  data-ea-mode=\"vertical\" data-preloader=\"\" data-scroll-active-item=\"\" data-offset-to-scroll=\"0\"><div class=\"ea-card ea-expand sp-ea-single\"><h3 class=\"ea-header\"><a class=\"collapsed\" data-sptoggle=\"spcollapse\" data-sptarget=#collapse149480 href=\"javascript:void(0)\"  aria-expanded=\"true\"><i class=\"ea-expand-icon fa fa-minus\"><\/i> Acessibilidade <\/a><\/h3><div class=\"sp-collapse spcollapse collapsed show\" id=\"collapse149480\" data-parent=#sp-ea-14948><div class=\"ea-body\"><p><span style=\"font-weight: 400;\">ALMEIDA, A. C. C.; MOREIRA, M. G.<\/span><a href=\"https:\/\/www.atenaeditora.com.br\/catalogo\/post\/introducao-a-audiodescricao-em-sala-de-aula\"> <b>Introdu\u00e7\u00e3o \u00e0 Audiodescri\u00e7\u00e3o em sala de aula.<\/b> <\/a><span style=\"font-weight: 400;\">1. ed. Ponta Grossa: Atena Editora, 2021. <\/span><\/p>\n<\/div><\/div><\/div><div class=\"ea-card  sp-ea-single\"><h3 class=\"ea-header\"><a class=\"collapsed\" data-sptoggle=\"spcollapse\" data-sptarget=#collapse149481 href=\"javascript:void(0)\"  aria-expanded=\"false\"><i class=\"ea-expand-icon fa fa-plus\"><\/i> Comunica\u00e7\u00e3o institucional<\/a><\/h3><div class=\"sp-collapse spcollapse \" id=\"collapse149481\" data-parent=#sp-ea-14948><div class=\"ea-body\"><p><span style=\"font-weight: 400;\">SOUZA, Cristina<\/span><span style=\"font-weight: 400;\">. <a href=\"https:\/\/www.ufmg.br\/dedd\/promovead\/anais-promovead.pdf\">Falando aos polos: proposta de a\u00e7\u00f5es de comunica\u00e7\u00e3o dirigidas para formadores de opini\u00e3o locais<\/a>. In: <\/span><span style=\"font-weight: 400;\">\u00a0Anais do PromovEaD. PromovEaD: Discutindo a Visibilidade de EaD P\u00fablica no Brasil<\/span><span style=\"font-weight: 400;\">, 2015, Belo Horizonte.<\/span><\/p>\n<\/div><\/div><\/div><div class=\"ea-card  sp-ea-single\"><h3 class=\"ea-header\"><a class=\"collapsed\" data-sptoggle=\"spcollapse\" data-sptarget=#collapse149482 href=\"javascript:void(0)\"  aria-expanded=\"false\"><i class=\"ea-expand-icon fa fa-plus\"><\/i> Letramento digital <\/a><\/h3><div class=\"sp-collapse spcollapse \" id=\"collapse149482\" data-parent=#sp-ea-14948><div class=\"ea-body\"><p><span style=\"font-weight: 400;\">ALMEIDA, A. C. C. <a href=\"https:\/\/revistaseletronicas.pucrs.br\/ojs\/index.php\/letronica\/article\/view\/37482.\">Navega\u00e7\u00e3o em ambientes digitais: Pr\u00e1ticas de letramento digital na Educa\u00e7\u00e3o a Dist\u00e2ncia<\/a>,<\/span><span style=\"font-weight: 400;\">\u00a02020.\u00a0<\/span><\/p>\n<\/div><\/div><\/div><div class=\"ea-card  sp-ea-single\"><h3 class=\"ea-header\"><a class=\"collapsed\" data-sptoggle=\"spcollapse\" data-sptarget=#collapse149483 href=\"javascript:void(0)\"  aria-expanded=\"false\"><i class=\"ea-expand-icon fa fa-plus\"><\/i> Extens\u00e3o na EaD <\/a><\/h3><div class=\"sp-collapse spcollapse \" id=\"collapse149483\" data-parent=#sp-ea-14948><div class=\"ea-body\"><p><span style=\"font-weight: 400;\">ALMEIDA, A. C. C.; GON\u00c7ALVES, B. DE O., CARVALHO, V. L. M. <\/span><a href=\"https:\/\/submissao-esud2023.ufms.br\/home\/issue\/view\/1\"><span style=\"font-weight: 400;\">A\u00e7\u00f5es extensionistas desenvolvidas em um Centro de Educa\u00e7\u00e3o a Dist\u00e2ncia de uma universidade p\u00fablica federal<\/span><\/a><span style=\"font-weight: 400;\">. 2023.\u00a0<\/span><\/p>\n<p><span style=\"font-weight: 400;\">ALMEIDA, A. C. C; BARBOZA, R; DUARTE, L. G. R; ALMEIDA, H. R.; SILVA, R. <\/span><a href=\"https:\/\/ueadsl.anais.nasnuv.com.br\/index.php\/UEADSL\"><span style=\"font-weight: 400;\">Programa de Extens\u00e3o Aproxime-se e Educa\u00e7\u00e3o a Dist\u00e2ncia: Perspectivas e Desafios da Educa\u00e7\u00e3o Inclusiva<\/span><\/a><span style=\"font-weight: 400;\">. 2023.\u00a0<\/span><\/p>\n<p><span style=\"font-weight: 400;\">GUIMAR\u00c3ES, Eliane Marina Palhares, GON\u00c7ALVES, Bruna de Oliveira, DUARTE, M\u00e1rcia Mar\u00edlia Teixeira Alves de Souza, SOUSA, Frederico Tunes e, BRAGA, Gabriel Amorim, SANTOS, Gregory N\u00edcolas.<\/span><a href=\"http:\/\/www.periodicos.letras.ufmg.br\/index.php\/ueadsl\/article\/view\/17604\"><span style=\"font-weight: 400;\"> Extens\u00e3o Universit\u00e1ria na EAD: Desafios e experi\u00eancias da indissociabilidade entre pesquisa, ensino e extens\u00e3o<\/span><\/a><span style=\"font-weight: 400;\">. 2020.\u00a0<\/span><\/p>\n<p><span style=\"font-weight: 400;\">GON\u00c7ALVES, B. O; ALMEIDA, A. C. C; PEREIRA, A. L. A; CLAUDINO, G. C. A; SOUZA, A. C. P. <\/span><a href=\"https:\/\/ueadsl.anais.nasnuv.com.br\/index.php\/UEADSL\"><span style=\"font-weight: 400;\">Programa de Extens\u00e3o Aproxime-se: Di\u00e1logos sobre a Inclus\u00e3o Escolar entre a Universidade e as Comunidades Locais<\/span><\/a><span style=\"font-weight: 400;\">. 2023.\u00a0<\/span><\/p>\n<p><span style=\"font-weight: 400;\">GUIMAR\u00c3ES, E. M. P. .; SOUZA, C. G. F. de . .; GON\u00c7ALVES, A. C. B. .; LEAL , R. S. .; FRANCISCO , Y. S. de L. <\/span><a href=\"https:\/\/www.seer.ufrgs.br\/revext\/article\/view\/123380\"><span style=\"font-weight: 400;\">Programa Aproxime-se 2020: a\u00e7\u00f5es de Extens\u00e3o Universit\u00e1ria ancoradas na EaD<\/span><\/a><span style=\"font-weight: 400;\">, 2022.<\/span><\/p>\n<p><span style=\"font-weight: 400;\">GUIMAR\u00c3ES, Eliane Marina Palhares; GON\u00c7ALVES, Bruna de Oliveira; DUARTE, M\u00e1rcia Mar\u00edlia Teixeira Alves de Souza; TUNES e SOUSA, Frederico; SANTOS, Gregory N\u00edcolas; BRAGA, Gabriel Amorim. <\/span><a href=\"https:\/\/revistas.ufpr.br\/extensao\/article\/view\/80533\"><span style=\"font-weight: 400;\">Potencialidades da extens\u00e3o universit\u00e1ria: um relato de experi\u00eancia a partir das a\u00e7\u00f5es do Programa Aproxime-se durante a pandemia da Covid-19<\/span><\/a><span style=\"font-weight: 400;\">, 2021<\/span><\/p>\n<p><span style=\"font-weight: 400;\">GUIMAR\u00c3ES, Eliane Marina Palhares; SOUZA, Cristina Gon\u00e7alves Ferreira de; GON\u00c7ALVES, Ana Carolina Borges e LEAL, Raquel Santos.\u00a0 <\/span><a href=\"http:\/\/www.periodicos.letras.ufmg.br\/index.php\/ueadsl\/article\/view\/17602\"><span style=\"font-weight: 400;\">An\u00e1lise da contribui\u00e7\u00e3o dos recursos tecnol\u00f3gicos para os eventos do Programa Aproxime-se 2020<\/span><\/a><span style=\"font-weight: 400;\">, 2020<\/span><\/p>\n<p><span style=\"font-weight: 400;\">GUIMAR\u00c3ES, Eliane Marina Palhares; GON\u00c7ALVES, Bruna de Oliveira; DUARTE, M\u00e1rcia Mar\u00edlia Teixeira Alves de Souza; TUNES E SOUSA, Frederico; BRAGA, Gabriel Amorim; SANTOS, Gregory N\u00edcolas. <\/span><a href=\"http:\/\/www.periodicos.letras.ufmg.br\/index.php\/ueadsl\/article\/view\/17604\"><span style=\"font-weight: 400;\">An\u00e1lise das Estrat\u00e9gias de Media\u00e7\u00e3o Utilizadas nos Eventos On-line do Programa Aproxime-se 2020<\/span><\/a><span style=\"font-weight: 400;\">, 2020.\u00a0<\/span><\/p>\n<p><span style=\"font-weight: 400;\">GUIMAR\u00c3ES, Eliane; <\/span><a href=\"http:\/\/lattes.cnpq.br\/8201774137667865\"><span style=\"font-weight: 400;\">SOUZA, Cristina<\/span><\/a><span style=\"font-weight: 400;\">; GONCALVES, A. C. B.; LEAL, R. S.; FRANCISCO, Y. S. L. Programa Aproxime-se 2020: a\u00e7\u00f5es de Extens\u00e3o Universit\u00e1ria ancoradas na EaD. GUIMAR\u00c3ES, Eliane; <\/span><a href=\"http:\/\/lattes.cnpq.br\/8201774137667865\"><span style=\"font-weight: 400;\">SOUZA, Cristina<\/span><\/a><span style=\"font-weight: 400;\">; PIMENTA, G. M. F.; GONCALVES, A. C. B.; LEAL, R. S. <\/span><a href=\"https:\/\/seer.ufrgs.br\/\/revext\/article\/view\/123380\"><span style=\"font-weight: 400;\">An\u00e1lise da Contribui\u00e7\u00e3o dos Recursos Tecnol\u00f3gicos para os Eventos online do Programa Aproxime-se 2020<\/span><\/a><span style=\"font-weight: 400;\">, 2020.\u00a0<\/span><\/p>\n<p>&nbsp;<\/p>\n<\/div><\/div><\/div><div class=\"ea-card  sp-ea-single\"><h3 class=\"ea-header\"><a class=\"collapsed\" data-sptoggle=\"spcollapse\" data-sptarget=#collapse149484 href=\"javascript:void(0)\"  aria-expanded=\"false\"><i class=\"ea-expand-icon fa fa-plus\"><\/i> Materiais Did\u00e1ticos para EaD <\/a><\/h3><div class=\"sp-collapse spcollapse \" id=\"collapse149484\" data-parent=#sp-ea-14948><div class=\"ea-body\"><p><span style=\"font-weight: 400;\">SOUZA, Cristina<\/span><span style=\"font-weight: 400;\">. <a href=\"https:\/\/www.aunirede.org.br\/anais\/arquivos\/Anais_completo.pdf\">Capacita\u00e7\u00e3o de Professores Autores para Cria\u00e7\u00e3o de Material Did\u00e1tico para EaD<\/a>, <\/span><span style=\"font-weight: 400;\">2015<\/span><span style=\"font-weight: 400;\">.\u00a0<\/span><\/p>\n<p><span style=\"font-weight: 400;\">SOUZA, Cristina.<a href=\"https:\/\/periodicos.pucminas.br\/index.php\/cadernoscespuc\/article\/view\/P2358-3231.2015n26p241\"> Revis\u00e3o de Materiais Did\u00e1ticos para EaD: An\u00e1lise das Pr\u00e1ticas do Caed\/UFMG<\/a>, <\/span><span style=\"font-weight: 400;\">2015<\/span><span style=\"font-weight: 400;\">.<\/span><\/p>\n<\/div><\/div><\/div><div class=\"ea-card  sp-ea-single\"><h3 class=\"ea-header\"><a class=\"collapsed\" data-sptoggle=\"spcollapse\" data-sptarget=#collapse149485 href=\"javascript:void(0)\"  aria-expanded=\"false\"><i class=\"ea-expand-icon fa fa-plus\"><\/i> Processos formativos na EaD<\/a><\/h3><div class=\"sp-collapse spcollapse \" id=\"collapse149485\" data-parent=#sp-ea-14948><div class=\"ea-body\"><p><span style=\"font-weight: 400;\">GUIMAR\u00c3ES, Eliane Marina Palhares; SOUZA, Cristina Gon\u00e7alves Ferreira de; ALMEIDA, Ana Carolina Correia. <\/span><a href=\"https:\/\/repositorio.ufmg.br\/handle\/1843\/40853\"><span style=\"font-weight: 400;\">Processos formativos na cultura digital: a experi\u00eancia do espa\u00e7o produ\u00e7\u00e3o acad\u00eamica do Caed\/UFMG<\/span><\/a><span style=\"font-weight: 400;\">, 2018.<\/span><\/p>\n<\/div><\/div><\/div><div class=\"ea-card  sp-ea-single\"><h3 class=\"ea-header\"><a class=\"collapsed\" data-sptoggle=\"spcollapse\" data-sptarget=#collapse149486 href=\"javascript:void(0)\"  aria-expanded=\"false\"><i class=\"ea-expand-icon fa fa-plus\"><\/i> Recursos tecnol\u00f3gicos na EaD<\/a><\/h3><div class=\"sp-collapse spcollapse \" id=\"collapse149486\" data-parent=#sp-ea-14948><div class=\"ea-body\"><p><span style=\"font-weight: 400;\">ARRUDA, Durcelina, <\/span><a href=\"http:\/\/lattes.cnpq.br\/8201774137667865\"><span style=\"font-weight: 400;\">SOUZA, Cristina<\/span><\/a><span style=\"font-weight: 400;\">.<\/span><a href=\"https:\/\/portal.issn.org\/resource\/ISSN\/2316-8722\"><span style=\"font-weight: 400;\"> O uso de tecnologias audiovisuais como mediadores no contexto educacional: videoaulas, videoconfer\u00eancia e webconfer\u00eancia<\/span><span style=\"font-weight: 400;\">, <\/span><\/a><span style=\"font-weight: 400;\">2014.\u00a0<\/span><\/p>\n<p><span style=\"font-weight: 400;\">GUIMAR\u00c3ES, Eliane Marina Palhares; SOUZA, Cristina Gon\u00e7alves Ferreira de; ALMEIDA, Ana Carolina Correia. <\/span><a href=\"https:\/\/repositorio.ufmg.br\/handle\/1843\/40853\"><span style=\"font-weight: 400;\">Processos formativos na cultura digital: a experi\u00eancia do espa\u00e7o produ\u00e7\u00e3o acad\u00eamica do Caed\/UFMG<\/span><\/a><span style=\"font-weight: 400;\">, 2018.<\/span><\/p>\n<p><span style=\"font-weight: 400;\">PIMENTA, D.; <\/span><a href=\"http:\/\/lattes.cnpq.br\/8201774137667865\"><span style=\"font-weight: 400;\">SOUZA, Cristina<\/span><\/a><span style=\"font-weight: 400;\">. <\/span><a href=\"https:\/\/esud2014.nute.ufsc.br\/anais-esud2014\/\"><span style=\"font-weight: 400;\">Videoconfer\u00eancia e Webconfer\u00eancia na EaD, an\u00e1lise dos usos e perspectivas de aplica\u00e7\u00e3o<\/span><\/a><span style=\"font-weight: 400;\">, 2014.\u00a0<\/span><\/p>\n<p>&nbsp;<\/p>\n<\/div><\/div><\/div><\/div>\n","protected":false},"excerpt":{"rendered":"<p>Aqui voc\u00ea encontra a produ\u00e7\u00e3o acad\u00eamica de membros da equipe [&hellip;]<\/p>\n","protected":false},"author":5,"featured_media":0,"parent":9411,"menu_order":0,"comment_status":"closed","ping_status":"closed","template":"","meta":[],"categories":[],"tags":[],"acf":[],"_links":{"self":[{"href":"https:\/\/www.ufmg.br\/dedd\/wp-json\/wp\/v2\/pages\/9482"}],"collection":[{"href":"https:\/\/www.ufmg.br\/dedd\/wp-json\/wp\/v2\/pages"}],"about":[{"href":"https:\/\/www.ufmg.br\/dedd\/wp-json\/wp\/v2\/types\/page"}],"author":[{"embeddable":true,"href":"https:\/\/www.ufmg.br\/dedd\/wp-json\/wp\/v2\/users\/5"}],"replies":[{"embeddable":true,"href":"https:\/\/www.ufmg.br\/dedd\/wp-json\/wp\/v2\/comments?post=9482"}],"version-history":[{"count":23,"href":"https:\/\/www.ufmg.br\/dedd\/wp-json\/wp\/v2\/pages\/9482\/revisions"}],"predecessor-version":[{"id":14951,"href":"https:\/\/www.ufmg.br\/dedd\/wp-json\/wp\/v2\/pages\/9482\/revisions\/14951"}],"up":[{"embeddable":true,"href":"https:\/\/www.ufmg.br\/dedd\/wp-json\/wp\/v2\/pages\/9411"}],"wp:attachment":[{"href":"https:\/\/www.ufmg.br\/dedd\/wp-json\/wp\/v2\/media?parent=9482"}],"wp:term":[{"taxonomy":"category","embeddable":true,"href":"https:\/\/www.ufmg.br\/dedd\/wp-json\/wp\/v2\/categories?post=9482"},{"taxonomy":"post_tag","embeddable":true,"href":"https:\/\/www.ufmg.br\/dedd\/wp-json\/wp\/v2\/tags?post=9482"}],"curies":[{"name":"wp","href":"https:\/\/api.w.org\/{rel}","templated":true}]}}