{"id":9966,"date":"2023-05-29T15:47:06","date_gmt":"2023-05-29T18:47:06","guid":{"rendered":"https:\/\/www.ufmg.br\/dedd\/?p=9966"},"modified":"2023-05-31T14:54:33","modified_gmt":"2023-05-31T17:54:33","slug":"webinars-sobre-a-plataforma-moodle","status":"publish","type":"page","link":"https:\/\/www.ufmg.br\/dedd\/pesquisa\/repositorio-acervo\/webinars-sobre-a-plataforma-moodle\/","title":{"rendered":"Webinars sobre a plataforma Moodle"},"content":{"rendered":"<div class=\"entry-content clearfix\">\n<ol>\n<li><a href=\"http:\/\/video.rnp.br\/portal\/video.action?idItem=30690&amp;idVideoVersion=27516\">Apresenta\u00e7\u00e3o do Moodle<\/a>, ministrado pela prof\u00aa. Rose Carvalho<\/li>\n<li><a href=\"http:\/\/video.rnp.br\/portal\/video.action?idItem=30691\">Integra\u00e7\u00e3o entre o Moodle e o Di\u00e1rio de Classe na UFMG<\/a>, ministrado pelos profs. Carlos Bas\u00edlio e Gelson Viveiro<\/li>\n<li><a href=\"http:\/\/video.rnp.br\/portal\/video.action?idItem=30684\">Recursos para inserir conte\u00fados<\/a>, ministrado pelo prof. Celso Godinho<\/li>\n<li><a href=\"http:\/\/video.rnp.br\/portal\/video.action?idItem=30671\">Atividades avaliativas no Moodle<\/a>, ministrado por Sinay Ara\u00fajo<\/li>\n<li><a href=\"http:\/\/video.rnp.br\/portal\/video.action?idItem=30687\">Criando a Atividades Question\u00e1rio no Moodle<\/a>, ministrado pelo prof. Gelson Viveiro<\/li>\n<li><a href=\"http:\/\/video.rnp.br\/portal\/video.action?idItem=30688\">Criando o Banco de Quest\u00f5es no Moodle<\/a>, ministrado pelo prof. Carlos Bas\u00edlio<\/li>\n<\/ol>\n<\/div>\n","protected":false},"excerpt":{"rendered":"<p>Apresenta\u00e7\u00e3o do Moodle, ministrado pela prof\u00aa. Rose Carvalho Integra\u00e7\u00e3o entre [&hellip;]<\/p>\n","protected":false},"author":7,"featured_media":0,"parent":8009,"menu_order":0,"comment_status":"open","ping_status":"open","template":"","meta":[],"categories":[1],"tags":[],"acf":[],"_links":{"self":[{"href":"https:\/\/www.ufmg.br\/dedd\/wp-json\/wp\/v2\/pages\/9966"}],"collection":[{"href":"https:\/\/www.ufmg.br\/dedd\/wp-json\/wp\/v2\/pages"}],"about":[{"href":"https:\/\/www.ufmg.br\/dedd\/wp-json\/wp\/v2\/types\/page"}],"author":[{"embeddable":true,"href":"https:\/\/www.ufmg.br\/dedd\/wp-json\/wp\/v2\/users\/7"}],"replies":[{"embeddable":true,"href":"https:\/\/www.ufmg.br\/dedd\/wp-json\/wp\/v2\/comments?post=9966"}],"version-history":[{"count":2,"href":"https:\/\/www.ufmg.br\/dedd\/wp-json\/wp\/v2\/pages\/9966\/revisions"}],"predecessor-version":[{"id":14653,"href":"https:\/\/www.ufmg.br\/dedd\/wp-json\/wp\/v2\/pages\/9966\/revisions\/14653"}],"up":[{"embeddable":true,"href":"https:\/\/www.ufmg.br\/dedd\/wp-json\/wp\/v2\/pages\/8009"}],"wp:attachment":[{"href":"https:\/\/www.ufmg.br\/dedd\/wp-json\/wp\/v2\/media?parent=9966"}],"wp:term":[{"taxonomy":"category","embeddable":true,"href":"https:\/\/www.ufmg.br\/dedd\/wp-json\/wp\/v2\/categories?post=9966"},{"taxonomy":"post_tag","embeddable":true,"href":"https:\/\/www.ufmg.br\/dedd\/wp-json\/wp\/v2\/tags?post=9966"}],"curies":[{"name":"wp","href":"https:\/\/api.w.org\/{rel}","templated":true}]}}