{"id":7,"date":"2020-05-18T08:36:21","date_gmt":"2020-05-18T11:36:21","guid":{"rendered":"https:\/\/www.ufmg.br\/defesademocracia\/?page_id=7"},"modified":"2023-04-25T12:01:13","modified_gmt":"2023-04-25T15:01:13","slug":"o-festival","status":"publish","type":"page","link":"https:\/\/www.ufmg.br\/defesademocracia\/o-festival\/","title":{"rendered":"Programa UFMG de Forma\u00e7\u00e3o Cidad\u00e3 em Defesa da Democracia"},"content":{"rendered":"<h1><b>Democracia, um valor inegoci\u00e1vel<\/b><\/h1>\n<p>&nbsp;<\/p>\n<p><span style=\"font-weight: 400;\">Pouco depois do fim da Segunda Guerra Mundial, o ent\u00e3o primeiro ministro brit\u00e2nico Winston Churchill teria dito, em um discurso na C\u00e2mara dos Comuns, que a democracia \u00e9 a pior forma de governo, \u00e0 exce\u00e7\u00e3o de todas as outras.<\/span><\/p>\n<p><span style=\"font-weight: 400;\">Ainda que n\u00e3o tenha deixado de fazer um elogio \u00e0 democracia, Churchill, em tom ir\u00f4nico, chama aten\u00e7\u00e3o para o seu car\u00e1ter incompleto e, por vezes, imperfeito. A democracia precisa sempre ser constru\u00edda e aprimorada, incorporando novas demandas apresentadas pela sociedade. Nesse sentido, vai muito al\u00e9m de uma \u201cforma\u201d de governo; em uma acep\u00e7\u00e3o conceitual mais ampla, ela pode ser interpretada como um conjunto de valores que regem a vida de uma civiliza\u00e7\u00e3o.<\/span><\/p>\n<p><span style=\"font-weight: 400;\">Para a UFMG, trata-se de um valor inegoci\u00e1vel, base da liberdade de c\u00e1tedra, da livre manifesta\u00e7\u00e3o de ideias e divulga\u00e7\u00e3o do pensamento, da autonomia universit\u00e1ria e do respeito incondicional ao Estado de Direito, dimens\u00f5es que comp\u00f5em o <\/span><i><span style=\"font-weight: 400;\">ethos<\/span><\/i><span style=\"font-weight: 400;\"> de nossa comunidade universit\u00e1ria.\u00a0\u00a0<\/span><\/p>\n<p><span style=\"font-weight: 400;\">Inspirado nesse <\/span><i><span style=\"font-weight: 400;\">ethos<\/span><\/i><span style=\"font-weight: 400;\">, lan\u00e7amos, em setembro de 2022, o Programa UFMG de Forma\u00e7\u00e3o Cidad\u00e3 em Defesa da Democracia, que atende ao chamado do Supremo Tribunal Federal (STF) no \u00e2mbito do Programa de Combate \u00e0 Desinforma\u00e7\u00e3o.<\/span><\/p>\n<p><span style=\"font-weight: 400;\">A convoca\u00e7\u00e3o para participar do Programa foi prontamente aceita pela nossa comunidade. J\u00e1 em dezembro, 22 iniciativas focadas no fortalecimento da democracia haviam sido mapeadas. H\u00e1 desde projetos que acompanham, refletem e indicam caminhos para os desafios da democracia ou que analisam o processo eleitoral, com foco, inclusive, na influ\u00eancia do fen\u00f4meno da desinforma\u00e7\u00e3o, at\u00e9 iniciativas que atestam o car\u00e1ter ampliado do conceito de democracia, englobando, por exemplo, iniciativas nos campos da educa\u00e7\u00e3o, da sa\u00fade p\u00fablica e da divulga\u00e7\u00e3o cient\u00edfica, com \u00eanfase no enfrentamento da pr\u00f3pria desinforma\u00e7\u00e3o e no letramento digital.<\/span><\/p>\n<p><span style=\"font-weight: 400;\">O fen\u00f4meno da desinforma\u00e7\u00e3o \u00e9, por certo, o grande desafio na luta pela defesa da democracia e da cidadania nas primeiras d\u00e9cadas do s\u00e9culo 21. A desinforma\u00e7\u00e3o afeta a confiabilidade das nossas institui\u00e7\u00f5es e deve ser tratada coletivamente \u2013 a exemplo dos programas do STF, da UFMG e de outras universidades \u2013 nas mais diversas \u00e1reas do conhecimento, numa perspectiva trans e interdisciplinar. A desinforma\u00e7\u00e3o vai al\u00e9m da simples mentira ou da falta de informa\u00e7\u00e3o e se caracteriza, em muitos casos, mais pela abund\u00e2ncia de informa\u00e7\u00f5es e pela incapacidade de as pessoas filtr\u00e1-las e cotej\u00e1-las com fontes confi\u00e1veis.<\/span><\/p>\n<p><span style=\"font-weight: 400;\">\u00a0<\/span><span style=\"font-weight: 400;\">Combater a desordem informativa \u00e9 fundamental para fortalecer as institui\u00e7\u00f5es \u2013 os poderes Executivo, Legislativo e Judici\u00e1rio, a imprensa, as universidades e a ci\u00eancia \u2013 e ampliar sua capacidade de estabelecer media\u00e7\u00f5es, que foram fundamentais para alcan\u00e7armos o atual est\u00e1gio civilizat\u00f3rio.<\/span><\/p>\n<p><span style=\"font-weight: 400;\">\u00a0<\/span><span style=\"font-weight: 400;\">Elei\u00e7\u00f5es livres, altern\u00e2ncia de poder, liberdade de express\u00e3o e de pensamento s\u00e3o dimens\u00f5es de uma sociedade democr\u00e1tica. Mas a democracia tamb\u00e9m \u00e9 pressionada por novas demandas, como a regula\u00e7\u00e3o das m\u00eddias sociais contra manifesta\u00e7\u00f5es antidemocr\u00e1ticas, o respeito a grupos minorit\u00e1rios como a popula\u00e7\u00e3o negra, os povos origin\u00e1rios e as pessoas com defici\u00eancia, a amplia\u00e7\u00e3o da participa\u00e7\u00e3o das mulheres no mercado de trabalho e em espa\u00e7os decis\u00f3rios e a considera\u00e7\u00e3o \u00e0 diversidade de g\u00eanero, entre tantas outras. O exerc\u00edcio da democracia tamb\u00e9m se faz com a constru\u00e7\u00e3o de instrumentos capazes de dar voz e vez a grupos historicamente alijados e de combater a desigualdade social que persiste escandalosamente em nossas sociedades. Para quitar d\u00edvidas hist\u00f3ricas com a nossa popula\u00e7\u00e3o, precisamos de mais democracia, sabendo, no entanto, que ela tamb\u00e9m imp\u00f5e limites, como refletiu Afonso Pena, fundador e primeiro diretor da Faculdade de Direito da UFMG, no famoso Manifesto dos Mineiros, de 1893: \u201cO bom da democracia \u00e9 isso. Ningu\u00e9m pode tudo, nem pode sempre\u201d.<\/span><\/p>\n<p><span style=\"font-weight: 400;\">As 22 iniciativas aqui apresentadas demostram a preocupa\u00e7\u00e3o da UFMG com a defesa de valores fundamentais. Esperamos que outros projetos se juntem a elas, formando um robusto movimento de forma\u00e7\u00e3o cidad\u00e3 neste momento em que a democracia se encontra amea\u00e7ada em diversas partes do mundo. A democracia precisa de n\u00f3s, e n\u00f3s precisamos dela para a constru\u00e7\u00e3o de um pa\u00eds melhor, mais justo e equ\u00e2nime.<\/span><\/p>\n<p>&nbsp;<\/p>\n<p style=\"text-align: left;\"><span style=\"font-weight: 400;\">Professora Sandra Regina Goulart Almeida\u00a0<\/span><\/p>\n<p style=\"text-align: left;\"><span style=\"font-weight: 400;\">Reitora da Universidade Federal de Minas Gerais<\/span><\/p>\n<p style=\"text-align: left;\">\n","protected":false},"excerpt":{"rendered":"<p>Democracia, um valor inegoci\u00e1vel &nbsp; Pouco depois do fim da [&hellip;]<\/p>\n","protected":false},"author":1,"featured_media":0,"parent":0,"menu_order":0,"comment_status":"closed","ping_status":"closed","template":"","meta":[],"acf":[],"_links":{"self":[{"href":"https:\/\/www.ufmg.br\/defesademocracia\/wp-json\/wp\/v2\/pages\/7"}],"collection":[{"href":"https:\/\/www.ufmg.br\/defesademocracia\/wp-json\/wp\/v2\/pages"}],"about":[{"href":"https:\/\/www.ufmg.br\/defesademocracia\/wp-json\/wp\/v2\/types\/page"}],"author":[{"embeddable":true,"href":"https:\/\/www.ufmg.br\/defesademocracia\/wp-json\/wp\/v2\/users\/1"}],"replies":[{"embeddable":true,"href":"https:\/\/www.ufmg.br\/defesademocracia\/wp-json\/wp\/v2\/comments?post=7"}],"version-history":[{"count":8,"href":"https:\/\/www.ufmg.br\/defesademocracia\/wp-json\/wp\/v2\/pages\/7\/revisions"}],"predecessor-version":[{"id":639,"href":"https:\/\/www.ufmg.br\/defesademocracia\/wp-json\/wp\/v2\/pages\/7\/revisions\/639"}],"wp:attachment":[{"href":"https:\/\/www.ufmg.br\/defesademocracia\/wp-json\/wp\/v2\/media?parent=7"}],"curies":[{"name":"wp","href":"https:\/\/api.w.org\/{rel}","templated":true}]}}