{"id":753,"date":"2026-01-09T15:45:07","date_gmt":"2026-01-09T18:45:07","guid":{"rendered":"https:\/\/www.ufmg.br\/defesademocracia\/?page_id=753"},"modified":"2026-01-09T15:57:09","modified_gmt":"2026-01-09T18:57:09","slug":"pet-cdd-comunicacao-e-democracia-no-combate-a-desinformacao","status":"publish","type":"page","link":"https:\/\/www.ufmg.br\/defesademocracia\/pet-cdd-comunicacao-e-democracia-no-combate-a-desinformacao\/","title":{"rendered":"PET &#8211; CDD (Comunica\u00e7\u00e3o e Democracia no Combate \u00e0 Desinforma\u00e7\u00e3o)"},"content":{"rendered":"<p>O PET-CDD \u00e9 um programa de educa\u00e7\u00e3o tutorial de car\u00e1ter interdisciplinar, que articula os cursos de gradua\u00e7\u00e3o em Biblioteconomia, Jornalismo, Publicidade e Propaganda e Rela\u00e7\u00f5es P\u00fablicas, e orienta-se pelo princ\u00edpio da indissociabilidade entre ensino, pesquisa e extens\u00e3o.<\/p>\n<div id=\"attachment_748\" style=\"width: 310px\" class=\"wp-caption aligncenter\"><a href=\"https:\/\/www.ufmg.br\/defesademocracia\/?attachment_id=748\"><img aria-describedby=\"caption-attachment-748\" loading=\"lazy\" class=\"wp-image-748 size-medium\" src=\"https:\/\/www.ufmg.br\/defesademocracia\/wp-content\/uploads\/2026\/01\/WhatsApp-Image-2026-01-09-at-15.27.52-300x212.jpeg\" alt=\"PET-CDD\" width=\"300\" height=\"212\" srcset=\"https:\/\/www.ufmg.br\/defesademocracia\/wp-content\/uploads\/2026\/01\/WhatsApp-Image-2026-01-09-at-15.27.52-300x212.jpeg 300w, https:\/\/www.ufmg.br\/defesademocracia\/wp-content\/uploads\/2026\/01\/WhatsApp-Image-2026-01-09-at-15.27.52-1024x724.jpeg 1024w, https:\/\/www.ufmg.br\/defesademocracia\/wp-content\/uploads\/2026\/01\/WhatsApp-Image-2026-01-09-at-15.27.52-768x543.jpeg 768w, https:\/\/www.ufmg.br\/defesademocracia\/wp-content\/uploads\/2026\/01\/WhatsApp-Image-2026-01-09-at-15.27.52-1536x1086.jpeg 1536w, https:\/\/www.ufmg.br\/defesademocracia\/wp-content\/uploads\/2026\/01\/WhatsApp-Image-2026-01-09-at-15.27.52.jpeg 1600w\" sizes=\"(max-width: 300px) 100vw, 300px\" \/><\/a><p id=\"caption-attachment-748\" class=\"wp-caption-text\">Logo oficial do PET-CDD<\/p><\/div>\n<p>&nbsp;<\/p>\n<p>&nbsp;<\/p>\n","protected":false},"excerpt":{"rendered":"<p>O PET-CDD \u00e9 um programa de educa\u00e7\u00e3o tutorial de car\u00e1ter [&hellip;]<\/p>\n","protected":false},"author":5,"featured_media":0,"parent":0,"menu_order":0,"comment_status":"closed","ping_status":"closed","template":"","meta":[],"acf":[],"_links":{"self":[{"href":"https:\/\/www.ufmg.br\/defesademocracia\/wp-json\/wp\/v2\/pages\/753"}],"collection":[{"href":"https:\/\/www.ufmg.br\/defesademocracia\/wp-json\/wp\/v2\/pages"}],"about":[{"href":"https:\/\/www.ufmg.br\/defesademocracia\/wp-json\/wp\/v2\/types\/page"}],"author":[{"embeddable":true,"href":"https:\/\/www.ufmg.br\/defesademocracia\/wp-json\/wp\/v2\/users\/5"}],"replies":[{"embeddable":true,"href":"https:\/\/www.ufmg.br\/defesademocracia\/wp-json\/wp\/v2\/comments?post=753"}],"version-history":[{"count":4,"href":"https:\/\/www.ufmg.br\/defesademocracia\/wp-json\/wp\/v2\/pages\/753\/revisions"}],"predecessor-version":[{"id":760,"href":"https:\/\/www.ufmg.br\/defesademocracia\/wp-json\/wp\/v2\/pages\/753\/revisions\/760"}],"wp:attachment":[{"href":"https:\/\/www.ufmg.br\/defesademocracia\/wp-json\/wp\/v2\/media?parent=753"}],"curies":[{"name":"wp","href":"https:\/\/api.w.org\/{rel}","templated":true}]}}