{"id":783,"date":"2026-02-03T00:46:01","date_gmt":"2026-02-03T03:46:01","guid":{"rendered":"https:\/\/www.ufmg.br\/defesademocracia\/?page_id=783"},"modified":"2026-03-19T20:28:03","modified_gmt":"2026-03-19T23:28:03","slug":"pesquisa","status":"publish","type":"page","link":"https:\/\/www.ufmg.br\/defesademocracia\/pesquisa\/","title":{"rendered":"PESQUISA"},"content":{"rendered":"<h1 style=\"text-align: center;\"><b>Desinforma\u00e7\u00e3o e agnotologia: o silenciamento de universidades p\u00fablicas pelo mecanismo de busca do Google<\/b><\/h1>\n<p>&nbsp;<\/p>\n<p><span style=\"font-weight: 400;\">A pesquisa tem como objetivo principal analisar de que modo o algoritmo do Google contribui para o silenciamento de universidades p\u00fablicas e, em que medida, este processo caracteriza desinforma\u00e7\u00e3o. A investiga\u00e7\u00e3o \u00e9 justificada a partir de testes experimentais pr\u00e9vios realizados pela equipe do PET, que constaram a prioriza\u00e7\u00e3o, por parte do Google, de resultados patrocinados por universidades privadas. Al\u00e9m disso, tamb\u00e9m observou-se \u00e0 luz dos testes iniciais, que os resultados patrocinados independem da localiza\u00e7\u00e3o de onde a busca foi feita. Isso significa que as universidades p\u00fablicas s\u00e3o colocadas como resultados secund\u00e1rios a cada pesquisa feita pelo usu\u00e1rio no mecanismo de p\u00fablica e, consequentemente, as universidades privadas aparecem no topo das p\u00e1ginas de resultados.<\/span><\/p>\n<p><span style=\"font-weight: 400;\">Estes resultados preliminares, contrariam as informa\u00e7\u00f5es dispon\u00edveis nas pol\u00edticas de transpar\u00eancia do pr\u00f3prio Google que estabelece os seguintes crit\u00e9rios para determinar os resultados: significado, relev\u00e2ncia, qualidade, capacidade de uso e contexto. Todos os crit\u00e9rios possuem especificidades. Os crit\u00e9rios da qualidade (em que trata das pol\u00edticas de an\u00fancios) e relev\u00e2ncia (assuntos que podem interessar o usu\u00e1rio com base na busca realizada) s\u00e3o priorit\u00e1rios para este projeto, por serem os que mais incidem no objetivo desta investiga\u00e7\u00e3o.<\/span><\/p>\n<p>Dispon\u00edvel em: <a href=\"https:\/\/www.google.com\/intl\/pt-BR_ALL\/search\/howsearchworks\/how-search-works\/ranking-results\/.\">https:\/\/www.google.com\/intl\/pt-BR_ALL\/search\/howsearchworks\/how-search-works\/ranking-results\/.<\/a><\/p>\n<p><span style=\"font-weight: 400;\">Conceitualmente, o projeto se ancora \u00e0 no\u00e7\u00e3o de desordem informacional (Wardle e Derakhshan, 2017), agnotologia (Proctor, 1997) que diz respeito ao estudo da produ\u00e7\u00e3o social e cultural da ignor\u00e2ncia, esfera p\u00fablica (Habermas, 2003) e plataformiza\u00e7\u00e3o (Van Dijck; Poell e De Waal, 2018). A articula\u00e7\u00e3o conceitual parte da premissa de que a desinforma\u00e7\u00e3o na esfera p\u00fablica e sob a perspectiva do silenciamento, \u00e9 resultado dos processos sociais da produ\u00e7\u00e3o de ignor\u00e2ncia, regida pela l\u00f3gica da plataformiza\u00e7\u00e3o.<\/span><\/p>\n<p><span style=\"font-weight: 400;\">De maneira espec\u00edfica, o presente projeto de pesquisa pretende: a) conceituar a desinforma\u00e7\u00e3o a partir de uma abordagem comunicacional; b) investigar a rela\u00e7\u00e3o entre agnotologia e desinforma\u00e7\u00e3o no contexto da esfera p\u00fablicas; c) comparar os resultados de buscas a partir de diferentes localidades do Brasil; d) e avaliar em que medida os resultados indicam formas de silenciamento e matizes da desinforma\u00e7\u00e3o.<\/span><\/p>\n<p><span style=\"font-weight: 400;\">Para tanto, o projeto lan\u00e7a m\u00e3o da ferramenta I Search From. A plataforma possibilita a simula\u00e7\u00e3o da pesquisa no Google em um local ou dispositivo diferente em rela\u00e7\u00e3o \u00e0 real localiza\u00e7\u00e3o de onde a pesquisa est\u00e1 sendo feita.<\/span><\/p>\n<p>&nbsp;<\/p>\n<p><b>Refer\u00eancias<\/b><\/p>\n<p>&nbsp;<\/p>\n<p><span style=\"font-weight: 400;\">MELO RIBEIRO, Daniel; ALZAMORA, Geane; BARCELOS PEREIRA SALGADO, Tiago; MOURA PACHECO CORTEZ, Nat\u00e1lia. Crise clim\u00e1tica e desinforma\u00e7\u00e3o no Instagram: imagens de enchentes e queimadas no Brasil geradas por Intelig\u00eancia Artificial .\u00a0Observatorio (OBS*),\u00a0<\/span><i><span style=\"font-weight: 400;\">[S. l.]<\/span><\/i><span style=\"font-weight: 400;\">, v. 19, n. 1, 2025. DOI: 10.15847\/obsOBS19120252598. Dispon\u00edvel em: <\/span><a href=\"https:\/\/obs.obercom.pt\/index.php\/obs\/article\/view\/2598\"><span style=\"font-weight: 400;\">https:\/\/obs.obercom.pt\/index.php\/obs\/article\/view\/2598<\/span><\/a><span style=\"font-weight: 400;\">. Acesso em: 23 oct. 2025<\/span><b>.<\/b><\/p>\n<p><span style=\"font-weight: 400;\">HABERMAS, J\u00fcrgen.\u00a0<\/span><b>Mudan\u00e7a estrutural da esfera p\u00fablica<\/b><span style=\"font-weight: 400;\">: investiga\u00e7\u00f5es quanto a uma categoria da sociedade burguesa. Tradu\u00e7\u00e3o de Fl\u00e1vio R. Kothe. Rio de Janeiro: Tempo Brasileiro, 2003.<\/span><\/p>\n<p><span style=\"font-weight: 400;\">VAN DIJCK, Jos\u00e9; POELL, Thomas; DE WAAL, Martijn.\u00a0<\/span><b>The Platform Society<\/b><span style=\"font-weight: 400;\">: Public Values in a Connective World. Oxford: Oxford University Press, 2018.<\/span><\/p>\n<p><span style=\"font-weight: 400;\">PROCTOR, Robert N.; SCHIEBINGER, Londa. Agnotology: The Making and Unmaking of Ignorance. Stanfor d Universit y Press Stanford, California, 2008.<\/span><\/p>\n<p><span style=\"font-weight: 400;\">PROCTOR, Robert N. Agnotolog\u00eda (Agnotology).\u00a0Revista de Econom\u00eda Institucional, v. 22, n. 42, 2020.<\/span><\/p>\n<p><span style=\"font-weight: 400;\">PROCTOR, Robert N.; SCHIEBINGER, Londa (Ed.).\u00a0Ignorance Unmasked: Essays in the New Science of Agnotology. Stanford University Press, 2025.<\/span><\/p>\n<p>&nbsp;<\/p>\n","protected":false},"excerpt":{"rendered":"<p>Desinforma\u00e7\u00e3o e agnotologia: o silenciamento de universidades p\u00fablicas pelo mecanismo [&hellip;]<\/p>\n","protected":false},"author":6,"featured_media":0,"parent":0,"menu_order":0,"comment_status":"closed","ping_status":"closed","template":"","meta":[],"acf":[],"_links":{"self":[{"href":"https:\/\/www.ufmg.br\/defesademocracia\/wp-json\/wp\/v2\/pages\/783"}],"collection":[{"href":"https:\/\/www.ufmg.br\/defesademocracia\/wp-json\/wp\/v2\/pages"}],"about":[{"href":"https:\/\/www.ufmg.br\/defesademocracia\/wp-json\/wp\/v2\/types\/page"}],"author":[{"embeddable":true,"href":"https:\/\/www.ufmg.br\/defesademocracia\/wp-json\/wp\/v2\/users\/6"}],"replies":[{"embeddable":true,"href":"https:\/\/www.ufmg.br\/defesademocracia\/wp-json\/wp\/v2\/comments?post=783"}],"version-history":[{"count":4,"href":"https:\/\/www.ufmg.br\/defesademocracia\/wp-json\/wp\/v2\/pages\/783\/revisions"}],"predecessor-version":[{"id":908,"href":"https:\/\/www.ufmg.br\/defesademocracia\/wp-json\/wp\/v2\/pages\/783\/revisions\/908"}],"wp:attachment":[{"href":"https:\/\/www.ufmg.br\/defesademocracia\/wp-json\/wp\/v2\/media?parent=783"}],"curies":[{"name":"wp","href":"https:\/\/api.w.org\/{rel}","templated":true}]}}