{"id":147,"date":"2021-06-08T16:25:23","date_gmt":"2021-06-08T19:25:23","guid":{"rendered":"https:\/\/www.ufmg.br\/dgi\/?page_id=147"},"modified":"2026-03-11T15:31:45","modified_gmt":"2026-03-11T18:31:45","slug":"ouvidoria","status":"publish","type":"page","link":"https:\/\/www.ufmg.br\/dgi\/ouvidoria\/","title":{"rendered":"Ouvidoria"},"content":{"rendered":"<p>A Ouvidoria da UFMG \u00e9 um \u00f3rg\u00e3o mediador com o papel institucional de zelar pelo direito \u00e0 manifesta\u00e7\u00e3o e \u00e0 informa\u00e7\u00e3o do cidad\u00e3o. Suas a\u00e7\u00f5es t\u00eam por objetivo aprimorar os servi\u00e7os prestados, ampliar os canais de participa\u00e7\u00e3o social na avalia\u00e7\u00e3o institucional, incentivar o exerc\u00edcio dos direitos dos cidad\u00e3o e contribuir para a formula\u00e7\u00e3o de pol\u00edticas p\u00fablicas.<\/p>\n<p>A UFMG acredita que as manifesta\u00e7\u00f5es apresentadas \u00e0 Ouvidoria s\u00e3o importantes para a atua\u00e7\u00e3o dos dirigentes da universidade e favorecem a efetiva\u00e7\u00e3o de mudan\u00e7as.<\/p>\n<p>A solicita\u00e7\u00e3o de orienta\u00e7\u00f5es em rela\u00e7\u00e3o \u00e0s manifesta\u00e7\u00f5es pode ser realizada atrav\u00e9s de e-mail, contato telef\u00f4nico ou presencialmente.<\/p>\n<p>Localiza\u00e7\u00e3o e funcionamento: Unidade Administrativa III da UFMG &#8211; 2\u00ba andar &#8211; De segunda a sexta, de 8:00h \u00e0s 17:00h.<\/p>\n<p>Telefone: 31 3409-6466<\/p>\n<p>Para o registro das manifesta\u00e7\u00f5es (den\u00fancias, reclama\u00e7\u00f5es, solicita\u00e7\u00f5es, sugest\u00f5es ou elogios) <a href=\"https:\/\/falabr.cgu.gov.br\/publico\/Manifestacao\/SelecionarTipoManifestacao.aspx\" target=\"_blank\" rel=\"noopener\">clique aqui<\/a><\/p>\n<p>As manifesta\u00e7\u00f5es registradas na Ouvidoria seguem um fluxo determinado de acordo com seu tipo, <a href=\"https:\/\/www.ufmg.br\/dgi\/wp-content\/uploads\/2025\/04\/Fluxos-de-Demandas-Ouvidoria-com-Integridade.pptx.pdf\">confira aqui<\/a>.<\/p>\n","protected":false},"excerpt":{"rendered":"<p>A Ouvidoria da UFMG \u00e9 um \u00f3rg\u00e3o mediador com o [&hellip;]<\/p>\n","protected":false},"author":1,"featured_media":0,"parent":0,"menu_order":0,"comment_status":"closed","ping_status":"closed","template":"","meta":[],"_links":{"self":[{"href":"https:\/\/www.ufmg.br\/dgi\/wp-json\/wp\/v2\/pages\/147"}],"collection":[{"href":"https:\/\/www.ufmg.br\/dgi\/wp-json\/wp\/v2\/pages"}],"about":[{"href":"https:\/\/www.ufmg.br\/dgi\/wp-json\/wp\/v2\/types\/page"}],"author":[{"embeddable":true,"href":"https:\/\/www.ufmg.br\/dgi\/wp-json\/wp\/v2\/users\/1"}],"replies":[{"embeddable":true,"href":"https:\/\/www.ufmg.br\/dgi\/wp-json\/wp\/v2\/comments?post=147"}],"version-history":[{"count":11,"href":"https:\/\/www.ufmg.br\/dgi\/wp-json\/wp\/v2\/pages\/147\/revisions"}],"predecessor-version":[{"id":451,"href":"https:\/\/www.ufmg.br\/dgi\/wp-json\/wp\/v2\/pages\/147\/revisions\/451"}],"wp:attachment":[{"href":"https:\/\/www.ufmg.br\/dgi\/wp-json\/wp\/v2\/media?parent=147"}],"curies":[{"name":"wp","href":"https:\/\/api.w.org\/{rel}","templated":true}]}}