{"id":231,"date":"2021-06-10T18:45:43","date_gmt":"2021-06-10T21:45:43","guid":{"rendered":"https:\/\/www.ufmg.br\/dgi\/?page_id=231"},"modified":"2021-06-30T14:02:24","modified_gmt":"2021-06-30T17:02:24","slug":"registre-sua-manifestacao","status":"publish","type":"page","link":"https:\/\/www.ufmg.br\/dgi\/registre-sua-manifestacao\/","title":{"rendered":"Registre sua manifesta\u00e7\u00e3o"},"content":{"rendered":"<p>&nbsp;<\/p>\n<p>Deseja registrar uma manifesta\u00e7\u00e3o \u00e0 Ouvidoria ou um pedido de acesso \u00e0 informa\u00e7\u00e3o ao SIC?<\/p>\n<p>Esse registro \u00e9 feito na Plataforma FalaBr do Governo Federal. <a href=\"https:\/\/falabr.cgu.gov.br\/publico\/Manifestacao\/SelecionarTipoManifestacao.aspx?ReturnUrl=%2f\">Clique aqui para registrar<\/a><\/p>\n","protected":false},"excerpt":{"rendered":"<p>&nbsp; Deseja registrar uma manifesta\u00e7\u00e3o \u00e0 Ouvidoria ou um pedido [&hellip;]<\/p>\n","protected":false},"author":1,"featured_media":0,"parent":0,"menu_order":0,"comment_status":"closed","ping_status":"closed","template":"","meta":[],"_links":{"self":[{"href":"https:\/\/www.ufmg.br\/dgi\/wp-json\/wp\/v2\/pages\/231"}],"collection":[{"href":"https:\/\/www.ufmg.br\/dgi\/wp-json\/wp\/v2\/pages"}],"about":[{"href":"https:\/\/www.ufmg.br\/dgi\/wp-json\/wp\/v2\/types\/page"}],"author":[{"embeddable":true,"href":"https:\/\/www.ufmg.br\/dgi\/wp-json\/wp\/v2\/users\/1"}],"replies":[{"embeddable":true,"href":"https:\/\/www.ufmg.br\/dgi\/wp-json\/wp\/v2\/comments?post=231"}],"version-history":[{"count":4,"href":"https:\/\/www.ufmg.br\/dgi\/wp-json\/wp\/v2\/pages\/231\/revisions"}],"predecessor-version":[{"id":257,"href":"https:\/\/www.ufmg.br\/dgi\/wp-json\/wp\/v2\/pages\/231\/revisions\/257"}],"wp:attachment":[{"href":"https:\/\/www.ufmg.br\/dgi\/wp-json\/wp\/v2\/media?parent=231"}],"curies":[{"name":"wp","href":"https:\/\/api.w.org\/{rel}","templated":true}]}}