{"id":265,"date":"2021-09-03T10:54:23","date_gmt":"2021-09-03T13:54:23","guid":{"rendered":"https:\/\/www.ufmg.br\/dgi\/?page_id=265"},"modified":"2026-03-20T10:42:57","modified_gmt":"2026-03-20T13:42:57","slug":"relatorios","status":"publish","type":"page","link":"https:\/\/www.ufmg.br\/dgi\/relatorios\/","title":{"rendered":"Relat\u00f3rios"},"content":{"rendered":"<p><span style=\"font-family: arial, helvetica, sans-serif; font-size: 12pt;\">Nessa p\u00e1gina, encontram-se os relat\u00f3rios da DGI, da Ouvidoria e do SIC.<\/span><\/p>\n<p>&nbsp;<\/p>\n<p><span style=\"color: #ff0000; font-family: arial, helvetica, sans-serif; font-size: 12pt;\">RELAT\u00d3RIOS DO SIC E DA OUVIDORIA<\/span><\/p>\n<p><span style=\"font-family: arial, helvetica, sans-serif; font-size: 12pt; color: #0000ff;\"><a style=\"color: #0000ff;\" href=\"https:\/\/www.ufmg.br\/dgi\/wp-content\/uploads\/2026\/03\/Relatorio-2025-Ouvidoria-Geral-da-UFMG.docx.pdf\">Relat\u00f3rio completo 2025<\/a><\/span><\/p>\n<p><span style=\"font-family: arial, helvetica, sans-serif; font-size: 12pt; color: #0000ff;\"><a style=\"color: #0000ff;\" href=\"https:\/\/www.ufmg.br\/dgi\/relatorio-2024-ouvidoria-geral-da-ufmg-docx\/\">Relat\u00f3rio completo 2024<\/a><\/span><\/p>\n<p><span style=\"font-family: arial, helvetica, sans-serif; color: #0000ff; font-size: 12pt;\"><a style=\"color: #0000ff;\" href=\"https:\/\/www.ufmg.br\/dgi\/wp-content\/uploads\/2024\/07\/Relatorio-Ouvidoria-2023.pdf\">Relat\u00f3rio completo 2023<\/a><\/span><\/p>\n<p><span style=\"font-family: arial, helvetica, sans-serif; color: #0000ff; font-size: 12pt;\"><a style=\"color: #0000ff;\" href=\"https:\/\/www.ufmg.br\/dgi\/wp-content\/uploads\/2024\/07\/Relatorio-DGI-2022.pdf\">Relat\u00f3rio completo\u00a0 2022<\/a><\/span><\/p>\n<p><span style=\"font-family: arial, helvetica, sans-serif; color: #0000ff; font-size: 12pt;\"><a style=\"color: #0000ff;\" href=\"https:\/\/www.ufmg.br\/dgi\/wp-content\/uploads\/2024\/07\/Relatorio-DGI-2021.pdf\">Relat\u00f3rio completo 2021<\/a><\/span><\/p>\n<p><span style=\"font-family: arial, helvetica, sans-serif; font-size: 12pt; color: #0000ff;\"><a style=\"color: #0000ff;\" href=\"https:\/\/www.ufmg.br\/dgi\/wp-content\/uploads\/2021\/09\/Relatorio-de-gestao-2020.docx\">Relat\u00f3rio de Gest\u00e3o DGI 2020<\/a><\/span><\/p>\n<p><span style=\"font-family: arial, helvetica, sans-serif; font-size: 12pt; color: #0000ff;\"><a style=\"color: #0000ff;\" href=\"https:\/\/www.ufmg.br\/dgi\/wp-content\/uploads\/2021\/09\/Relatorio-de-Gestao-DGI-2019.doc\">Relat\u00f3rio de Gest\u00e3o DGI 2019<\/a><\/span><\/p>\n<p>&nbsp;<\/p>\n<p><span style=\"color: #ff0000; font-family: arial, helvetica, sans-serif; font-size: 12pt;\">RELAT\u00d3RIOS DE TRANSPAR\u00caNCIA<\/span><\/p>\n<p><span style=\"font-family: arial, helvetica, sans-serif; font-size: 12pt; color: #0000ff;\"><a style=\"color: #0000ff;\" href=\"https:\/\/www.ufmg.br\/dgi\/relatorio-2024-ouvidoria-geral-da-ufmg-docx\/\">Relat\u00f3rio Anual de Avalia\u00e7\u00e3o e Monitoramento de Implementa\u00e7\u00e3o da Transpar\u00eancia Ativa &#8211; 2024<\/a><\/span><\/p>\n<p><span style=\"font-family: arial, helvetica, sans-serif; font-size: 12pt;\"><a style=\"color: #0000ff;\" href=\"https:\/\/www.ufmg.br\/dgi\/wp-content\/uploads\/2024\/07\/Relatorio-DGI-2022-1.pdf\">Relat\u00f3rio Anual de Avalia\u00e7\u00e3o e Monitoramento de Implementa\u00e7\u00e3o da Transpar\u00eancia Ativa &#8211; 2022<\/a><\/span><\/p>\n<p><span style=\"font-family: arial, helvetica, sans-serif; font-size: 12pt;\"><a style=\"color: #0000ff;\" href=\"https:\/\/www.ufmg.br\/dgi\/wp-content\/uploads\/2024\/07\/Relatorio-DGI-2022-1.pdf\">Relat\u00f3rio Anual de Avalia\u00e7\u00e3o e Monitoramento de Implementa\u00e7\u00e3o da Transpar\u00eancia Ativa<\/a><a style=\"color: #0000ff;\" href=\"https:\/\/www.ufmg.br\/dgi\/wp-content\/uploads\/2024\/07\/Relatorio-Monitoramento-Transparencia-Ativa-2021.pdf\">\u00a0&#8211; 2021<\/a><\/span><\/p>\n<p><span style=\"font-family: arial, helvetica, sans-serif; font-size: 12pt;\"><a style=\"color: #0000ff;\" href=\"https:\/\/www.ufmg.br\/dgi\/wp-content\/uploads\/2024\/07\/Relatorio-DGI-2022-1.pdf\">Relat\u00f3rio Anual de Avalia\u00e7\u00e3o e Monitoramento de Implementa\u00e7\u00e3o da Transpar\u00eancia Ativa<\/a><a style=\"color: #0000ff;\" href=\"https:\/\/www.ufmg.br\/dgi\/wp-content\/uploads\/2024\/07\/Relatorio-de-Monitoramento-Transparencia-Ativa-2020.pdf\">\u00a0&#8211; 2020<\/a><\/span><\/p>\n<p><span style=\"color: #0000ff; font-family: arial, helvetica, sans-serif; font-size: 12pt;\"><a style=\"color: #0000ff;\" href=\"https:\/\/www.ufmg.br\/dgi\/wp-content\/uploads\/2024\/07\/Relatorio-DGI-2022-1.pdf\">Relat\u00f3rio Anual de Avalia\u00e7\u00e3o e Monitoramento de Implementa\u00e7\u00e3o da Transpar\u00eancia Ativa<\/a><a style=\"color: #0000ff;\" href=\"https:\/\/www.ufmg.br\/dgi\/wp-content\/uploads\/2024\/07\/Relatorio-de-Avaliacao-e-Monitoramento-da-Implementacao-da-Transparencia-na-UFMG-2019.pdf\"> &#8211; 2019<\/a><\/span><\/p>\n<p>&nbsp;<\/p>\n<p>&nbsp;<\/p>\n","protected":false},"excerpt":{"rendered":"<p>Nessa p\u00e1gina, encontram-se os relat\u00f3rios da DGI, da Ouvidoria e [&hellip;]<\/p>\n","protected":false},"author":1,"featured_media":0,"parent":0,"menu_order":0,"comment_status":"closed","ping_status":"closed","template":"","meta":[],"_links":{"self":[{"href":"https:\/\/www.ufmg.br\/dgi\/wp-json\/wp\/v2\/pages\/265"}],"collection":[{"href":"https:\/\/www.ufmg.br\/dgi\/wp-json\/wp\/v2\/pages"}],"about":[{"href":"https:\/\/www.ufmg.br\/dgi\/wp-json\/wp\/v2\/types\/page"}],"author":[{"embeddable":true,"href":"https:\/\/www.ufmg.br\/dgi\/wp-json\/wp\/v2\/users\/1"}],"replies":[{"embeddable":true,"href":"https:\/\/www.ufmg.br\/dgi\/wp-json\/wp\/v2\/comments?post=265"}],"version-history":[{"count":50,"href":"https:\/\/www.ufmg.br\/dgi\/wp-json\/wp\/v2\/pages\/265\/revisions"}],"predecessor-version":[{"id":375,"href":"https:\/\/www.ufmg.br\/dgi\/wp-json\/wp\/v2\/pages\/265\/revisions\/375"}],"wp:attachment":[{"href":"https:\/\/www.ufmg.br\/dgi\/wp-json\/wp\/v2\/media?parent=265"}],"curies":[{"name":"wp","href":"https:\/\/api.w.org\/{rel}","templated":true}]}}