{"id":419,"date":"2025-09-03T16:04:53","date_gmt":"2025-09-03T19:04:53","guid":{"rendered":"https:\/\/www.ufmg.br\/dgi\/?page_id=419"},"modified":"2025-11-07T16:43:41","modified_gmt":"2025-11-07T19:43:41","slug":"dados-abertos","status":"publish","type":"page","link":"https:\/\/www.ufmg.br\/dgi\/dados-abertos\/","title":{"rendered":"Dados Abertos"},"content":{"rendered":"<p>O Plano de Dados Abertos (PDA) visa orientar as a\u00e7\u00f5es de implementa\u00e7\u00e3o e promo\u00e7\u00e3o de abertura de dados da Universidade, facilitando a publica\u00e7\u00e3o, o acesso, o entendimento e a reutiliza\u00e7\u00e3o de dados. A Diretoria de Governan\u00e7a Informacional \u00e9 o \u00f3rg\u00e3o respons\u00e1vel pelos processos envolvidos nas etapas de elabora\u00e7\u00e3o do documento na UFMG, pela cataloga\u00e7\u00e3o no Portal de Dados Abertos do Governo Federal e pela publica\u00e7\u00e3o e sustenta\u00e7\u00e3o dos dados.<\/p>\n<p><a href=\"https:\/\/www.ufmg.br\/dgi\/wp-content\/uploads\/2025\/11\/PDA-2021-2022.pdf\">PDA 2021-2022<\/a><\/p>\n<p><a href=\"https:\/\/www.ufmg.br\/dgi\/wp-content\/uploads\/2025\/11\/PDA-2023-2025.pdf\">PDA 2023-2025<\/a><\/p>\n<p><a href=\"https:\/\/www.ufmg.br\/dgi\/wp-content\/uploads\/2025\/11\/PDA-2025-2027.pdf\">PDA 2025-2027<\/a><\/p>\n","protected":false},"excerpt":{"rendered":"<p>O Plano de Dados Abertos (PDA) visa orientar as a\u00e7\u00f5es [&hellip;]<\/p>\n","protected":false},"author":1,"featured_media":0,"parent":0,"menu_order":0,"comment_status":"closed","ping_status":"closed","template":"","meta":[],"_links":{"self":[{"href":"https:\/\/www.ufmg.br\/dgi\/wp-json\/wp\/v2\/pages\/419"}],"collection":[{"href":"https:\/\/www.ufmg.br\/dgi\/wp-json\/wp\/v2\/pages"}],"about":[{"href":"https:\/\/www.ufmg.br\/dgi\/wp-json\/wp\/v2\/types\/page"}],"author":[{"embeddable":true,"href":"https:\/\/www.ufmg.br\/dgi\/wp-json\/wp\/v2\/users\/1"}],"replies":[{"embeddable":true,"href":"https:\/\/www.ufmg.br\/dgi\/wp-json\/wp\/v2\/comments?post=419"}],"version-history":[{"count":9,"href":"https:\/\/www.ufmg.br\/dgi\/wp-json\/wp\/v2\/pages\/419\/revisions"}],"predecessor-version":[{"id":446,"href":"https:\/\/www.ufmg.br\/dgi\/wp-json\/wp\/v2\/pages\/419\/revisions\/446"}],"wp:attachment":[{"href":"https:\/\/www.ufmg.br\/dgi\/wp-json\/wp\/v2\/media?parent=419"}],"curies":[{"name":"wp","href":"https:\/\/api.w.org\/{rel}","templated":true}]}}