{"id":49,"date":"2020-06-10T13:25:11","date_gmt":"2020-06-10T16:25:11","guid":{"rendered":"http:\/\/150.164.63.214:8888\/templates\/orgaos\/\/?page_id=49"},"modified":"2025-08-21T09:39:42","modified_gmt":"2025-08-21T12:39:42","slug":"sobre-o-orgao","status":"publish","type":"page","link":"https:\/\/www.ufmg.br\/dgi\/sobre-o-orgao\/","title":{"rendered":"Sobre o \u00f3rg\u00e3o"},"content":{"rendered":"<p>A Diretoria de Governan\u00e7a Informacional (DGI) \u00e9 um \u00f3rg\u00e3o consultivo e auxiliar, vinculado \u00e0 administra\u00e7\u00e3o central da Universidade, que se dedica a a\u00e7\u00f5es e parcerias orientadas a assuntos que envolvam diferentes iniciativas e pol\u00edticas institucionais relacionadas \u00e0 promo\u00e7\u00e3o da governan\u00e7a informacional na UFMG.<\/p>\n<p>A DGI re\u00fane a Ouvidoria-Geral da UFMG e o SIC (Servi\u00e7o de Informa\u00e7\u00e3o ao Cidad\u00e3o). Est\u00e1 envolvida na elabora\u00e7\u00e3o da Carta de Servi\u00e7os da UFMG, do Plano de Dados Abertos da Institui\u00e7\u00e3o e na discuss\u00e3o sobre a Pol\u00edtica de Documentos Sigilosos.<\/p>\n<p>Localiza\u00e7\u00e3o e funcionamento: Unidade Administrativa III da UFMG &#8211; 2\u00ba andar &#8211; Segunda a quinta de 8:00h \u00e0s 17:00h. Sexta de 9:00h \u00e0s 17:00h.<\/p>\n<p>&nbsp;<\/p>\n","protected":false},"excerpt":{"rendered":"<p>A Diretoria de Governan\u00e7a Informacional (DGI) \u00e9 um \u00f3rg\u00e3o consultivo [&hellip;]<\/p>\n","protected":false},"author":1,"featured_media":0,"parent":0,"menu_order":0,"comment_status":"closed","ping_status":"closed","template":"","meta":[],"_links":{"self":[{"href":"https:\/\/www.ufmg.br\/dgi\/wp-json\/wp\/v2\/pages\/49"}],"collection":[{"href":"https:\/\/www.ufmg.br\/dgi\/wp-json\/wp\/v2\/pages"}],"about":[{"href":"https:\/\/www.ufmg.br\/dgi\/wp-json\/wp\/v2\/types\/page"}],"author":[{"embeddable":true,"href":"https:\/\/www.ufmg.br\/dgi\/wp-json\/wp\/v2\/users\/1"}],"replies":[{"embeddable":true,"href":"https:\/\/www.ufmg.br\/dgi\/wp-json\/wp\/v2\/comments?post=49"}],"version-history":[{"count":9,"href":"https:\/\/www.ufmg.br\/dgi\/wp-json\/wp\/v2\/pages\/49\/revisions"}],"predecessor-version":[{"id":417,"href":"https:\/\/www.ufmg.br\/dgi\/wp-json\/wp\/v2\/pages\/49\/revisions\/417"}],"wp:attachment":[{"href":"https:\/\/www.ufmg.br\/dgi\/wp-json\/wp\/v2\/media?parent=49"}],"curies":[{"name":"wp","href":"https:\/\/api.w.org\/{rel}","templated":true}]}}