{"id":1049,"date":"2026-04-14T10:44:17","date_gmt":"2026-04-14T13:44:17","guid":{"rendered":"https:\/\/www.ufmg.br\/drca\/?page_id=1049"},"modified":"2026-04-14T10:44:17","modified_gmt":"2026-04-14T13:44:17","slug":"2a-chamada-e-1a-antecipacao","status":"publish","type":"page","link":"https:\/\/www.ufmg.br\/drca\/2a-chamada-e-1a-antecipacao\/","title":{"rendered":"2\u00aa Chamada e 1\u00aa Antecipa\u00e7\u00e3o"},"content":{"rendered":"\n<p class=\"wp-block-paragraph\"><a href=\"https:\/\/www.ufmg.br\/drca\/wp-content\/uploads\/2026\/04\/LISTA-DE-CONVOCADOS-2a-CHAMADA-E-1a-ANTECIPACAO-HABILIDADES-2026.pdf\">Convoca\u00e7\u00e3o<\/a><\/p>\n\n\n\n<p class=\"wp-block-paragraph\"><a href=\"https:\/\/www.ufmg.br\/drca\/wp-content\/uploads\/2026\/04\/2a-CHAMADA-E-1a-ANTECIPACAO-HABILIDADES-2026-RESULTADO-AMPLA-CONCORRENCIA-CONFIRMADOS.pdf\">Registros Confirmados da Ampla Concorr\u00eancia<\/a><\/p>\n\n\n\n<p class=\"wp-block-paragraph\"><a href=\"https:\/\/www.ufmg.br\/drca\/wp-content\/uploads\/2026\/04\/2a-CHAMADA-E-1a-ANTECIPACAO-HABILIDADES-2026-RESULTADO-AMPLA-CONCORRENCIA-INDEFERIDOS.pdf\">Registros Indeferidos da Ampla Concorr\u00eancia<\/a><\/p>\n\n\n\n<p class=\"wp-block-paragraph\"><a href=\"https:\/\/www.ufmg.br\/drca\/wp-content\/uploads\/2026\/04\/2a-CHAMADA-E-1a-ANTECIPACAO-HABILIDADES-2026-RESULTADO-RESERVA-DE-VAGAS-CONFIRMADOS.pdf\">Registros Confirmados da Reserva de Vagas<\/a><\/p>\n\n\n\n<p class=\"wp-block-paragraph\"><a href=\"https:\/\/www.ufmg.br\/drca\/wp-content\/uploads\/2026\/04\/2a-CHAMADA-E-1a-ANTECIPACAO-HABILIDADES-2026-RESULTADO-RESERVA-DE-VAGAS-INDEFERIDOS.pdf\">Registros Indeferidos da Reserva de Vagas<\/a><\/p>\n\n\n\n<p class=\"wp-block-paragraph\"><\/p>\n\n\n\n<p class=\"wp-block-paragraph\"><\/p>\n","protected":false},"excerpt":{"rendered":"<p>Convoca\u00e7\u00e3o Registros Confirmados da Ampla Concorr\u00eancia Registros Indeferidos da Ampla Concorr\u00eancia Registros Confirmados da Reserva de Vagas Registros Indeferidos da Reserva de Vagas<\/p>\n","protected":false},"author":5,"featured_media":0,"parent":0,"menu_order":0,"comment_status":"closed","ping_status":"closed","template":"","meta":{"_acf_changed":false,"_crdt_document":"{\"document\":\"AAAH2YeGmw6vAckBBjYBA1AgOAEBCABIAgiSAgKYARLIBJIEAQEIAkJIAKAFAQEIArICAogBlAHSBUgAqAUBAQgCsgICnAGUAeYFSAC8BQEBCAKyAgKiAZAB6AVIAL4FAQEIArICApgBkAHeBUgAtAUBAQgCQkgArgQBAQgASMwnjCgCFqgBuAICmAGoAQKYAagBApQBqAEClAGoASz+NZoBGoIUpAGYAfgIngGcAaYRAhaiBwKYAagBApQB+BSaAZgB1BSKAZwB1BGuLQKYAagHApQBLQiaBJoBnBSkAeAHngGCEwIWogcCmAGoAQKUAfgUmgH8EooBth0CmAGoBwKUAaMBKAEhACcABAAnASgEJwAoBicARACEAAcAKAInASgAJwCoAAQAhAOHACgCJwEEACgAJwCHACgCJwEEAIQDKAAnAIcAKAInAQQAhAMoACcAhwAoAicBBACEAygAJwCHACgCJwEEAIQDKAAnAIcAKAInAQQAKAAnAIcAKAInASgAJwAEAIQCgQCEC4EAhADEAYQAxAGEAMQBhADECoQAxAGEAKgAxPcgvR9zdGF0ZXZlcnNpb25kb2N1bWVudGRhdGVkb2N1bWVudHN0YXR1c2RvY3VtZW50dGl0bGVSYXNjdW5obyBhdXRvbcOhdGljb2RvY3VtZW50Y29udGVudGRvY3VtZW50ZXhjZXJwdGRvY3VtZW50YXV0aG9yZG9jdW1lbnRmZWF0dXJlZF9tZWRpYWRvY3VtZW50Y29tbWVudF9zdGF0dXNkb2N1bWVudHBpbmdfc3RhdHVzZG9jdW1lbnR0ZW1wbGF0ZWRvY3VtZW50bWV0YV9hY2ZfY2hhbmdlZGZvb3Rub3Rlc19lbGVtZW50b3JfZWRpdF9tb2RlX2VsZW1lbnRvcl90ZW1wbGF0ZV90eXBlX2VsZW1lbnRvcl9kYXRhX2VsZW1lbnRvcl9wYWdlX3NldHRpbmdzZG9jdW1lbnRmb2xkZXJkb2N1bWVudGJsb2NrczLCqiBDaGFtYWRhIGUgMcKqIEFudGVjaXBhw6fDo29jbGllbnRJZGlzVmFsaWRuYW1lYXR0cmlidXRlc2NvbnRlbnRkcm9wQ2FwaW5uZXJCbG9ja3M8YSBocmVmPSJodHRwczovL3d3dy51Zm1nLmJyL2RyY2Evd3AtY29udGVudC91cGxvYWRzLzIwMjYvMDQvTElTVEEtREUtQ09OVk9DQURPUy0xYS1DSEFNQURBLUhBQklMSURBREVTLTIwMjYucGRmIj5Db252b2Nhw6fDo288L2E+Y2xpZW50SWRpc1ZhbGlkbmFtZWF0dHJpYnV0ZXNjb250ZW50PGEgaHJlZj0iaHR0cHM6Ly93d3cudWZtZy5ici9kcmNhL3dwLWNvbnRlbnQvdXBsb2Fkcy8yMDI2LzA0L0VTQ0FMQS1ERS1BVEVORElNRU5UTy1IQUJJTElEQURFUy0yMDI2LTFhLUNoYW1hZGEtZGEtTEUtUENELnBkZiI+RXNjYWxhIGRlIEF0ZW5kaW1lbnRvIFByZXNlbmNpYWwg4oCTIFBDRDwvYT5kcm9wQ2FwaW5uZXJCbG9ja3NjbGllbnRJZGlzVmFsaWRuYW1lYXR0cmlidXRlc2NvbnRlbnQ8YSBocmVmPSJodHRwczovL3d3dy51Zm1nLmJyL2RyY2Evd3AtY29udGVudC91cGxvYWRzLzIwMjYvMDQvMWEtQ0hBTUFEQS1IQUJJTElEQURFUy0yMDI1LVJFU1VMVEFETy1EQS1BTVBMQS1DT05GSVJNQURPUy5wZGYiPlJlZ2lzdHJvcyBDb25maXJtYWRvcyBkYSBBbXBsYSBDb25jb3Jyw6puY2lhPC9hPmRyb3BDYXBpbm5lckJsb2Nrc2NsaWVudElkaXNWYWxpZG5hbWVhdHRyaWJ1dGVzY29udGVudDxhIGhyZWY9Imh0dHBzOi8vd3d3LnVmbWcuYnIvZHJjYS93cC1jb250ZW50L3VwbG9hZHMvMjAyNi8wNC8xYS1DSEFNQURBLUhBQklMSURBREVTLTIwMjUtUkVTVUxUQURPLUFNUExBLUNPTkNPUlJFTkNJQS1JTkRFRkVSSURPUy5wZGYiPlJlZ2lzdHJvcyBJbmRlZmVyaWRvcyBkYSBBbXBsYSBDb25jb3Jyw6puY2lhPC9hPmRyb3BDYXBpbm5lckJsb2Nrc2NsaWVudElkaXNWYWxpZG5hbWVhdHRyaWJ1dGVzY29udGVudDxhIGhyZWY9Imh0dHBzOi8vd3d3LnVmbWcuYnIvZHJjYS93cC1jb250ZW50L3VwbG9hZHMvMjAyNi8wNC8xYS1DSEFNQURBLUhBQklMSURBREVTLTIwMjUtUkVTVUxUQURPLVJFU0VSVkEtREUtVkFHQVMtQ09ORklSTUFET1MuZG9jeC5wZGYiPlJlZ2lzdHJvcyBDb25maXJtYWRvcyBkYSBSZXNlcnZhIGRlIFZhZ2FzPC9hPmRyb3BDYXBpbm5lckJsb2Nrc2NsaWVudElkaXNWYWxpZG5hbWVhdHRyaWJ1dGVzY29udGVudDxhIGhyZWY9Imh0dHBzOi8vd3d3LnVmbWcuYnIvZHJjYS93cC1jb250ZW50L3VwbG9hZHMvMjAyNi8wNC8xYS1DSEFNQURBLUhBQklMSURBREVTLTIwMjUtUkVTVUxUQURPLVJFU0VSVkEtREUtVkFHQVMtSU5ERUZFUklET1MucGRmIj5SZWdpc3Ryb3MgSW5kZWZlcmlkb3MgZGEgUmVzZXJ2YSBkZSBWYWdhczwvYT5kcm9wQ2FwaW5uZXJCbG9ja3NjbGllbnRJZGlzVmFsaWRuYW1lYXR0cmlidXRlc2NvbnRlbnQ8YSBocmVmPSJodHRwczovL3d3dy51Zm1nLmJyL2RyY2Evd3AtY29udGVudC91cGxvYWRzLzIwMjYvMDQvMWEtQ2hhbWFkYS1IQUJJTElEQURFUy0yMDI2LVJlc3VsdGFkby1kb3MtUmVjdXJzb3MucGRmIj5SZXN1bHRhZG8gZG9zIFJlY3Vyc29zPC9hPmRyb3BDYXBpbm5lckJsb2Nrc2NsaWVudElkaXNWYWxpZG5hbWVhdHRyaWJ1dGVzY29udGVudGRyb3BDYXBpbm5lckJsb2NrczwhLS0gd3A6cGFyYWdyYXBoIC0tPgo8cD5Db252b2Nhw6fDo288L3A+CjwhLS0gL3dwOnBhcmFncmFwaCAtLT4KCjwhLS0gd3A6cGFyYWdyYXBoIC0tPgo8cD5SZWdpc3Ryb3MgQ29uZmlybWFkb3MgZGEgQW1wbGEgQ29uY29ycsOqbmNpYTwvcD4KPCEtLSAvd3A6cGFyYWdyYXBoIC0tPgoKPCEtLSB3cDpwYXJhZ3JhcGggLS0+CjxwPlJlZ2lzdHJvcyBJbmRlZmVyaWRvcyBkYSBBbXBsYSBDb25jb3Jyw6puY2lhPC9wPgo8IS0tIC93cDpwYXJhZ3JhcGggLS0+Cgo8IS0tIHdwOnBhcmFncmFwaCAtLT4KPHA+UmVnaXN0cm9zIENvbmZpcm1hZG9zIGRhIFJlc2VydmEgZGUgVmFnYXM8L3A+CjwhLS0gL3dwOnBhcmFncmFwaCAtLT4KCjwhLS0gd3A6cGFyYWdyYXBoIC0tPgo8cD5SZWdpc3Ryb3MgSW5kZWZlcmlkb3MgZGEgUmVzZXJ2YSBkZSBWYWdhczwvcD4KPCEtLSAvd3A6cGFyYWdyYXBoIC0tPgoKPCEtLSB3cDpwYXJhZ3JhcGggLS0+CjxwPjwvcD4KPCEtLSAvd3A6cGFyYWdyYXBoIC0tPgoKPCEtLSB3cDpwYXJhZ3JhcGggLS0+CjxwPjwvcD4KPCEtLSAvd3A6cGFyYWdyYXBoIC0tPjxhIGhyZWY9Imh0dHBzOi8vd3d3LnVmbWcuYnIvZHJjYS93cC1jb250ZW50L3VwbG9hZHMvMjAyNi8wNC9MSVNUQS1ERS1PTlZPQ0FET1MtMmEtQ0hBTUFEQS1FLTFhLUFOVEVDSVBBQ0FPLUhBQklMSURBREVTLTIwMjYucGRmIj5DPC9hPjxhIGhyZWY9Imh0dHBzOi8vd3d3LnVmbWcuYnIvZHJjYS93cC1jb250ZW50L3VwbG9hZHMvMjAyNi8wNC8yYS1DSEFNQURBLUUtMWEtQU5URUNJUEFDQU8tSEFCSUxJREFERVMtMjAyNi1FU1VMVEFETy1SRVNFUlZBLURFLVZBR0FTLUNPTkZJUk1BRE9TLnBkZiI+UjwvYT48YSBocmVmPSJodHRwczovL3d3dy51Zm1nLmJyL2RyY2Evd3AtY29udGVudC91cGxvYWRzLzIwMjYvMDQvMmEtQ0hBTUFEQS1FLTFhLUFOVEVDSVBBQ0FPLUhBQklMSURBREVTLTIwMjYtRVNVTFRBRE8tQU1QTEEtQ09OQ09SUkVOQ0lBLUlOREVGRVJJRE9TLnBkZiI+UjwvYT48YSBocmVmPSJodHRwczovL3d3dy51Zm1nLmJyL2RyY2Evd3AtY29udGVudC91cGxvYWRzLzIwMjYvMDQvTElTVEEtREUtT05WT0NBRE9TLTJhLUNIQU1BREEtRS0xYS1BTlRFQ0lQQUNBTy1IQUJJTElEQURFUy0yMDI2LnBkZiI+Q2E+PC88YSBocmVmPSJodHRwczovL3d3dy51Zm1nLmJyL2RyY2Evd3AtY29udGVudC91cGxvYWRzLzIwMjYvMDQvMmEtQ0hBTUFEQS1FLTFhLUFOVEVDSVBBQ0FPLUhBQklMSURBREVTLTIwMjYtRVNVTFRBRE8tQU1QTEEtQ09OQ09SUkVOQ0lBLUlOREVGRVJJRE9TLnBkZiI+UmE+PC88YSBocmVmPSJodHRwczovL3d3dy51Zm1nLmJyL2RyY2Evd3AtY29udGVudC91cGxvYWRzLzIwMjYvMDQvMmEtQ0hBTUFEQS1FLTFhLUFOVEVDSVBBQ0FPLUhBQklMSURBREVTLTIwMjYtRVNVTFRBRE8tUkVTRVJWQS1ERS1WQUdBUy1DT05GSVJNQURPUy5wZGYiPlJhPjwvPGEgaHJlZj0iaHR0cHM6Ly93d3cudWZtZy5ici9kcmNhL3dwLWNvbnRlbnQvdXBsb2Fkcy8yMDI2LzA0LzJhLUNIQU1BREEtRS0xYS1BTlRFQ0lQQUNBTy1IQUJJTElEQURFUy0yMDI2LUVTVUxUQURPLVJFU0VSVkEtREUtVkFHQVMtSU5ERUZFUklET1MucGRmIj5SPC9hPjxhIGhyZWY9Imh0dHBzOi8vd3d3LnVmbWcuYnIvZHJjYS93cC1jb250ZW50L3VwbG9hZHMvMjAyNi8wNC8yYS1DSEFNQURBLUUtMWEtQU5URUNJUEFDQU8tSEFCSUxJREFERVMtMjAyNi1FU1VMVEFETy1BTVBMQS1DT05DT1JSRU5DSUEtQ09ORklSTUFET1MucGRmIj5SPC9hPjxhIGhyZWY9Imh0dHBzOi8vd3d3LnVmbWcuYnIvZHJjYS93cC1jb250ZW50L3VwbG9hZHMvMjAyNi8wNC8yYS1DSEFNQURBLUUtMWEtQU5URUNJUEFDQU8tSEFCSUxJREFERVMtMjAyNi1FU1VMVEFETy1BTVBMQS1DT05DT1JSRU5DSUEtQ09ORklSTUFET1MucGRmIj5SYT48LzxhIGhyZWY9Imh0dHBzOi8vd3d3LnVmbWcuYnIvZHJjYS93cC1jb250ZW50L3VwbG9hZHMvMjAyNi8wNC8yYS1DSEFNQURBLUUtMWEtQU5URUNJUEFDQU8tSEFCSUxJREFERVMtMjAyNi1FU1VMVEFETy1SRVNFUlZBLURFLVZBR0FTLUlOREVGRVJJRE9TLnBkZiI+UmE+PC8FBwgECAYIBRMIBwgHCAYIDggOCAtIAQQMCRQYDxgIBggGARoIBwQKRwALhgEBLAkECAcECgeoAgcLCAcECgeZAQEkKgQHCwgHBAoHmQEBLioEBwsIBwQKB5kBATEoBAcLCAcECgeZAQEsKAQHCwgHBAoHjwIHCwgHBApHAAsZAQs0ASw0ASw0ASo0ASo0kQGGAT0EqgEsBKoBLgSGAT0EqgEuBKoBLASqASwEqgEuBKoBLgSqASwECwEDAAABBwAFAQEAJEIBAQBBAAIAQQACAEEAAgBBAAIAQQACAEEAAgBBAAIAQQACAAZBLpwBFgEBpQEAfQF3EzIwMjYtMDQtMTRUMTA6NDA6NTR9BX0AdwZjbG9zZWR3BmNsb3NlZHcAeXcAdwB3AHcAfnUBfRd3JGEwMWJhNzA2LTI1YWUtNDViNy05M2QxLWM2NzFkOTRhODEzMHh3DmNvcmUvcGFyYWdyYXBoeXckOGNlZDQ3OWMtYmZlZC00ODBjLWE0OTUtY2ZmMmYzMDJjZDA4dyQ3ZTNkZWEwZC0zZGRkLTQ1NGUtOGRhZC1hNjBiYmM5ZmM2MzR4dw5jb3JlL3BhcmFncmFwaHl3JDRiOTkzNDQ0LTQwZmUtNDA1NC1iMmMxLTY5ZWRmNTdkODM5N3h3DmNvcmUvcGFyYWdyYXBoeXckNWZkYjVhZTgtNGJiYy00OTY5LTlmOWYtNmE1M2Y4Zjk4YWE1eHcOY29yZS9wYXJhZ3JhcGh5dyQwMjk4YjMyYS04ZTE0LTQ2MjAtYTk2NS1mMWQ5MWZkNTNjMTF4dw5jb3JlL3BhcmFncmFwaHl3JDAwMGM2NDk2LWZlODUtNGIyNS1hYmFlLWMyOTBmYTI2MDAxM3h3DmNvcmUvcGFyYWdyYXBoeXckNDI5MzlkYmEtYmU4Ny00MGE4LWI1NjQtMThmN2ZlMTIzODZieHcOY29yZS9wYXJhZ3JhcGh5dyRhOGM1NjEwZC1kZmQ3LTQ3OWUtOTE3My0yMGRmNzc1OTM3NmZ4dw5jb3JlL3BhcmFncmFwaHl3B3B1Ymxpc2gB2YPDjQcVAgABEiwAB0UBKwmzAQZYASMqAwhYAS0qAwhYATAoAwhYASsoAwiOAWNbgAMV\",\"updateId\":830497268}","footnotes":""},"folder":[23],"class_list":["post-1049","page","type-page","status-publish","hentry"],"acf":[],"_links":{"self":[{"href":"https:\/\/www.ufmg.br\/drca\/wp-json\/wp\/v2\/pages\/1049","targetHints":{"allow":["GET"]}}],"collection":[{"href":"https:\/\/www.ufmg.br\/drca\/wp-json\/wp\/v2\/pages"}],"about":[{"href":"https:\/\/www.ufmg.br\/drca\/wp-json\/wp\/v2\/types\/page"}],"author":[{"embeddable":true,"href":"https:\/\/www.ufmg.br\/drca\/wp-json\/wp\/v2\/users\/5"}],"replies":[{"embeddable":true,"href":"https:\/\/www.ufmg.br\/drca\/wp-json\/wp\/v2\/comments?post=1049"}],"version-history":[{"count":1,"href":"https:\/\/www.ufmg.br\/drca\/wp-json\/wp\/v2\/pages\/1049\/revisions"}],"predecessor-version":[{"id":1056,"href":"https:\/\/www.ufmg.br\/drca\/wp-json\/wp\/v2\/pages\/1049\/revisions\/1056"}],"wp:attachment":[{"href":"https:\/\/www.ufmg.br\/drca\/wp-json\/wp\/v2\/media?parent=1049"}],"wp:term":[{"taxonomy":"folder","embeddable":true,"href":"https:\/\/www.ufmg.br\/drca\/wp-json\/wp\/v2\/folder?post=1049"}],"curies":[{"name":"wp","href":"https:\/\/api.w.org\/{rel}","templated":true}]}}