{"id":1065,"date":"2026-04-14T10:50:54","date_gmt":"2026-04-14T13:50:54","guid":{"rendered":"https:\/\/www.ufmg.br\/drca\/?page_id=1065"},"modified":"2026-04-14T10:50:54","modified_gmt":"2026-04-14T13:50:54","slug":"4a-chamada-5","status":"publish","type":"page","link":"https:\/\/www.ufmg.br\/drca\/4a-chamada-5\/","title":{"rendered":"4\u00aa Chamada"},"content":{"rendered":"\n<p class=\"wp-block-paragraph\"><a href=\"https:\/\/www.ufmg.br\/drca\/wp-content\/uploads\/2026\/04\/LISTA-DE-CONVOCADOS-4a-CHAMADA-E-3a-ANTECIPACAO-HABILIDADES-2026.pdf\">Convoca\u00e7\u00e3o<\/a><\/p>\n\n\n\n<p class=\"wp-block-paragraph\"><a href=\"https:\/\/www.ufmg.br\/drca\/wp-content\/uploads\/2026\/04\/4a-CHAMADA-HABILIDADES-2026-RESULTADO-AMPLA-CONCORRENCIA-CONFIRMADOS.pdf\">Registros Confirmados da Ampla Concorr\u00eancia<\/a><\/p>\n\n\n\n<p class=\"wp-block-paragraph\"><a href=\"https:\/\/www.ufmg.br\/drca\/wp-content\/uploads\/2026\/04\/4a-CHAMADA-HABILIDADES-2026-RESULTADO-AMPLA-CONCORRENCIA-INDEFERIDOS.pdf\">Registros Indeferidos da Ampla Concorr\u00eancia<\/a><\/p>\n\n\n\n<p class=\"wp-block-paragraph\"><a href=\"https:\/\/www.ufmg.br\/drca\/wp-content\/uploads\/2026\/04\/4a-CHAMADA-HABILIDADES-2026-RESULTADO-RESERVA-DE-VAGAS-CONFIRMADOS.pdf\">Registros Confirmados da Reserva de Vagas<\/a><\/p>\n\n\n\n<p class=\"wp-block-paragraph\"><a href=\"https:\/\/www.ufmg.br\/drca\/wp-content\/uploads\/2026\/04\/4a-CHAMADA-HABILIDADES-2026-RESULTADO-RESERVA-DE-VAGAS-INDEFERIDOS.pdf\">Registros Indeferidos da Reserva de Vagas<\/a><\/p>\n\n\n\n<p class=\"wp-block-paragraph\"><\/p>\n","protected":false},"excerpt":{"rendered":"<p>Convoca\u00e7\u00e3o Registros Confirmados da Ampla Concorr\u00eancia Registros Indeferidos da Ampla Concorr\u00eancia Registros Confirmados da Reserva de Vagas Registros Indeferidos da Reserva de Vagas<\/p>\n","protected":false},"author":5,"featured_media":0,"parent":0,"menu_order":0,"comment_status":"closed","ping_status":"closed","template":"","meta":{"_acf_changed":false,"_crdt_document":"{\"document\":\"AAAHzK\/63wicAbQBBjYBA1AkAkYYAQEIAEgCCJICAroBEuoEtAQBAQgClAMCnAGUAcgGSACeBgEBCAKUAwKcAZQByAZIAJ4GAQEIApQDApgBkAHABkgAlgYBAQgClAMCmAGQAcAGSACWBgEBCABI0h+SIAIWqAECmAGoAQKYAagBApQBqAEClAHYKbwBGpwQmgGYAZwHAhasBwKUAeQgngGcAaQDngGcAboJmgGYAfYfvCICmAGoAQKYAaYEApQBLQi6A7wBthCaAbQIAhasBwKUAeQgngGABZ4BlguaAZ4EApgBqAECmAGmBAKUAYMBKAEhACcABAAnASgEJwAoBicARACEAgcAKAInASgAJwCoAAQAhAOHACgCJwEEAIQDKAAnAIcAKAInAQQAhAMoACcAhwAoAicBBACEAygAJwCHACgCJwEEAIQDKAAnAIcAKAInASgAJwAEAIQOxAGEAMQBhADEB4QAxAGEAMQBhACoAMTJHKEbc3RhdGV2ZXJzaW9uZG9jdW1lbnRkYXRlZG9jdW1lbnRzdGF0dXNkb2N1bWVudHRpdGxlUmFzY3VuaG8gYXV0b23DoXRpY29kb2N1bWVudGNvbnRlbnRkb2N1bWVudGV4Y2VycHRkb2N1bWVudGF1dGhvcmRvY3VtZW50ZmVhdHVyZWRfbWVkaWFkb2N1bWVudGNvbW1lbnRfc3RhdHVzZG9jdW1lbnRwaW5nX3N0YXR1c2RvY3VtZW50dGVtcGxhdGVkb2N1bWVudG1ldGFfYWNmX2NoYW5nZWRmb290bm90ZXNfZWxlbWVudG9yX2VkaXRfbW9kZV9lbGVtZW50b3JfdGVtcGxhdGVfdHlwZV9lbGVtZW50b3JfZGF0YV9lbGVtZW50b3JfcGFnZV9zZXR0aW5nc2RvY3VtZW50Zm9sZGVyZG9jdW1lbnRibG9ja3M0wqpDIENoYW1hZGFjbGllbnRJZGlzVmFsaWRuYW1lYXR0cmlidXRlc2NvbnRlbnRkcm9wQ2FwaW5uZXJCbG9ja3M8YSBocmVmPSJodHRwczovL3d3dy51Zm1nLmJyL2RyY2Evd3AtY29udGVudC91cGxvYWRzLzIwMjYvMDQvTElTVEEtREUtQ09OVk9DQURPUy0yYS1DSEFNQURBLUUtMWEtQU5URUNJUEFDQU8tSEFCSUxJREFERVMtMjAyNi5wZGYiPkNvbnZvY2HDp8OjbzwvYT5jbGllbnRJZGlzVmFsaWRuYW1lYXR0cmlidXRlc2NvbnRlbnQ8YSBocmVmPSJodHRwczovL3d3dy51Zm1nLmJyL2RyY2Evd3AtY29udGVudC91cGxvYWRzLzIwMjYvMDQvMmEtQ0hBTUFEQS1FLTFhLUFOVEVDSVBBQ0FPLUhBQklMSURBREVTLTIwMjYtUkVTVUxUQURPLUFNUExBLUNPTkNPUlJFTkNJQS1DT05GSVJNQURPUy5wZGYiPlJlZ2lzdHJvcyBDb25maXJtYWRvcyBkYSBBbXBsYSBDb25jb3Jyw6puY2lhPC9hPmRyb3BDYXBpbm5lckJsb2Nrc2NsaWVudElkaXNWYWxpZG5hbWVhdHRyaWJ1dGVzY29udGVudDxhIGhyZWY9Imh0dHBzOi8vd3d3LnVmbWcuYnIvZHJjYS93cC1jb250ZW50L3VwbG9hZHMvMjAyNi8wNC8yYS1DSEFNQURBLUUtMWEtQU5URUNJUEFDQU8tSEFCSUxJREFERVMtMjAyNi1SRVNVTFRBRE8tQU1QTEEtQ09OQ09SUkVOQ0lBLUlOREVGRVJJRE9TLnBkZiI+UmVnaXN0cm9zIEluZGVmZXJpZG9zIGRhIEFtcGxhIENvbmNvcnLDqm5jaWE8L2E+ZHJvcENhcGlubmVyQmxvY2tzY2xpZW50SWRpc1ZhbGlkbmFtZWF0dHJpYnV0ZXNjb250ZW50PGEgaHJlZj0iaHR0cHM6Ly93d3cudWZtZy5ici9kcmNhL3dwLWNvbnRlbnQvdXBsb2Fkcy8yMDI2LzA0LzJhLUNIQU1BREEtRS0xYS1BTlRFQ0lQQUNBTy1IQUJJTElEQURFUy0yMDI2LVJFU1VMVEFETy1SRVNFUlZBLURFLVZBR0FTLUNPTkZJUk1BRE9TLnBkZiI+UmVnaXN0cm9zIENvbmZpcm1hZG9zIGRhIFJlc2VydmEgZGUgVmFnYXM8L2E+ZHJvcENhcGlubmVyQmxvY2tzY2xpZW50SWRpc1ZhbGlkbmFtZWF0dHJpYnV0ZXNjb250ZW50PGEgaHJlZj0iaHR0cHM6Ly93d3cudWZtZy5ici9kcmNhL3dwLWNvbnRlbnQvdXBsb2Fkcy8yMDI2LzA0LzJhLUNIQU1BREEtRS0xYS1BTlRFQ0lQQUNBTy1IQUJJTElEQURFUy0yMDI2LVJFU1VMVEFETy1SRVNFUlZBLURFLVZBR0FTLUlOREVGRVJJRE9TLnBkZiI+UmVnaXN0cm9zIEluZGVmZXJpZG9zIGRhIFJlc2VydmEgZGUgVmFnYXM8L2E+ZHJvcENhcGlubmVyQmxvY2tzY2xpZW50SWRpc1ZhbGlkbmFtZWF0dHJpYnV0ZXNjb250ZW50ZHJvcENhcGlubmVyQmxvY2tzPCEtLSB3cDpwYXJhZ3JhcGggLS0+CjxwPkNvbnZvY2HDp8OjbzwvcD4KPCEtLSAvd3A6cGFyYWdyYXBoIC0tPgoKPCEtLSB3cDpwYXJhZ3JhcGggLS0+CjxwPlJlZ2lzdHJvcyBDb25maXJtYWRvcyBkYSBBbXBsYSBDb25jb3Jyw6puY2lhPC9wPgo8IS0tIC93cDpwYXJhZ3JhcGggLS0+Cgo8IS0tIHdwOnBhcmFncmFwaCAtLT4KPHA+UmVnaXN0cm9zIEluZGVmZXJpZG9zIGRhIEFtcGxhIENvbmNvcnLDqm5jaWE8L3A+CjwhLS0gL3dwOnBhcmFncmFwaCAtLT4KCjwhLS0gd3A6cGFyYWdyYXBoIC0tPgo8cD5SZWdpc3Ryb3MgQ29uZmlybWFkb3MgZGEgUmVzZXJ2YSBkZSBWYWdhczwvcD4KPCEtLSAvd3A6cGFyYWdyYXBoIC0tPgoKPCEtLSB3cDpwYXJhZ3JhcGggLS0+CjxwPlJlZ2lzdHJvcyBJbmRlZmVyaWRvcyBkYSBSZXNlcnZhIGRlIFZhZ2FzPC9wPgo8IS0tIC93cDpwYXJhZ3JhcGggLS0+Cgo8IS0tIHdwOnBhcmFncmFwaCAtLT4KPHA+PC9wPgo8IS0tIC93cDpwYXJhZ3JhcGggLS0+PGEgaHJlZj0iaHR0cHM6Ly93d3cudWZtZy5ici9kcmNhL3dwLWNvbnRlbnQvdXBsb2Fkcy8yMDI2LzA0L0xJU1RBLURFLU9OVk9DQURPUy00YS1DSEFNQURBLUUtM2EtQU5URUNJUEFDQU8tSEFCSUxJREFERVMtMjAyNi5wZGYiPkM8L2E+PGEgaHJlZj0iaHR0cHM6Ly93d3cudWZtZy5ici9kcmNhL3dwLWNvbnRlbnQvdXBsb2Fkcy8yMDI2LzA0LzRhLUNIQU1BREEtSEFCSUxJREFERVMtMjAyNi1FU1VMVEFETy1SRVNFUlZBLURFLVZBR0FTLUNPTkZJUk1BRE9TLnBkZiI+UjwvYT48YSBocmVmPSJodHRwczovL3d3dy51Zm1nLmJyL2RyY2Evd3AtY29udGVudC91cGxvYWRzLzIwMjYvMDQvTElTVEEtREUtT05WT0NBRE9TLTRhLUNIQU1BREEtRS0zYS1BTlRFQ0lQQUNBTy1IQUJJTElEQURFUy0yMDI2LnBkZiI+Q2E+PC88YSBocmVmPSJodHRwczovL3d3dy51Zm1nLmJyL2RyY2Evd3AtY29udGVudC91cGxvYWRzLzIwMjYvMDQvNGEtQ0hBTUFEQS1IQUJJTElEQURFUy0yMDI2LUVTVUxUQURPLVJFU0VSVkEtREUtVkFHQVMtQ09ORklSTUFET1MucGRmIj5SYT48LzxhIGhyZWY9Imh0dHBzOi8vd3d3LnVmbWcuYnIvZHJjYS93cC1jb250ZW50L3VwbG9hZHMvMjAyNi8wNC80YS1DSEFNQURBLUhBQklMSURBREVTLTIwMjYtRVNVTFRBRE8tQU1QTEEtQ09OQ09SUkVOQ0lBLUNPTkZJUk1BRE9TLnBkZiI+UjwvYT48YSBocmVmPSJodHRwczovL3d3dy51Zm1nLmJyL2RyY2Evd3AtY29udGVudC91cGxvYWRzLzIwMjYvMDQvNGEtQ0hBTUFEQS1IQUJJTElEQURFUy0yMDI2LUVTVUxUQURPLUFNUExBLUNPTkNPUlJFTkNJQS1JTkRFRkVSSURPUy5wZGYiPlI8L2E+PGEgaHJlZj0iaHR0cHM6Ly93d3cudWZtZy5ici9kcmNhL3dwLWNvbnRlbnQvdXBsb2Fkcy8yMDI2LzA0LzRhLUNIQU1BREEtSEFCSUxJREFERVMtMjAyNi1FU1VMVEFETy1SRVNFUlZBLURFLVZBR0FTLUlOREVGRVJJRE9TLnBkZiI+UjwvYT48YSBocmVmPSJodHRwczovL3d3dy51Zm1nLmJyL2RyY2Evd3AtY29udGVudC91cGxvYWRzLzIwMjYvMDQvNGEtQ0hBTUFEQS1IQUJJTElEQURFUy0yMDI2LUVTVUxUQURPLUFNUExBLUNPTkNPUlJFTkNJQS1DT05GSVJNQURPUy5wZGYiPlJhPjwvPGEgaHJlZj0iaHR0cHM6Ly93d3cudWZtZy5ici9kcmNhL3dwLWNvbnRlbnQvdXBsb2Fkcy8yMDI2LzA0LzRhLUNIQU1BREEtSEFCSUxJREFERVMtMjAyNi1FU1VMVEFETy1BTVBMQS1DT05DT1JSRU5DSUEtSU5ERUZFUklET1MucGRmIj5SYT48LzxhIGhyZWY9Imh0dHBzOi8vd3d3LnVmbWcuYnIvZHJjYS93cC1jb250ZW50L3VwbG9hZHMvMjAyNi8wNC80YS1DSEFNQURBLUhBQklMSURBREVTLTIwMjYtRVNVTFRBRE8tUkVTRVJWQS1ERS1WQUdBUy1JTkRFRkVSSURPUy5wZGYiPlJhPjwvBQcIBAgGCAUTCAcIBwgGCA4IDggLSAEEDAkUGA8YCAYIBkEBSAAHBApHAAuGAQE9CQQIBwQKB6oBAS4qBAcLCAcECgeqAQEuKgQHCwgHBAoHqgEBLCgEBwsIBwQKB6oBASwoBAcLCAcECkcACxkBCzQBLDQBLDQBKjQBKo8BhgE9BJkBLASGAT0EmQEsBJkBLgSZAS4EmQEsBJkBLgSZAS4EmQEsBAsBAwAAAQcABQEBABxCAQEAQQACAEEAAgBBAAIAQQACAEEAAgBBAAIAAkEnAZIBAH0BdxMyMDI2LTA0LTE0VDEwOjQ4OjIwfQV9AHcGY2xvc2VkdwZjbG9zZWR3AHl3AHcAdwB3AH51AX0XdyRmM2IxYTE0OC1mMjk3LTRjYTYtYmMyYi1mYjJlMzQ3Y2RjYzF4dw5jb3JlL3BhcmFncmFwaHl3JDY1OTFlYmFiLTNhMWMtNDkzMS04MTgzLTcwYzU1YWIyNWJmNHckYWMyOGExZGEtYzRkNi00NDk0LWJjMzctZTQxYjI3ZDU3N2Y0eHcOY29yZS9wYXJhZ3JhcGh5dyQxZjU1ZGU0NC1kNDA4LTQyYmYtYjBjMC02NGNiMTczNDRkNjl4dw5jb3JlL3BhcmFncmFwaHl3JGZiNTI0NDBmLTYwNGEtNGQ5MC04MTk0LWU1N2NjNjg0ODJmNXh3DmNvcmUvcGFyYWdyYXBoeXckMTAyYWRmZDAtNTYxMy00NWY4LWE1MmItM2Y2ZTBjOGJlOWM5eHcOY29yZS9wYXJhZ3JhcGh5dyQ1NDViZDcxMC1mNGFmLTQyMDgtOTdlZC0wZDM3M2UzNTEzYjZ4dw5jb3JlL3BhcmFncmFwaHl3B3B1Ymxpc2gBzJf9rwQTAgABEhIACQAHRQE8CQMGaQEtKgMIaQEtKgMIaQErKAMIaQErKAM=\",\"updateId\":308099005}","footnotes":""},"folder":[23],"class_list":["post-1065","page","type-page","status-publish","hentry"],"acf":[],"_links":{"self":[{"href":"https:\/\/www.ufmg.br\/drca\/wp-json\/wp\/v2\/pages\/1065","targetHints":{"allow":["GET"]}}],"collection":[{"href":"https:\/\/www.ufmg.br\/drca\/wp-json\/wp\/v2\/pages"}],"about":[{"href":"https:\/\/www.ufmg.br\/drca\/wp-json\/wp\/v2\/types\/page"}],"author":[{"embeddable":true,"href":"https:\/\/www.ufmg.br\/drca\/wp-json\/wp\/v2\/users\/5"}],"replies":[{"embeddable":true,"href":"https:\/\/www.ufmg.br\/drca\/wp-json\/wp\/v2\/comments?post=1065"}],"version-history":[{"count":1,"href":"https:\/\/www.ufmg.br\/drca\/wp-json\/wp\/v2\/pages\/1065\/revisions"}],"predecessor-version":[{"id":1072,"href":"https:\/\/www.ufmg.br\/drca\/wp-json\/wp\/v2\/pages\/1065\/revisions\/1072"}],"wp:attachment":[{"href":"https:\/\/www.ufmg.br\/drca\/wp-json\/wp\/v2\/media?parent=1065"}],"wp:term":[{"taxonomy":"folder","embeddable":true,"href":"https:\/\/www.ufmg.br\/drca\/wp-json\/wp\/v2\/folder?post=1065"}],"curies":[{"name":"wp","href":"https:\/\/api.w.org\/{rel}","templated":true}]}}