{"id":1119,"date":"2026-04-17T16:57:58","date_gmt":"2026-04-17T19:57:58","guid":{"rendered":"https:\/\/www.ufmg.br\/drca\/?page_id=1119"},"modified":"2026-04-17T17:12:20","modified_gmt":"2026-04-17T20:12:20","slug":"1a-chamada-11","status":"publish","type":"page","link":"https:\/\/www.ufmg.br\/drca\/1a-chamada-11\/","title":{"rendered":"1\u00aa Chamada"},"content":{"rendered":"\n<p class=\"wp-block-paragraph\">Convoca\u00e7\u00e3o<\/p>\n\n\n\n<p class=\"wp-block-paragraph\"><a href=\"https:\/\/www.ufmg.br\/drca\/wp-content\/uploads\/2026\/04\/INSTRUCAO-LECAMPO-2026.pdf\" target=\"_blank\" rel=\"noreferrer noopener\">Instru\u00e7\u00e3o para Registro<\/a><\/p>\n\n\n\n<p class=\"wp-block-paragraph\"><a href=\"https:\/\/sistemas.ufmg.br\/registro-discente\/registrodiscente\/complementarinfocadastrais\/login.seam\" target=\"_blank\" rel=\"noreferrer noopener\">Registro online (Clique aqui para acessar)<\/a><\/p>\n\n\n\n<p class=\"wp-block-paragraph\"><\/p>\n","protected":false},"excerpt":{"rendered":"<p>Convoca\u00e7\u00e3o Instru\u00e7\u00e3o para Registro Registro online (Clique aqui para acessar)<\/p>\n","protected":false},"author":5,"featured_media":0,"parent":0,"menu_order":0,"comment_status":"closed","ping_status":"closed","template":"","meta":{"_acf_changed":false,"_crdt_document":"{\"document\":\"AAAt4urglh1ev633qxni6uCWHQS\/rferGeLq4JYdAP+t96sZAOLq4JYdAovmwqMPdgY2AQNQJAMAEAIOaDYBAQgASAIISiYBAQgCugECoAECPirIBUgAngUBAQgCrASUAcIGSACYBgEBCABI2g4qshACMKgBmAHQFaoEogGyAaAJAr4LzgvWBYYU6hKiBagQ0A+kAgK2DALuA9AHOOgWsBbwFp4ZggcfCKYEogGSCwIAMNYFAL4GAJgBsAvWHKIBAMwCnhmCB4cBKAAhAScAAQAnASgEJwAoBicARACEAIEAhACBAIQAgQCEAAcAIQAoAScBKAAnAKgABACHACgCJwEBAIQAgQCEAIEAhACBACgAJwCHACgCJwEBAIQAgQAoACcAhwAoAicBKAAnAKgABACEBKgAKAAhAcQBhADEBYQAxAKhAagBIQDEA4QAxAIh3w3wDHN0YXRldmVyc2lvbmRvY3VtZW50ZGF0ZWRvY3VtZW50c3RhdHVzZG9jdW1lbnR0aXRsZWRvY3VtZW50Y29udGVudGRvY3VtZW50ZXhjZXJwdGRvY3VtZW50YXV0aG9yZG9jdW1lbnRmZWF0dXJlZF9tZWRpYWRvY3VtZW50Y29tbWVudF9zdGF0dXNkb2N1bWVudHBpbmdfc3RhdHVzZG9jdW1lbnR0ZW1wbGF0ZWRvY3VtZW50bWV0YV9hY2ZfY2hhbmdlZGZvb3Rub3Rlc19lbGVtZW50b3JfZWRpdF9tb2RlX2VsZW1lbnRvcl90ZW1wbGF0ZV90eXBlX2VsZW1lbnRvcl9kYXRhX2VsZW1lbnRvcl9wYWdlX3NldHRpbmdzZG9jdW1lbnRmb2xkZXJkb2N1bWVudGJsb2NrczHCqiBDaGFtYWRhY2xpZW50SWRpc1ZhbGlkbmFtZWF0dHJpYnV0ZXNjb250ZW50ZHJvcENhcGlubmVyQmxvY2tzQ29udm9jYcOnw6NvY2xpZW50SWRpc1ZhbGlkbmFtZWF0dHJpYnV0ZXNjb250ZW50SW5zdHJ1w6fDo28gcGFyYSBSZWdpc3Ryb2Ryb3BDYXBpbm5lckJsb2Nrc2NsaWVudElkaXNWYWxpZG5hbWVhdHRyaWJ1dGVzY29udGVudFJlZ2lzdHJvIG9ubGluZSAoQ2xpcXVlIGFxdWkgcGFyYSBhY2Vzc2FyKWRyb3BDYXBpbm5lckJsb2Nrc2NsaWVudElkaXNWYWxpZG5hbWVhdHRyaWJ1dGVzY29udGVudGRyb3BDYXBpbm5lckJsb2NrczwhLS0gd3A6cGFyYWdyYXBoIC0tPgo8cD5Db252b2Nhw6fDo288L3A+CjwhLS0gL3dwOnBhcmFncmFwaCAtLT4KCjwhLS0gd3A6cGFyYWdyYXBoIC0tPgo8cD5JbnN0cnXDp8OjbyBwYXJhIFJlZ2lzdHJvPC9wPgo8IS0tIC93cDpwYXJhZ3JhcGggLS0+Cgo8IS0tIHdwOnBhcmFncmFwaCAtLT4KPHA+UmVnaXN0cm8gb25saW5lIChDbGlxdWUgYXF1aSBwYXJhIGFjZXNzYXIpPC9wPgo8IS0tIC93cDpwYXJhZ3JhcGggLS0+Cgo8IS0tIHdwOnBhcmFncmFwaCAtLT4KPHA+PC9wPgo8IS0tIC93cDpwYXJhZ3JhcGggLS0+ZG9jdW1lbnRzbHVnc3RhdGVzYXZlZEF0c3RhdGVzYXZlZEJ5PGEgaHJlZj0iaHR0cHM6Ly93d3cudWZtZy5ici9kcmNhL3dwLWNvbnRlbnQvdXBsb2Fkcy8yMDI2LzA0L05TVFJVQ0FPLUxFQ0FNUE8tMjAyNi5wZGYiPkk8L2E+PGEgaHJlZj0iaHR0cHM6Ly93d3cudWZtZy5ici9kcmNhL3dwLWNvbnRlbnQvdXBsb2Fkcy8yMDI2LzA0L05TVFJVQ0FPLUxFQ0FNUE8tMjAyNi5wZGYiPklhPjwvPGEgaHJlZj0iaHR0cHM6Ly9zaXN0ZW1hcy51Zm1nLmJyL3JlZ2lzdHJvLWRpc2NlbnRlL3JlZ2lzdHJvZGlzY2VudGUvY29tcGxlbWVudGFyaW5mb2NhZGFzdHJhaXMvbG9naW4uc2VhbSI+PC9hPjxhIGhyZWY9Imh0dHBzOi8vc2lzdGVtYXMudWZtZy5ici9yZWdpc3Ryby1kaXNjZW50ZS9yZWdpc3Ryb2Rpc2NlbnRlL2NvbXBsZW1lbnRhcmluZm9jYWRhc3RyYWlzL2xvZ2luLnNlYW0iPmE+PC9zdGF0ZXZlcnNpb24gdGFyZ2V0PSJfYmxhbmsiIHJlbD0ibm9yZWZlcnJlciBub29wZW5lciI8YSBocmVmPSJodHRwczovL3d3dy51Zm1nLmJyL2RyY2Evd3AtY29udGVudC91cGxvYWRzLzIwMjYvMDQvTlNUUlVDQU8tTEVDQU1QTy0yMDI2LnBkZiI+STwvYT4gdGFyZ2V0PSJfYmxhbmsiIHJlbD0ibm9yZWZlcnJlciBub29wZW5lciIgdGFyZ2V0PSJfYmxhbmsiIHJlbD0ibm9yZWZlcnJlciBub29wZW5lciIgdGFyZ2V0PSJfYmxhbmsiIHJlbD0ibm9yZWZlcnJlciBub29wZW5lciJzdGF0ZXZlcnNpb24FBwgECAYIBQgHCAcIBggOCA4IC0gBBAwJFBgPGAgGCAZBAgYIBwQKRwALCggHBAoHQQAVBwsIBwQKByoHCwgHBApHAAuZAQEYNCyPAQgEBQcFBz0cBD0aAgSrAQEEqwEBBAUHKj0aAgRqAQUHDQEDAAABBwAFAQEAIAEUQgEBAEEAAgBBAAIAQQACAEEAAgAUQQETQQsIB0EGPTAfBEEClgIEQQ4DZQB9AX0FfQB3BmNsb3NlZHcGY2xvc2VkdwB5dwB3AHcAdwB+dQF9LHh3DmNvcmUvcGFyYWdyYXBoeXckMjc4MGMxNDItMjIzZC00MzJjLWI2ZGItMWMyZjQxYmZiZjI0dyQxNDMyNjI1Ny1kYTg1LTQxY2YtYjhkOS02NWRkY2ExMTRmY2R4dw5jb3JlL3BhcmFncmFwaHl3JGNmYzg2MWYxLTkwNWItNGY4Mi1iZTFlLTljYjE3Mjk2ZDk5OHh3DmNvcmUvcGFyYWdyYXBoeXckNjZlNmY0MTEtNWFlOC00YWEzLTkzMTQtMDA4NmZlM2U0YjQxeHcOY29yZS9wYXJhZ3JhcGh5dwdwdWJsaXNodxMyMDI2LTA0LTE3VDE2OjU3OjU4dw0xYS1jaGFtYWRhLTExe0J52dC\/jDAAe0HtLYNUQAAACQABAAOitbDLDg4BAQESEgABBwEGBwAXPAEvAR4VAwiVASoDrgJevQIB\/9b71QwBAACLs+HRBwEAAA==\",\"updateId\":848712687}","footnotes":""},"folder":[44],"class_list":["post-1119","page","type-page","status-publish","hentry"],"acf":[],"_links":{"self":[{"href":"https:\/\/www.ufmg.br\/drca\/wp-json\/wp\/v2\/pages\/1119","targetHints":{"allow":["GET"]}}],"collection":[{"href":"https:\/\/www.ufmg.br\/drca\/wp-json\/wp\/v2\/pages"}],"about":[{"href":"https:\/\/www.ufmg.br\/drca\/wp-json\/wp\/v2\/types\/page"}],"author":[{"embeddable":true,"href":"https:\/\/www.ufmg.br\/drca\/wp-json\/wp\/v2\/users\/5"}],"replies":[{"embeddable":true,"href":"https:\/\/www.ufmg.br\/drca\/wp-json\/wp\/v2\/comments?post=1119"}],"version-history":[{"count":3,"href":"https:\/\/www.ufmg.br\/drca\/wp-json\/wp\/v2\/pages\/1119\/revisions"}],"predecessor-version":[{"id":1144,"href":"https:\/\/www.ufmg.br\/drca\/wp-json\/wp\/v2\/pages\/1119\/revisions\/1144"}],"wp:attachment":[{"href":"https:\/\/www.ufmg.br\/drca\/wp-json\/wp\/v2\/media?parent=1119"}],"wp:term":[{"taxonomy":"folder","embeddable":true,"href":"https:\/\/www.ufmg.br\/drca\/wp-json\/wp\/v2\/folder?post=1119"}],"curies":[{"name":"wp","href":"https:\/\/api.w.org\/{rel}","templated":true}]}}