{"id":1139,"date":"2026-04-17T17:10:36","date_gmt":"2026-04-17T20:10:36","guid":{"rendered":"https:\/\/www.ufmg.br\/drca\/?page_id=1139"},"modified":"2026-05-04T15:45:18","modified_gmt":"2026-05-04T18:45:18","slug":"1a-chamada-10","status":"publish","type":"page","link":"https:\/\/www.ufmg.br\/drca\/1a-chamada-10\/","title":{"rendered":"1\u00aa Chamada"},"content":{"rendered":"\n<p class=\"wp-block-paragraph\">Convoca\u00e7\u00e3o<\/p>\n\n\n\n<p class=\"wp-block-paragraph\"><a href=\"https:\/\/www.ufmg.br\/drca\/wp-content\/uploads\/2026\/04\/INSTRUCOES-FIEI-2026-1a-CHAMADA.pdf\">Instru\u00e7\u00f5es para registro acad\u00eamico<\/a><\/p>\n\n\n\n<p class=\"wp-block-paragraph\"><a href=\"https:\/\/sistemas.ufmg.br\/registro-discente\/registrodiscente\/complementarinfocadastrais\/login.seam\" target=\"_blank\" rel=\"noreferrer noopener\">Registro online Clique aqui para acessar) <\/a><\/p>\n\n\n\n<p class=\"wp-block-paragraph\"><\/p>\n","protected":false},"excerpt":{"rendered":"<p>Convoca\u00e7\u00e3o Instru\u00e7\u00f5es para registro acad\u00eamico Registro online Clique aqui para acessar)<\/p>\n","protected":false},"author":5,"featured_media":0,"parent":0,"menu_order":0,"comment_status":"closed","ping_status":"closed","template":"","meta":{"_acf_changed":false,"_crdt_document":"{\"document\":\"AAA3ufWJhB3czLG3AQD59YmEHQDczLG3AQS59YmEHdzMsbcBBJbhjtManMyxtwGw0rmbDNzMsbcBV2qMEADGELAW\/AeKAcQPqBSKAQj4Fr4PogOMA6IDyho2AQNQIBYBAQgASApKJAEBCABICgYMXCIBAQgASApKpAEBAQgASN4DngYCDAioAZgBzAiqDdoNvBDYD8YEiAcCoA\/MD5QP7A2GEe4PJQK2FuIUArYEAhSeCKIDjAOiA8oajgICACAAlgQCABQAqAEAmAF3KACEAMQAhADEAoQAxAIhAKgAIQDEAcEAxAAhAicAAQAnASgEJwAoBicARACEAAcAKAInASgAJwAEAIcAKAInASgAJwAEAIQBhwAoAicBKAAnAAQAhwAoAicBKAAnAAQAhAGBAIQCRADEAYQARADEAIQAqADBA8TWDekMc3RhdGV2ZXJzaW9uIHBhcGHDtWVzIHBhcmEgcmVnaXN0cm8gYWNhZMOqbWljb8O1ZXMgcGFyYSByZWdpc3RybyBhY2Fkw6ptaWNvPGEgaHJlZj0iaHR0cHM6Ly93d3cudWZtZy5ici9kcmNhL3dwLWNvbnRlbnQvdXBsb2Fkcy8yMDI2LzA0L05TVFJVQ09FUy1GSUVJLTIwMjYtMWEtQ0hBTUFEQS5wZGYiPkk8L2E+PGEgaHJlZj0iaHR0cHM6Ly93d3cudWZtZy5ici9kcmNhL3dwLWNvbnRlbnQvdXBsb2Fkcy8yMDI2LzA0L05TVFJVQ09FUy1GSUVJLTIwMjYtMWEtQ0hBTUFEQS5wZGYiPklhPjwvc3RhdGV2ZXJzaW9uc3RhdGV2ZXJzaW9uIHRhcmdldD0iX2JsYW5rIiByZWw9Im5vcmVmZXJyZXIgbm9vcGVuZXIiIHRhcmdldD0iX2JsYW5rIiByZWw9Im5vcmVmZXJyZXIgbm9vcGVuZXIiIHRhcmdldD0iX2JsYW5rIiByZWw9Im5vcmVmZXJyZXIgbm9vcGVuZXIic3RhdGV2ZXJzaW9uZG9jdW1lbnRkYXRlZG9jdW1lbnRzdGF0dXNkb2N1bWVudHRpdGxlZG9jdW1lbnRjb250ZW50ZG9jdW1lbnRleGNlcnB0ZG9jdW1lbnRhdXRob3Jkb2N1bWVudGZlYXR1cmVkX21lZGlhZG9jdW1lbnRjb21tZW50X3N0YXR1c2RvY3VtZW50cGluZ19zdGF0dXNkb2N1bWVudHRlbXBsYXRlZG9jdW1lbnRtZXRhX2FjZl9jaGFuZ2VkZm9vdG5vdGVzX2VsZW1lbnRvcl9lZGl0X21vZGVfZWxlbWVudG9yX3RlbXBsYXRlX3R5cGVfZWxlbWVudG9yX2RhdGFfZWxlbWVudG9yX3BhZ2Vfc2V0dGluZ3Nkb2N1bWVudGZvbGRlcmRvY3VtZW50YmxvY2tzMcKqIENoYW1hZGFjbGllbnRJZGlzVmFsaWRuYW1lYXR0cmlidXRlc2NvbnRlbnRkcm9wQ2FwaW5uZXJCbG9ja3NDb252b2Nhw6fDo29jbGllbnRJZGlzVmFsaWRuYW1lYXR0cmlidXRlc2NvbnRlbnRkcm9wQ2FwaW5uZXJCbG9ja3NJbnN0cnXDp8Ojb2NsaWVudElkaXNWYWxpZG5hbWVhdHRyaWJ1dGVzY29udGVudGRyb3BDYXBpbm5lckJsb2Nrc1JlZ2lzdHJvIG9ubGluZSBDbGlxdWUgYXF1aSBwYXJhIGFjZXNzYXIpIGNsaWVudElkaXNWYWxpZG5hbWVhdHRyaWJ1dGVzY29udGVudGRyb3BDYXBpbm5lckJsb2NrczwhLS0gd3A6cGFyYWdyYXBoIC0tPgo8cD5Db252b2Nhw6fDo288L3A+CjwhLS0gL3dwOnBhcmFncmFwaCAtLT4KCjwhLS0gd3A6cGFyYWdyYXBoIC0tPgo8cD5JbnN0cnXDp3A+CjwhLS0gL3dwOnBhcmFncmFwaCAtLT4KCjwhLS0gd3A6cGFyYWdyYXBoIC0tPgo8cD5SZWdpc3RybyBvbmxpbmUgQ2xpcXVlIGFxdWkgcGFyYSBhY2Vzc2FyKSA8L3A+CjwhLS0gL3dwOnBhcmFncmFwaCAtLT4KCjwhLS0gd3A6cGFyYWdyYXBoIC0tPgo8cD48L3A+CjwhLS0gL3dwOnBhcmFncmFwaCAtLT48YSBocmVmPSJodHRwczovL3d3dy51Zm1nLmJyL2RyY2Evd3AtY29udGVudC91cGxvYWRzLzIwMjYvMDQvTlNUUlVDT0VTLUZJRUktMjAyNi0xYS1DSEFNQURBLnBkZiI+STwvYT48YSBocmVmPSJodHRwczovL3Npc3RlbWFzLnVmbWcuYnIvcmVnaXN0cm8tZGlzY2VudGUvcmVnaXN0cm9kaXNjZW50ZS9jb21wbGVtZW50YXJpbmZvY2FkYXN0cmFpcy9sb2dpbi5zZWFtIj48L2E+PC88YSBocmVmPSJodHRwczovL3Npc3RlbWFzLnVmbWcuYnIvcmVnaXN0cm8tZGlzY2VudGUvcmVnaXN0cm9kaXNjZW50ZS9jb21wbGVtZW50YXJpbmZvY2FkYXN0cmFpcy9sb2dpbi5zZWFtIj5hPjwvBQcDAlsAPSUEPSUEBQcFB2oBBQcIBAgGCAUIBwgHCAYIDggOCAtIAQQMCRQYDxgIBggGAQkIBwQKRwALCggHBApHAAsBBgIIBwQKRwALKggHBApHAAuZAQEGNCyPAT0jAgSrAQEEAqsBAQQLAQYAAAEHAAUBAQAUQgEBAEEAAgBBAAIAQQACAEEAAgAOQQIqQQETQRoEAT0jQgAECwB9AQIAdxMyMDI2LTA0LTE3VDE3OjEwOjM2BQBTAH0FfQB3BmNsb3NlZHcGY2xvc2VkdwB5dwB3AHcAdwB+dQF9KnckNzBiYTkxN2YtNWNlMS00MTRhLWJmOGEtNTAyY2JjYzQ1ZjgxeHcOY29yZS9wYXJhZ3JhcGh5dyRlNzYyYzQ4ZC0xZTZiLTQzYTQtODJkZS00ODViYmE2NmM3Nzl4dw5jb3JlL3BhcmFncmFwaHl3JGRlNGYwZjM2LTE0YzQtNDA3Ni1hMjdjLWY5YjllOGFiYjU2NXh3DmNvcmUvcGFyYWdyYXBoeXckODA2NTQ4MzgtMTdmZi00YTNiLWI3YzQtZGMzZmEyYjY0OWQxeHcOY29yZS9wYXJhZ3JhcGh5dwdwdWJsaXNoBPn6hMIOAQEE1rDHqQ0BAACw6dyNBgIAKiopnObYWwYAAgESOwGaAQOvAWVxYw==\",\"updateId\":280731510}","footnotes":""},"folder":[42],"class_list":["post-1139","page","type-page","status-publish","hentry"],"acf":[],"_links":{"self":[{"href":"https:\/\/www.ufmg.br\/drca\/wp-json\/wp\/v2\/pages\/1139","targetHints":{"allow":["GET"]}}],"collection":[{"href":"https:\/\/www.ufmg.br\/drca\/wp-json\/wp\/v2\/pages"}],"about":[{"href":"https:\/\/www.ufmg.br\/drca\/wp-json\/wp\/v2\/types\/page"}],"author":[{"embeddable":true,"href":"https:\/\/www.ufmg.br\/drca\/wp-json\/wp\/v2\/users\/5"}],"replies":[{"embeddable":true,"href":"https:\/\/www.ufmg.br\/drca\/wp-json\/wp\/v2\/comments?post=1139"}],"version-history":[{"count":5,"href":"https:\/\/www.ufmg.br\/drca\/wp-json\/wp\/v2\/pages\/1139\/revisions"}],"predecessor-version":[{"id":1987,"href":"https:\/\/www.ufmg.br\/drca\/wp-json\/wp\/v2\/pages\/1139\/revisions\/1987"}],"wp:attachment":[{"href":"https:\/\/www.ufmg.br\/drca\/wp-json\/wp\/v2\/media?parent=1139"}],"wp:term":[{"taxonomy":"folder","embeddable":true,"href":"https:\/\/www.ufmg.br\/drca\/wp-json\/wp\/v2\/folder?post=1139"}],"curies":[{"name":"wp","href":"https:\/\/api.w.org\/{rel}","templated":true}]}}