{"id":1178,"date":"2026-04-22T09:49:52","date_gmt":"2026-04-22T12:49:52","guid":{"rendered":"https:\/\/www.ufmg.br\/drca\/?page_id=1178"},"modified":"2026-05-04T13:56:55","modified_gmt":"2026-05-04T16:56:55","slug":"registro-academico","status":"publish","type":"page","link":"https:\/\/www.ufmg.br\/drca\/registro-academico\/","title":{"rendered":"Registro Acad\u00eamico"},"content":{"rendered":"\t\t<div data-elementor-type=\"wp-page\" data-elementor-id=\"1178\" class=\"elementor elementor-1178\">\n\t\t\t\t<div class=\"elementor-element elementor-element-cbdca08 e-flex e-con-boxed e-con e-parent\" data-id=\"cbdca08\" data-element_type=\"container\" data-e-type=\"container\">\n\t\t\t\t\t<div class=\"e-con-inner\">\n\t\t\t\t<div class=\"elementor-element elementor-element-ff06167 elementor-widget elementor-widget-text-editor\" data-id=\"ff06167\" data-element_type=\"widget\" data-e-type=\"widget\" data-widget_type=\"text-editor.default\">\n\t\t\t\t\t\t\t\t\t<p><a href=\"https:\/\/www.ufmg.br\/drca\/1-o-registro-academico\/\" rel=\"noopener\">1. O Registro Acad\u00eamico<\/a><\/p><p><a href=\"https:\/\/www.ufmg.br\/drca\/2-etapas-do-procedimento-de-registro-via-cadastro-previo\/\" rel=\"noopener\">2. Etapas do procedimento de registro via cadastro pr\u00e9vio<\/a><\/p><p><a href=\"https:\/\/www.ufmg.br\/drca\/3-funcoes-por-agente\/\" rel=\"noopener\">3. Fun\u00e7\u00f5es por agente<\/a><\/p><p><a href=\"https:\/\/www.ufmg.br\/drca\/4-documentacao\/\" rel=\"noopener\">4. Documenta\u00e7\u00e3o<\/a><\/p><p><a href=\"https:\/\/www.ufmg.br\/drca\/5-procedimentos-seguintes-ao-registro-academico\/\" rel=\"noopener\">5. Procedimentos seguintes ao Registro Acad\u00eamico<\/a><\/p><p><a href=\"https:\/\/www.ufmg.br\/drca\/6-links-uteis\/\" rel=\"noopener\">6. Links \u00dateis<\/a><\/p>\t\t\t\t\t\t\t\t<\/div>\n\t\t\t\t\t<\/div>\n\t\t\t\t<\/div>\n\t\t\t\t<\/div>\n\t\t","protected":false},"excerpt":{"rendered":"<p>1. O Registro Acad\u00eamico 2. Etapas do procedimento de registro via cadastro pr\u00e9vio 3. Fun\u00e7\u00f5es por agente 4. Documenta\u00e7\u00e3o 5. Procedimentos seguintes ao Registro Acad\u00eamico 6. Links \u00dateis<\/p>\n","protected":false},"author":4,"featured_media":0,"parent":0,"menu_order":0,"comment_status":"closed","ping_status":"closed","template":"","meta":{"_acf_changed":false,"_crdt_document":"{\"document\":\"AAApz5PeuggXhvuZrAXQ55aiBSHPk966CADQ55aiBQ3Pk966CALQ55aiBQVGBgMBCAQCBgIEFgEDdAQMAqYDArQBCgIsCgIgCgKiAQoCHgoFAAbICiySAwK0AQoCLAoCIAoCogEKAh7wCAMABrIIAQIKShYKBAwCpgMCtAEKAiwKAiAKAqIBCgIeSygAIQAoACcABACBAIQAgQCEAYEAhACBAIQAJwEoBCcAKAEhAigBJwDEAyEAxA6oAyEAqAAEAIQOqAGhAAcAIQAoACEAKAAnACEAJ8AK5wlzdGF0ZXZlcnNpb25kb2N1bWVudGRhdGVkb2N1bWVudHN0YXR1c2RvY3VtZW50dGl0bGVSc28gYW1pY29kb2N1bWVudGNvbnRlbnRkb2N1bWVudGV4Y2VycHRkb2N1bWVudGF1dGhvcmRvY3VtZW50ZmVhdHVyZWRfbWVkaWFkb2N1bWVudGNvbW1lbnRfc3RhdHVzZG9jdW1lbnRwaW5nX3N0YXR1c2RvY3VtZW50dGVtcGxhdGVkb2N1bWVudG1ldGFfYWNmX2NoYW5nZWRmb290bm90ZXNfZWxlbWVudG9yX2VkaXRfbW9kZV9lbGVtZW50b3JfdGVtcGxhdGVfdHlwZV9lbGVtZW50b3JfZGF0YV9lbGVtZW50b3JfcGFnZV9zZXR0aW5nc2RvY3VtZW50Zm9sZGVyZG9jdW1lbnRibG9ja3NlZ2l0ckFjZMOqc3RhdGV2ZXJzaW9uPGEgaHJlZj0iaHR0cHM6Ly93d3cudWZtZy5ici9kcmNhLy1ldGFwYXMtZG8tcHJvY2VkaW1lbnRvLWRlLXJlZ2lzdHJvLXZpYS1jYWRhc3Ryby1wcmV2aW8vIiB0YXJnZXQ9Il9ibGFuayIgcmVsPSJub29wZW5lciI+MmE+PC88YSBocmVmPSJodHRwczovL3d3dy51Zm1nLmJyL2RyY2EvLWZ1bmNvZXMtcG9yLWFnZW50ZS8iIHRhcmdldD0iX2JsYW5rIiByZWw9Im5vb3BlbmVyIj4zYT48LzxhIGhyZWY9Imh0dHBzOi8vd3d3LnVmbWcuYnIvZHJjYS8tZG9jdW1lbnRhY2FvLyIgdGFyZ2V0PSJfYmxhbmsiIHJlbD0ibm9vcGVuZXIiPjRhPjwvPGEgaHJlZj0iaHR0cHM6Ly93d3cudWZtZy5ici9kcmNhLy1wcm9jZWRpbWVudG9zLXNlZ3VpbnRlcy1hby1yZWdpc3Ryby1hY2FkZW1pY28vIiB0YXJnZXQ9Il9ibGFuayIgcmVsPSJub29wZW5lciI+NWE+PC88YSBocmVmPSJodHRwczovL3d3dy51Zm1nLmJyL2RyY2EvLWxpbmtzLXV0ZWlzLyIgdGFyZ2V0PSJfYmxhbmsiIHJlbD0ibm9vcGVuZXIiPjZhPjwvc3RhdGV2ZXJzaW9uPHA+PGEgaHJlZj0iaHR0cHM6Ly93d3cudWZtZy5ici9kcmNhLzEtby1yZWdpc3Ryby1hY2FkZW1pY28vIiB0YXJnZXQ9Il9ibGFuayIgcmVsPSJub29wZW5lciI+MS4gTyBSZWdpc3RybyBBY2Fkw6ptaWNvPC9hPjwvcD48cD4yLiBFdGFwYXMgZG8gcHJvY2VkaW1lbnRvIGRlIHJlZ2lzdHJvIHZpYSBjYWRhc3RybyBwcsOpdmlvPC9wPjxwPjMuIEZ1bsOnw7VlcyBwb3IgYWdlbnRlPC9wPjxwPjQuIERvY3VtZW50YcOnw6NvPC9wPjxwPjUuIFByb2NlZGltZW50b3Mgc2VndWludGVzIGFvIFJlZ2lzdHJvIEFjYWTDqm1pY288L3A+PHA+Ni4gTGlua3Mgw5p0ZWlzPC9wPmNsaWVudElkaXNWYWxpZG9yaWdpbmFsQ29udGVudG5hbWVhdHRyaWJ1dGVzY29udGVudGlubmVyQmxvY2tzBQcIBAgGCAVBAAJBAAMIBwgHCAYIDggOCAtIAQQMCRQYDxgIBggGA0IBBQcimgEEIjYEIjAEIpEBBCIvBAUHvwEBOgUBFgUBEAUBMQUBDwIIBw8ECgcLCwEDAAABBwAFAQMAB0IBAQBBAAAHQQIEAwJBGQMiAH0BdwphdXRvLWRyYWZ0fQR9AHcGY2xvc2VkdwZjbG9zZWR3AHl3AH51AX0tFAB35QhbeyJpZCI6ImNiZGNhMDgiLCJlbFR5cGUiOiJjb250YWluZXIiLCJzZXR0aW5ncyI6W10sImVsZW1lbnRzIjpbeyJpZCI6ImZmMDYxNjciLCJlbFR5cGUiOiJ3aWRnZXQiLCJzZXR0aW5ncyI6eyJlZGl0b3IiOiI8cD48YSBocmVmPVwiaHR0cHM6XC9cL3d3dy51Zm1nLmJyXC9kcmNhXC8xLW8tcmVnaXN0cm8tYWNhZGVtaWNvXC9cIiB0YXJnZXQ9XCJfYmxhbmtcIiByZWw9XCJub29wZW5lclwiPjEuIE8gUmVnaXN0cm8gQWNhZFx1MDBlYW1pY288XC9hPjxcL3A+PHA+PGEgaHJlZj1cImh0dHBzOlwvXC93d3cudWZtZy5iclwvZHJjYVwvMi1ldGFwYXMtZG8tcHJvY2VkaW1lbnRvLWRlLXJlZ2lzdHJvLXZpYS1jYWRhc3Ryby1wcmV2aW9cL1wiIHRhcmdldD1cIl9ibGFua1wiIHJlbD1cIm5vb3BlbmVyXCI+Mi4gRXRhcGFzIGRvIHByb2NlZGltZW50byBkZSByZWdpc3RybyB2aWEgY2FkYXN0cm8gcHJcdTAwZTl2aW88XC9hPjxcL3A+PHA+PGEgaHJlZj1cImh0dHBzOlwvXC93d3cudWZtZy5iclwvZHJjYVwvMy1mdW5jb2VzLXBvci1hZ2VudGVcL1wiIHRhcmdldD1cIl9ibGFua1wiIHJlbD1cIm5vb3BlbmVyXCI+My4gRnVuXHUwMGU3XHUwMGY1ZXMgcG9yIGFnZW50ZTxcL2E+PFwvcD48cD48YSBocmVmPVwiaHR0cHM6XC9cL3d3dy51Zm1nLmJyXC9kcmNhXC80LWRvY3VtZW50YWNhb1wvXCIgdGFyZ2V0PVwiX2JsYW5rXCIgcmVsPVwibm9vcGVuZXJcIj40LiBEb2N1bWVudGFcdTAwZTdcdTAwZTNvPFwvYT48XC9wPjxwPjxhIGhyZWY9XCJodHRwczpcL1wvd3d3LnVmbWcuYnJcL2RyY2FcLzUtcHJvY2VkaW1lbnRvcy1zZWd1aW50ZXMtYW8tcmVnaXN0cm8tYWNhZGVtaWNvXC9cIiB0YXJnZXQ9XCJfYmxhbmtcIiByZWw9XCJub29wZW5lclwiPjUuIFByb2NlZGltZW50b3Mgc2VndWludGVzIGFvIFJlZ2lzdHJvIEFjYWRcdTAwZWFtaWNvPFwvYT48XC9wPjxwPjxhIGhyZWY9XCJodHRwczpcL1wvd3d3LnVmbWcuYnJcL2RyY2FcLzYtbGlua3MtdXRlaXNcL1wiIHRhcmdldD1cIl9ibGFua1wiIHJlbD1cIm5vb3BlbmVyXCI+Ni4gTGlua3MgXHUwMGRhdGVpczxcL2E+PFwvcD4ifSwiZWxlbWVudHMiOltdLCJ3aWRnZXRUeXBlIjoidGV4dC1lZGl0b3IifV0sImlzSW5uZXIiOmZhbHNlfV13JDljNjc4NWY3LTY0OWQtNDJiYi05MjE1LTdiOWU3N2I4MzNkM3fFBjxwPjxhIGhyZWY9Imh0dHBzOi8vd3d3LnVmbWcuYnIvZHJjYS8xLW8tcmVnaXN0cm8tYWNhZGVtaWNvLyIgdGFyZ2V0PSJfYmxhbmsiIHJlbD0ibm9vcGVuZXIiPjEuIE8gUmVnaXN0cm8gQWNhZMOqbWljbzwvYT48L3A+CjxwPjxhIGhyZWY9Imh0dHBzOi8vd3d3LnVmbWcuYnIvZHJjYS8yLWV0YXBhcy1kby1wcm9jZWRpbWVudG8tZGUtcmVnaXN0cm8tdmlhLWNhZGFzdHJvLXByZXZpby8iIHRhcmdldD0iX2JsYW5rIiByZWw9Im5vb3BlbmVyIj4yLiBFdGFwYXMgZG8gcHJvY2VkaW1lbnRvIGRlIHJlZ2lzdHJvIHZpYSBjYWRhc3RybyBwcsOpdmlvPC9hPjwvcD4KPHA+PGEgaHJlZj0iaHR0cHM6Ly93d3cudWZtZy5ici9kcmNhLzMtZnVuY29lcy1wb3ItYWdlbnRlLyIgdGFyZ2V0PSJfYmxhbmsiIHJlbD0ibm9vcGVuZXIiPjMuIEZ1bsOnw7VlcyBwb3IgYWdlbnRlPC9hPjwvcD4KPHA+PGEgaHJlZj0iaHR0cHM6Ly93d3cudWZtZy5ici9kcmNhLzQtZG9jdW1lbnRhY2FvLyIgdGFyZ2V0PSJfYmxhbmsiIHJlbD0ibm9vcGVuZXIiPjQuIERvY3VtZW50YcOnw6NvPC9hPjwvcD4KPHA+PGEgaHJlZj0iaHR0cHM6Ly93d3cudWZtZy5ici9kcmNhLzUtcHJvY2VkaW1lbnRvcy1zZWd1aW50ZXMtYW8tcmVnaXN0cm8tYWNhZGVtaWNvLyIgdGFyZ2V0PSJfYmxhbmsiIHJlbD0ibm9vcGVuZXIiPjUuIFByb2NlZGltZW50b3Mgc2VndWludGVzIGFvIFJlZ2lzdHJvIEFjYWTDqm1pY288L2E+PC9wPgo8cD48YSBocmVmPSJodHRwczovL3d3dy51Zm1nLmJyL2RyY2EvNi1saW5rcy11dGVpcy8iIHRhcmdldD0iX2JsYW5rIiByZWw9Im5vb3BlbmVyIj42LiBMaW5rcyDDmnRlaXM8L2E+PC9wPnfFBjxwPjxhIGhyZWY9Imh0dHBzOi8vd3d3LnVmbWcuYnIvZHJjYS8xLW8tcmVnaXN0cm8tYWNhZGVtaWNvLyIgdGFyZ2V0PSJfYmxhbmsiIHJlbD0ibm9vcGVuZXIiPjEuIE8gUmVnaXN0cm8gQWNhZMOqbWljbzwvYT48L3A+CjxwPjxhIGhyZWY9Imh0dHBzOi8vd3d3LnVmbWcuYnIvZHJjYS8yLWV0YXBhcy1kby1wcm9jZWRpbWVudG8tZGUtcmVnaXN0cm8tdmlhLWNhZGFzdHJvLXByZXZpby8iIHRhcmdldD0iX2JsYW5rIiByZWw9Im5vb3BlbmVyIj4yLiBFdGFwYXMgZG8gcHJvY2VkaW1lbnRvIGRlIHJlZ2lzdHJvIHZpYSBjYWRhc3RybyBwcsOpdmlvPC9hPjwvcD4KPHA+PGEgaHJlZj0iaHR0cHM6Ly93d3cudWZtZy5ici9kcmNhLzMtZnVuY29lcy1wb3ItYWdlbnRlLyIgdGFyZ2V0PSJfYmxhbmsiIHJlbD0ibm9vcGVuZXIiPjMuIEZ1bsOnw7VlcyBwb3IgYWdlbnRlPC9hPjwvcD4KPHA+PGEgaHJlZj0iaHR0cHM6Ly93d3cudWZtZy5ici9kcmNhLzQtZG9jdW1lbnRhY2FvLyIgdGFyZ2V0PSJfYmxhbmsiIHJlbD0ibm9vcGVuZXIiPjQuIERvY3VtZW50YcOnw6NvPC9hPjwvcD4KPHA+PGEgaHJlZj0iaHR0cHM6Ly93d3cudWZtZy5ici9kcmNhLzUtcHJvY2VkaW1lbnRvcy1zZWd1aW50ZXMtYW8tcmVnaXN0cm8tYWNhZGVtaWNvLyIgdGFyZ2V0PSJfYmxhbmsiIHJlbD0ibm9vcGVuZXIiPjUuIFByb2NlZGltZW50b3Mgc2VndWludGVzIGFvIFJlZ2lzdHJvIEFjYWTDqm1pY288L2E+PC9wPgo8cD48YSBocmVmPSJodHRwczovL3d3dy51Zm1nLmJyL2RyY2EvNi1saW5rcy11dGVpcy8iIHRhcmdldD0iX2JsYW5rIiByZWw9Im5vb3BlbmVyIj42LiBMaW5rcyDDmnRlaXM8L2E+PC9wPh0AdxMyMDI2LTA0LTIyVDA5OjQ5OjUydwdidWlsZGVydwd3cC1wYWdleHcNY29yZS9mcmVlZm9ybQPPia+dBAYBAAMAAQMDAgEBDQLG\/YzWAgEAANCzi9ECBQAAvQIAAQABAAIA\",\"updateId\":412586910}","footnotes":""},"folder":[45],"class_list":["post-1178","page","type-page","status-publish","hentry"],"acf":[],"_links":{"self":[{"href":"https:\/\/www.ufmg.br\/drca\/wp-json\/wp\/v2\/pages\/1178","targetHints":{"allow":["GET"]}}],"collection":[{"href":"https:\/\/www.ufmg.br\/drca\/wp-json\/wp\/v2\/pages"}],"about":[{"href":"https:\/\/www.ufmg.br\/drca\/wp-json\/wp\/v2\/types\/page"}],"author":[{"embeddable":true,"href":"https:\/\/www.ufmg.br\/drca\/wp-json\/wp\/v2\/users\/4"}],"replies":[{"embeddable":true,"href":"https:\/\/www.ufmg.br\/drca\/wp-json\/wp\/v2\/comments?post=1178"}],"version-history":[{"count":30,"href":"https:\/\/www.ufmg.br\/drca\/wp-json\/wp\/v2\/pages\/1178\/revisions"}],"predecessor-version":[{"id":1939,"href":"https:\/\/www.ufmg.br\/drca\/wp-json\/wp\/v2\/pages\/1178\/revisions\/1939"}],"wp:attachment":[{"href":"https:\/\/www.ufmg.br\/drca\/wp-json\/wp\/v2\/media?parent=1178"}],"wp:term":[{"taxonomy":"folder","embeddable":true,"href":"https:\/\/www.ufmg.br\/drca\/wp-json\/wp\/v2\/folder?post=1178"}],"curies":[{"name":"wp","href":"https:\/\/api.w.org\/{rel}","templated":true}]}}