{"id":1184,"date":"2026-04-22T09:51:59","date_gmt":"2026-04-22T12:51:59","guid":{"rendered":"https:\/\/www.ufmg.br\/drca\/?page_id=1184"},"modified":"2026-05-04T13:33:57","modified_gmt":"2026-05-04T16:33:57","slug":"1-o-registro-academico","status":"publish","type":"page","link":"https:\/\/www.ufmg.br\/drca\/1-o-registro-academico\/","title":{"rendered":"1. O Registro Acad\u00eamico"},"content":{"rendered":"\t\t<div data-elementor-type=\"wp-page\" data-elementor-id=\"1184\" class=\"elementor elementor-1184\">\n\t\t\t\t<div class=\"elementor-element elementor-element-0b24c99 e-flex e-con-boxed e-con e-parent\" data-id=\"0b24c99\" data-element_type=\"container\" data-e-type=\"container\">\n\t\t\t\t\t<div class=\"e-con-inner\">\n\t\t\t\t<div class=\"elementor-element elementor-element-3aaa865 elementor-widget elementor-widget-text-editor\" data-id=\"3aaa865\" data-element_type=\"widget\" data-e-type=\"widget\" data-widget_type=\"text-editor.default\">\n\t\t\t\t\t\t\t\t\t<p class=\" text-justify\">O Registro Acad\u00eamico \u00e9 o primeiro ato acad\u00eamico obrigat\u00f3rio a ser realizado pelo candidato classificado para ocupar a vaga obtida em exame de sele\u00e7\u00e3o realizado por\u00a0<a href=\"https:\/\/www.ufmg.br\/prpg\/doutoradomestrado\/\" target=\"_blank\" rel=\"noopener\">programa de p\u00f3s-gradua\u00e7\u00e3o<\/a>\u00a0ou por\u00a0<a href=\"https:\/\/www.ufmg.br\/prpg\/especializacao\/\" target=\"_blank\" rel=\"noopener\">curso de especializa\u00e7\u00e3o<\/a>. Por meio do Registro Acad\u00eamico, o candidato\u00a0classificado fornece \u00e0 UFMG seus dados pessoais e acad\u00eamicos, entre outros.<\/p><p class=\" text-justify\">Cada aluno tem direito a um \u00fanico Registro Acad\u00eamico, que corresponde a uma s\u00f3 vaga no curso em que foi admitido na UFMG. Enquanto seu registro em um curso estiver ativo, n\u00e3o poder\u00e1 ser registrado em outro.<\/p><p class=\" text-justify\">O Registro Acad\u00eamico em cursos de p\u00f3s-gradua\u00e7\u00e3o stricto e lato sensu \u00e9 realizado com o aux\u00edlio das Secretarias de Colegiado de Curso, que atuam como intermedi\u00e1rias entre o fornecimento de documentos e informa\u00e7\u00f5es pelo candidato classificado e a remessa desses para o\u00a0<a href=\"http:\/\/www.ufmg.br\/drca\" target=\"_blank\" rel=\"noopener\">Departamento de Registro e Controle Acad\u00eamico<\/a>\u00a0(DRCA).<\/p><p class=\" text-justify\">O candidato classificado dever\u00e1 atender aos prazos definidos no\u00a0<a href=\"https:\/\/www.ufmg.br\/prpg\/editais\/\" target=\"_blank\" rel=\"noopener\">edital do processo seletivo<\/a>\u00a0em que se inscreveu para entregar, na Secretaria do curso correspondente, os documentos exigidos e para preencher,\u00a0<b>exclusivamente pela internet<\/b>, a\u00a0<a href=\"https:\/\/sistemas.ufmg.br\/cadastroprevio\" target=\"_blank\" rel=\"noopener\">Ficha de Cadastramento Pr\u00e9vio<\/a>. Caso tenha d\u00favidas quanto a esses prazos, o candidato deve procurar a Secretaria para dirimi-las.<\/p><p class=\" text-justify\">A Secretaria do curso orientar-se-\u00e1 igualmente pelos prazos estabelecidos no edital do processo seletivo, bem como no\u00a0<a href=\"https:\/\/www.ufmg.br\/a-universidade\/calendario-escolar\/\" target=\"_blank\" rel=\"noopener\">Calend\u00e1rio Escolar da UFMG<\/a>.<\/p>\t\t\t\t\t\t\t\t<\/div>\n\t\t\t\t\t<\/div>\n\t\t\t\t<\/div>\n\t\t\t\t<\/div>\n\t\t","protected":false},"excerpt":{"rendered":"<p>O Registro Acad\u00eamico \u00e9 o primeiro ato acad\u00eamico obrigat\u00f3rio a ser realizado pelo candidato classificado para ocupar a vaga obtida em exame de sele\u00e7\u00e3o realizado por\u00a0programa de p\u00f3s-gradua\u00e7\u00e3o\u00a0ou por\u00a0curso de especializa\u00e7\u00e3o. Por meio do Registro Acad\u00eamico, o candidato\u00a0classificado fornece \u00e0 UFMG seus dados pessoais e acad\u00eamicos, entre outros. Cada aluno tem direito a um \u00fanico [&hellip;]<\/p>\n","protected":false},"author":4,"featured_media":0,"parent":0,"menu_order":0,"comment_status":"closed","ping_status":"closed","template":"","meta":{"_acf_changed":false,"_crdt_document":"{\"document\":\"AAAGzJKg+xsPDAgwoDwBAxACAQIKSgAdKAMnAAQAJwAEACcAKAQnACgGJwAHACgDJwAoACeFE9YSc3RhdGV2ZXJzaW9uZG9jdW1lbnRkYXRlZG9jdW1lbnRzbHVnZG9jdW1lbnRzdGF0dXNkb2N1bWVudHRpdGxlMS4gTyBSZWdpc3RybyBBY2Fkw6ptaWNvZG9jdW1lbnRjb250ZW50PHA+TyBSZWdpc3RybyBBY2Fkw6ptaWNvIMOpIG8gcHJpbWVpcm8gYXRvIGFjYWTDqm1pY28gb2JyaWdhdMOzcmlvIGEgc2VyIHJlYWxpemFkbyBwZWxvIGNhbmRpZGF0byBjbGFzc2lmaWNhZG8gcGFyYSBvY3VwYXIgYSB2YWdhIG9idGlkYSBlbSBleGFtZSBkZSBzZWxlw6fDo28gcmVhbGl6YWRvIHBvcsKgPGEgaHJlZj0iaHR0cHM6Ly93d3cudWZtZy5ici9wcnBnL2RvdXRvcmFkb21lc3RyYWRvLyIgdGFyZ2V0PSJfYmxhbmsiIHJlbD0ibm9vcGVuZXIiPnByb2dyYW1hIGRlIHDDs3MtZ3JhZHVhw6fDo288L2E+wqBvdSBwb3LCoDxhIGhyZWY9Imh0dHBzOi8vd3d3LnVmbWcuYnIvcHJwZy9lc3BlY2lhbGl6YWNhby8iIHRhcmdldD0iX2JsYW5rIiByZWw9Im5vb3BlbmVyIj5jdXJzbyBkZSBlc3BlY2lhbGl6YcOnw6NvPC9hPi4gUG9yIG1laW8gZG8gUmVnaXN0cm8gQWNhZMOqbWljbywgbyBjYW5kaWRhdG\/CoGNsYXNzaWZpY2FkbyBmb3JuZWNlIMOgIFVGTUcgc2V1cyBkYWRvcyBwZXNzb2FpcyBlIGFjYWTDqm1pY29zLCBlbnRyZSBvdXRyb3MuPC9wPjxwPkNhZGEgYWx1bm8gdGVtIGRpcmVpdG8gYSB1bSDDum5pY28gUmVnaXN0cm8gQWNhZMOqbWljbywgcXVlIGNvcnJlc3BvbmRlIGEgdW1hIHPDsyB2YWdhIG5vIGN1cnNvIGVtIHF1ZSBmb2kgYWRtaXRpZG8gbmEgVUZNRy4gRW5xdWFudG8gc2V1IHJlZ2lzdHJvIGVtIHVtIGN1cnNvIGVzdGl2ZXIgYXRpdm8sIG7Do28gcG9kZXLDoSBzZXIgcmVnaXN0cmFkbyBlbSBvdXRyby48L3A+PHA+TyBSZWdpc3RybyBBY2Fkw6ptaWNvIGVtIGN1cnNvcyBkZSBww7NzLWdyYWR1YcOnw6NvIHN0cmljdG8gZSBsYXRvIHNlbnN1IMOpIHJlYWxpemFkbyBjb20gbyBhdXjDrWxpbyBkYXMgU2VjcmV0YXJpYXMgZGUgQ29sZWdpYWRvIGRlIEN1cnNvLCBxdWUgYXR1YW0gY29tbyBpbnRlcm1lZGnDoXJpYXMgZW50cmUgbyBmb3JuZWNpbWVudG8gZGUgZG9jdW1lbnRvcyBlIGluZm9ybWHDp8O1ZXMgcGVsbyBjYW5kaWRhdG8gY2xhc3NpZmljYWRvIGUgYSByZW1lc3NhIGRlc3NlcyBwYXJhIG\/CoDxhIGhyZWY9Imh0dHA6Ly93d3cudWZtZy5ici9kcmNhIiB0YXJnZXQ9Il9ibGFuayIgcmVsPSJub29wZW5lciI+RGVwYXJ0YW1lbnRvIGRlIFJlZ2lzdHJvIGUgQ29udHJvbGUgQWNhZMOqbWljbzwvYT7CoChEUkNBKS48L3A+PHA+TyBjYW5kaWRhdG8gY2xhc3NpZmljYWRvIGRldmVyw6EgYXRlbmRlciBhb3MgcHJhem9zIGRlZmluaWRvcyBub8KgPGEgaHJlZj0iaHR0cHM6Ly93d3cudWZtZy5ici9wcnBnL2VkaXRhaXMvIiB0YXJnZXQ9Il9ibGFuayIgcmVsPSJub29wZW5lciI+ZWRpdGFsIGRvIHByb2Nlc3NvIHNlbGV0aXZvPC9hPsKgZW0gcXVlIHNlIGluc2NyZXZldSBwYXJhIGVudHJlZ2FyLCBuYSBTZWNyZXRhcmlhIGRvIGN1cnNvIGNvcnJlc3BvbmRlbnRlLCBvcyBkb2N1bWVudG9zIGV4aWdpZG9zIGUgcGFyYSBwcmVlbmNoZXIswqA8Yj5leGNsdXNpdmFtZW50ZSBwZWxhIGludGVybmV0PC9iPiwgYcKgPGEgaHJlZj0iaHR0cHM6Ly9zaXN0ZW1hcy51Zm1nLmJyL2NhZGFzdHJvcHJldmlvIiB0YXJnZXQ9Il9ibGFuayIgcmVsPSJub29wZW5lciI+RmljaGEgZGUgQ2FkYXN0cmFtZW50byBQcsOpdmlvPC9hPi4gQ2FzbyB0ZW5oYSBkw7p2aWRhcyBxdWFudG8gYSBlc3NlcyBwcmF6b3MsIG8gY2FuZGlkYXRvIGRldmUgcHJvY3VyYXIgYSBTZWNyZXRhcmlhIHBhcmEgZGlyaW1pLWxhcy48L3A+PHA+QSBTZWNyZXRhcmlhIGRvIGN1cnNvIG9yaWVudGFyLXNlLcOhIGlndWFsbWVudGUgcGVsb3MgcHJhem9zIGVzdGFiZWxlY2lkb3Mgbm8gZWRpdGFsIGRvIHByb2Nlc3NvIHNlbGV0aXZvLCBiZW0gY29tbyBub8KgPGEgaHJlZj0iaHR0cHM6Ly93d3cudWZtZy5ici9hLXVuaXZlcnNpZGFkZS9jYWxlbmRhcmlvLWVzY29sYXIvIiB0YXJnZXQ9Il9ibGFuayIgcmVsPSJub29wZW5lciI+Q2FsZW5kw6FyaW8gRXNjb2xhciBkYSBVRk1HPC9hPi48L3A+ZG9jdW1lbnRleGNlcnB0ZG9jdW1lbnRhdXRob3Jkb2N1bWVudGZlYXR1cmVkX21lZGlhZG9jdW1lbnRjb21tZW50X3N0YXR1c2RvY3VtZW50cGluZ19zdGF0dXNkb2N1bWVudHRlbXBsYXRlZG9jdW1lbnRtZXRhX2FjZl9jaGFuZ2VkZm9vdG5vdGVzX2VsZW1lbnRvcl9lZGl0X21vZGVfZWxlbWVudG9yX3RlbXBsYXRlX3R5cGVfZWxlbWVudG9yX2RhdGFfZWxlbWVudG9yX3BhZ2Vfc2V0dGluZ3Nkb2N1bWVudGZvbGRlcmRvY3VtZW50YmxvY2tzY2xpZW50SWRpc1ZhbGlkb3JpZ2luYWxDb250ZW50bmFtZWF0dHJpYnV0ZXNjb250ZW50aW5uZXJCbG9ja3MFBwgECAQIBggFFwgHiR4IBwgGCA4IDggLSAEEDAkUGA8YCAYIBggHDwQKBwsPAQQAAAEAAAABBgAFAQEAB0IBAQBBAAACQRMBHwB9AXcTMjAyNi0wNC0yMlQwOTo1MTo1OXcWMS1vLXJlZ2lzdHJvLWFjYWRlbWljb3cHcHVibGlzaH0EfQB3BmNsb3NlZHcGY2xvc2VkdwB5dwB3B2J1aWxkZXJ3B3dwLXBhZ2V39RNbeyJpZCI6IjBiMjRjOTkiLCJlbFR5cGUiOiJjb250YWluZXIiLCJzZXR0aW5ncyI6W10sImVsZW1lbnRzIjpbeyJpZCI6IjNhYWE4NjUiLCJlbFR5cGUiOiJ3aWRnZXQiLCJzZXR0aW5ncyI6eyJlZGl0b3IiOiI8cCBjbGFzcz1cIiB0ZXh0LWp1c3RpZnlcIj5PIFJlZ2lzdHJvIEFjYWRcdTAwZWFtaWNvIFx1MDBlOSBvIHByaW1laXJvIGF0byBhY2FkXHUwMGVhbWljbyBvYnJpZ2F0XHUwMGYzcmlvIGEgc2VyIHJlYWxpemFkbyBwZWxvIGNhbmRpZGF0byBjbGFzc2lmaWNhZG8gcGFyYSBvY3VwYXIgYSB2YWdhIG9idGlkYSBlbSBleGFtZSBkZSBzZWxlXHUwMGU3XHUwMGUzbyByZWFsaXphZG8gcG9yXHUwMGEwPGEgaHJlZj1cImh0dHBzOlwvXC93d3cudWZtZy5iclwvcHJwZ1wvZG91dG9yYWRvbWVzdHJhZG9cL1wiIHRhcmdldD1cIl9ibGFua1wiIHJlbD1cIm5vb3BlbmVyXCI+cHJvZ3JhbWEgZGUgcFx1MDBmM3MtZ3JhZHVhXHUwMGU3XHUwMGUzbzxcL2E+XHUwMGEwb3UgcG9yXHUwMGEwPGEgaHJlZj1cImh0dHBzOlwvXC93d3cudWZtZy5iclwvcHJwZ1wvZXNwZWNpYWxpemFjYW9cL1wiIHRhcmdldD1cIl9ibGFua1wiIHJlbD1cIm5vb3BlbmVyXCI+Y3Vyc28gZGUgZXNwZWNpYWxpemFcdTAwZTdcdTAwZTNvPFwvYT4uIFBvciBtZWlvIGRvIFJlZ2lzdHJvIEFjYWRcdTAwZWFtaWNvLCBvIGNhbmRpZGF0b1x1MDBhMGNsYXNzaWZpY2FkbyBmb3JuZWNlIFx1MDBlMCBVRk1HIHNldXMgZGFkb3MgcGVzc29haXMgZSBhY2FkXHUwMGVhbWljb3MsIGVudHJlIG91dHJvcy48XC9wPjxwIGNsYXNzPVwiIHRleHQtanVzdGlmeVwiPkNhZGEgYWx1bm8gdGVtIGRpcmVpdG8gYSB1bSBcdTAwZmFuaWNvIFJlZ2lzdHJvIEFjYWRcdTAwZWFtaWNvLCBxdWUgY29ycmVzcG9uZGUgYSB1bWEgc1x1MDBmMyB2YWdhIG5vIGN1cnNvIGVtIHF1ZSBmb2kgYWRtaXRpZG8gbmEgVUZNRy4gRW5xdWFudG8gc2V1IHJlZ2lzdHJvIGVtIHVtIGN1cnNvIGVzdGl2ZXIgYXRpdm8sIG5cdTAwZTNvIHBvZGVyXHUwMGUxIHNlciByZWdpc3RyYWRvIGVtIG91dHJvLjxcL3A+PHAgY2xhc3M9XCIgdGV4dC1qdXN0aWZ5XCI+TyBSZWdpc3RybyBBY2FkXHUwMGVhbWljbyBlbSBjdXJzb3MgZGUgcFx1MDBmM3MtZ3JhZHVhXHUwMGU3XHUwMGUzbyBzdHJpY3RvIGUgbGF0byBzZW5zdSBcdTAwZTkgcmVhbGl6YWRvIGNvbSBvIGF1eFx1MDBlZGxpbyBkYXMgU2VjcmV0YXJpYXMgZGUgQ29sZWdpYWRvIGRlIEN1cnNvLCBxdWUgYXR1YW0gY29tbyBpbnRlcm1lZGlcdTAwZTFyaWFzIGVudHJlIG8gZm9ybmVjaW1lbnRvIGRlIGRvY3VtZW50b3MgZSBpbmZvcm1hXHUwMGU3XHUwMGY1ZXMgcGVsbyBjYW5kaWRhdG8gY2xhc3NpZmljYWRvIGUgYSByZW1lc3NhIGRlc3NlcyBwYXJhIG9cdTAwYTA8YSBocmVmPVwiaHR0cDpcL1wvd3d3LnVmbWcuYnJcL2RyY2FcIiB0YXJnZXQ9XCJfYmxhbmtcIiByZWw9XCJub29wZW5lclwiPkRlcGFydGFtZW50byBkZSBSZWdpc3RybyBlIENvbnRyb2xlIEFjYWRcdTAwZWFtaWNvPFwvYT5cdTAwYTAoRFJDQSkuPFwvcD48cCBjbGFzcz1cIiB0ZXh0LWp1c3RpZnlcIj5PIGNhbmRpZGF0byBjbGFzc2lmaWNhZG8gZGV2ZXJcdTAwZTEgYXRlbmRlciBhb3MgcHJhem9zIGRlZmluaWRvcyBub1x1MDBhMDxhIGhyZWY9XCJodHRwczpcL1wvd3d3LnVmbWcuYnJcL3BycGdcL2VkaXRhaXNcL1wiIHRhcmdldD1cIl9ibGFua1wiIHJlbD1cIm5vb3BlbmVyXCI+ZWRpdGFsIGRvIHByb2Nlc3NvIHNlbGV0aXZvPFwvYT5cdTAwYTBlbSBxdWUgc2UgaW5zY3JldmV1IHBhcmEgZW50cmVnYXIsIG5hIFNlY3JldGFyaWEgZG8gY3Vyc28gY29ycmVzcG9uZGVudGUsIG9zIGRvY3VtZW50b3MgZXhpZ2lkb3MgZSBwYXJhIHByZWVuY2hlcixcdTAwYTA8Yj5leGNsdXNpdmFtZW50ZSBwZWxhIGludGVybmV0PFwvYj4sIGFcdTAwYTA8YSBocmVmPVwiaHR0cHM6XC9cL3Npc3RlbWFzLnVmbWcuYnJcL2NhZGFzdHJvcHJldmlvXCIgdGFyZ2V0PVwiX2JsYW5rXCIgcmVsPVwibm9vcGVuZXJcIj5GaWNoYSBkZSBDYWRhc3RyYW1lbnRvIFByXHUwMGU5dmlvPFwvYT4uIENhc28gdGVuaGEgZFx1MDBmYXZpZGFzIHF1YW50byBhIGVzc2VzIHByYXpvcywgbyBjYW5kaWRhdG8gZGV2ZSBwcm9jdXJhciBhIFNlY3JldGFyaWEgcGFyYSBkaXJpbWktbGFzLjxcL3A+PHAgY2xhc3M9XCIgdGV4dC1qdXN0aWZ5XCI+QSBTZWNyZXRhcmlhIGRvIGN1cnNvIG9yaWVudGFyLXNlLVx1MDBlMSBpZ3VhbG1lbnRlIHBlbG9zIHByYXpvcyBlc3RhYmVsZWNpZG9zIG5vIGVkaXRhbCBkbyBwcm9jZXNzbyBzZWxldGl2bywgYmVtIGNvbW8gbm9cdTAwYTA8YSBocmVmPVwiaHR0cHM6XC9cL3d3dy51Zm1nLmJyXC9hLXVuaXZlcnNpZGFkZVwvY2FsZW5kYXJpby1lc2NvbGFyXC9cIiB0YXJnZXQ9XCJfYmxhbmtcIiByZWw9XCJub29wZW5lclwiPkNhbGVuZFx1MDBlMXJpbyBFc2NvbGFyIGRhIFVGTUc8XC9hPi48XC9wPiIsImFsaWduIjoianVzdGlmeSJ9LCJlbGVtZW50cyI6W10sIndpZGdldFR5cGUiOiJ0ZXh0LWVkaXRvciJ9XSwiaXNJbm5lciI6ZmFsc2V9XX51AX0tdyQ4YTQxOTYzYS0yMjU3LTRmNWMtYTQ0Ni1iNDc5OGI5NDYxYWZ4d7oPPHA+TyBSZWdpc3RybyBBY2Fkw6ptaWNvIMOpIG8gcHJpbWVpcm8gYXRvIGFjYWTDqm1pY28gb2JyaWdhdMOzcmlvIGEgc2VyIHJlYWxpemFkbyBwZWxvIGNhbmRpZGF0byBjbGFzc2lmaWNhZG8gcGFyYSBvY3VwYXIgYSB2YWdhIG9idGlkYSBlbSBleGFtZSBkZSBzZWxlw6fDo28gcmVhbGl6YWRvIHBvcsKgPGEgaHJlZj0iaHR0cHM6Ly93d3cudWZtZy5ici9wcnBnL2RvdXRvcmFkb21lc3RyYWRvLyIgdGFyZ2V0PSJfYmxhbmsiIHJlbD0ibm9vcGVuZXIiPnByb2dyYW1hIGRlIHDDs3MtZ3JhZHVhw6fDo288L2E+wqBvdSBwb3LCoDxhIGhyZWY9Imh0dHBzOi8vd3d3LnVmbWcuYnIvcHJwZy9lc3BlY2lhbGl6YWNhby8iIHRhcmdldD0iX2JsYW5rIiByZWw9Im5vb3BlbmVyIj5jdXJzbyBkZSBlc3BlY2lhbGl6YcOnw6NvPC9hPi4gUG9yIG1laW8gZG8gUmVnaXN0cm8gQWNhZMOqbWljbywgbyBjYW5kaWRhdG\/CoGNsYXNzaWZpY2FkbyBmb3JuZWNlIMOgIFVGTUcgc2V1cyBkYWRvcyBwZXNzb2FpcyBlIGFjYWTDqm1pY29zLCBlbnRyZSBvdXRyb3MuPC9wPgo8cD5DYWRhIGFsdW5vIHRlbSBkaXJlaXRvIGEgdW0gw7puaWNvIFJlZ2lzdHJvIEFjYWTDqm1pY28sIHF1ZSBjb3JyZXNwb25kZSBhIHVtYSBzw7MgdmFnYSBubyBjdXJzbyBlbSBxdWUgZm9pIGFkbWl0aWRvIG5hIFVGTUcuIEVucXVhbnRvIHNldSByZWdpc3RybyBlbSB1bSBjdXJzbyBlc3RpdmVyIGF0aXZvLCBuw6NvIHBvZGVyw6Egc2VyIHJlZ2lzdHJhZG8gZW0gb3V0cm8uPC9wPgo8cD5PIFJlZ2lzdHJvIEFjYWTDqm1pY28gZW0gY3Vyc29zIGRlIHDDs3MtZ3JhZHVhw6fDo28gc3RyaWN0byBlIGxhdG8gc2Vuc3Ugw6kgcmVhbGl6YWRvIGNvbSBvIGF1eMOtbGlvIGRhcyBTZWNyZXRhcmlhcyBkZSBDb2xlZ2lhZG8gZGUgQ3Vyc28sIHF1ZSBhdHVhbSBjb21vIGludGVybWVkacOhcmlhcyBlbnRyZSBvIGZvcm5lY2ltZW50byBkZSBkb2N1bWVudG9zIGUgaW5mb3JtYcOnw7VlcyBwZWxvIGNhbmRpZGF0byBjbGFzc2lmaWNhZG8gZSBhIHJlbWVzc2EgZGVzc2VzIHBhcmEgb8KgPGEgaHJlZj0iaHR0cDovL3d3dy51Zm1nLmJyL2RyY2EiIHRhcmdldD0iX2JsYW5rIiByZWw9Im5vb3BlbmVyIj5EZXBhcnRhbWVudG8gZGUgUmVnaXN0cm8gZSBDb250cm9sZSBBY2Fkw6ptaWNvPC9hPsKgKERSQ0EpLjwvcD4KPHA+TyBjYW5kaWRhdG8gY2xhc3NpZmljYWRvIGRldmVyw6EgYXRlbmRlciBhb3MgcHJhem9zIGRlZmluaWRvcyBub8KgPGEgaHJlZj0iaHR0cHM6Ly93d3cudWZtZy5ici9wcnBnL2VkaXRhaXMvIiB0YXJnZXQ9Il9ibGFuayIgcmVsPSJub29wZW5lciI+ZWRpdGFsIGRvIHByb2Nlc3NvIHNlbGV0aXZvPC9hPsKgZW0gcXVlIHNlIGluc2NyZXZldSBwYXJhIGVudHJlZ2FyLCBuYSBTZWNyZXRhcmlhIGRvIGN1cnNvIGNvcnJlc3BvbmRlbnRlLCBvcyBkb2N1bWVudG9zIGV4aWdpZG9zIGUgcGFyYSBwcmVlbmNoZXIswqA8Yj5leGNsdXNpdmFtZW50ZSBwZWxhIGludGVybmV0PC9iPiwgYcKgPGEgaHJlZj0iaHR0cHM6Ly9zaXN0ZW1hcy51Zm1nLmJyL2NhZGFzdHJvcHJldmlvIiB0YXJnZXQ9Il9ibGFuayIgcmVsPSJub29wZW5lciI+RmljaGEgZGUgQ2FkYXN0cmFtZW50byBQcsOpdmlvPC9hPi4gQ2FzbyB0ZW5oYSBkw7p2aWRhcyBxdWFudG8gYSBlc3NlcyBwcmF6b3MsIG8gY2FuZGlkYXRvIGRldmUgcHJvY3VyYXIgYSBTZWNyZXRhcmlhIHBhcmEgZGlyaW1pLWxhcy48L3A+CjxwPkEgU2VjcmV0YXJpYSBkbyBjdXJzbyBvcmllbnRhci1zZS3DoSBpZ3VhbG1lbnRlIHBlbG9zIHByYXpvcyBlc3RhYmVsZWNpZG9zIG5vIGVkaXRhbCBkbyBwcm9jZXNzbyBzZWxldGl2bywgYmVtIGNvbW8gbm\/CoDxhIGhyZWY9Imh0dHBzOi8vd3d3LnVmbWcuYnIvYS11bml2ZXJzaWRhZGUvY2FsZW5kYXJpby1lc2NvbGFyLyIgdGFyZ2V0PSJfYmxhbmsiIHJlbD0ibm9vcGVuZXIiPkNhbGVuZMOhcmlvIEVzY29sYXIgZGEgVUZNRzwvYT4uPC9wPncNY29yZS9mcmVlZm9ybXe6DzxwPk8gUmVnaXN0cm8gQWNhZMOqbWljbyDDqSBvIHByaW1laXJvIGF0byBhY2Fkw6ptaWNvIG9icmlnYXTDs3JpbyBhIHNlciByZWFsaXphZG8gcGVsbyBjYW5kaWRhdG8gY2xhc3NpZmljYWRvIHBhcmEgb2N1cGFyIGEgdmFnYSBvYnRpZGEgZW0gZXhhbWUgZGUgc2VsZcOnw6NvIHJlYWxpemFkbyBwb3LCoDxhIGhyZWY9Imh0dHBzOi8vd3d3LnVmbWcuYnIvcHJwZy9kb3V0b3JhZG9tZXN0cmFkby8iIHRhcmdldD0iX2JsYW5rIiByZWw9Im5vb3BlbmVyIj5wcm9ncmFtYSBkZSBww7NzLWdyYWR1YcOnw6NvPC9hPsKgb3UgcG9ywqA8YSBocmVmPSJodHRwczovL3d3dy51Zm1nLmJyL3BycGcvZXNwZWNpYWxpemFjYW8vIiB0YXJnZXQ9Il9ibGFuayIgcmVsPSJub29wZW5lciI+Y3Vyc28gZGUgZXNwZWNpYWxpemHDp8OjbzwvYT4uIFBvciBtZWlvIGRvIFJlZ2lzdHJvIEFjYWTDqm1pY28sIG8gY2FuZGlkYXRvwqBjbGFzc2lmaWNhZG8gZm9ybmVjZSDDoCBVRk1HIHNldXMgZGFkb3MgcGVzc29haXMgZSBhY2Fkw6ptaWNvcywgZW50cmUgb3V0cm9zLjwvcD4KPHA+Q2FkYSBhbHVubyB0ZW0gZGlyZWl0byBhIHVtIMO6bmljbyBSZWdpc3RybyBBY2Fkw6ptaWNvLCBxdWUgY29ycmVzcG9uZGUgYSB1bWEgc8OzIHZhZ2Egbm8gY3Vyc28gZW0gcXVlIGZvaSBhZG1pdGlkbyBuYSBVRk1HLiBFbnF1YW50byBzZXUgcmVnaXN0cm8gZW0gdW0gY3Vyc28gZXN0aXZlciBhdGl2bywgbsOjbyBwb2RlcsOhIHNlciByZWdpc3RyYWRvIGVtIG91dHJvLjwvcD4KPHA+TyBSZWdpc3RybyBBY2Fkw6ptaWNvIGVtIGN1cnNvcyBkZSBww7NzLWdyYWR1YcOnw6NvIHN0cmljdG8gZSBsYXRvIHNlbnN1IMOpIHJlYWxpemFkbyBjb20gbyBhdXjDrWxpbyBkYXMgU2VjcmV0YXJpYXMgZGUgQ29sZWdpYWRvIGRlIEN1cnNvLCBxdWUgYXR1YW0gY29tbyBpbnRlcm1lZGnDoXJpYXMgZW50cmUgbyBmb3JuZWNpbWVudG8gZGUgZG9jdW1lbnRvcyBlIGluZm9ybWHDp8O1ZXMgcGVsbyBjYW5kaWRhdG8gY2xhc3NpZmljYWRvIGUgYSByZW1lc3NhIGRlc3NlcyBwYXJhIG\/CoDxhIGhyZWY9Imh0dHA6Ly93d3cudWZtZy5ici9kcmNhIiB0YXJnZXQ9Il9ibGFuayIgcmVsPSJub29wZW5lciI+RGVwYXJ0YW1lbnRvIGRlIFJlZ2lzdHJvIGUgQ29udHJvbGUgQWNhZMOqbWljbzwvYT7CoChEUkNBKS48L3A+CjxwPk8gY2FuZGlkYXRvIGNsYXNzaWZpY2FkbyBkZXZlcsOhIGF0ZW5kZXIgYW9zIHByYXpvcyBkZWZpbmlkb3Mgbm\/CoDxhIGhyZWY9Imh0dHBzOi8vd3d3LnVmbWcuYnIvcHJwZy9lZGl0YWlzLyIgdGFyZ2V0PSJfYmxhbmsiIHJlbD0ibm9vcGVuZXIiPmVkaXRhbCBkbyBwcm9jZXNzbyBzZWxldGl2bzwvYT7CoGVtIHF1ZSBzZSBpbnNjcmV2ZXUgcGFyYSBlbnRyZWdhciwgbmEgU2VjcmV0YXJpYSBkbyBjdXJzbyBjb3JyZXNwb25kZW50ZSwgb3MgZG9jdW1lbnRvcyBleGlnaWRvcyBlIHBhcmEgcHJlZW5jaGVyLMKgPGI+ZXhjbHVzaXZhbWVudGUgcGVsYSBpbnRlcm5ldDwvYj4sIGHCoDxhIGhyZWY9Imh0dHBzOi8vc2lzdGVtYXMudWZtZy5ici9jYWRhc3Ryb3ByZXZpbyIgdGFyZ2V0PSJfYmxhbmsiIHJlbD0ibm9vcGVuZXIiPkZpY2hhIGRlIENhZGFzdHJhbWVudG8gUHLDqXZpbzwvYT4uIENhc28gdGVuaGEgZMO6dmlkYXMgcXVhbnRvIGEgZXNzZXMgcHJhem9zLCBvIGNhbmRpZGF0byBkZXZlIHByb2N1cmFyIGEgU2VjcmV0YXJpYSBwYXJhIGRpcmltaS1sYXMuPC9wPgo8cD5BIFNlY3JldGFyaWEgZG8gY3Vyc28gb3JpZW50YXItc2Utw6EgaWd1YWxtZW50ZSBwZWxvcyBwcmF6b3MgZXN0YWJlbGVjaWRvcyBubyBlZGl0YWwgZG8gcHJvY2Vzc28gc2VsZXRpdm8sIGJlbSBjb21vIG5vwqA8YSBocmVmPSJodHRwczovL3d3dy51Zm1nLmJyL2EtdW5pdmVyc2lkYWRlL2NhbGVuZGFyaW8tZXNjb2xhci8iIHRhcmdldD0iX2JsYW5rIiByZWw9Im5vb3BlbmVyIj5DYWxlbmTDoXJpbyBFc2NvbGFyIGRhIFVGTUc8L2E+LjwvcD4A\",\"updateId\":400496942}","footnotes":""},"folder":[45],"class_list":["post-1184","page","type-page","status-publish","hentry"],"acf":[],"_links":{"self":[{"href":"https:\/\/www.ufmg.br\/drca\/wp-json\/wp\/v2\/pages\/1184","targetHints":{"allow":["GET"]}}],"collection":[{"href":"https:\/\/www.ufmg.br\/drca\/wp-json\/wp\/v2\/pages"}],"about":[{"href":"https:\/\/www.ufmg.br\/drca\/wp-json\/wp\/v2\/types\/page"}],"author":[{"embeddable":true,"href":"https:\/\/www.ufmg.br\/drca\/wp-json\/wp\/v2\/users\/4"}],"replies":[{"embeddable":true,"href":"https:\/\/www.ufmg.br\/drca\/wp-json\/wp\/v2\/comments?post=1184"}],"version-history":[{"count":13,"href":"https:\/\/www.ufmg.br\/drca\/wp-json\/wp\/v2\/pages\/1184\/revisions"}],"predecessor-version":[{"id":1922,"href":"https:\/\/www.ufmg.br\/drca\/wp-json\/wp\/v2\/pages\/1184\/revisions\/1922"}],"wp:attachment":[{"href":"https:\/\/www.ufmg.br\/drca\/wp-json\/wp\/v2\/media?parent=1184"}],"wp:term":[{"taxonomy":"folder","embeddable":true,"href":"https:\/\/www.ufmg.br\/drca\/wp-json\/wp\/v2\/folder?post=1184"}],"curies":[{"name":"wp","href":"https:\/\/api.w.org\/{rel}","templated":true}]}}