{"id":1205,"date":"2026-04-22T10:00:22","date_gmt":"2026-04-22T13:00:22","guid":{"rendered":"https:\/\/www.ufmg.br\/drca\/?page_id=1205"},"modified":"2026-04-22T10:12:21","modified_gmt":"2026-04-22T13:12:21","slug":"2-etapas-do-procedimento-de-registro-via-cadastro-previo","status":"publish","type":"page","link":"https:\/\/www.ufmg.br\/drca\/2-etapas-do-procedimento-de-registro-via-cadastro-previo\/","title":{"rendered":"2. Etapas do procedimento de registro via cadastro pr\u00e9vio"},"content":{"rendered":"\t\t<div data-elementor-type=\"wp-page\" data-elementor-id=\"1205\" class=\"elementor elementor-1205\">\n\t\t\t\t<div class=\"elementor-element elementor-element-0f0a395 e-con-full e-flex e-con e-parent\" data-id=\"0f0a395\" data-element_type=\"container\" data-e-type=\"container\">\n\t\t\t\t<div class=\"elementor-element elementor-element-bfa4a2c elementor-widget__width-initial elementor-widget elementor-widget-text-editor\" data-id=\"bfa4a2c\" data-element_type=\"widget\" data-e-type=\"widget\" data-widget_type=\"text-editor.default\">\n\t\t\t\t\t\t\t\t\t<p class=\" text-justify\">O procedimento de registro via cadastro pr\u00e9vio envolve tr\u00eas etapas consecutivas:<\/p><p class=\" text-justify\">1 &#8211; A\u00a0<b>primeira etapa<\/b> do registro ocorre quando a Secretaria do Curso cadastra, diretamente no Sistema Acad\u00eamico, os dados dos candidatos classificados e encaminha a documenta\u00e7\u00e3o desses ao DRCA.<\/p><p class=\" text-justify\">2 &#8211; Na\u00a0<b>segunda etapa<\/b>, o pr\u00f3prio candidato classificado complementar\u00e1 os seus dados de cadastro, exclusivamente pela internet, em um formul\u00e1rio pr\u00f3prio denominado\u00a0<a href=\"https:\/\/sistemas.ufmg.br\/cadastroprevio\" target=\"_blank\" rel=\"noopener\">Ficha de Cadastramento Pr\u00e9vio<\/a>, que servir\u00e1 de base para a efetiva\u00e7\u00e3o do Registro Acad\u00eamico.<\/p><p class=\" text-justify\">Nessa etapa, o candidato dever\u00e1 seguir todas as instru\u00e7\u00f5es apresentadas no acesso, durante o preenchimento do formul\u00e1rio e ap\u00f3s o salvamento dos dados. Cabe ao candidato o preenchimento dos dados com corre\u00e7\u00e3o e veracidade.<\/p><p class=\" text-justify\">Faz parte dessa etapa, ainda, a confirma\u00e7\u00e3o do endere\u00e7o de e-mail fornecido no preenchimento por meio de acesso a link de autentica\u00e7\u00e3o gerado automaticamente e encaminhado \u00e0 caixa de mensagens do candidato classificado ap\u00f3s o salvamento dos dados inseridos no formul\u00e1rio.<\/p><p class=\" text-justify\">3 &#8211; Na\u00a0<b>terceira e \u00faltima etapa<\/b>, o DRCA, ap\u00f3s receber a documenta\u00e7\u00e3o enviada pela Secretaria do Curso, realizar\u00e1 a confer\u00eancia dos dados da Ficha de Cadastro previamente preenchida pelo Candidato e confirmar\u00e1 ou n\u00e3o o Registro Acad\u00eamico.<\/p><p class=\" text-justify\">Caso seja confirmado, ser\u00e1 atribu\u00eddo\u00a0um n\u00famero de registro ao candidato. Caso haja algum problema com a documenta\u00e7\u00e3o ou com alguma das etapas anteriores, o DRCA entrar\u00e1 em contato com a Secretaria para inform\u00e1-la e solicitar provid\u00eancias, podendo, inclusive, devolver documenta\u00e7\u00f5es incompletas, ileg\u00edveis ou\u00a0insuficientes para a realiza\u00e7\u00e3o da confer\u00eancia.<\/p>\t\t\t\t\t\t\t\t<\/div>\n\t\t\t\t<div class=\"elementor-element elementor-element-b28f32b elementor-widget elementor-widget-text-editor\" data-id=\"b28f32b\" data-element_type=\"widget\" data-e-type=\"widget\" data-widget_type=\"text-editor.default\">\n\t\t\t\t\t\t\t\t\t<p class=\" text-center\">O procedimento de registro conclui-se com a atribui\u00e7\u00e3o de um n\u00famero de registro ao candidato classificado.<\/p><p class=\" text-center\">O aluno ter\u00e1 acesso ao seu n\u00famero de Registro Acad\u00eamico por meio de mensagem eletr\u00f4nica autom\u00e1tica ou junto \u00e0 Secretaria de seu Curso.<\/p><p class=\" text-center\"><b>Em hip\u00f3tese alguma, o Registro Acad\u00eamico ser\u00e1 efetuado sem a apresenta\u00e7\u00e3o da documenta\u00e7\u00e3o completa, conforme discriminado no item \u201c<\/b><u><b>Documenta\u00e7\u00e3o&#8221;<\/b><\/u>.<\/p>\t\t\t\t\t\t\t\t<\/div>\n\t\t\t\t<\/div>\n\t\t<div class=\"elementor-element elementor-element-806b74c e-flex e-con-boxed e-con e-parent\" data-id=\"806b74c\" data-element_type=\"container\" data-e-type=\"container\">\n\t\t\t\t\t<div class=\"e-con-inner\">\n\t\t\t\t<div class=\"elementor-element elementor-element-f34198c elementor-widget elementor-widget-spacer\" data-id=\"f34198c\" data-element_type=\"widget\" data-e-type=\"widget\" data-widget_type=\"spacer.default\">\n\t\t\t\t\t\t\t<div class=\"elementor-spacer\">\n\t\t\t<div class=\"elementor-spacer-inner\"><\/div>\n\t\t<\/div>\n\t\t\t\t\t\t<\/div>\n\t\t\t\t\t<\/div>\n\t\t\t\t<\/div>\n\t\t\t\t<\/div>\n\t\t","protected":false},"excerpt":{"rendered":"<p>O procedimento de registro via cadastro pr\u00e9vio envolve tr\u00eas etapas consecutivas: 1 &#8211; A\u00a0primeira etapa do registro ocorre quando a Secretaria do Curso cadastra, diretamente no Sistema Acad\u00eamico, os dados dos candidatos classificados e encaminha a documenta\u00e7\u00e3o desses ao DRCA. 2 &#8211; Na\u00a0segunda etapa, o pr\u00f3prio candidato classificado complementar\u00e1 os seus dados de cadastro, exclusivamente [&hellip;]<\/p>\n","protected":false},"author":4,"featured_media":0,"parent":0,"menu_order":0,"comment_status":"closed","ping_status":"closed","template":"","meta":{"_acf_changed":false,"_crdt_document":"{\"document\":\"AAAX6ZHfgRootdaj8wfpkd+BGgT11qPzBwUjBgMFBQADAAYDABIBA3IDAAQHAAIIAwBqLBQDAAaeQwECCkoKCAQDAAQHAAIIAkEoACEAKAAnAAEAhAKBAIQAgQCEAIEAhAGBAIQCJwEoBCcAKAEhAigBJwBEAMQIhAAhAKgABACoAgcAKAMnACgAJ94VoBVzdGF0ZXZlcnNpb25kb2N1bWVudGRhdGVkb2N1bWVudHN0YXR1c2RvY3VtZW50dGl0bGVhc2NubyB0b2ljb2RvY3VtZW50Y29udGVudGRvY3VtZW50ZXhjZXJwdGRvY3VtZW50YXV0aG9yZG9jdW1lbnRmZWF0dXJlZF9tZWRpYWRvY3VtZW50Y29tbWVudF9zdGF0dXNkb2N1bWVudHBpbmdfc3RhdHVzZG9jdW1lbnR0ZW1wbGF0ZWRvY3VtZW50bWV0YV9hY2ZfY2hhbmdlZGZvb3Rub3Rlc19lbGVtZW50b3JfZWRpdF9tb2RlX2VsZW1lbnRvcl90ZW1wbGF0ZV90eXBlX2VsZW1lbnRvcl9kYXRhX2VsZW1lbnRvcl9wYWdlX3NldHRpbmdzZG9jdW1lbnRmb2xkZXJkb2N1bWVudGJsb2NrczIuIEV0cGEgZG8gcHJvZWRpbWV0ZGUgcmVnaXNyIHZhIGFkYXN0ciBwcsOpdmlvc3RhdGV2ZXJzaW9uPHA+TyBwcm9jZWRpbWVudG8gZGUgcmVnaXN0cm8gdmlhIGNhZGFzdHJvIHByw6l2aW8gZW52b2x2ZSB0csOqcyBldGFwYXMgY29uc2VjdXRpdmFzOjwvcD48cD4xIC0gQcKgPGI+cHJpbWVpcmEgZXRhcGE8L2I+IGRvIHJlZ2lzdHJvIG9jb3JyZSBxdWFuZG8gYSBTZWNyZXRhcmlhIGRvIEN1cnNvIGNhZGFzdHJhLCBkaXJldGFtZW50ZSBubyBTaXN0ZW1hIEFjYWTDqm1pY28sIG9zIGRhZG9zIGRvcyBjYW5kaWRhdG9zIGNsYXNzaWZpY2Fkb3MgZSBlbmNhbWluaGEgYSBkb2N1bWVudGHDp8OjbyBkZXNzZXMgYW8gRFJDQS48L3A+PHA+MiAtIE5hwqA8Yj5zZWd1bmRhIGV0YXBhPC9iPiwgbyBwcsOzcHJpbyBjYW5kaWRhdG8gY2xhc3NpZmljYWRvIGNvbXBsZW1lbnRhcsOhIG9zIHNldXMgZGFkb3MgZGUgY2FkYXN0cm8sIGV4Y2x1c2l2YW1lbnRlIHBlbGEgaW50ZXJuZXQsIGVtIHVtIGZvcm11bMOhcmlvIHByw7NwcmlvIGRlbm9taW5hZG\/CoDxhIGhyZWY9Imh0dHBzOi8vc2lzdGVtYXMudWZtZy5ici9jYWRhc3Ryb3ByZXZpbyIgdGFyZ2V0PSJfYmxhbmsiIHJlbD0ibm9vcGVuZXIiPkZpY2hhIGRlIENhZGFzdHJhbWVudG8gUHLDqXZpbzwvYT4sIHF1ZSBzZXJ2aXLDoSBkZSBiYXNlIHBhcmEgYSBlZmV0aXZhw6fDo28gZG8gUmVnaXN0cm8gQWNhZMOqbWljby48L3A+PHA+TmVzc2EgZXRhcGEsIG8gY2FuZGlkYXRvIGRldmVyw6Egc2VndWlyIHRvZGFzIGFzIGluc3RydcOnw7VlcyBhcHJlc2VudGFkYXMgbm8gYWNlc3NvLCBkdXJhbnRlIG8gcHJlZW5jaGltZW50byBkbyBmb3JtdWzDoXJpbyBlIGFww7NzIG8gc2FsdmFtZW50byBkb3MgZGFkb3MuIENhYmUgYW8gY2FuZGlkYXRvIG8gcHJlZW5jaGltZW50byBkb3MgZGFkb3MgY29tIGNvcnJlw6fDo28gZSB2ZXJhY2lkYWRlLjwvcD48cD5GYXogcGFydGUgZGVzc2EgZXRhcGEsIGFpbmRhLCBhIGNvbmZpcm1hw6fDo28gZG8gZW5kZXJlw6dvIGRlIGUtbWFpbCBmb3JuZWNpZG8gbm8gcHJlZW5jaGltZW50byBwb3IgbWVpbyBkZSBhY2Vzc28gYSBsaW5rIGRlIGF1dGVudGljYcOnw6NvIGdlcmFkbyBhdXRvbWF0aWNhbWVudGUgZSBlbmNhbWluaGFkbyDDoCBjYWl4YSBkZSBtZW5zYWdlbnMgZG8gY2FuZGlkYXRvIGNsYXNzaWZpY2FkbyBhcMOzcyBvIHNhbHZhbWVudG8gZG9zIGRhZG9zIGluc2VyaWRvcyBubyBmb3JtdWzDoXJpby48L3A+PHA+MyAtIE5hwqA8Yj50ZXJjZWlyYSBlIMO6bHRpbWEgZXRhcGE8L2I+LCBvIERSQ0EsIGFww7NzIHJlY2ViZXIgYSBkb2N1bWVudGHDp8OjbyBlbnZpYWRhIHBlbGEgU2VjcmV0YXJpYSBkbyBDdXJzbywgcmVhbGl6YXLDoSBhIGNvbmZlcsOqbmNpYSBkb3MgZGFkb3MgZGEgRmljaGEgZGUgQ2FkYXN0cm8gcHJldmlhbWVudGUgcHJlZW5jaGlkYSBwZWxvIENhbmRpZGF0byBlIGNvbmZpcm1hcsOhIG91IG7Do28gbyBSZWdpc3RybyBBY2Fkw6ptaWNvLjwvcD48cD5DYXNvIHNlamEgY29uZmlybWFkbywgc2Vyw6EgYXRyaWJ1w61kb8KgdW0gbsO6bWVybyBkZSByZWdpc3RybyBhbyBjYW5kaWRhdG8uIENhc28gaGFqYSBhbGd1bSBwcm9ibGVtYSBjb20gYSBkb2N1bWVudGHDp8OjbyBvdSBjb20gYWxndW1hIGRhcyBldGFwYXMgYW50ZXJpb3JlcywgbyBEUkNBIGVudHJhcsOhIGVtIGNvbnRhdG8gY29tIGEgU2VjcmV0YXJpYSBwYXJhIGluZm9ybcOhLWxhIGUgc29saWNpdGFyIHByb3ZpZMOqbmNpYXMsIHBvZGVuZG8sIGluY2x1c2l2ZSwgZGV2b2x2ZXIgZG9jdW1lbnRhw6fDtWVzIGluY29tcGxldGFzLCBpbGVnw612ZWlzIG91wqBpbnN1ZmljaWVudGVzIHBhcmEgYSByZWFsaXphw6fDo28gZGEgY29uZmVyw6puY2lhLjwvcD48cD5PIHByb2NlZGltZW50byBkZSByZWdpc3RybyBjb25jbHVpLXNlIGNvbSBhIGF0cmlidWnDp8OjbyBkZSB1bSBuw7ptZXJvIGRlIHJlZ2lzdHJvIGFvIGNhbmRpZGF0byBjbGFzc2lmaWNhZG8uPC9wPjxwPk8gYWx1bm8gdGVyw6EgYWNlc3NvIGFvIHNldSBuw7ptZXJvIGRlIFJlZ2lzdHJvIEFjYWTDqm1pY28gcG9yIG1laW8gZGUgbWVuc2FnZW0gZWxldHLDtG5pY2EgYXV0b23DoXRpY2Egb3UganVudG8gw6AgU2VjcmV0YXJpYSBkZSBzZXUgQ3Vyc28uPC9wPjxwPjxiPkVtIGhpcMOzdGVzZSBhbGd1bWEsIG8gUmVnaXN0cm8gQWNhZMOqbWljbyBzZXLDoSBlZmV0dWFkbyBzZW0gYSBhcHJlc2VudGHDp8OjbyBkYSBkb2N1bWVudGHDp8OjbyBjb21wbGV0YSwgY29uZm9ybWUgZGlzY3JpbWluYWRvIG5vIGl0ZW0g4oCcPC9iPjx1PjxiPkRvY3VtZW50YcOnw6NvIjwvYj48L3U+LjwvcD5jbGllbnRJZGlzVmFsaWRvcmlnaW5hbENvbnRlbnRuYW1lYXR0cmlidXRlc2NvbnRlbnRpbm5lckJsb2NrcwUHCAQIBggFQQICQQMIBwgHCAYIDggOCAtIAQQMCRQYDxgIBggGBQIHBQEIAUIABgcFB5AiCAcPBAoHCwsBAwAAAQcABQECAAdCAQEAQQAABkEEAgNBFAIuAH0BdwphdXRvLWRyYWZ0fQR9AHcGY2xvc2VkdwZjbG9zZWR3AHl3AH51AX0tDgB3EzIwMjYtMDQtMjJUMTA6MDA6MjJ3B2J1aWxkZXJ3B3dwLXBhZ2V38x9beyJpZCI6IjBmMGEzOTUiLCJlbFR5cGUiOiJjb250YWluZXIiLCJzZXR0aW5ncyI6eyJjb250ZW50X3dpZHRoIjoiZnVsbCIsIndpZHRoIjp7InVuaXQiOiIlIiwic2l6ZSI6MTAxLjgwNX0sIl9mbGV4X3NpemUiOiJub25lIiwiX2VsZW1lbnRfd2lkdGgiOiJpbml0aWFsIn0sImVsZW1lbnRzIjpbeyJpZCI6ImJmYTRhMmMiLCJlbFR5cGUiOiJ3aWRnZXQiLCJzZXR0aW5ncyI6eyJlZGl0b3IiOiI8cCBjbGFzcz1cIiB0ZXh0LWp1c3RpZnlcIj5PIHByb2NlZGltZW50byBkZSByZWdpc3RybyB2aWEgY2FkYXN0cm8gcHJcdTAwZTl2aW8gZW52b2x2ZSB0clx1MDBlYXMgZXRhcGFzIGNvbnNlY3V0aXZhczo8XC9wPjxwIGNsYXNzPVwiIHRleHQtanVzdGlmeVwiPjEgLSBBXHUwMGEwPGI+cHJpbWVpcmEgZXRhcGE8XC9iPiBkbyByZWdpc3RybyBvY29ycmUgcXVhbmRvIGEgU2VjcmV0YXJpYSBkbyBDdXJzbyBjYWRhc3RyYSwgZGlyZXRhbWVudGUgbm8gU2lzdGVtYSBBY2FkXHUwMGVhbWljbywgb3MgZGFkb3MgZG9zIGNhbmRpZGF0b3MgY2xhc3NpZmljYWRvcyBlIGVuY2FtaW5oYSBhIGRvY3VtZW50YVx1MDBlN1x1MDBlM28gZGVzc2VzIGFvIERSQ0EuPFwvcD48cCBjbGFzcz1cIiB0ZXh0LWp1c3RpZnlcIj4yIC0gTmFcdTAwYTA8Yj5zZWd1bmRhIGV0YXBhPFwvYj4sIG8gcHJcdTAwZjNwcmlvIGNhbmRpZGF0byBjbGFzc2lmaWNhZG8gY29tcGxlbWVudGFyXHUwMGUxIG9zIHNldXMgZGFkb3MgZGUgY2FkYXN0cm8sIGV4Y2x1c2l2YW1lbnRlIHBlbGEgaW50ZXJuZXQsIGVtIHVtIGZvcm11bFx1MDBlMXJpbyBwclx1MDBmM3ByaW8gZGVub21pbmFkb1x1MDBhMDxhIGhyZWY9XCJodHRwczpcL1wvc2lzdGVtYXMudWZtZy5iclwvY2FkYXN0cm9wcmV2aW9cIiB0YXJnZXQ9XCJfYmxhbmtcIiByZWw9XCJub29wZW5lclwiPkZpY2hhIGRlIENhZGFzdHJhbWVudG8gUHJcdTAwZTl2aW88XC9hPiwgcXVlIHNlcnZpclx1MDBlMSBkZSBiYXNlIHBhcmEgYSBlZmV0aXZhXHUwMGU3XHUwMGUzbyBkbyBSZWdpc3RybyBBY2FkXHUwMGVhbWljby48XC9wPjxwIGNsYXNzPVwiIHRleHQtanVzdGlmeVwiPk5lc3NhIGV0YXBhLCBvIGNhbmRpZGF0byBkZXZlclx1MDBlMSBzZWd1aXIgdG9kYXMgYXMgaW5zdHJ1XHUwMGU3XHUwMGY1ZXMgYXByZXNlbnRhZGFzIG5vIGFjZXNzbywgZHVyYW50ZSBvIHByZWVuY2hpbWVudG8gZG8gZm9ybXVsXHUwMGUxcmlvIGUgYXBcdTAwZjNzIG8gc2FsdmFtZW50byBkb3MgZGFkb3MuIENhYmUgYW8gY2FuZGlkYXRvIG8gcHJlZW5jaGltZW50byBkb3MgZGFkb3MgY29tIGNvcnJlXHUwMGU3XHUwMGUzbyBlIHZlcmFjaWRhZGUuPFwvcD48cCBjbGFzcz1cIiB0ZXh0LWp1c3RpZnlcIj5GYXogcGFydGUgZGVzc2EgZXRhcGEsIGFpbmRhLCBhIGNvbmZpcm1hXHUwMGU3XHUwMGUzbyBkbyBlbmRlcmVcdTAwZTdvIGRlIGUtbWFpbCBmb3JuZWNpZG8gbm8gcHJlZW5jaGltZW50byBwb3IgbWVpbyBkZSBhY2Vzc28gYSBsaW5rIGRlIGF1dGVudGljYVx1MDBlN1x1MDBlM28gZ2VyYWRvIGF1dG9tYXRpY2FtZW50ZSBlIGVuY2FtaW5oYWRvIFx1MDBlMCBjYWl4YSBkZSBtZW5zYWdlbnMgZG8gY2FuZGlkYXRvIGNsYXNzaWZpY2FkbyBhcFx1MDBmM3MgbyBzYWx2YW1lbnRvIGRvcyBkYWRvcyBpbnNlcmlkb3Mgbm8gZm9ybXVsXHUwMGUxcmlvLjxcL3A+PHAgY2xhc3M9XCIgdGV4dC1qdXN0aWZ5XCI+MyAtIE5hXHUwMGEwPGI+dGVyY2VpcmEgZSBcdTAwZmFsdGltYSBldGFwYTxcL2I+LCBvIERSQ0EsIGFwXHUwMGYzcyByZWNlYmVyIGEgZG9jdW1lbnRhXHUwMGU3XHUwMGUzbyBlbnZpYWRhIHBlbGEgU2VjcmV0YXJpYSBkbyBDdXJzbywgcmVhbGl6YXJcdTAwZTEgYSBjb25mZXJcdTAwZWFuY2lhIGRvcyBkYWRvcyBkYSBGaWNoYSBkZSBDYWRhc3RybyBwcmV2aWFtZW50ZSBwcmVlbmNoaWRhIHBlbG8gQ2FuZGlkYXRvIGUgY29uZmlybWFyXHUwMGUxIG91IG5cdTAwZTNvIG8gUmVnaXN0cm8gQWNhZFx1MDBlYW1pY28uPFwvcD48cCBjbGFzcz1cIiB0ZXh0LWp1c3RpZnlcIj5DYXNvIHNlamEgY29uZmlybWFkbywgc2VyXHUwMGUxIGF0cmlidVx1MDBlZGRvXHUwMGEwdW0gblx1MDBmYW1lcm8gZGUgcmVnaXN0cm8gYW8gY2FuZGlkYXRvLiBDYXNvIGhhamEgYWxndW0gcHJvYmxlbWEgY29tIGEgZG9jdW1lbnRhXHUwMGU3XHUwMGUzbyBvdSBjb20gYWxndW1hIGRhcyBldGFwYXMgYW50ZXJpb3JlcywgbyBEUkNBIGVudHJhclx1MDBlMSBlbSBjb250YXRvIGNvbSBhIFNlY3JldGFyaWEgcGFyYSBpbmZvcm1cdTAwZTEtbGEgZSBzb2xpY2l0YXIgcHJvdmlkXHUwMGVhbmNpYXMsIHBvZGVuZG8sIGluY2x1c2l2ZSwgZGV2b2x2ZXIgZG9jdW1lbnRhXHUwMGU3XHUwMGY1ZXMgaW5jb21wbGV0YXMsIGlsZWdcdTAwZWR2ZWlzIG91XHUwMGEwaW5zdWZpY2llbnRlcyBwYXJhIGEgcmVhbGl6YVx1MDBlN1x1MDBlM28gZGEgY29uZmVyXHUwMGVhbmNpYS48XC9wPiIsImFsaWduIjoianVzdGlmeSIsInRleHRfc2hhZG93X3RleHRfc2hhZG93X3R5cGUiOiJ5ZXMiLCJ0ZXh0X3NoYWRvd190ZXh0X3NoYWRvdyI6eyJob3Jpem9udGFsIjowLCJ2ZXJ0aWNhbCI6MCwiYmx1ciI6MCwiY29sb3IiOiJyZ2JhKDAsMCwwLDAuMykifSwiX3BhZGRpbmciOnsidW5pdCI6InB4IiwidG9wIjoiMCIsInJpZ2h0IjoiMCIsImJvdHRvbSI6IjAiLCJsZWZ0IjoiMCIsImlzTGlua2VkIjp0cnVlfSwiX2VsZW1lbnRfd2lkdGgiOiJpbml0aWFsIiwiX2VsZW1lbnRfY3VzdG9tX3dpZHRoIjp7InVuaXQiOiIlIiwic2l6ZSI6MTAyLjExOH0sIl9mbGV4X3NpemUiOiJub25lIn0sImVsZW1lbnRzIjpbXSwid2lkZ2V0VHlwZSI6InRleHQtZWRpdG9yIn0seyJpZCI6ImIyOGYzMmIiLCJlbFR5cGUiOiJ3aWRnZXQiLCJzZXR0aW5ncyI6eyJlZGl0b3IiOiI8cCBjbGFzcz1cIiB0ZXh0LWNlbnRlclwiPk8gcHJvY2VkaW1lbnRvIGRlIHJlZ2lzdHJvIGNvbmNsdWktc2UgY29tIGEgYXRyaWJ1aVx1MDBlN1x1MDBlM28gZGUgdW0gblx1MDBmYW1lcm8gZGUgcmVnaXN0cm8gYW8gY2FuZGlkYXRvIGNsYXNzaWZpY2Fkby48XC9wPjxwIGNsYXNzPVwiIHRleHQtY2VudGVyXCI+TyBhbHVubyB0ZXJcdTAwZTEgYWNlc3NvIGFvIHNldSBuXHUwMGZhbWVybyBkZSBSZWdpc3RybyBBY2FkXHUwMGVhbWljbyBwb3IgbWVpbyBkZSBtZW5zYWdlbSBlbGV0clx1MDBmNG5pY2EgYXV0b21cdTAwZTF0aWNhIG91IGp1bnRvIFx1MDBlMCBTZWNyZXRhcmlhIGRlIHNldSBDdXJzby48XC9wPjxwIGNsYXNzPVwiIHRleHQtY2VudGVyXCI+PGI+RW0gaGlwXHUwMGYzdGVzZSBhbGd1bWEsIG8gUmVnaXN0cm8gQWNhZFx1MDBlYW1pY28gc2VyXHUwMGUxIGVmZXR1YWRvIHNlbSBhIGFwcmVzZW50YVx1MDBlN1x1MDBlM28gZGEgZG9jdW1lbnRhXHUwMGU3XHUwMGUzbyBjb21wbGV0YSwgY29uZm9ybWUgZGlzY3JpbWluYWRvIG5vIGl0ZW0gXHUyMDFjPFwvYj48dT48Yj5Eb2N1bWVudGFcdTAwZTdcdTAwZTNvXCI8XC9iPjxcL3U+LjxcL3A+IiwiYWxpZ24iOiJjZW50ZXIiLCJfYmFja2dyb3VuZF9iYWNrZ3JvdW5kIjoiY2xhc3NpYyIsIl9iYWNrZ3JvdW5kX2NvbG9yIjoiI0Q2RDdEOCIsIl9ib3JkZXJfcmFkaXVzIjp7InVuaXQiOiJweCIsInRvcCI6IjIiLCJyaWdodCI6IjIiLCJib3R0b20iOiIyIiwibGVmdCI6IjIiLCJpc0xpbmtlZCI6dHJ1ZX0sIl9ib3hfc2hhZG93X2JveF9zaGFkb3dfdHlwZSI6InllcyIsIl9ib3hfc2hhZG93X2JveF9zaGFkb3ciOnsiaG9yaXpvbnRhbCI6MSwidmVydGljYWwiOjAsImJsdXIiOjEwLCJzcHJlYWQiOjAsImNvbG9yIjoicmdiYSgwLCAwLCAwLCAwLjkpIn0sIl9fZ2xvYmFsc19fIjp7Il9iYWNrZ3JvdW5kX2NvbG9yIjoiIn19LCJlbGVtZW50cyI6W10sIndpZGdldFR5cGUiOiJ0ZXh0LWVkaXRvciJ9XSwiaXNJbm5lciI6ZmFsc2V9LHsiaWQiOiI4MDZiNzRjIiwiZWxUeXBlIjoiY29udGFpbmVyIiwic2V0dGluZ3MiOltdLCJlbGVtZW50cyI6W3siaWQiOiJmMzQxOThjIiwiZWxUeXBlIjoid2lkZ2V0Iiwic2V0dGluZ3MiOltdLCJlbGVtZW50cyI6W10sIndpZGdldFR5cGUiOiJzcGFjZXIifV0sImlzSW5uZXIiOmZhbHNlfV13JDEwM2VlN2NhLTUxZmItNDViYy04NmQzLWM1N2NiNDMzYTc2Y3h35xE8cD5PIHByb2NlZGltZW50byBkZSByZWdpc3RybyB2aWEgY2FkYXN0cm8gcHLDqXZpbyBlbnZvbHZlIHRyw6pzIGV0YXBhcyBjb25zZWN1dGl2YXM6PC9wPgo8cD4xIC0gQcKgPGI+cHJpbWVpcmEgZXRhcGE8L2I+IGRvIHJlZ2lzdHJvIG9jb3JyZSBxdWFuZG8gYSBTZWNyZXRhcmlhIGRvIEN1cnNvIGNhZGFzdHJhLCBkaXJldGFtZW50ZSBubyBTaXN0ZW1hIEFjYWTDqm1pY28sIG9zIGRhZG9zIGRvcyBjYW5kaWRhdG9zIGNsYXNzaWZpY2Fkb3MgZSBlbmNhbWluaGEgYSBkb2N1bWVudGHDp8OjbyBkZXNzZXMgYW8gRFJDQS48L3A+CjxwPjIgLSBOYcKgPGI+c2VndW5kYSBldGFwYTwvYj4sIG8gcHLDs3ByaW8gY2FuZGlkYXRvIGNsYXNzaWZpY2FkbyBjb21wbGVtZW50YXLDoSBvcyBzZXVzIGRhZG9zIGRlIGNhZGFzdHJvLCBleGNsdXNpdmFtZW50ZSBwZWxhIGludGVybmV0LCBlbSB1bSBmb3JtdWzDoXJpbyBwcsOzcHJpbyBkZW5vbWluYWRvwqA8YSBocmVmPSJodHRwczovL3Npc3RlbWFzLnVmbWcuYnIvY2FkYXN0cm9wcmV2aW8iIHRhcmdldD0iX2JsYW5rIiByZWw9Im5vb3BlbmVyIj5GaWNoYSBkZSBDYWRhc3RyYW1lbnRvIFByw6l2aW88L2E+LCBxdWUgc2Vydmlyw6EgZGUgYmFzZSBwYXJhIGEgZWZldGl2YcOnw6NvIGRvIFJlZ2lzdHJvIEFjYWTDqm1pY28uPC9wPgo8cD5OZXNzYSBldGFwYSwgbyBjYW5kaWRhdG8gZGV2ZXLDoSBzZWd1aXIgdG9kYXMgYXMgaW5zdHJ1w6fDtWVzIGFwcmVzZW50YWRhcyBubyBhY2Vzc28sIGR1cmFudGUgbyBwcmVlbmNoaW1lbnRvIGRvIGZvcm11bMOhcmlvIGUgYXDDs3MgbyBzYWx2YW1lbnRvIGRvcyBkYWRvcy4gQ2FiZSBhbyBjYW5kaWRhdG8gbyBwcmVlbmNoaW1lbnRvIGRvcyBkYWRvcyBjb20gY29ycmXDp8OjbyBlIHZlcmFjaWRhZGUuPC9wPgo8cD5GYXogcGFydGUgZGVzc2EgZXRhcGEsIGFpbmRhLCBhIGNvbmZpcm1hw6fDo28gZG8gZW5kZXJlw6dvIGRlIGUtbWFpbCBmb3JuZWNpZG8gbm8gcHJlZW5jaGltZW50byBwb3IgbWVpbyBkZSBhY2Vzc28gYSBsaW5rIGRlIGF1dGVudGljYcOnw6NvIGdlcmFkbyBhdXRvbWF0aWNhbWVudGUgZSBlbmNhbWluaGFkbyDDoCBjYWl4YSBkZSBtZW5zYWdlbnMgZG8gY2FuZGlkYXRvIGNsYXNzaWZpY2FkbyBhcMOzcyBvIHNhbHZhbWVudG8gZG9zIGRhZG9zIGluc2VyaWRvcyBubyBmb3JtdWzDoXJpby48L3A+CjxwPjMgLSBOYcKgPGI+dGVyY2VpcmEgZSDDumx0aW1hIGV0YXBhPC9iPiwgbyBEUkNBLCBhcMOzcyByZWNlYmVyIGEgZG9jdW1lbnRhw6fDo28gZW52aWFkYSBwZWxhIFNlY3JldGFyaWEgZG8gQ3Vyc28sIHJlYWxpemFyw6EgYSBjb25mZXLDqm5jaWEgZG9zIGRhZG9zIGRhIEZpY2hhIGRlIENhZGFzdHJvIHByZXZpYW1lbnRlIHByZWVuY2hpZGEgcGVsbyBDYW5kaWRhdG8gZSBjb25maXJtYXLDoSBvdSBuw6NvIG8gUmVnaXN0cm8gQWNhZMOqbWljby48L3A+CjxwPkNhc28gc2VqYSBjb25maXJtYWRvLCBzZXLDoSBhdHJpYnXDrWRvwqB1bSBuw7ptZXJvIGRlIHJlZ2lzdHJvIGFvIGNhbmRpZGF0by4gQ2FzbyBoYWphIGFsZ3VtIHByb2JsZW1hIGNvbSBhIGRvY3VtZW50YcOnw6NvIG91IGNvbSBhbGd1bWEgZGFzIGV0YXBhcyBhbnRlcmlvcmVzLCBvIERSQ0EgZW50cmFyw6EgZW0gY29udGF0byBjb20gYSBTZWNyZXRhcmlhIHBhcmEgaW5mb3Jtw6EtbGEgZSBzb2xpY2l0YXIgcHJvdmlkw6puY2lhcywgcG9kZW5kbywgaW5jbHVzaXZlLCBkZXZvbHZlciBkb2N1bWVudGHDp8O1ZXMgaW5jb21wbGV0YXMsIGlsZWfDrXZlaXMgb3XCoGluc3VmaWNpZW50ZXMgcGFyYSBhIHJlYWxpemHDp8OjbyBkYSBjb25mZXLDqm5jaWEuPC9wPgo8cD5PIHByb2NlZGltZW50byBkZSByZWdpc3RybyBjb25jbHVpLXNlIGNvbSBhIGF0cmlidWnDp8OjbyBkZSB1bSBuw7ptZXJvIGRlIHJlZ2lzdHJvIGFvIGNhbmRpZGF0byBjbGFzc2lmaWNhZG8uPC9wPgo8cD5PIGFsdW5vIHRlcsOhIGFjZXNzbyBhbyBzZXUgbsO6bWVybyBkZSBSZWdpc3RybyBBY2Fkw6ptaWNvIHBvciBtZWlvIGRlIG1lbnNhZ2VtIGVsZXRyw7RuaWNhIGF1dG9tw6F0aWNhIG91IGp1bnRvIMOgIFNlY3JldGFyaWEgZGUgc2V1IEN1cnNvLjwvcD4KPHA+PGI+RW0gaGlww7N0ZXNlIGFsZ3VtYSwgbyBSZWdpc3RybyBBY2Fkw6ptaWNvIHNlcsOhIGVmZXR1YWRvIHNlbSBhIGFwcmVzZW50YcOnw6NvIGRhIGRvY3VtZW50YcOnw6NvIGNvbXBsZXRhLCBjb25mb3JtZSBkaXNjcmltaW5hZG8gbm8gaXRlbSDigJw8L2I+PHU+PGI+RG9jdW1lbnRhw6fDo28iPC9iPjwvdT4uPC9wPncNY29yZS9mcmVlZm9ybXfnETxwPk8gcHJvY2VkaW1lbnRvIGRlIHJlZ2lzdHJvIHZpYSBjYWRhc3RybyBwcsOpdmlvIGVudm9sdmUgdHLDqnMgZXRhcGFzIGNvbnNlY3V0aXZhczo8L3A+CjxwPjEgLSBBwqA8Yj5wcmltZWlyYSBldGFwYTwvYj4gZG8gcmVnaXN0cm8gb2NvcnJlIHF1YW5kbyBhIFNlY3JldGFyaWEgZG8gQ3Vyc28gY2FkYXN0cmEsIGRpcmV0YW1lbnRlIG5vIFNpc3RlbWEgQWNhZMOqbWljbywgb3MgZGFkb3MgZG9zIGNhbmRpZGF0b3MgY2xhc3NpZmljYWRvcyBlIGVuY2FtaW5oYSBhIGRvY3VtZW50YcOnw6NvIGRlc3NlcyBhbyBEUkNBLjwvcD4KPHA+MiAtIE5hwqA8Yj5zZWd1bmRhIGV0YXBhPC9iPiwgbyBwcsOzcHJpbyBjYW5kaWRhdG8gY2xhc3NpZmljYWRvIGNvbXBsZW1lbnRhcsOhIG9zIHNldXMgZGFkb3MgZGUgY2FkYXN0cm8sIGV4Y2x1c2l2YW1lbnRlIHBlbGEgaW50ZXJuZXQsIGVtIHVtIGZvcm11bMOhcmlvIHByw7NwcmlvIGRlbm9taW5hZG\/CoDxhIGhyZWY9Imh0dHBzOi8vc2lzdGVtYXMudWZtZy5ici9jYWRhc3Ryb3ByZXZpbyIgdGFyZ2V0PSJfYmxhbmsiIHJlbD0ibm9vcGVuZXIiPkZpY2hhIGRlIENhZGFzdHJhbWVudG8gUHLDqXZpbzwvYT4sIHF1ZSBzZXJ2aXLDoSBkZSBiYXNlIHBhcmEgYSBlZmV0aXZhw6fDo28gZG8gUmVnaXN0cm8gQWNhZMOqbWljby48L3A+CjxwPk5lc3NhIGV0YXBhLCBvIGNhbmRpZGF0byBkZXZlcsOhIHNlZ3VpciB0b2RhcyBhcyBpbnN0cnXDp8O1ZXMgYXByZXNlbnRhZGFzIG5vIGFjZXNzbywgZHVyYW50ZSBvIHByZWVuY2hpbWVudG8gZG8gZm9ybXVsw6FyaW8gZSBhcMOzcyBvIHNhbHZhbWVudG8gZG9zIGRhZG9zLiBDYWJlIGFvIGNhbmRpZGF0byBvIHByZWVuY2hpbWVudG8gZG9zIGRhZG9zIGNvbSBjb3JyZcOnw6NvIGUgdmVyYWNpZGFkZS48L3A+CjxwPkZheiBwYXJ0ZSBkZXNzYSBldGFwYSwgYWluZGEsIGEgY29uZmlybWHDp8OjbyBkbyBlbmRlcmXDp28gZGUgZS1tYWlsIGZvcm5lY2lkbyBubyBwcmVlbmNoaW1lbnRvIHBvciBtZWlvIGRlIGFjZXNzbyBhIGxpbmsgZGUgYXV0ZW50aWNhw6fDo28gZ2VyYWRvIGF1dG9tYXRpY2FtZW50ZSBlIGVuY2FtaW5oYWRvIMOgIGNhaXhhIGRlIG1lbnNhZ2VucyBkbyBjYW5kaWRhdG8gY2xhc3NpZmljYWRvIGFww7NzIG8gc2FsdmFtZW50byBkb3MgZGFkb3MgaW5zZXJpZG9zIG5vIGZvcm11bMOhcmlvLjwvcD4KPHA+MyAtIE5hwqA8Yj50ZXJjZWlyYSBlIMO6bHRpbWEgZXRhcGE8L2I+LCBvIERSQ0EsIGFww7NzIHJlY2ViZXIgYSBkb2N1bWVudGHDp8OjbyBlbnZpYWRhIHBlbGEgU2VjcmV0YXJpYSBkbyBDdXJzbywgcmVhbGl6YXLDoSBhIGNvbmZlcsOqbmNpYSBkb3MgZGFkb3MgZGEgRmljaGEgZGUgQ2FkYXN0cm8gcHJldmlhbWVudGUgcHJlZW5jaGlkYSBwZWxvIENhbmRpZGF0byBlIGNvbmZpcm1hcsOhIG91IG7Do28gbyBSZWdpc3RybyBBY2Fkw6ptaWNvLjwvcD4KPHA+Q2FzbyBzZWphIGNvbmZpcm1hZG8sIHNlcsOhIGF0cmlidcOtZG\/CoHVtIG7Dum1lcm8gZGUgcmVnaXN0cm8gYW8gY2FuZGlkYXRvLiBDYXNvIGhhamEgYWxndW0gcHJvYmxlbWEgY29tIGEgZG9jdW1lbnRhw6fDo28gb3UgY29tIGFsZ3VtYSBkYXMgZXRhcGFzIGFudGVyaW9yZXMsIG8gRFJDQSBlbnRyYXLDoSBlbSBjb250YXRvIGNvbSBhIFNlY3JldGFyaWEgcGFyYSBpbmZvcm3DoS1sYSBlIHNvbGljaXRhciBwcm92aWTDqm5jaWFzLCBwb2RlbmRvLCBpbmNsdXNpdmUsIGRldm9sdmVyIGRvY3VtZW50YcOnw7VlcyBpbmNvbXBsZXRhcywgaWxlZ8OtdmVpcyBvdcKgaW5zdWZpY2llbnRlcyBwYXJhIGEgcmVhbGl6YcOnw6NvIGRhIGNvbmZlcsOqbmNpYS48L3A+CjxwPk8gcHJvY2VkaW1lbnRvIGRlIHJlZ2lzdHJvIGNvbmNsdWktc2UgY29tIGEgYXRyaWJ1acOnw6NvIGRlIHVtIG7Dum1lcm8gZGUgcmVnaXN0cm8gYW8gY2FuZGlkYXRvIGNsYXNzaWZpY2Fkby48L3A+CjxwPk8gYWx1bm8gdGVyw6EgYWNlc3NvIGFvIHNldSBuw7ptZXJvIGRlIFJlZ2lzdHJvIEFjYWTDqm1pY28gcG9yIG1laW8gZGUgbWVuc2FnZW0gZWxldHLDtG5pY2EgYXV0b23DoXRpY2Egb3UganVudG8gw6AgU2VjcmV0YXJpYSBkZSBzZXUgQ3Vyc28uPC9wPgo8cD48Yj5FbSBoaXDDs3Rlc2UgYWxndW1hLCBvIFJlZ2lzdHJvIEFjYWTDqm1pY28gc2Vyw6EgZWZldHVhZG8gc2VtIGEgYXByZXNlbnRhw6fDo28gZGEgZG9jdW1lbnRhw6fDo28gY29tcGxldGEsIGNvbmZvcm1lIGRpc2NyaW1pbmFkbyBubyBpdGVtIOKAnDwvYj48dT48Yj5Eb2N1bWVudGHDp8OjbyI8L2I+PC91Pi48L3A+AunI74ANBwEAAgADAAEAAgECAg0CtevR+QMBAAA=\",\"updateId\":349130526}","footnotes":""},"folder":[45],"class_list":["post-1205","page","type-page","status-publish","hentry"],"acf":[],"_links":{"self":[{"href":"https:\/\/www.ufmg.br\/drca\/wp-json\/wp\/v2\/pages\/1205","targetHints":{"allow":["GET"]}}],"collection":[{"href":"https:\/\/www.ufmg.br\/drca\/wp-json\/wp\/v2\/pages"}],"about":[{"href":"https:\/\/www.ufmg.br\/drca\/wp-json\/wp\/v2\/types\/page"}],"author":[{"embeddable":true,"href":"https:\/\/www.ufmg.br\/drca\/wp-json\/wp\/v2\/users\/4"}],"replies":[{"embeddable":true,"href":"https:\/\/www.ufmg.br\/drca\/wp-json\/wp\/v2\/comments?post=1205"}],"version-history":[{"count":9,"href":"https:\/\/www.ufmg.br\/drca\/wp-json\/wp\/v2\/pages\/1205\/revisions"}],"predecessor-version":[{"id":1258,"href":"https:\/\/www.ufmg.br\/drca\/wp-json\/wp\/v2\/pages\/1205\/revisions\/1258"}],"wp:attachment":[{"href":"https:\/\/www.ufmg.br\/drca\/wp-json\/wp\/v2\/media?parent=1205"}],"wp:term":[{"taxonomy":"folder","embeddable":true,"href":"https:\/\/www.ufmg.br\/drca\/wp-json\/wp\/v2\/folder?post=1205"}],"curies":[{"name":"wp","href":"https:\/\/api.w.org\/{rel}","templated":true}]}}