{"id":1225,"date":"2026-04-22T10:13:10","date_gmt":"2026-04-22T13:13:10","guid":{"rendered":"https:\/\/www.ufmg.br\/drca\/?page_id=1225"},"modified":"2026-04-22T10:21:31","modified_gmt":"2026-04-22T13:21:31","slug":"3-funcoes-por-agente","status":"publish","type":"page","link":"https:\/\/www.ufmg.br\/drca\/3-funcoes-por-agente\/","title":{"rendered":"3. Fun\u00e7\u00f5es por agente"},"content":{"rendered":"\t\t<div data-elementor-type=\"wp-page\" data-elementor-id=\"1225\" class=\"elementor elementor-1225\">\n\t\t\t\t<div class=\"elementor-element elementor-element-5d123b8 e-con-full e-flex e-con e-parent\" data-id=\"5d123b8\" data-element_type=\"container\" data-e-type=\"container\">\n\t\t\t\t<div class=\"elementor-element elementor-element-e5a9a6e elementor-widget elementor-widget-text-editor\" data-id=\"e5a9a6e\" data-element_type=\"widget\" data-e-type=\"widget\" data-widget_type=\"text-editor.default\">\n\t\t\t\t\t\t\t\t\t<p class=\" text-justify\"><b><i>Candidato classificado:<\/i><\/b><\/p><ul><li>Entregar \u00e0 Secretaria do Curso a documenta\u00e7\u00e3o exigida para o Registro Acad\u00eamico;<\/li><\/ul><ul><li>Preencher corretamente a\u00a0<a href=\"https:\/\/sistemas.ufmg.br\/cadastroprevio\" target=\"_blank\" rel=\"noopener\">Ficha de Cadastro Pr\u00e9vio<\/a>\u00a0pela internet;<\/li><\/ul><ul><li>Confirmar seu endere\u00e7o eletr\u00f4nico (e-mail) quando receber link de autentica\u00e7\u00e3o.<\/li><\/ul><div class=\"\"><div class=\"content-view-embed\"><div class=\"class-image\"><div class=\"attribute-image\"><img decoding=\"async\" title=\"BRANQUITO\" src=\"https:\/\/www2.ufmg.br\/var\/storage\/drca\/images\/media\/drca\/images\/branquito27\/164697-1-por-BR\/BRANQUITO_medium.jpg\" alt=\"BRANQUITO\" width=\"11\" height=\"12\" \/><\/div><\/div><\/div><\/div><p class=\" text-justify\"><b><i>Secretaria do curso:<\/i><\/b><\/p><ul><li>Lan\u00e7ar os dados dos candidatos classificados no Sistema Acad\u00eamico da P\u00f3s-Gradua\u00e7\u00e3o;<\/li><\/ul><ul><li>Solicitar ao candidato classificado que preencha o formul\u00e1rio eletr\u00f4nico (Ficha de Cadastro Pr\u00e9vio), indicando o\u00a0<a href=\"https:\/\/sistemas.ufmg.br\/cadastroprevio\" target=\"_blank\" rel=\"noopener\">endere\u00e7o de acesso<\/a>;<\/li><\/ul><ul><li>Enviar ao DRCA a documenta\u00e7\u00e3o dos candidatos classificados com a rela\u00e7\u00e3o nominal, solicitando registro dos mesmos, por meio do\u00a0<a href=\"https:\/\/www.ufmg.br\/drca\/wp-content\/uploads\/2026\/04\/Oficio-Encaminhamento-Documentacao-Registro-04-07-2019.doc\" target=\"_blank\" rel=\"noopener\">Of\u00edcio Padr\u00e3o de Encaminhamento de Documenta\u00e7\u00e3o<\/a>;<\/li><\/ul><ul><li>Acompanhar, pelo Sistema Acad\u00eamico, a evolu\u00e7\u00e3o dos registros solicitados;<\/li><\/ul><ul><li>Informar o n\u00famero de registro aos alunos, quando confirmado pelo DRCA.<\/li><\/ul><div class=\"\"><div class=\"content-view-embed\"><div class=\"class-image\"><div class=\"attribute-image\"><img decoding=\"async\" title=\"BRANQUITO\" src=\"https:\/\/www2.ufmg.br\/var\/storage\/drca\/images\/media\/drca\/images\/branquito27\/164697-1-por-BR\/BRANQUITO_medium.jpg\" alt=\"BRANQUITO\" width=\"11\" height=\"12\" \/><\/div><\/div><\/div><\/div><p class=\" text-justify\"><b><i>DRCA:<\/i><\/b><\/p><ul><li>Receber a documenta\u00e7\u00e3o dos candidatos classificados;<\/li><\/ul><ul><li>Conferir a Ficha de Cadastro Pr\u00e9vio preenchida pelo candidato com a documenta\u00e7\u00e3o recebida da Secretaria do Curso;<\/li><\/ul><ul><li>Confirmar o Registro Acad\u00eamico do aluno.<\/li><\/ul>\t\t\t\t\t\t\t\t<\/div>\n\t\t\t\t<\/div>\n\t\t\t\t<\/div>\n\t\t","protected":false},"excerpt":{"rendered":"<p>Candidato classificado: Entregar \u00e0 Secretaria do Curso a documenta\u00e7\u00e3o exigida para o Registro Acad\u00eamico; Preencher corretamente a\u00a0Ficha de Cadastro Pr\u00e9vio\u00a0pela internet; Confirmar seu endere\u00e7o eletr\u00f4nico (e-mail) quando receber link de autentica\u00e7\u00e3o. Secretaria do curso: Lan\u00e7ar os dados dos candidatos classificados no Sistema Acad\u00eamico da P\u00f3s-Gradua\u00e7\u00e3o; Solicitar ao candidato classificado que preencha o formul\u00e1rio eletr\u00f4nico (Ficha [&hellip;]<\/p>\n","protected":false},"author":4,"featured_media":0,"parent":0,"menu_order":0,"comment_status":"closed","ping_status":"closed","template":"","meta":{"_acf_changed":false,"_crdt_document":"{\"document\":\"AAAp96vtrRQWkOusgBDVoeKTAhn3q+2tFADVoeKTAhr3q+2tFALVoeKTAgVKBggEAwAEAwAeAQNqBQGCIxEABBgOEiIYGhayFwUABuQ+LJQiAhwQCQAFAAIIAgYCCAYMBwAcBhIYAgYQBAMA7CUDAAaOPQECCkoQCAwFAYIjEQAEGA4SIhgaFnsoACEAKAAnAAEAhACBAIQBgQCEAIEAJwEoBCcAKAEhAigBJwBEAMQDIQDECqgDIQCoAAQAgQCEAYEAhAGBAIQAgQCEAIEAhACBAIQAgQCEAIEAhACBAIQAgQCEAIEAhACBAIQAgQCEAKgBoQAHACEAKAAhACgAJwAhACfNE\/sSc3RhdGV2ZXJzaW9uZG9jdW1lbnRkYXRlZG9jdW1lbnRzdGF0dXNkb2N1bWVudHRpdGxldW5vIGF0ZG9jdW1lbnRjb250ZW50ZG9jdW1lbnRleGNlcnB0ZG9jdW1lbnRhdXRob3Jkb2N1bWVudGZlYXR1cmVkX21lZGlhZG9jdW1lbnRjb21tZW50X3N0YXR1c2RvY3VtZW50cGluZ19zdGF0dXNkb2N1bWVudHRlbXBsYXRlZG9jdW1lbnRtZXRhX2FjZl9jaGFuZ2VkZm9vdG5vdGVzX2VsZW1lbnRvcl9lZGl0X21vZGVfZWxlbWVudG9yX3RlbXBsYXRlX3R5cGVfZWxlbWVudG9yX2RhdGFfZWxlbWVudG9yX3BhZ2Vfc2V0dGluZ3Nkb2N1bWVudGZvbGRlcmRvY3VtZW50YmxvY2tzMy4gRsOnw7VlcyBwcmdlbmVzdGF0ZXZlcnNpb253cC11cHMwMDRpLS1jYS0tc3RhdGV2ZXJzaW9uPHA+PGI+PGk+Q2FuZGlkYXRvIGNsYXNzaWZpY2Fkbzo8L2k+PC9iPjwvcD48dWw+PGxpPkVudHJlZ2FyIMOgIFNlY3JldGFyaWEgZG8gQ3Vyc28gYSBkb2N1bWVudGHDp8OjbyBleGlnaWRhIHBhcmEgbyBSZWdpc3RybyBBY2Fkw6ptaWNvOzwvbGk+PC91bD48dWw+PGxpPlByZWVuY2hlciBjb3JyZXRhbWVudGUgYcKgPGEgaHJlZj0iaHR0cHM6Ly9zaXN0ZW1hcy51Zm1nLmJyL2NhZGFzdHJvcHJldmlvIiB0YXJnZXQ9Il9ibGFuayIgcmVsPSJub29wZW5lciI+RmljaGEgZGUgQ2FkYXN0cm8gUHLDqXZpbzwvYT7CoHBlbGEgaW50ZXJuZXQ7PC9saT48L3VsPjx1bD48bGk+Q29uZmlybWFyIHNldSBlbmRlcmXDp28gZWxldHLDtG5pY28gKGUtbWFpbCkgcXVhbmRvIHJlY2ViZXIgbGluayBkZSBhdXRlbnRpY2HDp8Ojby48L2xpPjwvdWw+PGltZyB0aXRsZT0iQlJBTlFVSVRPIiBzcmM9Imh0dHBzOi8vd3d3Mi51Zm1nLmJyL3Zhci9zdG9yYWdlL2RyY2EvaW1hZ2VzL21lZGlhL2RyY2EvaW1hZ2VzL2JyYW5xdWl0bzI3LzE2NDY5Ny0xLXBvci1CUi9CUkFOUVVJVE9fbWVkaXVtLmpwZyIgYWx0PSJCUkFOUVVJVE8iIHdpZHRoPSIxMSIgaGVpZ2h0PSIxMiIgLz48cD48Yj48aT5TZWNyZXRhcmlhIGRvIGN1cnNvOjwvaT48L2I+PC9wPjx1bD48bGk+TGFuw6dhciBvcyBkYWRvcyBkb3MgY2FuZGlkYXRvcyBjbGFzc2lmaWNhZG9zIG5vIFNpc3RlbWEgQWNhZMOqbWljbyBkYSBQw7NzLUdyYWR1YcOnw6NvOzwvbGk+PC91bD48dWw+PGxpPlNvbGljaXRhciBhbyBjYW5kaWRhdG8gY2xhc3NpZmljYWRvIHF1ZSBwcmVlbmNoYSBvIGZvcm11bMOhcmlvIGVsZXRyw7RuaWNvIChGaWNoYSBkZSBDYWRhc3RybyBQcsOpdmlvKSwgaW5kaWNhbmRvIG\/CoDxhIGhyZWY9Imh0dHBzOi8vc2lzdGVtYXMudWZtZy5ici9jYWRhc3Ryb3ByZXZpbyIgdGFyZ2V0PSJfYmxhbmsiIHJlbD0ibm9vcGVuZXIiPmVuZGVyZcOnbyBkZSBhY2Vzc288L2E+OzwvbGk+PC91bD48dWw+PGxpPkVudmlhciBhbyBEUkNBIGEgZG9jdW1lbnRhw6fDo28gZG9zIGNhbmRpZGF0b3MgY2xhc3NpZmljYWRvcyBjb20gYSByZWxhw6fDo28gbm9taW5hbCwgc29saWNpdGFuZG8gcmVnaXN0cm8gZG9zIG1lc21vcywgcG9yIG1laW8gZG\/CoDxhIGhyZWY9Imh0dHBzOi8vd3d3LnVmbWcuYnIvZHJjYS9jb250ZW50L2xvYWQvMjI2Ly9PZmNpb0VuY2FtaW5oYW1lbnRvRG9jdW1lbnRhb1JlZ2lzdHJvMDQtMDctMjAxOS5kb2MiIHRhcmdldD0iX2JsYW5rIiByZWw9Im5vb3BlbmVyIj5PZsOtY2lvIFBhZHLDo28gZGUgRW5jYW1pbmhhbWVudG8gZGUgRG9jdW1lbnRhw6fDo288L2E+OzwvbGk+PC91bD48dWw+PGxpPkFjb21wYW5oYXIsIHBlbG8gU2lzdGVtYSBBY2Fkw6ptaWNvLCBhIGV2b2x1w6fDo28gZG9zIHJlZ2lzdHJvcyBzb2xpY2l0YWRvczs8L2xpPjwvdWw+PHVsPjxsaT5JbmZvcm1hciBvIG7Dum1lcm8gZGUgcmVnaXN0cm8gYW9zIGFsdW5vcywgcXVhbmRvIGNvbmZpcm1hZG8gcGVsbyBEUkNBLjwvbGk+PC91bD48aW1nIHRpdGxlPSJCUkFOUVVJVE8iIHNyYz0iaHR0cHM6Ly93d3cyLnVmbWcuYnIvdmFyL3N0b3JhZ2UvZHJjYS9pbWFnZXMvbWVkaWEvZHJjYS9pbWFnZXMvYnJhbnF1aXRvMjcvMTY0Njk3LTEtcG9yLUJSL0JSQU5RVUlUT19tZWRpdW0uanBnIiBhbHQ9IkJSQU5RVUlUTyIgd2lkdGg9IjExIiBoZWlnaHQ9IjEyIiAvPjxwPjxiPjxpPkRSQ0E6PC9pPjwvYj48L3A+PHVsPjxsaT5SZWNlYmVyIGEgZG9jdW1lbnRhw6fDo28gZG9zIGNhbmRpZGF0b3MgY2xhc3NpZmljYWRvczs8L2xpPjwvdWw+PHVsPjxsaT5Db25mZXJpciBhIEZpY2hhIGRlIENhZGFzdHJvIFByw6l2aW8gcHJlZW5jaGlkYSBwZWxvIGNhbmRpZGF0byBjb20gYSBkb2N1bWVudGHDp8OjbyByZWNlYmlkYSBkYSBTZWNyZXRhcmlhIGRvIEN1cnNvOzwvbGk+PC91bD48dWw+PGxpPkNvbmZpcm1hciBvIFJlZ2lzdHJvIEFjYWTDqm1pY28gZG8gYWx1bm8uPC9saT48L3VsPmNsaWVudElkaXNWYWxpZG9yaWdpbmFsQ29udGVudG5hbWVhdHRyaWJ1dGVzY29udGVudGlubmVyQmxvY2tzBQcIBAgGCAUCAQIBCAcIBwgGCA4IDggLSAEEDAkUGA8YCAYIBgQGAQMBBQcDAkEAAkEBAkEABQegEQ4IBAJBAUMADgkBCAGyCwgHDwQKBwsLAQMAAAEHAAUBAwAHQgEBAEEAABVBAQRBAAdBEgQCBAMEBkMADAMCQQcDIQB9AXcKYXV0by1kcmFmdH0EfQB3BmNsb3NlZHcGY2xvc2VkdwB5dwB+dQF9LRAAd7MWW3siaWQiOiI1ZDEyM2I4IiwiZWxUeXBlIjoiY29udGFpbmVyIiwic2V0dGluZ3MiOnsiYm94ZWRfd2lkdGgiOnsidW5pdCI6InB4Iiwic2l6ZSI6MTQ0Nywic2l6ZXMiOltdfX0sImVsZW1lbnRzIjpbeyJpZCI6ImU1YTlhNmUiLCJlbFR5cGUiOiJ3aWRnZXQiLCJzZXR0aW5ncyI6eyJlZGl0b3IiOiI8cCBjbGFzcz1cIiB0ZXh0LWp1c3RpZnlcIj48Yj48aT5DYW5kaWRhdG8gY2xhc3NpZmljYWRvOjxcL2k+PFwvYj48XC9wPjx1bD48bGk+RW50cmVnYXIgXHUwMGUwIFNlY3JldGFyaWEgZG8gQ3Vyc28gYSBkb2N1bWVudGFcdTAwZTdcdTAwZTNvIGV4aWdpZGEgcGFyYSBvIFJlZ2lzdHJvIEFjYWRcdTAwZWFtaWNvOzxcL2xpPjxcL3VsPjx1bD48bGk+UHJlZW5jaGVyIGNvcnJldGFtZW50ZSBhXHUwMGEwPGEgaHJlZj1cImh0dHBzOlwvXC9zaXN0ZW1hcy51Zm1nLmJyXC9jYWRhc3Ryb3ByZXZpb1wiIHRhcmdldD1cIl9ibGFua1wiIHJlbD1cIm5vb3BlbmVyXCI+RmljaGEgZGUgQ2FkYXN0cm8gUHJcdTAwZTl2aW88XC9hPlx1MDBhMHBlbGEgaW50ZXJuZXQ7PFwvbGk+PFwvdWw+PHVsPjxsaT5Db25maXJtYXIgc2V1IGVuZGVyZVx1MDBlN28gZWxldHJcdTAwZjRuaWNvIChlLW1haWwpIHF1YW5kbyByZWNlYmVyIGxpbmsgZGUgYXV0ZW50aWNhXHUwMGU3XHUwMGUzby48XC9saT48XC91bD48ZGl2IGNsYXNzPVwiXCI+PGRpdiBjbGFzcz1cImNvbnRlbnQtdmlldy1lbWJlZFwiPjxkaXYgY2xhc3M9XCJjbGFzcy1pbWFnZVwiPjxkaXYgY2xhc3M9XCJhdHRyaWJ1dGUtaW1hZ2VcIj48aW1nIHRpdGxlPVwiQlJBTlFVSVRPXCIgc3JjPVwiaHR0cHM6XC9cL3d3dzIudWZtZy5iclwvdmFyXC9zdG9yYWdlXC9kcmNhXC9pbWFnZXNcL21lZGlhXC9kcmNhXC9pbWFnZXNcL2JyYW5xdWl0bzI3XC8xNjQ2OTctMS1wb3ItQlJcL0JSQU5RVUlUT19tZWRpdW0uanBnXCIgYWx0PVwiQlJBTlFVSVRPXCIgd2lkdGg9XCIxMVwiIGhlaWdodD1cIjEyXCIgXC8+PFwvZGl2PjxcL2Rpdj48XC9kaXY+PFwvZGl2PjxwIGNsYXNzPVwiIHRleHQtanVzdGlmeVwiPjxiPjxpPlNlY3JldGFyaWEgZG8gY3Vyc286PFwvaT48XC9iPjxcL3A+PHVsPjxsaT5MYW5cdTAwZTdhciBvcyBkYWRvcyBkb3MgY2FuZGlkYXRvcyBjbGFzc2lmaWNhZG9zIG5vIFNpc3RlbWEgQWNhZFx1MDBlYW1pY28gZGEgUFx1MDBmM3MtR3JhZHVhXHUwMGU3XHUwMGUzbzs8XC9saT48XC91bD48dWw+PGxpPlNvbGljaXRhciBhbyBjYW5kaWRhdG8gY2xhc3NpZmljYWRvIHF1ZSBwcmVlbmNoYSBvIGZvcm11bFx1MDBlMXJpbyBlbGV0clx1MDBmNG5pY28gKEZpY2hhIGRlIENhZGFzdHJvIFByXHUwMGU5dmlvKSwgaW5kaWNhbmRvIG9cdTAwYTA8YSBocmVmPVwiaHR0cHM6XC9cL3Npc3RlbWFzLnVmbWcuYnJcL2NhZGFzdHJvcHJldmlvXCIgdGFyZ2V0PVwiX2JsYW5rXCIgcmVsPVwibm9vcGVuZXJcIj5lbmRlcmVcdTAwZTdvIGRlIGFjZXNzbzxcL2E+OzxcL2xpPjxcL3VsPjx1bD48bGk+RW52aWFyIGFvIERSQ0EgYSBkb2N1bWVudGFcdTAwZTdcdTAwZTNvIGRvcyBjYW5kaWRhdG9zIGNsYXNzaWZpY2Fkb3MgY29tIGEgcmVsYVx1MDBlN1x1MDBlM28gbm9taW5hbCwgc29saWNpdGFuZG8gcmVnaXN0cm8gZG9zIG1lc21vcywgcG9yIG1laW8gZG9cdTAwYTA8YSBocmVmPVwiaHR0cHM6XC9cL3d3dy51Zm1nLmJyXC9kcmNhXC93cC1jb250ZW50XC91cGxvYWRzXC8yMDI2XC8wNFwvT2ZpY2lvLUVuY2FtaW5oYW1lbnRvLURvY3VtZW50YWNhby1SZWdpc3Ryby0wNC0wNy0yMDE5LmRvY1wiIHRhcmdldD1cIl9ibGFua1wiIHJlbD1cIm5vb3BlbmVyXCI+T2ZcdTAwZWRjaW8gUGFkclx1MDBlM28gZGUgRW5jYW1pbmhhbWVudG8gZGUgRG9jdW1lbnRhXHUwMGU3XHUwMGUzbzxcL2E+OzxcL2xpPjxcL3VsPjx1bD48bGk+QWNvbXBhbmhhciwgcGVsbyBTaXN0ZW1hIEFjYWRcdTAwZWFtaWNvLCBhIGV2b2x1XHUwMGU3XHUwMGUzbyBkb3MgcmVnaXN0cm9zIHNvbGljaXRhZG9zOzxcL2xpPjxcL3VsPjx1bD48bGk+SW5mb3JtYXIgbyBuXHUwMGZhbWVybyBkZSByZWdpc3RybyBhb3MgYWx1bm9zLCBxdWFuZG8gY29uZmlybWFkbyBwZWxvIERSQ0EuPFwvbGk+PFwvdWw+PGRpdiBjbGFzcz1cIlwiPjxkaXYgY2xhc3M9XCJjb250ZW50LXZpZXctZW1iZWRcIj48ZGl2IGNsYXNzPVwiY2xhc3MtaW1hZ2VcIj48ZGl2IGNsYXNzPVwiYXR0cmlidXRlLWltYWdlXCI+PGltZyB0aXRsZT1cIkJSQU5RVUlUT1wiIHNyYz1cImh0dHBzOlwvXC93d3cyLnVmbWcuYnJcL3Zhclwvc3RvcmFnZVwvZHJjYVwvaW1hZ2VzXC9tZWRpYVwvZHJjYVwvaW1hZ2VzXC9icmFucXVpdG8yN1wvMTY0Njk3LTEtcG9yLUJSXC9CUkFOUVVJVE9fbWVkaXVtLmpwZ1wiIGFsdD1cIkJSQU5RVUlUT1wiIHdpZHRoPVwiMTFcIiBoZWlnaHQ9XCIxMlwiIFwvPjxcL2Rpdj48XC9kaXY+PFwvZGl2PjxcL2Rpdj48cCBjbGFzcz1cIiB0ZXh0LWp1c3RpZnlcIj48Yj48aT5EUkNBOjxcL2k+PFwvYj48XC9wPjx1bD48bGk+UmVjZWJlciBhIGRvY3VtZW50YVx1MDBlN1x1MDBlM28gZG9zIGNhbmRpZGF0b3MgY2xhc3NpZmljYWRvczs8XC9saT48XC91bD48dWw+PGxpPkNvbmZlcmlyIGEgRmljaGEgZGUgQ2FkYXN0cm8gUHJcdTAwZTl2aW8gcHJlZW5jaGlkYSBwZWxvIGNhbmRpZGF0byBjb20gYSBkb2N1bWVudGFcdTAwZTdcdTAwZTNvIHJlY2ViaWRhIGRhIFNlY3JldGFyaWEgZG8gQ3Vyc287PFwvbGk+PFwvdWw+PHVsPjxsaT5Db25maXJtYXIgbyBSZWdpc3RybyBBY2FkXHUwMGVhbWljbyBkbyBhbHVuby48XC9saT48XC91bD4iLCJhbGlnbiI6Imp1c3RpZnkifSwiZWxlbWVudHMiOltdLCJ3aWRnZXRUeXBlIjoidGV4dC1lZGl0b3IifV0sImlzSW5uZXIiOmZhbHNlfV13JDkxMGUwZTFiLTlmYTktNDVjZC04ZTYxLTg3ZjQxMDQ4ODAzM3eDEDxwPjxiPjxpPkNhbmRpZGF0byBjbGFzc2lmaWNhZG86PC9pPjwvYj48L3A+Cjx1bD4KPGxpPkVudHJlZ2FyIMOgIFNlY3JldGFyaWEgZG8gQ3Vyc28gYSBkb2N1bWVudGHDp8OjbyBleGlnaWRhIHBhcmEgbyBSZWdpc3RybyBBY2Fkw6ptaWNvOzwvbGk+CjwvdWw+Cjx1bD4KPGxpPlByZWVuY2hlciBjb3JyZXRhbWVudGUgYcKgPGEgaHJlZj0iaHR0cHM6Ly9zaXN0ZW1hcy51Zm1nLmJyL2NhZGFzdHJvcHJldmlvIiB0YXJnZXQ9Il9ibGFuayIgcmVsPSJub29wZW5lciI+RmljaGEgZGUgQ2FkYXN0cm8gUHLDqXZpbzwvYT7CoHBlbGEgaW50ZXJuZXQ7PC9saT4KPC91bD4KPHVsPgo8bGk+Q29uZmlybWFyIHNldSBlbmRlcmXDp28gZWxldHLDtG5pY28gKGUtbWFpbCkgcXVhbmRvIHJlY2ViZXIgbGluayBkZSBhdXRlbnRpY2HDp8Ojby48L2xpPgo8L3VsPgo8cD48aW1nIHRpdGxlPSJCUkFOUVVJVE8iIHNyYz0iaHR0cHM6Ly93d3cyLnVmbWcuYnIvdmFyL3N0b3JhZ2UvZHJjYS9pbWFnZXMvbWVkaWEvZHJjYS9pbWFnZXMvYnJhbnF1aXRvMjcvMTY0Njk3LTEtcG9yLUJSL0JSQU5RVUlUT19tZWRpdW0uanBnIiBhbHQ9IkJSQU5RVUlUTyIgd2lkdGg9IjExIiBoZWlnaHQ9IjEyIiAvPjwvcD4KPHA+PGI+PGk+U2VjcmV0YXJpYSBkbyBjdXJzbzo8L2k+PC9iPjwvcD4KPHVsPgo8bGk+TGFuw6dhciBvcyBkYWRvcyBkb3MgY2FuZGlkYXRvcyBjbGFzc2lmaWNhZG9zIG5vIFNpc3RlbWEgQWNhZMOqbWljbyBkYSBQw7NzLUdyYWR1YcOnw6NvOzwvbGk+CjwvdWw+Cjx1bD4KPGxpPlNvbGljaXRhciBhbyBjYW5kaWRhdG8gY2xhc3NpZmljYWRvIHF1ZSBwcmVlbmNoYSBvIGZvcm11bMOhcmlvIGVsZXRyw7RuaWNvIChGaWNoYSBkZSBDYWRhc3RybyBQcsOpdmlvKSwgaW5kaWNhbmRvIG\/CoDxhIGhyZWY9Imh0dHBzOi8vc2lzdGVtYXMudWZtZy5ici9jYWRhc3Ryb3ByZXZpbyIgdGFyZ2V0PSJfYmxhbmsiIHJlbD0ibm9vcGVuZXIiPmVuZGVyZcOnbyBkZSBhY2Vzc288L2E+OzwvbGk+CjwvdWw+Cjx1bD4KPGxpPkVudmlhciBhbyBEUkNBIGEgZG9jdW1lbnRhw6fDo28gZG9zIGNhbmRpZGF0b3MgY2xhc3NpZmljYWRvcyBjb20gYSByZWxhw6fDo28gbm9taW5hbCwgc29saWNpdGFuZG8gcmVnaXN0cm8gZG9zIG1lc21vcywgcG9yIG1laW8gZG\/CoDxhIGhyZWY9Imh0dHBzOi8vd3d3LnVmbWcuYnIvZHJjYS93cC1jb250ZW50L3VwbG9hZHMvMjAyNi8wNC9PZmljaW8tRW5jYW1pbmhhbWVudG8tRG9jdW1lbnRhY2FvLVJlZ2lzdHJvLTA0LTA3LTIwMTkuZG9jIiB0YXJnZXQ9Il9ibGFuayIgcmVsPSJub29wZW5lciI+T2bDrWNpbyBQYWRyw6NvIGRlIEVuY2FtaW5oYW1lbnRvIGRlIERvY3VtZW50YcOnw6NvPC9hPjs8L2xpPgo8L3VsPgo8dWw+CjxsaT5BY29tcGFuaGFyLCBwZWxvIFNpc3RlbWEgQWNhZMOqbWljbywgYSBldm9sdcOnw6NvIGRvcyByZWdpc3Ryb3Mgc29saWNpdGFkb3M7PC9saT4KPC91bD4KPHVsPgo8bGk+SW5mb3JtYXIgbyBuw7ptZXJvIGRlIHJlZ2lzdHJvIGFvcyBhbHVub3MsIHF1YW5kbyBjb25maXJtYWRvIHBlbG8gRFJDQS48L2xpPgo8L3VsPgo8cD48aW1nIHRpdGxlPSJCUkFOUVVJVE8iIHNyYz0iaHR0cHM6Ly93d3cyLnVmbWcuYnIvdmFyL3N0b3JhZ2UvZHJjYS9pbWFnZXMvbWVkaWEvZHJjYS9pbWFnZXMvYnJhbnF1aXRvMjcvMTY0Njk3LTEtcG9yLUJSL0JSQU5RVUlUT19tZWRpdW0uanBnIiBhbHQ9IkJSQU5RVUlUTyIgd2lkdGg9IjExIiBoZWlnaHQ9IjEyIiAvPjwvcD4KPHA+PGI+PGk+RFJDQTo8L2k+PC9iPjwvcD4KPHVsPgo8bGk+UmVjZWJlciBhIGRvY3VtZW50YcOnw6NvIGRvcyBjYW5kaWRhdG9zIGNsYXNzaWZpY2Fkb3M7PC9saT4KPC91bD4KPHVsPgo8bGk+Q29uZmVyaXIgYSBGaWNoYSBkZSBDYWRhc3RybyBQcsOpdmlvIHByZWVuY2hpZGEgcGVsbyBjYW5kaWRhdG8gY29tIGEgZG9jdW1lbnRhw6fDo28gcmVjZWJpZGEgZGEgU2VjcmV0YXJpYSBkbyBDdXJzbzs8L2xpPgo8L3VsPgo8dWw+CjxsaT5Db25maXJtYXIgbyBSZWdpc3RybyBBY2Fkw6ptaWNvIGRvIGFsdW5vLjwvbGk+CjwvdWw+d4MQPHA+PGI+PGk+Q2FuZGlkYXRvIGNsYXNzaWZpY2Fkbzo8L2k+PC9iPjwvcD4KPHVsPgo8bGk+RW50cmVnYXIgw6AgU2VjcmV0YXJpYSBkbyBDdXJzbyBhIGRvY3VtZW50YcOnw6NvIGV4aWdpZGEgcGFyYSBvIFJlZ2lzdHJvIEFjYWTDqm1pY287PC9saT4KPC91bD4KPHVsPgo8bGk+UHJlZW5jaGVyIGNvcnJldGFtZW50ZSBhwqA8YSBocmVmPSJodHRwczovL3Npc3RlbWFzLnVmbWcuYnIvY2FkYXN0cm9wcmV2aW8iIHRhcmdldD0iX2JsYW5rIiByZWw9Im5vb3BlbmVyIj5GaWNoYSBkZSBDYWRhc3RybyBQcsOpdmlvPC9hPsKgcGVsYSBpbnRlcm5ldDs8L2xpPgo8L3VsPgo8dWw+CjxsaT5Db25maXJtYXIgc2V1IGVuZGVyZcOnbyBlbGV0csO0bmljbyAoZS1tYWlsKSBxdWFuZG8gcmVjZWJlciBsaW5rIGRlIGF1dGVudGljYcOnw6NvLjwvbGk+CjwvdWw+CjxwPjxpbWcgdGl0bGU9IkJSQU5RVUlUTyIgc3JjPSJodHRwczovL3d3dzIudWZtZy5ici92YXIvc3RvcmFnZS9kcmNhL2ltYWdlcy9tZWRpYS9kcmNhL2ltYWdlcy9icmFucXVpdG8yNy8xNjQ2OTctMS1wb3ItQlIvQlJBTlFVSVRPX21lZGl1bS5qcGciIGFsdD0iQlJBTlFVSVRPIiB3aWR0aD0iMTEiIGhlaWdodD0iMTIiIC8+PC9wPgo8cD48Yj48aT5TZWNyZXRhcmlhIGRvIGN1cnNvOjwvaT48L2I+PC9wPgo8dWw+CjxsaT5MYW7Dp2FyIG9zIGRhZG9zIGRvcyBjYW5kaWRhdG9zIGNsYXNzaWZpY2Fkb3Mgbm8gU2lzdGVtYSBBY2Fkw6ptaWNvIGRhIFDDs3MtR3JhZHVhw6fDo287PC9saT4KPC91bD4KPHVsPgo8bGk+U29saWNpdGFyIGFvIGNhbmRpZGF0byBjbGFzc2lmaWNhZG8gcXVlIHByZWVuY2hhIG8gZm9ybXVsw6FyaW8gZWxldHLDtG5pY28gKEZpY2hhIGRlIENhZGFzdHJvIFByw6l2aW8pLCBpbmRpY2FuZG8gb8KgPGEgaHJlZj0iaHR0cHM6Ly9zaXN0ZW1hcy51Zm1nLmJyL2NhZGFzdHJvcHJldmlvIiB0YXJnZXQ9Il9ibGFuayIgcmVsPSJub29wZW5lciI+ZW5kZXJlw6dvIGRlIGFjZXNzbzwvYT47PC9saT4KPC91bD4KPHVsPgo8bGk+RW52aWFyIGFvIERSQ0EgYSBkb2N1bWVudGHDp8OjbyBkb3MgY2FuZGlkYXRvcyBjbGFzc2lmaWNhZG9zIGNvbSBhIHJlbGHDp8OjbyBub21pbmFsLCBzb2xpY2l0YW5kbyByZWdpc3RybyBkb3MgbWVzbW9zLCBwb3IgbWVpbyBkb8KgPGEgaHJlZj0iaHR0cHM6Ly93d3cudWZtZy5ici9kcmNhL3dwLWNvbnRlbnQvdXBsb2Fkcy8yMDI2LzA0L09maWNpby1FbmNhbWluaGFtZW50by1Eb2N1bWVudGFjYW8tUmVnaXN0cm8tMDQtMDctMjAxOS5kb2MiIHRhcmdldD0iX2JsYW5rIiByZWw9Im5vb3BlbmVyIj5PZsOtY2lvIFBhZHLDo28gZGUgRW5jYW1pbmhhbWVudG8gZGUgRG9jdW1lbnRhw6fDo288L2E+OzwvbGk+CjwvdWw+Cjx1bD4KPGxpPkFjb21wYW5oYXIsIHBlbG8gU2lzdGVtYSBBY2Fkw6ptaWNvLCBhIGV2b2x1w6fDo28gZG9zIHJlZ2lzdHJvcyBzb2xpY2l0YWRvczs8L2xpPgo8L3VsPgo8dWw+CjxsaT5JbmZvcm1hciBvIG7Dum1lcm8gZGUgcmVnaXN0cm8gYW9zIGFsdW5vcywgcXVhbmRvIGNvbmZpcm1hZG8gcGVsbyBEUkNBLjwvbGk+CjwvdWw+CjxwPjxpbWcgdGl0bGU9IkJSQU5RVUlUTyIgc3JjPSJodHRwczovL3d3dzIudWZtZy5ici92YXIvc3RvcmFnZS9kcmNhL2ltYWdlcy9tZWRpYS9kcmNhL2ltYWdlcy9icmFucXVpdG8yNy8xNjQ2OTctMS1wb3ItQlIvQlJBTlFVSVRPX21lZGl1bS5qcGciIGFsdD0iQlJBTlFVSVRPIiB3aWR0aD0iMTEiIGhlaWdodD0iMTIiIC8+PC9wPgo8cD48Yj48aT5EUkNBOjwvaT48L2I+PC9wPgo8dWw+CjxsaT5SZWNlYmVyIGEgZG9jdW1lbnRhw6fDo28gZG9zIGNhbmRpZGF0b3MgY2xhc3NpZmljYWRvczs8L2xpPgo8L3VsPgo8dWw+CjxsaT5Db25mZXJpciBhIEZpY2hhIGRlIENhZGFzdHJvIFByw6l2aW8gcHJlZW5jaGlkYSBwZWxvIGNhbmRpZGF0byBjb20gYSBkb2N1bWVudGHDp8OjbyByZWNlYmlkYSBkYSBTZWNyZXRhcmlhIGRvIEN1cnNvOzwvbGk+CjwvdWw+Cjx1bD4KPGxpPkNvbmZpcm1hciBvIFJlZ2lzdHJvIEFjYWTDqm1pY28gZG8gYWx1bm8uPC9saT4KPC91bD4qAHcTMjAyNi0wNC0yMlQxMDoxMzoxMHcHYnVpbGRlcncHd3AtcGFnZXh3DWNvcmUvZnJlZWZvcm0D99X2lgoGAQACAwIAAwABBgoC0LWWgAgBAADVkPGJARIAAOEIABYDBgEBAwECAQMDBQMCDgIJCwECCAEBAPQFAAEAAQACAA==\",\"updateId\":80131615}","footnotes":""},"folder":[45],"class_list":["post-1225","page","type-page","status-publish","hentry"],"acf":[],"_links":{"self":[{"href":"https:\/\/www.ufmg.br\/drca\/wp-json\/wp\/v2\/pages\/1225","targetHints":{"allow":["GET"]}}],"collection":[{"href":"https:\/\/www.ufmg.br\/drca\/wp-json\/wp\/v2\/pages"}],"about":[{"href":"https:\/\/www.ufmg.br\/drca\/wp-json\/wp\/v2\/types\/page"}],"author":[{"embeddable":true,"href":"https:\/\/www.ufmg.br\/drca\/wp-json\/wp\/v2\/users\/4"}],"replies":[{"embeddable":true,"href":"https:\/\/www.ufmg.br\/drca\/wp-json\/wp\/v2\/comments?post=1225"}],"version-history":[{"count":24,"href":"https:\/\/www.ufmg.br\/drca\/wp-json\/wp\/v2\/pages\/1225\/revisions"}],"predecessor-version":[{"id":1254,"href":"https:\/\/www.ufmg.br\/drca\/wp-json\/wp\/v2\/pages\/1225\/revisions\/1254"}],"wp:attachment":[{"href":"https:\/\/www.ufmg.br\/drca\/wp-json\/wp\/v2\/media?parent=1225"}],"wp:term":[{"taxonomy":"folder","embeddable":true,"href":"https:\/\/www.ufmg.br\/drca\/wp-json\/wp\/v2\/folder?post=1225"}],"curies":[{"name":"wp","href":"https:\/\/api.w.org\/{rel}","templated":true}]}}