{"id":1300,"date":"2026-04-22T11:03:26","date_gmt":"2026-04-22T14:03:26","guid":{"rendered":"https:\/\/www.ufmg.br\/drca\/?page_id=1300"},"modified":"2026-04-22T11:04:14","modified_gmt":"2026-04-22T14:04:14","slug":"ficha-de-cadastro-previo","status":"publish","type":"page","link":"https:\/\/www.ufmg.br\/drca\/ficha-de-cadastro-previo\/","title":{"rendered":"Ficha de Cadastro Pr\u00e9vio"},"content":{"rendered":"\t\t<div data-elementor-type=\"wp-page\" data-elementor-id=\"1300\" class=\"elementor elementor-1300\">\n\t\t\t\t<div class=\"elementor-element elementor-element-369c5c0 e-flex e-con-boxed e-con e-parent\" data-id=\"369c5c0\" data-element_type=\"container\" data-e-type=\"container\">\n\t\t\t\t\t<div class=\"e-con-inner\">\n\t\t\t\t<div class=\"elementor-element elementor-element-95f7c67 elementor-widget elementor-widget-text-editor\" data-id=\"95f7c67\" data-element_type=\"widget\" data-e-type=\"widget\" data-widget_type=\"text-editor.default\">\n\t\t\t\t\t\t\t\t\t<p><a href=\"https:\/\/sistemas.ufmg.br\/cadastroprevio\/\" target=\"_blank\" rel=\"noopener\">Clique aqui<\/a> para preencher a Ficha de Cadastro<\/p><p>\u00bb Para visualiza\u00e7\u00e3o e impress\u00e3o de documentos sugerimos o\u00a0<i>software<\/i>\u00a0Adobe\u00a9 Acrobat Reader: clique na imagem para instal\u00e1-lo.<\/p><p><a href=\"http:\/\/get.adobe.com\/br\/reader\/\" target=\"_blank\" rel=\"noopener\"><img decoding=\"async\" title=\"img_get_reader_01\" src=\"https:\/\/www2.ufmg.br\/var\/storage\/drca\/images\/media\/drca\/files\/img_get_reader_017\/126678-1-por-BR\/img_get_reader_01_small.gif\" alt=\"img_get_reader_01\" width=\"100\" height=\"24\" \/><\/a><\/p>\t\t\t\t\t\t\t\t<\/div>\n\t\t\t\t\t<\/div>\n\t\t\t\t<\/div>\n\t\t\t\t<\/div>\n\t\t","protected":false},"excerpt":{"rendered":"<p>Clique aqui para preencher a Ficha de Cadastro \u00bb Para visualiza\u00e7\u00e3o e impress\u00e3o de documentos sugerimos o\u00a0software\u00a0Adobe\u00a9 Acrobat Reader: clique na imagem para instal\u00e1-lo.<\/p>\n","protected":false},"author":4,"featured_media":0,"parent":0,"menu_order":0,"comment_status":"closed","ping_status":"closed","template":"","meta":{"_acf_changed":false,"_crdt_document":"{\"document\":\"AAAG94CFzQYeEQcAAgQDBQYDABIBA2gEAgQCBggOBAIEAhUoAicABACEDCcBKAQnACgGJwBEAMSUA+MCc3RhdGV2ZXJzaW9uZG9jdW1lbnRkYXRlZG9jdW1lbnRzdGF0dXNkb2N1bWVudHRpdGxlUmFzY3VuaG8gYXV0b23DoXRpY29kb2N1bWVudGNvbnRlbnRkb2N1bWVudGV4Y2VycHRkb2N1bWVudGF1dGhvcmRvY3VtZW50ZmVhdHVyZWRfbWVkaWFkb2N1bWVudGNvbW1lbnRfc3RhdHVzZG9jdW1lbnRwaW5nX3N0YXR1c2RvY3VtZW50dGVtcGxhdGVkb2N1bWVudG1ldGFfYWNmX2NoYW5nZWRmb290bm90ZXNfZWxlbWVudG9yX2VkaXRfbW9kZV9lbGVtZW50b3JfdGVtcGxhdGVfdHlwZV9lbGVtZW50b3JfZGF0YV9lbGVtZW50b3JfcGFnZV9zZXR0aW5nc2RvY3VtZW50Zm9sZGVyZG9jdW1lbnRibG9ja3NGaWFkZSBDZGFzciBQcsOpdgUHCAQIBggFAwECQQUDQQEIBwgHCAYIDggOCAtIAQQMCRQYDxgIBggGAgEEAwEFCQEDAAABBwAFAQRCAQEAAkENASgAfQF3EzIwMjYtMDQtMjJUMTE6MDM6MTl3CmF1dG8tZHJhZnR9BH0AdwZjbG9zZWR3BmNsb3NlZHcAeXcAdwB3AHcAfnUBfS0Bt8DCpgMGBAIBAQEAAgACAgEA\",\"updateId\":668010388}","footnotes":""},"folder":[45],"class_list":["post-1300","page","type-page","status-publish","hentry"],"acf":[],"_links":{"self":[{"href":"https:\/\/www.ufmg.br\/drca\/wp-json\/wp\/v2\/pages\/1300","targetHints":{"allow":["GET"]}}],"collection":[{"href":"https:\/\/www.ufmg.br\/drca\/wp-json\/wp\/v2\/pages"}],"about":[{"href":"https:\/\/www.ufmg.br\/drca\/wp-json\/wp\/v2\/types\/page"}],"author":[{"embeddable":true,"href":"https:\/\/www.ufmg.br\/drca\/wp-json\/wp\/v2\/users\/4"}],"replies":[{"embeddable":true,"href":"https:\/\/www.ufmg.br\/drca\/wp-json\/wp\/v2\/comments?post=1300"}],"version-history":[{"count":4,"href":"https:\/\/www.ufmg.br\/drca\/wp-json\/wp\/v2\/pages\/1300\/revisions"}],"predecessor-version":[{"id":1305,"href":"https:\/\/www.ufmg.br\/drca\/wp-json\/wp\/v2\/pages\/1300\/revisions\/1305"}],"wp:attachment":[{"href":"https:\/\/www.ufmg.br\/drca\/wp-json\/wp\/v2\/media?parent=1300"}],"wp:term":[{"taxonomy":"folder","embeddable":true,"href":"https:\/\/www.ufmg.br\/drca\/wp-json\/wp\/v2\/folder?post=1300"}],"curies":[{"name":"wp","href":"https:\/\/api.w.org\/{rel}","templated":true}]}}