{"id":1310,"date":"2026-04-22T13:14:24","date_gmt":"2026-04-22T16:14:24","guid":{"rendered":"https:\/\/www.ufmg.br\/drca\/?page_id=1310"},"modified":"2026-04-23T11:07:14","modified_gmt":"2026-04-23T14:07:14","slug":"matricula-da-pos-graduacao","status":"publish","type":"page","link":"https:\/\/www.ufmg.br\/drca\/matricula-da-pos-graduacao\/","title":{"rendered":"Matr\u00edcula da P\u00f3s-Gradua\u00e7\u00e3o"},"content":{"rendered":"\t\t<div data-elementor-type=\"wp-page\" data-elementor-id=\"1310\" class=\"elementor elementor-1310\">\n\t\t\t\t<div class=\"elementor-element elementor-element-6236cca e-flex e-con-boxed e-con e-parent\" data-id=\"6236cca\" data-element_type=\"container\" data-e-type=\"container\">\n\t\t\t\t\t<div class=\"e-con-inner\">\n\t\t\t\t<div class=\"elementor-element elementor-element-22b27e0 elementor-widget elementor-widget-text-editor\" data-id=\"22b27e0\" data-element_type=\"widget\" data-e-type=\"widget\" data-widget_type=\"text-editor.default\">\n\t\t\t\t\t\t\t\t\t<h4 class=\" text-center\">Matr\u00edcula dos(as) Alunos(as) de P\u00f3s-Gradua\u00e7\u00e3o<\/h4>\t\t\t\t\t\t\t\t<\/div>\n\t\t\t\t\t<\/div>\n\t\t\t\t<\/div>\n\t\t<div class=\"elementor-element elementor-element-51c5d7e e-flex e-con-boxed e-con e-parent\" data-id=\"51c5d7e\" data-element_type=\"container\" data-e-type=\"container\">\n\t\t\t\t\t<div class=\"e-con-inner\">\n\t\t\t\t<div class=\"elementor-element elementor-element-931b43c elementor-widget elementor-widget-text-editor\" data-id=\"931b43c\" data-element_type=\"widget\" data-e-type=\"widget\" data-widget_type=\"text-editor.default\">\n\t\t\t\t\t\t\t\t\t<p>Matr\u00edcula \u00e9 a inscri\u00e7\u00e3o de um registro discente em disciplina ou em outra atividade acad\u00eamica a ser desenvolvida em um per\u00edodo letivo.<\/p><p>Os alunos de cursos de p\u00f3s-gradua\u00e7\u00e3o, n\u00edvel Especializa\u00e7\u00e3o, realizam suas matr\u00edculas nas Secretarias de seus cursos.<\/p><p>Para cursos de p\u00f3s-gradua\u00e7\u00e3o Mestrado e Doutorado, a matr\u00edcula na UFMG \u00e9\u00a0<i>online<\/i>,\u00a0realizada\u00a0por meio do Sistema de Matr\u00edcula Online da P\u00f3s-Gradua\u00e7\u00e3o, sendo de inteira responsabilidade do(a) aluno(a) faz\u00ea-la, a cada per\u00edodo letivo, nos prazos definidos no Calend\u00e1rio Escolar da UFMG, sob pena de ser desligado do curso, conforme art. 61 do anexo \u00e0 Resolu\u00e7\u00e3o Complementar 02\/2017 &#8211; CEPE (Normas Gerais de P\u00f3s-Gradua\u00e7\u00e3o).<\/p><p>O processo de matr\u00edcula ocorre em etapas e envolve a participa\u00e7\u00e3o do(a) estudante, orientador(a), Coordena\u00e7\u00e3o do Programa de P\u00f3s-Gradua\u00e7\u00e3o e Secretaria.<\/p><p>A primeira etapa consiste no lan\u00e7amento da oferta de turmas no Sistema Acad\u00eamico da P\u00f3s-Gradua\u00e7\u00e3o,<b>\u00a0<\/b>pela Secretaria do Programa de P\u00f3s-Gradua\u00e7\u00e3o.<\/p><p>A segunda etapa consiste na elabora\u00e7\u00e3o da proposta de matr\u00edcula, em que o(a) aluno(a) seleciona as atividades\/turmas que deseja cursar no pr\u00f3ximo per\u00edodo letivo.<\/p><p>A proposta \u00e9 enviada ao(\u00e0) orientador(a) que pode aprov\u00e1-la sem modifica\u00e7\u00f5es ou propor altera\u00e7\u00f5es.<\/p><ul><li>Se a proposta de matr\u00edcula for aceita pelo(a) orientador(a), sem altera\u00e7\u00f5es, ela ser\u00e1 encaminhada \u00e0 secretaria para an\u00e1lise e efetiva\u00e7\u00e3o da matr\u00edcula.<\/li><li>Caso o(a) orientador(a) modifique a proposta de matr\u00edcula, ela retorna ao(\u00e0) aluno(a) que poder\u00e1 (I) acatar as modifica\u00e7\u00f5es propostas ou (II) fazer\u00a0<b>uma \u00fanica revis\u00e3o\u00a0<\/b>e reenvi\u00e1-la ao(\u00e0) orientador(a) para nova an\u00e1lise.<\/li><\/ul><p style=\"padding-left: 40px;\">\u00a0<\/p><p style=\"padding-left: 40px;\">I. Caso o(a) estudante acate a revis\u00e3o do(a) orientador(a), a proposta \u00e9 enviada diretamente para a secretaria do programa para efetiva\u00e7\u00e3o da matr\u00edcula.<\/p><p style=\"padding-left: 40px;\">II. Caso o(a) estudante fa\u00e7a a revis\u00e3o, o(a) orientador(a) realiza a \u00faltima an\u00e1lise da proposta, aceitando-a integralmente ou introduzindo novas modifica\u00e7\u00f5es. Em seguida a proposta \u00e9 encaminhada \u00e0 secretaria para efetiva\u00e7\u00e3o da matr\u00edcula.<\/p><p class=\" text-justify\">A proposta de matr\u00edcula dos(as) estudantes cujo o(a) orientador(a) ainda n\u00e3o foi definido(a) pelo Colegiado ser\u00e1 analisada pelo(a) Coordenador(a) do Programa de P\u00f3s-Gradua\u00e7\u00e3o.<\/p><p class=\" text-justify\">O aluno poder\u00e1 incluir, al\u00e9m das disciplinas ofertadas por seu curso, disciplinas ofertadas por outros programas de p\u00f3s-gradua\u00e7\u00e3o da UFMG. Ou seja, a matr\u00edcula em disciplinas eletivas ser\u00e1 concomitante \u00e0 matr\u00edcula regular.<\/p><p class=\" text-justify\">Ressaltamos que ap\u00f3s o envio da proposta de matr\u00edcula, o sistema n\u00e3o permite, inicialmente, ao(\u00e0) estudante realizar altera\u00e7\u00f5es. Nesse sentido, \u00e9 importante que todas as atividades a serem cursadas (obrigat\u00f3rias, optativas e eletivas) sejam selecionadas e enviadas simultaneamente para aprova\u00e7\u00e3o.<\/p><p class=\" text-justify\">No caso de o(a) aluno(a) solicitar matr\u00edcula em disciplinas eletivas, ap\u00f3s a an\u00e1lise feita pelo(a) orientador(a), a proposta \u00e9 encaminhada \u00e0 Coordena\u00e7\u00e3o do\u00a0<u>programa ofertante<\/u>\u00a0para avalia\u00e7\u00e3o e eventual efetiva\u00e7\u00e3o da matr\u00edcula.<\/p><p class=\" text-justify\">A efetiva\u00e7\u00e3o das demais matr\u00edculas pela secretaria do programa do aluno independe da avalia\u00e7\u00e3o\/efetiva\u00e7\u00e3o das matr\u00edculas em disciplinas eletivas.<\/p><p class=\" text-justify\">O acesso ao Sistema de Matr\u00edcula Online da P\u00f3s-Gradua\u00e7\u00e3o se d\u00e1 por meio do Portal MinhaUFMG (Sistemas \u2192 Aplica\u00e7\u00f5es Acad\u00eamicas \u2192 P\u00f3s-Gradua\u00e7\u00e3o: Matr\u00edcula \u2192 Elaborar Proposta).<\/p><p class=\" text-justify\">Recomendamos utilizar somente o navegador Mozilla Firefox. A utiliza\u00e7\u00e3o de outros navegadores poder\u00e1 acarretar mau funcionamento do Sistema.<\/p><p class=\" text-justify\">Lembramos que o(a) estudante dever\u00e1 primeiramente preencher o question\u00e1rio de avalia\u00e7\u00e3o do desempenho did\u00e1tico dos(as) docentes das atividades acad\u00eamicas curriculares cursadas no per\u00edodo letivo anterior.<\/p><p class=\" text-justify\">Somente ap\u00f3s a conclus\u00e3o desse procedimento, o(a) estudante poder\u00e1 elaborar a proposta. Ao preench\u00ea-la, o(a) aluno(a) deve estar atento \u00e0 exig\u00eancia de pr\u00e9-requisitos, \u00e0 sequ\u00eancia de atividades previstas no seu curr\u00edculo, bem como aos limites m\u00ednimo e m\u00e1ximo de cr\u00e9ditos exigidos por seu curso.<\/p><p class=\" text-justify\">Salientamos ainda que o(a) estudante de p\u00f3s-gradua\u00e7\u00e3o poder\u00e1 requerer matr\u00edcula em disciplinas de gradua\u00e7\u00e3o, nas Unidades Acad\u00eamicas respons\u00e1veis pela oferta das disciplinas.<\/p><p>Em caso de d\u00favidas, consulte o Colegiado ou Secretaria do seu Curso ou o Manual do Aluno &#8211; Matr\u00edcula, dispon\u00edvel no link abaixo***.<\/p><p>***<a href=\"https:\/\/www.ufmg.br\/drca\/wp-content\/uploads\/2026\/04\/manualDoUsuario.pdf\" target=\"_blank\" rel=\"noopener\">MANUAL DO ALUNO (MATR\u00cdCULA)<\/a><\/p>\t\t\t\t\t\t\t\t<\/div>\n\t\t\t\t\t<\/div>\n\t\t\t\t<\/div>\n\t\t\t\t<\/div>\n\t\t","protected":false},"excerpt":{"rendered":"<p>Matr\u00edcula dos(as) Alunos(as) de P\u00f3s-Gradua\u00e7\u00e3o Matr\u00edcula \u00e9 a inscri\u00e7\u00e3o de um registro discente em disciplina ou em outra atividade acad\u00eamica a ser desenvolvida em um per\u00edodo letivo. Os alunos de cursos de p\u00f3s-gradua\u00e7\u00e3o, n\u00edvel Especializa\u00e7\u00e3o, realizam suas matr\u00edculas nas Secretarias de seus cursos. Para cursos de p\u00f3s-gradua\u00e7\u00e3o Mestrado e Doutorado, a matr\u00edcula na UFMG \u00e9\u00a0online,\u00a0realizada\u00a0por [&hellip;]<\/p>\n","protected":false},"author":4,"featured_media":0,"parent":0,"menu_order":0,"comment_status":"closed","ping_status":"closed","template":"","meta":{"_acf_changed":false,"_crdt_document":"{\"document\":\"AAAGx6Pu2AsbDwYDAQQGAwMcAQNyBggDAAYIBAYIAwAVKAInAAQAhAknASgEJwAoBicARADEmQPpAnN0YXRldmVyc2lvbmRvY3VtZW50ZGF0ZWRvY3VtZW50c3RhdHVzZG9jdW1lbnR0aXRsZVJhc2N1bmhvIGF1dG9tw6F0aWNvZG9jdW1lbnRjb250ZW50ZG9jdW1lbnRleGNlcnB0ZG9jdW1lbnRhdXRob3Jkb2N1bWVudGZlYXR1cmVkX21lZGlhZG9jdW1lbnRjb21tZW50X3N0YXR1c2RvY3VtZW50cGluZ19zdGF0dXNkb2N1bWVudHRlbXBsYXRlZG9jdW1lbnRtZXRhX2FjZl9jaGFuZ2VkZm9vdG5vdGVzX2VsZW1lbnRvcl9lZGl0X21vZGVfZWxlbWVudG9yX3RlbXBsYXRlX3R5cGVfZWxlbWVudG9yX2RhdGFfZWxlbWVudG9yX3BhZ2Vfc2V0dGluZ3Nkb2N1bWVudGZvbGRlcmRvY3VtZW50YmxvY2tzTXRyw61sYWQgUMOzcy1HcmFkYcOnw6MFBwgECAYIBUEBAgNBAwYIBwgHCAYIDggOCAtIAQQMCRQYDxgIBggGAQMCAQkDCQEDAAABBwAFAQRCAQEAAkENASUAfQF3EzIwMjYtMDQtMjJUMTM6MTQ6MTh3CmF1dG8tZHJhZnR9BH0AdwZjbG9zZWR3BmNsb3NlZHcAeXcAdwB3AHcAfnUBfS0Bx5G37AUFBAABAAICAwABBQ==\",\"updateId\":205549624}","footnotes":""},"folder":[45],"class_list":["post-1310","page","type-page","status-publish","hentry"],"acf":[],"_links":{"self":[{"href":"https:\/\/www.ufmg.br\/drca\/wp-json\/wp\/v2\/pages\/1310","targetHints":{"allow":["GET"]}}],"collection":[{"href":"https:\/\/www.ufmg.br\/drca\/wp-json\/wp\/v2\/pages"}],"about":[{"href":"https:\/\/www.ufmg.br\/drca\/wp-json\/wp\/v2\/types\/page"}],"author":[{"embeddable":true,"href":"https:\/\/www.ufmg.br\/drca\/wp-json\/wp\/v2\/users\/4"}],"replies":[{"embeddable":true,"href":"https:\/\/www.ufmg.br\/drca\/wp-json\/wp\/v2\/comments?post=1310"}],"version-history":[{"count":19,"href":"https:\/\/www.ufmg.br\/drca\/wp-json\/wp\/v2\/pages\/1310\/revisions"}],"predecessor-version":[{"id":1618,"href":"https:\/\/www.ufmg.br\/drca\/wp-json\/wp\/v2\/pages\/1310\/revisions\/1618"}],"wp:attachment":[{"href":"https:\/\/www.ufmg.br\/drca\/wp-json\/wp\/v2\/media?parent=1310"}],"wp:term":[{"taxonomy":"folder","embeddable":true,"href":"https:\/\/www.ufmg.br\/drca\/wp-json\/wp\/v2\/folder?post=1310"}],"curies":[{"name":"wp","href":"https:\/\/api.w.org\/{rel}","templated":true}]}}