{"id":1350,"date":"2026-04-22T13:56:15","date_gmt":"2026-04-22T16:56:15","guid":{"rendered":"https:\/\/www.ufmg.br\/drca\/?page_id=1350"},"modified":"2026-04-22T13:57:42","modified_gmt":"2026-04-22T16:57:42","slug":"disciplina-isolada","status":"publish","type":"page","link":"https:\/\/www.ufmg.br\/drca\/disciplina-isolada\/","title":{"rendered":"Disciplina Isolada"},"content":{"rendered":"\t\t<div data-elementor-type=\"wp-page\" data-elementor-id=\"1350\" class=\"elementor elementor-1350\">\n\t\t\t\t<div class=\"elementor-element elementor-element-f063b6c e-flex e-con-boxed e-con e-parent\" data-id=\"f063b6c\" data-element_type=\"container\" data-e-type=\"container\">\n\t\t\t\t\t<div class=\"e-con-inner\">\n\t\t\t\t<div class=\"elementor-element elementor-element-2946c85 elementor-widget elementor-widget-text-editor\" data-id=\"2946c85\" data-element_type=\"widget\" data-e-type=\"widget\" data-widget_type=\"text-editor.default\">\n\t\t\t\t\t\t\t\t\t<p>\u00c9 a matr\u00edcula, permitida a qualquer pessoa n\u00e3o pertencente ao corpo discente da UFMG, em disciplinas isoladas integrantes dos curr\u00edculos dos cursos de gradua\u00e7\u00e3o e de p\u00f3s-gradua\u00e7\u00e3o, para complementa\u00e7\u00e3o ou atualiza\u00e7\u00e3o de conhecimento.<\/p><p>\u00bb<a href=\"https:\/\/www.ufmg.br\/drca\/wp-content\/uploads\/2026\/04\/PROTOCOLO-DE-REQUERIMENTOS-ISOLADA.pdf\" target=\"_blank\" rel=\"noopener\"> Informativo sobre Disciplina Isolada 2026\/2\u00ba<\/a><\/p>\t\t\t\t\t\t\t\t<\/div>\n\t\t\t\t\t<\/div>\n\t\t\t\t<\/div>\n\t\t\t\t<\/div>\n\t\t","protected":false},"excerpt":{"rendered":"<p>\u00c9 a matr\u00edcula, permitida a qualquer pessoa n\u00e3o pertencente ao corpo discente da UFMG, em disciplinas isoladas integrantes dos curr\u00edculos dos cursos de gradua\u00e7\u00e3o e de p\u00f3s-gradua\u00e7\u00e3o, para complementa\u00e7\u00e3o ou atualiza\u00e7\u00e3o de conhecimento. \u00bb Informativo sobre Disciplina Isolada 2026\/2\u00ba<\/p>\n","protected":false},"author":4,"featured_media":0,"parent":0,"menu_order":0,"comment_status":"closed","ping_status":"closed","template":"","meta":{"_acf_changed":false,"_crdt_document":"{\"document\":\"AAAX+qX0nxwVsLvf3Ar6pfSfHATwu9\/cCgUbBgUAAwAGAgQCHAEDbgwGXiwUAwAGlgwBAgpKBAkADAY9KAAhACgAJwABAIQAgQCEAIEAhACBAIQAgQAnASgEJwAoASECKAEnAEQAxAIhAKgABACoAgcAKAMnACgAJ4oH1QZzdGF0ZXZlcnNpb25kb2N1bWVudGRhdGVkb2N1bWVudHN0YXR1c2RvY3VtZW50dGl0bGVzY25hb2RvY3VtZW50Y29udGVudGRvY3VtZW50ZXhjZXJwdGRvY3VtZW50YXV0aG9yZG9jdW1lbnRmZWF0dXJlZF9tZWRpYWRvY3VtZW50Y29tbWVudF9zdGF0dXNkb2N1bWVudHBpbmdfc3RhdHVzZG9jdW1lbnR0ZW1wbGF0ZWRvY3VtZW50bWV0YV9hY2ZfY2hhbmdlZGZvb3Rub3Rlc19lbGVtZW50b3JfZWRpdF9tb2RlX2VsZW1lbnRvcl90ZW1wbGF0ZV90eXBlX2VsZW1lbnRvcl9kYXRhX2VsZW1lbnRvcl9wYWdlX3NldHRpbmdzZG9jdW1lbnRmb2xkZXJkb2N1bWVudGJsb2Nrc0RpaXBsaSBJc2xhZGFzdGF0ZXZlcnNpb248cD7DiSBhIG1hdHLDrWN1bGEsIHBlcm1pdGlkYSBhIHF1YWxxdWVyIHBlc3NvYSBuw6NvIHBlcnRlbmNlbnRlIGFvIGNvcnBvIGRpc2NlbnRlIGRhIFVGTUcsIGVtIGRpc2NpcGxpbmFzIGlzb2xhZGFzIGludGVncmFudGVzIGRvcyBjdXJyw61jdWxvcyBkb3MgY3Vyc29zIGRlIGdyYWR1YcOnw6NvIGUgZGUgcMOzcy1ncmFkdWHDp8OjbywgcGFyYSBjb21wbGVtZW50YcOnw6NvIG91IGF0dWFsaXphw6fDo28gZGUgY29uaGVjaW1lbnRvLjwvcD48cD7CuzxhIGhyZWY9Imh0dHBzOi8vd3d3LnVmbWcuYnIvZHJjYS93cC1jb250ZW50L3VwbG9hZHMvMjAyNi8wNC9QUk9UT0NPTE8tREUtUkVRVUVSSU1FTlRPUy1JU09MQURBLnBkZiIgdGFyZ2V0PSJfYmxhbmsiIHJlbD0ibm9vcGVuZXIiPiBJbmZvcm1hdGl2byBzb2JyZSBEaXNjaXBsaW5hIElzb2xhZGEgMjAyNi8ywro8L2E+PC9wPmNsaWVudElkaXNWYWxpZG9yaWdpbmFsQ29udGVudG5hbWVhdHRyaWJ1dGVzY29udGVudGlubmVyQmxvY2tzBQcIBAgGCAUCQQEIBwgHCAYIDggOCAtIAQQMCRQYDxgIBggGAgQDBAUHrAYIBw8ECgcLCwEDAAABBwAFAQIAB0IBAQBBAAAJQQECAQMCBkEUAiEAfQF3CmF1dG8tZHJhZnR9BH0AdwZjbG9zZWR3BmNsb3NlZHcAeXcAfnUBfS0OAHcTMjAyNi0wNC0yMlQxMzo1NjoxNXcHYnVpbGRlcncHd3AtcGFnZXfSBVt7ImlkIjoiZjA2M2I2YyIsImVsVHlwZSI6ImNvbnRhaW5lciIsInNldHRpbmdzIjpbXSwiZWxlbWVudHMiOlt7ImlkIjoiMjk0NmM4NSIsImVsVHlwZSI6IndpZGdldCIsInNldHRpbmdzIjp7ImVkaXRvciI6IjxwPlx1MDBjOSBhIG1hdHJcdTAwZWRjdWxhLCBwZXJtaXRpZGEgYSBxdWFscXVlciBwZXNzb2Egblx1MDBlM28gcGVydGVuY2VudGUgYW8gY29ycG8gZGlzY2VudGUgZGEgVUZNRywgZW0gZGlzY2lwbGluYXMgaXNvbGFkYXMgaW50ZWdyYW50ZXMgZG9zIGN1cnJcdTAwZWRjdWxvcyBkb3MgY3Vyc29zIGRlIGdyYWR1YVx1MDBlN1x1MDBlM28gZSBkZSBwXHUwMGYzcy1ncmFkdWFcdTAwZTdcdTAwZTNvLCBwYXJhIGNvbXBsZW1lbnRhXHUwMGU3XHUwMGUzbyBvdSBhdHVhbGl6YVx1MDBlN1x1MDBlM28gZGUgY29uaGVjaW1lbnRvLjxcL3A+PHA+XHUwMGJiPGEgaHJlZj1cImh0dHBzOlwvXC93d3cudWZtZy5iclwvZHJjYVwvd3AtY29udGVudFwvdXBsb2Fkc1wvMjAyNlwvMDRcL1BST1RPQ09MTy1ERS1SRVFVRVJJTUVOVE9TLUlTT0xBREEucGRmXCIgdGFyZ2V0PVwiX2JsYW5rXCIgcmVsPVwibm9vcGVuZXJcIj4gSW5mb3JtYXRpdm8gc29icmUgRGlzY2lwbGluYSBJc29sYWRhIDIwMjZcLzJcdTAwYmE8XC9hPjxcL3A+IiwiYWxpZ24iOiJqdXN0aWZ5In0sImVsZW1lbnRzIjpbXSwid2lkZ2V0VHlwZSI6InRleHQtZWRpdG9yIn1dLCJpc0lubmVyIjpmYWxzZX1ddyRhMTgyYzA5ZC0xZjdlLTQyZmQtODg3MS1mOGUyMjRlNjIyNWR4d7wDPHA+w4kgYSBtYXRyw61jdWxhLCBwZXJtaXRpZGEgYSBxdWFscXVlciBwZXNzb2EgbsOjbyBwZXJ0ZW5jZW50ZSBhbyBjb3JwbyBkaXNjZW50ZSBkYSBVRk1HLCBlbSBkaXNjaXBsaW5hcyBpc29sYWRhcyBpbnRlZ3JhbnRlcyBkb3MgY3VycsOtY3Vsb3MgZG9zIGN1cnNvcyBkZSBncmFkdWHDp8OjbyBlIGRlIHDDs3MtZ3JhZHVhw6fDo28sIHBhcmEgY29tcGxlbWVudGHDp8OjbyBvdSBhdHVhbGl6YcOnw6NvIGRlIGNvbmhlY2ltZW50by48L3A+CjxwPsK7PGEgaHJlZj0iaHR0cHM6Ly93d3cudWZtZy5ici9kcmNhL3dwLWNvbnRlbnQvdXBsb2Fkcy8yMDI2LzA0L1BST1RPQ09MTy1ERS1SRVFVRVJJTUVOVE9TLUlTT0xBREEucGRmIiB0YXJnZXQ9Il9ibGFuayIgcmVsPSJub29wZW5lciI+IEluZm9ybWF0aXZvIHNvYnJlIERpc2NpcGxpbmEgSXNvbGFkYSAyMDI2LzLCujwvYT48L3A+dw1jb3JlL2ZyZWVmb3Jtd7wDPHA+w4kgYSBtYXRyw61jdWxhLCBwZXJtaXRpZGEgYSBxdWFscXVlciBwZXNzb2EgbsOjbyBwZXJ0ZW5jZW50ZSBhbyBjb3JwbyBkaXNjZW50ZSBkYSBVRk1HLCBlbSBkaXNjaXBsaW5hcyBpc29sYWRhcyBpbnRlZ3JhbnRlcyBkb3MgY3VycsOtY3Vsb3MgZG9zIGN1cnNvcyBkZSBncmFkdWHDp8OjbyBlIGRlIHDDs3MtZ3JhZHVhw6fDo28sIHBhcmEgY29tcGxlbWVudGHDp8OjbyBvdSBhdHVhbGl6YcOnw6NvIGRlIGNvbmhlY2ltZW50by48L3A+CjxwPsK7PGEgaHJlZj0iaHR0cHM6Ly93d3cudWZtZy5ici9kcmNhL3dwLWNvbnRlbnQvdXBsb2Fkcy8yMDI2LzA0L1BST1RPQ09MTy1ERS1SRVFVRVJJTUVOVE9TLUlTT0xBREEucGRmIiB0YXJnZXQ9Il9ibGFuayIgcmVsPSJub29wZW5lciI+IEluZm9ybWF0aXZvIHNvYnJlIERpc2NpcGxpbmEgSXNvbGFkYSAyMDI2LzLCujwvYT48L3A+AvqS+o8OBwEAAgECAAECAQEBBQoC8N2vrgUBAAA=\",\"updateId\":156825104}","footnotes":""},"folder":[45],"class_list":["post-1350","page","type-page","status-publish","hentry"],"acf":[],"_links":{"self":[{"href":"https:\/\/www.ufmg.br\/drca\/wp-json\/wp\/v2\/pages\/1350","targetHints":{"allow":["GET"]}}],"collection":[{"href":"https:\/\/www.ufmg.br\/drca\/wp-json\/wp\/v2\/pages"}],"about":[{"href":"https:\/\/www.ufmg.br\/drca\/wp-json\/wp\/v2\/types\/page"}],"author":[{"embeddable":true,"href":"https:\/\/www.ufmg.br\/drca\/wp-json\/wp\/v2\/users\/4"}],"replies":[{"embeddable":true,"href":"https:\/\/www.ufmg.br\/drca\/wp-json\/wp\/v2\/comments?post=1350"}],"version-history":[{"count":5,"href":"https:\/\/www.ufmg.br\/drca\/wp-json\/wp\/v2\/pages\/1350\/revisions"}],"predecessor-version":[{"id":1359,"href":"https:\/\/www.ufmg.br\/drca\/wp-json\/wp\/v2\/pages\/1350\/revisions\/1359"}],"wp:attachment":[{"href":"https:\/\/www.ufmg.br\/drca\/wp-json\/wp\/v2\/media?parent=1350"}],"wp:term":[{"taxonomy":"folder","embeddable":true,"href":"https:\/\/www.ufmg.br\/drca\/wp-json\/wp\/v2\/folder?post=1350"}],"curies":[{"name":"wp","href":"https:\/\/api.w.org\/{rel}","templated":true}]}}