{"id":1360,"date":"2026-04-22T13:58:39","date_gmt":"2026-04-22T16:58:39","guid":{"rendered":"https:\/\/www.ufmg.br\/drca\/?page_id=1360"},"modified":"2026-04-22T13:59:01","modified_gmt":"2026-04-22T16:59:01","slug":"intercambio","status":"publish","type":"page","link":"https:\/\/www.ufmg.br\/drca\/intercambio\/","title":{"rendered":"Interc\u00e2mbio"},"content":{"rendered":"\t\t<div data-elementor-type=\"wp-page\" data-elementor-id=\"1360\" class=\"elementor elementor-1360\">\n\t\t\t\t<div class=\"elementor-element elementor-element-aa70a39 e-flex e-con-boxed e-con e-parent\" data-id=\"aa70a39\" data-element_type=\"container\" data-e-type=\"container\">\n\t\t\t\t\t<div class=\"e-con-inner\">\n\t\t\t\t<div class=\"elementor-element elementor-element-de86ce2 elementor-widget elementor-widget-text-editor\" data-id=\"de86ce2\" data-element_type=\"widget\" data-e-type=\"widget\" data-widget_type=\"text-editor.default\">\n\t\t\t\t\t\t\t\t\t<p>A UFMG recebe estudantes no \u00e2mbito de Programas do Governo e de Conv\u00eanios de Coopera\u00e7\u00e3o estabelecidos com outras universidades.<\/p><div class=\"\"><div class=\"content-view-embed\"><div class=\"class-image\"><div class=\"attribute-image\">\u00a0<\/div><\/div><\/div><\/div><p><b>Mais informa\u00e7\u00f5es:<\/b><\/p><p>\u00bb\u00a0<a href=\"http:\/\/www.ufmg.br\/prpg\/\" target=\"_blank\" rel=\"noopener\">Pr\u00f3-Reitoria de P\u00f3s-Gradua\u00e7\u00e3o (PRPG)<\/a><\/p><p>\u00bb\u00a0<a href=\"http:\/\/www.ufmg.br\/dri\/\" target=\"_blank\" rel=\"noopener\">Diretoria de Rela\u00e7\u00f5es Internacionais (DRI)<\/a><\/p><p>\u00bb\u00a0<a href=\"http:\/\/www.cnpq.br\/\" target=\"_blank\" rel=\"noopener\">CNPQ<\/a><\/p><p>\u00bb\u00a0<a href=\"http:\/\/www.capes.gov.br\/\" target=\"_blank\" rel=\"noopener\">CAPES<\/a><\/p>\t\t\t\t\t\t\t\t<\/div>\n\t\t\t\t\t<\/div>\n\t\t\t\t<\/div>\n\t\t\t\t<\/div>\n\t\t","protected":false},"excerpt":{"rendered":"<p>A UFMG recebe estudantes no \u00e2mbito de Programas do Governo e de Conv\u00eanios de Coopera\u00e7\u00e3o estabelecidos com outras universidades. \u00a0 Mais informa\u00e7\u00f5es: \u00bb\u00a0Pr\u00f3-Reitoria de P\u00f3s-Gradua\u00e7\u00e3o (PRPG) \u00bb\u00a0Diretoria de Rela\u00e7\u00f5es Internacionais (DRI) \u00bb\u00a0CNPQ \u00bb\u00a0CAPES<\/p>\n","protected":false},"author":4,"featured_media":0,"parent":0,"menu_order":0,"comment_status":"closed","ping_status":"closed","template":"","meta":{"_acf_changed":false,"_crdt_document":"{\"document\":\"AAAG8f3ogwkUDgYKAgoDAQQDABIBA14EAwgYBBUoAicABACECCcBKAQnACgGJwBEAMSHA9kCc3RhdGV2ZXJzaW9uZG9jdW1lbnRkYXRlZG9jdW1lbnRzdGF0dXNkb2N1bWVudHRpdGxlUmFzY3VuaG8gYXV0b23DoXRpY29kb2N1bWVudGNvbnRlbnRkb2N1bWVudGV4Y2VycHRkb2N1bWVudGF1dGhvcmRvY3VtZW50ZmVhdHVyZWRfbWVkaWFkb2N1bWVudGNvbW1lbnRfc3RhdHVzZG9jdW1lbnRwaW5nX3N0YXR1c2RvY3VtZW50dGVtcGxhdGVkb2N1bWVudG1ldGFfYWNmX2NoYW5nZWRmb290bm90ZXNfZWxlbWVudG9yX2VkaXRfbW9kZV9lbGVtZW50b3JfdGVtcGxhdGVfdHlwZV9lbGVtZW50b3JfZGF0YV9lbGVtZW50b3JfcGFnZV9zZXR0aW5nc2RvY3VtZW50Zm9sZGVyZG9jdW1lbnRibG9ja3NJZXJjw6JiBQcIBAgGCEUAAQVBAQJBAQgHCAcIBggOCA4IC0gBBAwJFBgPGAgGCAYBBAEJAQMAAAEHAAUBBEIBAQACQQ0BIQB9AXcTMjAyNi0wNC0yMlQxMzo1ODowOXcKYXV0by1kcmFmdH0EfQB3BmNsb3NlZHcGY2xvc2VkdwB5dwB3AHcAdwB+dQF9LQHxvvTBBAUEBAEEAQABAQEA\",\"updateId\":995739405}","footnotes":""},"folder":[45],"class_list":["post-1360","page","type-page","status-publish","hentry"],"acf":[],"_links":{"self":[{"href":"https:\/\/www.ufmg.br\/drca\/wp-json\/wp\/v2\/pages\/1360","targetHints":{"allow":["GET"]}}],"collection":[{"href":"https:\/\/www.ufmg.br\/drca\/wp-json\/wp\/v2\/pages"}],"about":[{"href":"https:\/\/www.ufmg.br\/drca\/wp-json\/wp\/v2\/types\/page"}],"author":[{"embeddable":true,"href":"https:\/\/www.ufmg.br\/drca\/wp-json\/wp\/v2\/users\/4"}],"replies":[{"embeddable":true,"href":"https:\/\/www.ufmg.br\/drca\/wp-json\/wp\/v2\/comments?post=1360"}],"version-history":[{"count":4,"href":"https:\/\/www.ufmg.br\/drca\/wp-json\/wp\/v2\/pages\/1360\/revisions"}],"predecessor-version":[{"id":1365,"href":"https:\/\/www.ufmg.br\/drca\/wp-json\/wp\/v2\/pages\/1360\/revisions\/1365"}],"wp:attachment":[{"href":"https:\/\/www.ufmg.br\/drca\/wp-json\/wp\/v2\/media?parent=1360"}],"wp:term":[{"taxonomy":"folder","embeddable":true,"href":"https:\/\/www.ufmg.br\/drca\/wp-json\/wp\/v2\/folder?post=1360"}],"curies":[{"name":"wp","href":"https:\/\/api.w.org\/{rel}","templated":true}]}}