{"id":1369,"date":"2026-04-22T14:01:29","date_gmt":"2026-04-22T17:01:29","guid":{"rendered":"https:\/\/www.ufmg.br\/drca\/?page_id=1369"},"modified":"2026-04-22T14:12:51","modified_gmt":"2026-04-22T17:12:51","slug":"formularios","status":"publish","type":"page","link":"https:\/\/www.ufmg.br\/drca\/formularios\/","title":{"rendered":"Formul\u00e1rios"},"content":{"rendered":"\t\t<div data-elementor-type=\"wp-page\" data-elementor-id=\"1369\" class=\"elementor elementor-1369\">\n\t\t\t\t<div class=\"elementor-element elementor-element-bfc0b4e e-flex e-con-boxed e-con e-parent\" data-id=\"bfc0b4e\" data-element_type=\"container\" data-e-type=\"container\">\n\t\t\t\t\t<div class=\"e-con-inner\">\n\t\t\t\t<div class=\"elementor-element elementor-element-9879b2c elementor-widget elementor-widget-text-editor\" data-id=\"9879b2c\" data-element_type=\"widget\" data-e-type=\"widget\" data-widget_type=\"text-editor.default\">\n\t\t\t\t\t\t\t\t\t<p>\u00bb Requerimentos utilizados pelos cursos de P\u00f3s-Gradua\u00e7\u00e3o<\/p><p class=\" text-justify\"><b>Os formul\u00e1rios abaixo dever\u00e3o ser preenchidos, impressos e entregues ao setor competente dentro do prazo do calend\u00e1rio Acad\u00eamico.<\/b><\/p><p><a href=\"https:\/\/www.ufmg.br\/drca\/wp-content\/uploads\/2026\/04\/form-23_Req-MATRICULA-POS_DL.pdf\" target=\"_blank\" rel=\"noopener\">REQUERIMENTO DE MATR\u00cdCULA<\/a><br \/><a href=\"https:\/\/www.ufmg.br\/drca\/wp-content\/uploads\/2026\/04\/form-024_Res-PosDoutoral-1.pdf\" target=\"_blank\" rel=\"noopener\">REQUERIMENTO DE REGISTRO &#8211; RESID\u00caNCIA P\u00d3S-DOUTORAL (RPD)<\/a><br \/><a href=\"https:\/\/www.ufmg.br\/drca\/wp-content\/uploads\/2026\/04\/Microsoft-Word-form-12A_Disc-ELETIVA-SPG.DOC-form-12A_Disc-ELETIVA-SPG.pdf\" target=\"_blank\" rel=\"noopener\">REQUERIMENTO DE MATR\u00cdCULA EM ATIVIDADE ACAD\u00caMICA ELETIVA (P\u00d3S-GRADUA\u00c7\u00c3O)<\/a><br \/><a href=\"https:\/\/www.ufmg.br\/drca\/wp-content\/uploads\/2026\/04\/form-14_ISOLADA-1.pdf\" target=\"_blank\" rel=\"noopener\">REQUERIMENTO DE MATR\u00cdCULA EM DISCIPLINA ISOLADA<\/a><br \/><a href=\"https:\/\/www.ufmg.br\/drca\/wp-content\/uploads\/2026\/04\/form-1_Tranc-PARCIAL.pdf\" target=\"_blank\" rel=\"noopener\">REQUERIMENTO DE TRANCAMENTO PARCIAL<\/a><br \/><a href=\"https:\/\/www.ufmg.br\/drca\/wp-content\/uploads\/2026\/04\/form-2_Tranc-TOTAL_-pos-versao-2023.pdf\" target=\"_blank\" rel=\"noopener\">REQUERIMENTO DE TRANCAMENTO TOTAL<\/a><br \/><a href=\"https:\/\/www.ufmg.br\/drca\/wp-content\/uploads\/2026\/04\/form-7_Aprov-ESTUDOS.pdf\" target=\"_blank\" rel=\"noopener\">REQUERIMENTO DE APROVEITAMENTO DE ESTUDOS<\/a><br \/><a href=\"https:\/\/www.ufmg.br\/drca\/wp-content\/uploads\/2026\/04\/form-4_Avaliacao-MEDICA.pdf\" target=\"_blank\" rel=\"noopener\">REQUERIMENTO DE AVALIA\u00c7\u00c3O M\u00c9DICA<\/a><br \/><a href=\"https:\/\/www.ufmg.br\/drca\/wp-content\/uploads\/2026\/04\/form-3_Regime-ESP.pdf\" target=\"_blank\" rel=\"noopener\">REQUERIMENTO DE REGIME ESPECIAL<\/a><br \/><a href=\"https:\/\/www.ufmg.br\/drca\/wp-content\/uploads\/2026\/04\/form-30_Utilizacao-NOME_SOCIAL.pdf\" target=\"_blank\" rel=\"noopener\">REQUERIMENTO PARA INCLUS\u00c3O DE NOME SOCIAL<\/a><\/p>\t\t\t\t\t\t\t\t<\/div>\n\t\t\t\t\t<\/div>\n\t\t\t\t<\/div>\n\t\t\t\t<\/div>\n\t\t","protected":false},"excerpt":{"rendered":"<p>\u00bb Requerimentos utilizados pelos cursos de P\u00f3s-Gradua\u00e7\u00e3o Os formul\u00e1rios abaixo dever\u00e3o ser preenchidos, impressos e entregues ao setor competente dentro do prazo do calend\u00e1rio Acad\u00eamico. REQUERIMENTO DE MATR\u00cdCULAREQUERIMENTO DE REGISTRO &#8211; RESID\u00caNCIA P\u00d3S-DOUTORAL (RPD)REQUERIMENTO DE MATR\u00cdCULA EM ATIVIDADE ACAD\u00caMICA ELETIVA (P\u00d3S-GRADUA\u00c7\u00c3O)REQUERIMENTO DE MATR\u00cdCULA EM DISCIPLINA ISOLADAREQUERIMENTO DE TRANCAMENTO PARCIALREQUERIMENTO DE TRANCAMENTO TOTALREQUERIMENTO DE APROVEITAMENTO DE [&hellip;]<\/p>\n","protected":false},"author":4,"featured_media":0,"parent":0,"menu_order":0,"comment_status":"closed","ping_status":"closed","template":"","meta":{"_acf_changed":false,"_crdt_document":"{\"document\":\"AAAXtLjZxgff95yGAQT0uNnGBwXf95yGARYaAiwUAwAGgj0BAgpKyD4OAgoDAxIBA2YMAggECBAMAjsoAKgABACoAgcAKAMnACgAJwAhASgAJwABAIQAgQCEAYEAhACBAIQAJwEoBCcAKAEhAigBJwBEAMQChKAT6xJzdGF0ZXZlcnNpb248cD7CuyBSZXF1ZXJpbWVudG9zIHV0aWxpemFkb3MgcGVsb3MgY3Vyc29zIGRlIFDDs3MtR3JhZHVhw6fDo288L3A+PHA+PGI+T3MgZm9ybXVsw6FyaW9zIGFiYWl4byBkZXZlcsOjbyBzZXIgcHJlZW5jaGlkb3MsIGltcHJlc3NvcyBlIGVudHJlZ3VlcyBhbyBzZXRvciBjb21wZXRlbnRlIGRlbnRybyBkbyBwcmF6byBkbyBjYWxlbmTDoXJpbyBBY2Fkw6ptaWNvLjwvYj48L3A+PHA+PGEgaHJlZj0iaHR0cHM6Ly93d3cudWZtZy5ici9kcmNhL3dwLWNvbnRlbnQvdXBsb2Fkcy8yMDI2LzA0L2Zvcm0tMjNfUmVxLU1BVFJJQ1VMQS1QT1NfREwucGRmIiB0YXJnZXQ9Il9ibGFuayIgcmVsPSJub29wZW5lciI+UkVRVUVSSU1FTlRPIERFIE1BVFLDjUNVTEE8L2E+PGJyIC8+PGEgaHJlZj0iaHR0cHM6Ly93d3cudWZtZy5ici9kcmNhL3dwLWNvbnRlbnQvdXBsb2Fkcy8yMDI2LzA0L2Zvcm0tMDI0X1Jlcy1Qb3NEb3V0b3JhbC0xLnBkZiIgdGFyZ2V0PSJfYmxhbmsiIHJlbD0ibm9vcGVuZXIiPlJFUVVFUklNRU5UTyBERSBSRUdJU1RSTyAtIFJFU0lEw4pOQ0lBIFDDk1MtRE9VVE9SQUwgKFJQRCk8L2E+PGJyIC8+PGEgaHJlZj0iaHR0cHM6Ly93d3cudWZtZy5ici9kcmNhL3dwLWNvbnRlbnQvdXBsb2Fkcy8yMDI2LzA0L01pY3Jvc29mdC1Xb3JkLWZvcm0tMTJBX0Rpc2MtRUxFVElWQS1TUEcuRE9DLWZvcm0tMTJBX0Rpc2MtRUxFVElWQS1TUEcucGRmIiB0YXJnZXQ9Il9ibGFuayIgcmVsPSJub29wZW5lciI+UkVRVUVSSU1FTlRPIERFIE1BVFLDjUNVTEEgRU0gQVRJVklEQURFIEFDQUTDik1JQ0EgRUxFVElWQSAoUMOTUy1HUkFEVUHDh8ODTyk8L2E+PGJyIC8+PGEgaHJlZj0iaHR0cHM6Ly93d3cudWZtZy5ici9kcmNhL3dwLWNvbnRlbnQvdXBsb2Fkcy8yMDI2LzA0L2Zvcm0tMTRfSVNPTEFEQS0xLnBkZiIgdGFyZ2V0PSJfYmxhbmsiIHJlbD0ibm9vcGVuZXIiPlJFUVVFUklNRU5UTyBERSBNQVRSw41DVUxBIEVNIERJU0NJUExJTkEgSVNPTEFEQTwvYT48YnIgLz48YSBocmVmPSJodHRwczovL3d3dy51Zm1nLmJyL2RyY2Evd3AtY29udGVudC91cGxvYWRzLzIwMjYvMDQvZm9ybS0xX1RyYW5jLVBBUkNJQUwucGRmIiB0YXJnZXQ9Il9ibGFuayIgcmVsPSJub29wZW5lciI+UkVRVUVSSU1FTlRPIERFIFRSQU5DQU1FTlRPIFBBUkNJQUw8L2E+PGJyIC8+PGEgaHJlZj0iaHR0cHM6Ly93d3cudWZtZy5ici9kcmNhL3dwLWNvbnRlbnQvdXBsb2Fkcy8yMDI2LzA0L2Zvcm0tMl9UcmFuYy1UT1RBTF8tcG9zLXZlcnNhby0yMDIzLnBkZiIgdGFyZ2V0PSJfYmxhbmsiIHJlbD0ibm9vcGVuZXIiPlJFUVVFUklNRU5UTyBERSBUUkFOQ0FNRU5UTyBUT1RBTDwvYT48YnIgLz48YSBocmVmPSJodHRwczovL3d3dy51Zm1nLmJyL2RyY2Evd3AtY29udGVudC91cGxvYWRzLzIwMjYvMDQvZm9ybS03X0Fwcm92LUVTVFVET1MucGRmIiB0YXJnZXQ9Il9ibGFuayIgcmVsPSJub29wZW5lciI+UkVRVUVSSU1FTlRPIERFIEFQUk9WRUlUQU1FTlRPIERFIEVTVFVET1M8L2E+PGJyIC8+PGEgaHJlZj0iaHR0cHM6Ly93d3cudWZtZy5ici9kcmNhL3dwLWNvbnRlbnQvdXBsb2Fkcy8yMDI2LzA0L2Zvcm0tNF9BdmFsaWFjYW8tTUVESUNBLnBkZiIgdGFyZ2V0PSJfYmxhbmsiIHJlbD0ibm9vcGVuZXIiPlJFUVVFUklNRU5UTyBERSBBVkFMSUHDh8ODTyBNw4lESUNBPC9hPjxiciAvPjxhIGhyZWY9Imh0dHBzOi8vd3d3LnVmbWcuYnIvZHJjYS93cC1jb250ZW50L3VwbG9hZHMvMjAyNi8wNC9mb3JtLTNfUmVnaW1lLUVTUC5wZGYiIHRhcmdldD0iX2JsYW5rIiByZWw9Im5vb3BlbmVyIj5SRVFVRVJJTUVOVE8gREUgUkVHSU1FIEVTUEVDSUFMPC9hPjxiciAvPjxhIGhyZWY9Imh0dHBzOi8vd3d3LnVmbWcuYnIvZHJjYS93cC1jb250ZW50L3VwbG9hZHMvMjAyNi8wNC9mb3JtLTMwX1V0aWxpemFjYW8tTk9NRV9TT0NJQUwucGRmIiB0YXJnZXQ9Il9ibGFuayIgcmVsPSJub29wZW5lciI+UkVRVUVSSU1FTlRPIFBBUkEgSU5DTFVTw4NPIERFIE5PTUUgU09DSUFMPC9hPjwvcD5jbGllbnRJZGlzVmFsaWRvcmlnaW5hbENvbnRlbnRuYW1lYXR0cmlidXRlc2NvbnRlbnRpbm5lckJsb2Nrc3N0YXRldmVyc2lvbmRvY3VtZW50ZGF0ZWRvY3VtZW50c3RhdHVzZG9jdW1lbnR0aXRsZW9tw6Fpb2RvY3VtZW50Y29udGVudGRvY3VtZW50ZXhjZXJwdGRvY3VtZW50YXV0aG9yZG9jdW1lbnRmZWF0dXJlZF9tZWRpYWRvY3VtZW50Y29tbWVudF9zdGF0dXNkb2N1bWVudHBpbmdfc3RhdHVzZG9jdW1lbnR0ZW1wbGF0ZWRvY3VtZW50bWV0YV9hY2ZfY2hhbmdlZGZvb3Rub3Rlc19lbGVtZW50b3JfZWRpdF9tb2RlX2VsZW1lbnRvcl90ZW1wbGF0ZV90eXBlX2VsZW1lbnRvcl9kYXRhX2VsZW1lbnRvcl9wYWdlX3NldHRpbmdzZG9jdW1lbnRmb2xkZXJkb2N1bWVudGJsb2Nrc0ZydWxycwUHgh8IBw8ECgcLBQcIBAgGCAVBAwgHCAcIBggOCA4IC0gBBAwJFBgPGAgGCAZBAAJBAA0BAAAIAQMAAAEHAAUBB0EAAEIBAQAGQQsHBUEMAg4AfQF3EzIwMjYtMDQtMjJUMTQ6MDE6Mjl3B2J1aWxkZXJ3B3dwLXBhZ2V3nRNbeyJpZCI6ImJmYzBiNGUiLCJlbFR5cGUiOiJjb250YWluZXIiLCJzZXR0aW5ncyI6W10sImVsZW1lbnRzIjpbeyJpZCI6Ijk4NzliMmMiLCJlbFR5cGUiOiJ3aWRnZXQiLCJzZXR0aW5ncyI6eyJlZGl0b3IiOiI8cD5cdTAwYmIgUmVxdWVyaW1lbnRvcyB1dGlsaXphZG9zIHBlbG9zIGN1cnNvcyBkZSBQXHUwMGYzcy1HcmFkdWFcdTAwZTdcdTAwZTNvPFwvcD48cCBjbGFzcz1cIiB0ZXh0LWp1c3RpZnlcIj48Yj5PcyBmb3JtdWxcdTAwZTFyaW9zIGFiYWl4byBkZXZlclx1MDBlM28gc2VyIHByZWVuY2hpZG9zLCBpbXByZXNzb3MgZSBlbnRyZWd1ZXMgYW8gc2V0b3IgY29tcGV0ZW50ZSBkZW50cm8gZG8gcHJhem8gZG8gY2FsZW5kXHUwMGUxcmlvIEFjYWRcdTAwZWFtaWNvLjxcL2I+PFwvcD48cD48YSBocmVmPVwiaHR0cHM6XC9cL3d3dy51Zm1nLmJyXC9kcmNhXC93cC1jb250ZW50XC91cGxvYWRzXC8yMDI2XC8wNFwvZm9ybS0yM19SZXEtTUFUUklDVUxBLVBPU19ETC5wZGZcIiB0YXJnZXQ9XCJfYmxhbmtcIiByZWw9XCJub29wZW5lclwiPlJFUVVFUklNRU5UTyBERSBNQVRSXHUwMGNkQ1VMQTxcL2E+PGJyIFwvPjxhIGhyZWY9XCJodHRwczpcL1wvd3d3LnVmbWcuYnJcL2RyY2FcL3dwLWNvbnRlbnRcL3VwbG9hZHNcLzIwMjZcLzA0XC9mb3JtLTAyNF9SZXMtUG9zRG91dG9yYWwtMS5wZGZcIiB0YXJnZXQ9XCJfYmxhbmtcIiByZWw9XCJub29wZW5lclwiPlJFUVVFUklNRU5UTyBERSBSRUdJU1RSTyAtIFJFU0lEXHUwMGNhTkNJQSBQXHUwMGQzUy1ET1VUT1JBTCAoUlBEKTxcL2E+PGJyIFwvPjxhIGhyZWY9XCJodHRwczpcL1wvd3d3LnVmbWcuYnJcL2RyY2FcL3dwLWNvbnRlbnRcL3VwbG9hZHNcLzIwMjZcLzA0XC9NaWNyb3NvZnQtV29yZC1mb3JtLTEyQV9EaXNjLUVMRVRJVkEtU1BHLkRPQy1mb3JtLTEyQV9EaXNjLUVMRVRJVkEtU1BHLnBkZlwiIHRhcmdldD1cIl9ibGFua1wiIHJlbD1cIm5vb3BlbmVyXCI+UkVRVUVSSU1FTlRPIERFIE1BVFJcdTAwY2RDVUxBIEVNIEFUSVZJREFERSBBQ0FEXHUwMGNhTUlDQSBFTEVUSVZBIChQXHUwMGQzUy1HUkFEVUFcdTAwYzdcdTAwYzNPKTxcL2E+PGJyIFwvPjxhIGhyZWY9XCJodHRwczpcL1wvd3d3LnVmbWcuYnJcL2RyY2FcL3dwLWNvbnRlbnRcL3VwbG9hZHNcLzIwMjZcLzA0XC9mb3JtLTE0X0lTT0xBREEtMS5wZGZcIiB0YXJnZXQ9XCJfYmxhbmtcIiByZWw9XCJub29wZW5lclwiPlJFUVVFUklNRU5UTyBERSBNQVRSXHUwMGNkQ1VMQSBFTSBESVNDSVBMSU5BIElTT0xBREE8XC9hPjxiciBcLz48YSBocmVmPVwiaHR0cHM6XC9cL3d3dy51Zm1nLmJyXC9kcmNhXC93cC1jb250ZW50XC91cGxvYWRzXC8yMDI2XC8wNFwvZm9ybS0xX1RyYW5jLVBBUkNJQUwucGRmXCIgdGFyZ2V0PVwiX2JsYW5rXCIgcmVsPVwibm9vcGVuZXJcIj5SRVFVRVJJTUVOVE8gREUgVFJBTkNBTUVOVE8gUEFSQ0lBTDxcL2E+PGJyIFwvPjxhIGhyZWY9XCJodHRwczpcL1wvd3d3LnVmbWcuYnJcL2RyY2FcL3dwLWNvbnRlbnRcL3VwbG9hZHNcLzIwMjZcLzA0XC9mb3JtLTJfVHJhbmMtVE9UQUxfLXBvcy12ZXJzYW8tMjAyMy5wZGZcIiB0YXJnZXQ9XCJfYmxhbmtcIiByZWw9XCJub29wZW5lclwiPlJFUVVFUklNRU5UTyBERSBUUkFOQ0FNRU5UTyBUT1RBTDxcL2E+PGJyIFwvPjxhIGhyZWY9XCJodHRwczpcL1wvd3d3LnVmbWcuYnJcL2RyY2FcL3dwLWNvbnRlbnRcL3VwbG9hZHNcLzIwMjZcLzA0XC9mb3JtLTdfQXByb3YtRVNUVURPUy5wZGZcIiB0YXJnZXQ9XCJfYmxhbmtcIiByZWw9XCJub29wZW5lclwiPlJFUVVFUklNRU5UTyBERSBBUFJPVkVJVEFNRU5UTyBERSBFU1RVRE9TPFwvYT48YnIgXC8+PGEgaHJlZj1cImh0dHBzOlwvXC93d3cudWZtZy5iclwvZHJjYVwvd3AtY29udGVudFwvdXBsb2Fkc1wvMjAyNlwvMDRcL2Zvcm0tNF9BdmFsaWFjYW8tTUVESUNBLnBkZlwiIHRhcmdldD1cIl9ibGFua1wiIHJlbD1cIm5vb3BlbmVyXCI+UkVRVUVSSU1FTlRPIERFIEFWQUxJQVx1MDBjN1x1MDBjM08gTVx1MDBjOURJQ0E8XC9hPjxiciBcLz48YSBocmVmPVwiaHR0cHM6XC9cL3d3dy51Zm1nLmJyXC9kcmNhXC93cC1jb250ZW50XC91cGxvYWRzXC8yMDI2XC8wNFwvZm9ybS0zX1JlZ2ltZS1FU1AucGRmXCIgdGFyZ2V0PVwiX2JsYW5rXCIgcmVsPVwibm9vcGVuZXJcIj5SRVFVRVJJTUVOVE8gREUgUkVHSU1FIEVTUEVDSUFMPFwvYT48YnIgXC8+PGEgaHJlZj1cImh0dHBzOlwvXC93d3cudWZtZy5iclwvZHJjYVwvd3AtY29udGVudFwvdXBsb2Fkc1wvMjAyNlwvMDRcL2Zvcm0tMzBfVXRpbGl6YWNhby1OT01FX1NPQ0lBTC5wZGZcIiB0YXJnZXQ9XCJfYmxhbmtcIiByZWw9XCJub29wZW5lclwiPlJFUVVFUklNRU5UTyBQQVJBIElOQ0xVU1x1MDBjM08gREUgTk9NRSBTT0NJQUw8XC9hPjxcL3A+In0sImVsZW1lbnRzIjpbXSwid2lkZ2V0VHlwZSI6InRleHQtZWRpdG9yIn1dLCJpc0lubmVyIjpmYWxzZX1ddyRiZTU5YTMxOS1lMTE2LTQxMmEtYmY2Ny1hMTU1NDFmNTQ2ZGZ4d9kPPHA+wrsgUmVxdWVyaW1lbnRvcyB1dGlsaXphZG9zIHBlbG9zIGN1cnNvcyBkZSBQw7NzLUdyYWR1YcOnw6NvPC9wPgo8cD48Yj5PcyBmb3JtdWzDoXJpb3MgYWJhaXhvIGRldmVyw6NvIHNlciBwcmVlbmNoaWRvcywgaW1wcmVzc29zIGUgZW50cmVndWVzIGFvIHNldG9yIGNvbXBldGVudGUgZGVudHJvIGRvIHByYXpvIGRvIGNhbGVuZMOhcmlvIEFjYWTDqm1pY28uPC9iPjwvcD4KPHA+PGEgaHJlZj0iaHR0cHM6Ly93d3cudWZtZy5ici9kcmNhL3dwLWNvbnRlbnQvdXBsb2Fkcy8yMDI2LzA0L2Zvcm0tMjNfUmVxLU1BVFJJQ1VMQS1QT1NfREwucGRmIiB0YXJnZXQ9Il9ibGFuayIgcmVsPSJub29wZW5lciI+UkVRVUVSSU1FTlRPIERFIE1BVFLDjUNVTEE8L2E+PGJyIC8+PGEgaHJlZj0iaHR0cHM6Ly93d3cudWZtZy5ici9kcmNhL3dwLWNvbnRlbnQvdXBsb2Fkcy8yMDI2LzA0L2Zvcm0tMDI0X1Jlcy1Qb3NEb3V0b3JhbC0xLnBkZiIgdGFyZ2V0PSJfYmxhbmsiIHJlbD0ibm9vcGVuZXIiPlJFUVVFUklNRU5UTyBERSBSRUdJU1RSTyAtIFJFU0lEw4pOQ0lBIFDDk1MtRE9VVE9SQUwgKFJQRCk8L2E+PGJyIC8+PGEgaHJlZj0iaHR0cHM6Ly93d3cudWZtZy5ici9kcmNhL3dwLWNvbnRlbnQvdXBsb2Fkcy8yMDI2LzA0L01pY3Jvc29mdC1Xb3JkLWZvcm0tMTJBX0Rpc2MtRUxFVElWQS1TUEcuRE9DLWZvcm0tMTJBX0Rpc2MtRUxFVElWQS1TUEcucGRmIiB0YXJnZXQ9Il9ibGFuayIgcmVsPSJub29wZW5lciI+UkVRVUVSSU1FTlRPIERFIE1BVFLDjUNVTEEgRU0gQVRJVklEQURFIEFDQUTDik1JQ0EgRUxFVElWQSAoUMOTUy1HUkFEVUHDh8ODTyk8L2E+PGJyIC8+PGEgaHJlZj0iaHR0cHM6Ly93d3cudWZtZy5ici9kcmNhL3dwLWNvbnRlbnQvdXBsb2Fkcy8yMDI2LzA0L2Zvcm0tMTRfSVNPTEFEQS0xLnBkZiIgdGFyZ2V0PSJfYmxhbmsiIHJlbD0ibm9vcGVuZXIiPlJFUVVFUklNRU5UTyBERSBNQVRSw41DVUxBIEVNIERJU0NJUExJTkEgSVNPTEFEQTwvYT48YnIgLz48YSBocmVmPSJodHRwczovL3d3dy51Zm1nLmJyL2RyY2Evd3AtY29udGVudC91cGxvYWRzLzIwMjYvMDQvZm9ybS0xX1RyYW5jLVBBUkNJQUwucGRmIiB0YXJnZXQ9Il9ibGFuayIgcmVsPSJub29wZW5lciI+UkVRVUVSSU1FTlRPIERFIFRSQU5DQU1FTlRPIFBBUkNJQUw8L2E+PGJyIC8+PGEgaHJlZj0iaHR0cHM6Ly93d3cudWZtZy5ici9kcmNhL3dwLWNvbnRlbnQvdXBsb2Fkcy8yMDI2LzA0L2Zvcm0tMl9UcmFuYy1UT1RBTF8tcG9zLXZlcnNhby0yMDIzLnBkZiIgdGFyZ2V0PSJfYmxhbmsiIHJlbD0ibm9vcGVuZXIiPlJFUVVFUklNRU5UTyBERSBUUkFOQ0FNRU5UTyBUT1RBTDwvYT48YnIgLz48YSBocmVmPSJodHRwczovL3d3dy51Zm1nLmJyL2RyY2Evd3AtY29udGVudC91cGxvYWRzLzIwMjYvMDQvZm9ybS03X0Fwcm92LUVTVFVET1MucGRmIiB0YXJnZXQ9Il9ibGFuayIgcmVsPSJub29wZW5lciI+UkVRVUVSSU1FTlRPIERFIEFQUk9WRUlUQU1FTlRPIERFIEVTVFVET1M8L2E+PGJyIC8+PGEgaHJlZj0iaHR0cHM6Ly93d3cudWZtZy5ici9kcmNhL3dwLWNvbnRlbnQvdXBsb2Fkcy8yMDI2LzA0L2Zvcm0tNF9BdmFsaWFjYW8tTUVESUNBLnBkZiIgdGFyZ2V0PSJfYmxhbmsiIHJlbD0ibm9vcGVuZXIiPlJFUVVFUklNRU5UTyBERSBBVkFMSUHDh8ODTyBNw4lESUNBPC9hPjxiciAvPjxhIGhyZWY9Imh0dHBzOi8vd3d3LnVmbWcuYnIvZHJjYS93cC1jb250ZW50L3VwbG9hZHMvMjAyNi8wNC9mb3JtLTNfUmVnaW1lLUVTUC5wZGYiIHRhcmdldD0iX2JsYW5rIiByZWw9Im5vb3BlbmVyIj5SRVFVRVJJTUVOVE8gREUgUkVHSU1FIEVTUEVDSUFMPC9hPjxiciAvPjxhIGhyZWY9Imh0dHBzOi8vd3d3LnVmbWcuYnIvZHJjYS93cC1jb250ZW50L3VwbG9hZHMvMjAyNi8wNC9mb3JtLTMwX1V0aWxpemFjYW8tTk9NRV9TT0NJQUwucGRmIiB0YXJnZXQ9Il9ibGFuayIgcmVsPSJub29wZW5lciI+UkVRVUVSSU1FTlRPIFBBUkEgSU5DTFVTw4NPIERFIE5PTUUgU09DSUFMPC9hPjwvcD53DWNvcmUvZnJlZWZvcm132Q88cD7CuyBSZXF1ZXJpbWVudG9zIHV0aWxpemFkb3MgcGVsb3MgY3Vyc29zIGRlIFDDs3MtR3JhZHVhw6fDo288L3A+CjxwPjxiPk9zIGZvcm11bMOhcmlvcyBhYmFpeG8gZGV2ZXLDo28gc2VyIHByZWVuY2hpZG9zLCBpbXByZXNzb3MgZSBlbnRyZWd1ZXMgYW8gc2V0b3IgY29tcGV0ZW50ZSBkZW50cm8gZG8gcHJhem8gZG8gY2FsZW5kw6FyaW8gQWNhZMOqbWljby48L2I+PC9wPgo8cD48YSBocmVmPSJodHRwczovL3d3dy51Zm1nLmJyL2RyY2Evd3AtY29udGVudC91cGxvYWRzLzIwMjYvMDQvZm9ybS0yM19SZXEtTUFUUklDVUxBLVBPU19ETC5wZGYiIHRhcmdldD0iX2JsYW5rIiByZWw9Im5vb3BlbmVyIj5SRVFVRVJJTUVOVE8gREUgTUFUUsONQ1VMQTwvYT48YnIgLz48YSBocmVmPSJodHRwczovL3d3dy51Zm1nLmJyL2RyY2Evd3AtY29udGVudC91cGxvYWRzLzIwMjYvMDQvZm9ybS0wMjRfUmVzLVBvc0RvdXRvcmFsLTEucGRmIiB0YXJnZXQ9Il9ibGFuayIgcmVsPSJub29wZW5lciI+UkVRVUVSSU1FTlRPIERFIFJFR0lTVFJPIC0gUkVTSUTDik5DSUEgUMOTUy1ET1VUT1JBTCAoUlBEKTwvYT48YnIgLz48YSBocmVmPSJodHRwczovL3d3dy51Zm1nLmJyL2RyY2Evd3AtY29udGVudC91cGxvYWRzLzIwMjYvMDQvTWljcm9zb2Z0LVdvcmQtZm9ybS0xMkFfRGlzYy1FTEVUSVZBLVNQRy5ET0MtZm9ybS0xMkFfRGlzYy1FTEVUSVZBLVNQRy5wZGYiIHRhcmdldD0iX2JsYW5rIiByZWw9Im5vb3BlbmVyIj5SRVFVRVJJTUVOVE8gREUgTUFUUsONQ1VMQSBFTSBBVElWSURBREUgQUNBRMOKTUlDQSBFTEVUSVZBIChQw5NTLUdSQURVQcOHw4NPKTwvYT48YnIgLz48YSBocmVmPSJodHRwczovL3d3dy51Zm1nLmJyL2RyY2Evd3AtY29udGVudC91cGxvYWRzLzIwMjYvMDQvZm9ybS0xNF9JU09MQURBLTEucGRmIiB0YXJnZXQ9Il9ibGFuayIgcmVsPSJub29wZW5lciI+UkVRVUVSSU1FTlRPIERFIE1BVFLDjUNVTEEgRU0gRElTQ0lQTElOQSBJU09MQURBPC9hPjxiciAvPjxhIGhyZWY9Imh0dHBzOi8vd3d3LnVmbWcuYnIvZHJjYS93cC1jb250ZW50L3VwbG9hZHMvMjAyNi8wNC9mb3JtLTFfVHJhbmMtUEFSQ0lBTC5wZGYiIHRhcmdldD0iX2JsYW5rIiByZWw9Im5vb3BlbmVyIj5SRVFVRVJJTUVOVE8gREUgVFJBTkNBTUVOVE8gUEFSQ0lBTDwvYT48YnIgLz48YSBocmVmPSJodHRwczovL3d3dy51Zm1nLmJyL2RyY2Evd3AtY29udGVudC91cGxvYWRzLzIwMjYvMDQvZm9ybS0yX1RyYW5jLVRPVEFMXy1wb3MtdmVyc2FvLTIwMjMucGRmIiB0YXJnZXQ9Il9ibGFuayIgcmVsPSJub29wZW5lciI+UkVRVUVSSU1FTlRPIERFIFRSQU5DQU1FTlRPIFRPVEFMPC9hPjxiciAvPjxhIGhyZWY9Imh0dHBzOi8vd3d3LnVmbWcuYnIvZHJjYS93cC1jb250ZW50L3VwbG9hZHMvMjAyNi8wNC9mb3JtLTdfQXByb3YtRVNUVURPUy5wZGYiIHRhcmdldD0iX2JsYW5rIiByZWw9Im5vb3BlbmVyIj5SRVFVRVJJTUVOVE8gREUgQVBST1ZFSVRBTUVOVE8gREUgRVNUVURPUzwvYT48YnIgLz48YSBocmVmPSJodHRwczovL3d3dy51Zm1nLmJyL2RyY2Evd3AtY29udGVudC91cGxvYWRzLzIwMjYvMDQvZm9ybS00X0F2YWxpYWNhby1NRURJQ0EucGRmIiB0YXJnZXQ9Il9ibGFuayIgcmVsPSJub29wZW5lciI+UkVRVUVSSU1FTlRPIERFIEFWQUxJQcOHw4NPIE3DiURJQ0E8L2E+PGJyIC8+PGEgaHJlZj0iaHR0cHM6Ly93d3cudWZtZy5ici9kcmNhL3dwLWNvbnRlbnQvdXBsb2Fkcy8yMDI2LzA0L2Zvcm0tM19SZWdpbWUtRVNQLnBkZiIgdGFyZ2V0PSJfYmxhbmsiIHJlbD0ibm9vcGVuZXIiPlJFUVVFUklNRU5UTyBERSBSRUdJTUUgRVNQRUNJQUw8L2E+PGJyIC8+PGEgaHJlZj0iaHR0cHM6Ly93d3cudWZtZy5ici9kcmNhL3dwLWNvbnRlbnQvdXBsb2Fkcy8yMDI2LzA0L2Zvcm0tMzBfVXRpbGl6YWNhby1OT01FX1NPQ0lBTC5wZGYiIHRhcmdldD0iX2JsYW5rIiByZWw9Im5vb3BlbmVyIj5SRVFVRVJJTUVOVE8gUEFSQSBJTkNMVVPDg08gREUgTk9NRSBTT0NJQUw8L2E+PC9wPiIAdwphdXRvLWRyYWZ0fQR9AHcGY2xvc2VkdwZjbG9zZWR3AHl3AH51AX0tAd+7jkMGAAECBgEEAgABAAsC\",\"updateId\":256227214}","footnotes":""},"folder":[45],"class_list":["post-1369","page","type-page","status-publish","hentry"],"acf":[],"_links":{"self":[{"href":"https:\/\/www.ufmg.br\/drca\/wp-json\/wp\/v2\/pages\/1369","targetHints":{"allow":["GET"]}}],"collection":[{"href":"https:\/\/www.ufmg.br\/drca\/wp-json\/wp\/v2\/pages"}],"about":[{"href":"https:\/\/www.ufmg.br\/drca\/wp-json\/wp\/v2\/types\/page"}],"author":[{"embeddable":true,"href":"https:\/\/www.ufmg.br\/drca\/wp-json\/wp\/v2\/users\/4"}],"replies":[{"embeddable":true,"href":"https:\/\/www.ufmg.br\/drca\/wp-json\/wp\/v2\/comments?post=1369"}],"version-history":[{"count":17,"href":"https:\/\/www.ufmg.br\/drca\/wp-json\/wp\/v2\/pages\/1369\/revisions"}],"predecessor-version":[{"id":1401,"href":"https:\/\/www.ufmg.br\/drca\/wp-json\/wp\/v2\/pages\/1369\/revisions\/1401"}],"wp:attachment":[{"href":"https:\/\/www.ufmg.br\/drca\/wp-json\/wp\/v2\/media?parent=1369"}],"wp:term":[{"taxonomy":"folder","embeddable":true,"href":"https:\/\/www.ufmg.br\/drca\/wp-json\/wp\/v2\/folder?post=1369"}],"curies":[{"name":"wp","href":"https:\/\/api.w.org\/{rel}","templated":true}]}}