{"id":1402,"date":"2026-04-22T14:15:32","date_gmt":"2026-04-22T17:15:32","guid":{"rendered":"https:\/\/www.ufmg.br\/drca\/?page_id=1402"},"modified":"2026-04-23T09:15:13","modified_gmt":"2026-04-23T12:15:13","slug":"manuais","status":"publish","type":"page","link":"https:\/\/www.ufmg.br\/drca\/manuais\/","title":{"rendered":"Manuais"},"content":{"rendered":"\t\t<div data-elementor-type=\"wp-page\" data-elementor-id=\"1402\" class=\"elementor elementor-1402\">\n\t\t\t\t<div class=\"elementor-element elementor-element-2a63a1e e-flex e-con-boxed e-con e-parent\" data-id=\"2a63a1e\" data-element_type=\"container\" data-e-type=\"container\">\n\t\t\t\t\t<div class=\"e-con-inner\">\n\t\t\t\t<div class=\"elementor-element elementor-element-7b11b61 elementor-widget elementor-widget-text-editor\" data-id=\"7b11b61\" data-element_type=\"widget\" data-e-type=\"widget\" data-widget_type=\"text-editor.default\">\n\t\t\t\t\t\t\t\t\t<p>\u00bb\u00a0<a href=\"https:\/\/www.ufmg.br\/drca\/wp-content\/uploads\/2026\/04\/manualDoUsuario-1.pdf\" target=\"_blank\" rel=\"noopener\">Manual da Matr\u00edcula On-line de P\u00f3s-Gradua\u00e7\u00e3o<\/a><\/p><p>\u00bb\u00a0<a href=\"https:\/\/www.ufmg.br\/drca\/wp-content\/uploads\/2026\/04\/Manual_Sistema_Gestao_Pos-Graduacao_UFMG_2014.pdf\" target=\"_blank\" rel=\"noopener\">Manual do Sistema de Gest\u00e3o Acad\u00eamica da P\u00f3s-Gradua\u00e7\u00e3o<\/a><\/p>\t\t\t\t\t\t\t\t<\/div>\n\t\t\t\t\t<\/div>\n\t\t\t\t<\/div>\n\t\t\t\t<\/div>\n\t\t","protected":false},"excerpt":{"rendered":"<p>\u00bb\u00a0Manual da Matr\u00edcula On-line de P\u00f3s-Gradua\u00e7\u00e3o \u00bb\u00a0Manual do Sistema de Gest\u00e3o Acad\u00eamica da P\u00f3s-Gradua\u00e7\u00e3o<\/p>\n","protected":false},"author":4,"featured_media":0,"parent":0,"menu_order":0,"comment_status":"closed","ping_status":"closed","template":"","meta":{"_acf_changed":false,"_crdt_document":"{\"document\":\"AAAXyaqh1BoTmr722BPJqqHUGgTavvbYEwUaBgMABgIIAgoCFAEDYAxmLBQDAAa6CgECCkoDCBYMPSgAIQAoACcAAQCEAIEAhACBAIQAgQCEAIEAJwEoBCcAKAEhAigBJwBEAMQBIQCoAAQAqAIHACgDJwAoACfMBpoGc3RhdGV2ZXJzaW9uZG9jdW1lbnRkYXRlZG9jdW1lbnRzdGF0dXNkb2N1bWVudHRpdGxlYW51aWRvY3VtZW50Y29udGVudGRvY3VtZW50ZXhjZXJwdGRvY3VtZW50YXV0aG9yZG9jdW1lbnRmZWF0dXJlZF9tZWRpYWRvY3VtZW50Y29tbWVudF9zdGF0dXNkb2N1bWVudHBpbmdfc3RhdHVzZG9jdW1lbnR0ZW1wbGF0ZWRvY3VtZW50bWV0YV9hY2ZfY2hhbmdlZGZvb3Rub3Rlc19lbGVtZW50b3JfZWRpdF9tb2RlX2VsZW1lbnRvcl90ZW1wbGF0ZV90eXBlX2VsZW1lbnRvcl9kYXRhX2VsZW1lbnRvcl9wYWdlX3NldHRpbmdzZG9jdW1lbnRmb2xkZXJkb2N1bWVudGJsb2Nrc01hc3N0YXRldmVyc2lvbjxwPsK7wqA8YSBocmVmPSJodHRwczovL3d3dy51Zm1nLmJyL2RyY2Evd3AtY29udGVudC91cGxvYWRzLzIwMjYvMDQvbWFudWFsRG9Vc3VhcmlvLTEucGRmIiB0YXJnZXQ9Il9ibGFuayIgcmVsPSJub29wZW5lciI+TWFudWFsIGRhIE1hdHLDrWN1bGEgT24tbGluZSBkZSBQw7NzLUdyYWR1YcOnw6NvPC9hPjwvcD48cD7Cu8KgPGEgaHJlZj0iaHR0cHM6Ly93d3cudWZtZy5ici9kcmNhL3dwLWNvbnRlbnQvdXBsb2Fkcy8yMDI2LzA0L01hbnVhbF9TaXN0ZW1hX0dlc3Rhb19Qb3MtR3JhZHVhY2FvX1VGTUdfMjAxNC5wZGYiIHRhcmdldD0iX2JsYW5rIiByZWw9Im5vb3BlbmVyIj5NYW51YWwgZG8gU2lzdGVtYSBkZSBHZXN0w6NvIEFjYWTDqm1pY2EgZGEgUMOzcy1HcmFkdWHDp8OjbzwvYT48L3A+Y2xpZW50SWRpc1ZhbGlkb3JpZ2luYWxDb250ZW50bmFtZWF0dHJpYnV0ZXNjb250ZW50aW5uZXJCbG9ja3MFBwgECAYIBUECCAcIBwgGCA4IDggLSAEEDAkUGA8YCAYIBkEBBQe+BQgHDwQKBwsLAQMAAAEHAAUBAgAHQgEBAEEAAAhBAgMEBQJBFAIgAH0BdwphdXRvLWRyYWZ0fQR9AHcGY2xvc2VkdwZjbG9zZWR3AHl3AH51AX0tDgB3EzIwMjYtMDQtMjJUMTQ6MTU6MzJ3B2J1aWxkZXJ3B3dwLXBhZ2V3lgVbeyJpZCI6IjJhNjNhMWUiLCJlbFR5cGUiOiJjb250YWluZXIiLCJzZXR0aW5ncyI6W10sImVsZW1lbnRzIjpbeyJpZCI6IjdiMTFiNjEiLCJlbFR5cGUiOiJ3aWRnZXQiLCJzZXR0aW5ncyI6eyJlZGl0b3IiOiI8cD5cdTAwYmJcdTAwYTA8YSBocmVmPVwiaHR0cHM6XC9cL3d3dy51Zm1nLmJyXC9kcmNhXC93cC1jb250ZW50XC91cGxvYWRzXC8yMDI2XC8wNFwvbWFudWFsRG9Vc3VhcmlvLTEucGRmXCIgdGFyZ2V0PVwiX2JsYW5rXCIgcmVsPVwibm9vcGVuZXJcIj5NYW51YWwgZGEgTWF0clx1MDBlZGN1bGEgT24tbGluZSBkZSBQXHUwMGYzcy1HcmFkdWFcdTAwZTdcdTAwZTNvPFwvYT48XC9wPjxwPlx1MDBiYlx1MDBhMDxhIGhyZWY9XCJodHRwczpcL1wvd3d3LnVmbWcuYnJcL2RyY2FcL3dwLWNvbnRlbnRcL3VwbG9hZHNcLzIwMjZcLzA0XC9NYW51YWxfU2lzdGVtYV9HZXN0YW9fUG9zLUdyYWR1YWNhb19VRk1HXzIwMTQucGRmXCIgdGFyZ2V0PVwiX2JsYW5rXCIgcmVsPVwibm9vcGVuZXJcIj5NYW51YWwgZG8gU2lzdGVtYSBkZSBHZXN0XHUwMGUzbyBBY2FkXHUwMGVhbWljYSBkYSBQXHUwMGYzcy1HcmFkdWFcdTAwZTdcdTAwZTNvPFwvYT48XC9wPiJ9LCJlbGVtZW50cyI6W10sIndpZGdldFR5cGUiOiJ0ZXh0LWVkaXRvciJ9XSwiaXNJbm5lciI6ZmFsc2V9XXckMWQwMjRkNGQtMjJmYy00NWE4LTgwMzEtMDg4MjEwOGFkYmZleHeMAzxwPsK7wqA8YSBocmVmPSJodHRwczovL3d3dy51Zm1nLmJyL2RyY2Evd3AtY29udGVudC91cGxvYWRzLzIwMjYvMDQvbWFudWFsRG9Vc3VhcmlvLTEucGRmIiB0YXJnZXQ9Il9ibGFuayIgcmVsPSJub29wZW5lciI+TWFudWFsIGRhIE1hdHLDrWN1bGEgT24tbGluZSBkZSBQw7NzLUdyYWR1YcOnw6NvPC9hPjwvcD4KPHA+wrvCoDxhIGhyZWY9Imh0dHBzOi8vd3d3LnVmbWcuYnIvZHJjYS93cC1jb250ZW50L3VwbG9hZHMvMjAyNi8wNC9NYW51YWxfU2lzdGVtYV9HZXN0YW9fUG9zLUdyYWR1YWNhb19VRk1HXzIwMTQucGRmIiB0YXJnZXQ9Il9ibGFuayIgcmVsPSJub29wZW5lciI+TWFudWFsIGRvIFNpc3RlbWEgZGUgR2VzdMOjbyBBY2Fkw6ptaWNhIGRhIFDDs3MtR3JhZHVhw6fDo288L2E+PC9wPncNY29yZS9mcmVlZm9ybXeMAzxwPsK7wqA8YSBocmVmPSJodHRwczovL3d3dy51Zm1nLmJyL2RyY2Evd3AtY29udGVudC91cGxvYWRzLzIwMjYvMDQvbWFudWFsRG9Vc3VhcmlvLTEucGRmIiB0YXJnZXQ9Il9ibGFuayIgcmVsPSJub29wZW5lciI+TWFudWFsIGRhIE1hdHLDrWN1bGEgT24tbGluZSBkZSBQw7NzLUdyYWR1YcOnw6NvPC9hPjwvcD4KPHA+wrvCoDxhIGhyZWY9Imh0dHBzOi8vd3d3LnVmbWcuYnIvZHJjYS93cC1jb250ZW50L3VwbG9hZHMvMjAyNi8wNC9NYW51YWxfU2lzdGVtYV9HZXN0YW9fUG9zLUdyYWR1YWNhb19VRk1HXzIwMTQucGRmIiB0YXJnZXQ9Il9ibGFuayIgcmVsPSJub29wZW5lciI+TWFudWFsIGRvIFNpc3RlbWEgZGUgR2VzdMOjbyBBY2Fkw6ptaWNhIGRhIFDDs3MtR3JhZHVhw6fDo288L2E+PC9wPgKJ1ZCqDQcBAAIAAQIBAwEEAQEKApqfu+wJAQAA\",\"updateId\":877142490}","footnotes":""},"folder":[45],"class_list":["post-1402","page","type-page","status-publish","hentry"],"acf":[],"_links":{"self":[{"href":"https:\/\/www.ufmg.br\/drca\/wp-json\/wp\/v2\/pages\/1402","targetHints":{"allow":["GET"]}}],"collection":[{"href":"https:\/\/www.ufmg.br\/drca\/wp-json\/wp\/v2\/pages"}],"about":[{"href":"https:\/\/www.ufmg.br\/drca\/wp-json\/wp\/v2\/types\/page"}],"author":[{"embeddable":true,"href":"https:\/\/www.ufmg.br\/drca\/wp-json\/wp\/v2\/users\/4"}],"replies":[{"embeddable":true,"href":"https:\/\/www.ufmg.br\/drca\/wp-json\/wp\/v2\/comments?post=1402"}],"version-history":[{"count":5,"href":"https:\/\/www.ufmg.br\/drca\/wp-json\/wp\/v2\/pages\/1402\/revisions"}],"predecessor-version":[{"id":1474,"href":"https:\/\/www.ufmg.br\/drca\/wp-json\/wp\/v2\/pages\/1402\/revisions\/1474"}],"wp:attachment":[{"href":"https:\/\/www.ufmg.br\/drca\/wp-json\/wp\/v2\/media?parent=1402"}],"wp:term":[{"taxonomy":"folder","embeddable":true,"href":"https:\/\/www.ufmg.br\/drca\/wp-json\/wp\/v2\/folder?post=1402"}],"curies":[{"name":"wp","href":"https:\/\/api.w.org\/{rel}","templated":true}]}}