{"id":1638,"date":"2026-04-23T11:21:01","date_gmt":"2026-04-23T14:21:01","guid":{"rendered":"https:\/\/www.ufmg.br\/drca\/?page_id=1638"},"modified":"2026-04-23T11:23:04","modified_gmt":"2026-04-23T14:23:04","slug":"oferta-para-matricula-da-graduacao","status":"publish","type":"page","link":"https:\/\/www.ufmg.br\/drca\/oferta-para-matricula-da-graduacao\/","title":{"rendered":"Oferta para matr\u00edcula da gradua\u00e7\u00e3o"},"content":{"rendered":"\t\t<div data-elementor-type=\"wp-page\" data-elementor-id=\"1638\" class=\"elementor elementor-1638\">\n\t\t\t\t<div class=\"elementor-element elementor-element-e557238 e-flex e-con-boxed e-con e-parent\" data-id=\"e557238\" data-element_type=\"container\" data-e-type=\"container\">\n\t\t\t\t\t<div class=\"e-con-inner\">\n\t\t\t\t<div class=\"elementor-element elementor-element-705915a elementor-widget elementor-widget-text-editor\" data-id=\"705915a\" data-element_type=\"widget\" data-e-type=\"widget\" data-widget_type=\"text-editor.default\">\n\t\t\t\t\t\t\t\t\t<p>\u00c9 imperioso que os processos da oferta para matr\u00edcula da gradua\u00e7\u00e3o sejam realizados de acordo com os prazos divulgados no Cronograma de Oferta e Matr\u00edcula.<\/p><p>Recomenda-se, portanto, que a oferta seja previamente planejada de maneira que os lan\u00e7amentos tenham in\u00edcio a partir da abertura do SiGA.<\/p><p>Com o objetivo de orientar a execu\u00e7\u00e3o das tarefas supracitadas, seguem os\u00a0<i>links<\/i>:<\/p><p>&#8211;\u00a0<a href=\"https:\/\/www.ufmg.br\/drca\/wp-content\/uploads\/2026\/04\/Manual-do-usuario-DEMANDANTES.pdf\" target=\"_blank\" rel=\"noopener\">Manual do Usu\u00e1rio, m\u00f3dulo Demandantes<\/a><\/p><p>&#8211;\u00a0<a href=\"https:\/\/www.ufmg.br\/drca\/wp-content\/uploads\/2026\/04\/Manual-do-usuario-OFERTANTES.pdf\" target=\"_blank\" rel=\"noopener\">Manual do Usu\u00e1rio, m\u00f3dulo Ofertantes<\/a><\/p><p>&#8211;\u00a0<a href=\"https:\/\/www.ufmg.br\/drca\/wp-content\/uploads\/2026\/04\/Manual-do-usuario-ORGANIZADOR.pdf\" target=\"_blank\" rel=\"noopener\">Manual do usu\u00e1rio, m\u00f3dulo Organizadores<\/a><\/p>\t\t\t\t\t\t\t\t<\/div>\n\t\t\t\t\t<\/div>\n\t\t\t\t<\/div>\n\t\t\t\t<\/div>\n\t\t","protected":false},"excerpt":{"rendered":"<p>\u00c9 imperioso que os processos da oferta para matr\u00edcula da gradua\u00e7\u00e3o sejam realizados de acordo com os prazos divulgados no Cronograma de Oferta e Matr\u00edcula. Recomenda-se, portanto, que a oferta seja previamente planejada de maneira que os lan\u00e7amentos tenham in\u00edcio a partir da abertura do SiGA. Com o objetivo de orientar a execu\u00e7\u00e3o das tarefas [&hellip;]<\/p>\n","protected":false},"author":4,"featured_media":0,"parent":0,"menu_order":0,"comment_status":"closed","ping_status":"closed","template":"","meta":{"_acf_changed":false,"_crdt_document":"{\"document\":\"AAAG+qS6rRAbDwYDAQQGAwMcAQNyBggDAAYIBAYIAwAVKAInAAQAhAknASgEJwAoBicARADEoAPwAnN0YXRldmVyc2lvbmRvY3VtZW50ZGF0ZWRvY3VtZW50c3RhdHVzZG9jdW1lbnR0aXRsZVJhc2N1bmhvIGF1dG9tw6F0aWNvZG9jdW1lbnRjb250ZW50ZG9jdW1lbnRleGNlcnB0ZG9jdW1lbnRhdXRob3Jkb2N1bWVudGZlYXR1cmVkX21lZGlhZG9jdW1lbnRjb21tZW50X3N0YXR1c2RvY3VtZW50cGluZ19zdGF0dXNkb2N1bWVudHRlbXBsYXRlZG9jdW1lbnRtZXRhX2FjZl9jaGFuZ2VkZm9vdG5vdGVzX2VsZW1lbnRvcl9lZGl0X21vZGVfZWxlbWVudG9yX3RlbXBsYXRlX3R5cGVfZWxlbWVudG9yX2RhdGFfZWxlbWVudG9yX3BhZ2Vfc2V0dGluZ3Nkb2N1bWVudGZvbGRlcmRvY3VtZW50YmxvY2tzT2ZlcnQgcGFyYSBtYXRyw61sYWQgZ3JhZGHDp8OjBQcIBAgGCAVBAQIDQQMGCAcIBwgGCA4IDggLSAEEDAkUGA8YCAYIBgULAgEFAwkBAwAAAQcABQEEQgEBAAJBDQElAH0BdxMyMDI2LTA0LTIzVDExOjIwOjU2dwphdXRvLWRyYWZ0fQR9AHcGY2xvc2VkdwZjbG9zZWR3AHl3AHcAdwB3AH51AX0zAbqS3ZYIBQQAAQACAgMAAQU=\",\"updateId\":481615678}","footnotes":""},"folder":[51],"class_list":["post-1638","page","type-page","status-publish","hentry"],"acf":[],"_links":{"self":[{"href":"https:\/\/www.ufmg.br\/drca\/wp-json\/wp\/v2\/pages\/1638","targetHints":{"allow":["GET"]}}],"collection":[{"href":"https:\/\/www.ufmg.br\/drca\/wp-json\/wp\/v2\/pages"}],"about":[{"href":"https:\/\/www.ufmg.br\/drca\/wp-json\/wp\/v2\/types\/page"}],"author":[{"embeddable":true,"href":"https:\/\/www.ufmg.br\/drca\/wp-json\/wp\/v2\/users\/4"}],"replies":[{"embeddable":true,"href":"https:\/\/www.ufmg.br\/drca\/wp-json\/wp\/v2\/comments?post=1638"}],"version-history":[{"count":4,"href":"https:\/\/www.ufmg.br\/drca\/wp-json\/wp\/v2\/pages\/1638\/revisions"}],"predecessor-version":[{"id":1646,"href":"https:\/\/www.ufmg.br\/drca\/wp-json\/wp\/v2\/pages\/1638\/revisions\/1646"}],"wp:attachment":[{"href":"https:\/\/www.ufmg.br\/drca\/wp-json\/wp\/v2\/media?parent=1638"}],"wp:term":[{"taxonomy":"folder","embeddable":true,"href":"https:\/\/www.ufmg.br\/drca\/wp-json\/wp\/v2\/folder?post=1638"}],"curies":[{"name":"wp","href":"https:\/\/api.w.org\/{rel}","templated":true}]}}